{"id":11,"date":"2024-01-05T17:26:35","date_gmt":"2024-01-05T17:26:35","guid":{"rendered":"https:\/\/jetxgambling.com\/?page_id=11"},"modified":"2024-04-15T19:40:09","modified_gmt":"2024-04-15T19:40:09","slug":"jetx3-strategies","status":"publish","type":"page","link":"https:\/\/jetxgambling.com\/de\/jetx3-strategies\/","title":{"rendered":"Strategien und Taktiken des Spiels JetX3"},"content":{"rendered":"<p>Im JetX3-Spielautomaten gibt es eine breite Palette von Eins\u00e4tzen. Der Mindesteinsatz betr\u00e4gt 10 Cent und der H\u00f6chsteinsatz betr\u00e4gt 300 US-Dollar (die Limits k\u00f6nnen je nach Online-Casino variieren). Auf den Spielpanels wird die Einsatzgr\u00f6\u00dfe manuell mit den &#8222;+&#8220; und &#8222;-&#8220; Tasten ausgew\u00e4hlt oder im automatischen Wettmodus angepasst. Der maximale Multiplikator des Crash-Simulators betr\u00e4gt das Tausendfache der Eins\u00e4tze. Das Spiel enth\u00e4lt auch eine Option f\u00fcr den automatischen Auszahlung der Gewinne, wenn die Jets bestimmte Koeffizienten erreichen. Um h\u00e4ufiger auf dem JetX3-Spielautomaten zu gewinnen, verwenden Spieler verschiedene Strategien:<\/p>\n<ol>\n<li><strong>Strategie mit kleinen Eins\u00e4tzen:<\/strong> Diese Strategie eignet sich f\u00fcr Anf\u00e4nger oder diejenigen, die das Risiko minimieren m\u00f6chten. Es werden kleine Eins\u00e4tze platziert und Gewinne werden bei kleinen Multiplikatoren (ungef\u00e4hr x1,2-x1,3) eingefordert. Auf diese Weise werden h\u00e4ufig, aber kleine Auszahlungen erzielt.<\/li>\n<li><strong>Mittlere Koeffizientenspiele:<\/strong> Diese Methode beinhaltet das Einfordern von Gewinnen, wenn die Multiplikatoren x2-x3 erreichen. Es eignet sich f\u00fcr erfahrene Spieler, da diese Koeffizienten ziemlich oft vorkommen und moderate Auszahlungen bieten.<\/li>\n<li><strong>Martingale-Strategie:<\/strong> Dies ist eine beliebte Wettstrategie, die in vielen Casinospiele verwendet wird. Sie besteht darin, den Einsatz nach jedem Verlust zu erh\u00f6hen und nach einem Gewinn zum urspr\u00fcnglichen Einsatz zur\u00fcckzukehren. Diese Methode kann riskant sein, aber potenziell hohe Gewinne bringen.<\/li>\n<li><strong>Automatische Auszahlung von Gewinnen:<\/strong> Die Verwendung der automatischen Auszahlungsfunktion beim Erreichen bestimmter Koeffizienten hilft dabei, Risiken zu managen und bietet einen disziplinierten Ansatz zum Spiel.<\/li>\n<li><strong>Training (Demo)-Modus:<\/strong> Bevor um echtes Geld gespielt wird, wird empfohlen, Strategien in der Demoversion des Spiels zu testen. Dies erm\u00f6glicht es den Spielern, die Wirksamkeit verschiedener Ans\u00e4tze ohne finanzielle Risiken zu bewerten.<\/li>\n<li><strong>Vielfalt der Eins\u00e4tze:<\/strong> Spieler sollten mit verschiedenen Einsatzgr\u00f6\u00dfen und der Anzahl der aktiven Jets experimentieren, um die optimale Kombination f\u00fcr sich selbst zu finden.<\/li>\n<\/ol>\n<p>Die Verwendung von Strategien tr\u00e4gt dazu bei, das Risiko finanzieller Verluste zu reduzieren und Spielern zu erm\u00f6glichen, disziplinierte Wetten mit hoher Gewinnwahrscheinlichkeit abzugeben. Ziel des Spiels bei JetX3 ist es, Belohnungen zu sammeln, bevor die Flugzeuge auf dem Bildschirm explodieren.<\/p>\n<p>Spieler k\u00f6nnen das Crash-Spiel um echtes Geld oder virtuelle Guthaben spielen. In ersterem Fall ist es erforderlich, ein zuverl\u00e4ssiges Casino mit diesem Spiel auszuw\u00e4hlen, sich zu registrieren und eine Einzahlung zu t\u00e4tigen. F\u00fcr Demo-Wetten, also im kostenlosen Modus, ist das Erstellen eines Kontos nicht obligatorisch. Es wird empfohlen, die Demoversion des Spielautomaten zu starten, um die F\u00e4higkeiten des Spielmodells zu testen, die Rendite bei verschiedenen Wetteins\u00e4tzen zu bewerten und die Anzahl der aktiven Jets zu bestimmen, bevor mit echtem Geld gespielt wird. Das JetX3-Crash-Spiel funktioniert reibungslos sowohl auf mobilen als auch auf Desktop-Ger\u00e4ten. Das Spiel ist bei Fans ungew\u00f6hnlicher Gl\u00fccksspielunterhaltung beliebt und geh\u00f6rt zu den gefragtesten Slots in den meisten Online-Casinos.<\/p>\n<h2>Wichtige Dinge, die beim W\u00e4hlen einer Strategie in JetX3 zu beachten sind:<\/h2>\n<p>Strategien und Taktiken im JetX3-Spiel erm\u00f6glichen es den Spielern, ihre Erfolgschancen zu maximieren und Risiken zu managen. Basierend auf der Spielmechanik und der Einsatzspanne erh\u00f6ht ein Spieler seine Gewinnchancen. In diesem Fall dr\u00fcckt der Spieler nicht nur zuf\u00e4llig Kn\u00f6pfe, sondern w\u00e4hlt eine Strategie aus, wie er spielen soll, was letztendlich einen Gewinn bringen sollte.<\/p>\n<p>Der Schl\u00fcssel zum Erfolg bei JetX3 ist die F\u00e4higkeit, schnelle Entscheidungen zu treffen und Risiken richtig einzusch\u00e4tzen. Es ist wichtig, sich daran zu erinnern, dass trotz der Anwendung von Strategien das Spiel ein Gl\u00fccksspiel bleibt und die Ergebnisse unvorhersehbar sein k\u00f6nnen. Daher sollte man das Spiel immer verantwortungsbewusst angehen und klare Grenzen setzen.<\/p>\n","protected":false},"excerpt":{"rendered":"<p>Im JetX3-Spielautomaten gibt es eine breite Palette von Eins\u00e4tzen. Der Mindesteinsatz betr\u00e4gt 10 Cent und der H\u00f6chsteinsatz betr\u00e4gt 300 US-Dollar (die Limits k\u00f6nnen je nach Online-Casino variieren). Auf den Spielpanels wird die Einsatzgr\u00f6\u00dfe manuell mit den &#8222;+&#8220; und &#8222;-&#8220; Tasten ausgew\u00e4hlt oder im automatischen Wettmodus angepasst. Der maximale Multiplikator des Crash-Simulators betr\u00e4gt das Tausendfache der&#8230;<\/p>\n","protected":false},"author":1,"featured_media":0,"parent":0,"menu_order":0,"comment_status":"closed","ping_status":"closed","template":"","meta":{"footnotes":""},"class_list":["post-11","page","type-page","status-publish","hentry"],"yoast_head":"<!-- This site is optimized with the Yoast SEO plugin v27.2 - https:\/\/yoast.com\/product\/yoast-seo-wordpress\/ -->\n<title>\u0421\u0442\u0440\u0430\u0442\u0435\u0433\u0438\u0438 \u0438\u0433\u0440\u044b JetX3<\/title>\n<meta name=\"description\" content=\"Eine Antwort auf die Frage, wie man im Crash-Spiel JetX3 gewinnt und echtes Geld verdient. Die besten Strategien und Taktiken f\u00fcr das Spielen von JetX3 sowohl f\u00fcr neue als auch f\u00fcr erfahrene Spieler.\" \/>\n<meta name=\"robots\" content=\"index, follow, max-snippet:-1, max-image-preview:large, max-video-preview:-1\" \/>\n<link rel=\"canonical\" href=\"https:\/\/jetxgambling.com\/de\/jetx3-strategies\/\" \/>\n<meta property=\"og:locale\" content=\"de_DE\" \/>\n<meta property=\"og:locale:alternate\" content=\"ru_RU\" \/>\n<meta property=\"og:locale:alternate\" content=\"en_US\" \/>\n<meta property=\"og:locale:alternate\" content=\"pt_PT\" \/>\n<meta property=\"og:locale:alternate\" content=\"es_ES\" \/>\n<meta property=\"og:locale:alternate\" content=\"sr_RS\" \/>\n<meta property=\"og:locale:alternate\" content=\"bg_BG\" \/>\n<meta property=\"og:locale:alternate\" content=\"pl_PL\" \/>\n<meta property=\"og:locale:alternate\" content=\"ro_RO\" \/>\n<meta property=\"og:locale:alternate\" content=\"it_IT\" \/>\n<meta property=\"og:locale:alternate\" content=\"fr_FR\" \/>\n<meta property=\"og:type\" content=\"article\" \/>\n<meta property=\"og:title\" content=\"\u0421\u0442\u0440\u0430\u0442\u0435\u0433\u0438\u0438 \u0438\u0433\u0440\u044b JetX3\" \/>\n<meta property=\"og:description\" content=\"\u041e\u0442\u0432\u0435\u0442 \u043d\u0430 \u0432\u043e\u043f\u0440\u043e\u0441 \u043a\u0430\u043a \u043f\u043e\u0431\u0435\u0434\u0438\u0442\u044c \u0432 \u043a\u0440\u0430\u0448 \u0438\u0433\u0440\u0435 JetX3 \u0438 \u0432\u044b\u0438\u0433\u0440\u0430\u0442\u044c \u0440\u0435\u0430\u043b\u044c\u043d\u044b\u0435 \u0434\u0435\u043d\u044c\u0433\u0438. \u041b\u0443\u0447\u0448\u0438\u0435 \u0441\u0442\u0440\u0430\u0442\u0435\u0433\u0438\u0438 \u0438 \u0442\u0430\u043a\u0442\u0438\u043a\u0438 \u0438\u0433\u0440\u044b JetX3 \u0434\u043b\u044f \u043d\u043e\u0432\u044b\u0445 \u0438 \u043e\u043f\u044b\u0442\u043d\u044b\u0445 \u0438\u0433\u0440\u043e\u043a\u043e\u0432\" \/>\n<meta property=\"og:url\" content=\"https:\/\/jetxgambling.com\/de\/jetx3-strategies\/\" \/>\n<meta property=\"og:site_name\" content=\"JetX\" \/>\n<meta property=\"article:modified_time\" content=\"2024-04-15T19:40:09+00:00\" \/>\n<meta name=\"twitter:card\" content=\"summary_large_image\" \/>\n<meta name=\"twitter:label1\" content=\"Gesch\u00e4tzte Lesezeit\" \/>\n\t<meta name=\"twitter:data1\" content=\"26\u00a0Minuten\" \/>\n<script type=\"application\/ld+json\" class=\"yoast-schema-graph\">{\"@context\":\"https:\/\/schema.org\",\"@graph\":[{\"@type\":\"WebPage\",\"@id\":\"https:\/\/jetxgambling.com\/jetx3-strategies\/\",\"url\":\"https:\/\/jetxgambling.com\/jetx3-strategies\/\",\"name\":\"\u0421\u0442\u0440\u0430\u0442\u0435\u0433\u0438\u0438 \u0438\u0433\u0440\u044b JetX3\",\"isPartOf\":{\"@id\":\"https:\/\/jetxgambling.com\/#website\"},\"datePublished\":\"2024-01-05T17:26:35+00:00\",\"dateModified\":\"2024-04-15T19:40:09+00:00\",\"description\":\"\u041e\u0442\u0432\u0435\u0442 \u043d\u0430 \u0432\u043e\u043f\u0440\u043e\u0441 \u043a\u0430\u043a \u043f\u043e\u0431\u0435\u0434\u0438\u0442\u044c \u0432 \u043a\u0440\u0430\u0448 \u0438\u0433\u0440\u0435 JetX3 \u0438 \u0432\u044b\u0438\u0433\u0440\u0430\u0442\u044c \u0440\u0435\u0430\u043b\u044c\u043d\u044b\u0435 \u0434\u0435\u043d\u044c\u0433\u0438. \u041b\u0443\u0447\u0448\u0438\u0435 \u0441\u0442\u0440\u0430\u0442\u0435\u0433\u0438\u0438 \u0438 \u0442\u0430\u043a\u0442\u0438\u043a\u0438 \u0438\u0433\u0440\u044b JetX3 \u0434\u043b\u044f \u043d\u043e\u0432\u044b\u0445 \u0438 \u043e\u043f\u044b\u0442\u043d\u044b\u0445 \u0438\u0433\u0440\u043e\u043a\u043e\u0432\",\"breadcrumb\":{\"@id\":\"https:\/\/jetxgambling.com\/jetx3-strategies\/#breadcrumb\"},\"inLanguage\":\"de-DE\",\"potentialAction\":[{\"@type\":\"ReadAction\",\"target\":[\"https:\/\/jetxgambling.com\/jetx3-strategies\/\"]}]},{\"@type\":\"BreadcrumbList\",\"@id\":\"https:\/\/jetxgambling.com\/jetx3-strategies\/#breadcrumb\",\"itemListElement\":[{\"@type\":\"ListItem\",\"position\":1,\"name\":\"Home\",\"item\":\"https:\/\/jetxgambling.com\/\"},{\"@type\":\"ListItem\",\"position\":2,\"name\":\"\u0421\u0442\u0440\u0430\u0442\u0435\u0433\u0438\u0438 \u0438 \u0442\u0430\u043a\u0442\u0438\u043a\u0438 \u0438\u0433\u0440\u044b JetX3\"}]},{\"@type\":\"WebSite\",\"@id\":\"https:\/\/jetxgambling.com\/#website\",\"url\":\"https:\/\/jetxgambling.com\/\",\"name\":\"JetX\",\"description\":\"\",\"publisher\":{\"@id\":\"https:\/\/jetxgambling.com\/#organization\"},\"potentialAction\":[{\"@type\":\"SearchAction\",\"target\":{\"@type\":\"EntryPoint\",\"urlTemplate\":\"https:\/\/jetxgambling.com\/?s={search_term_string}\"},\"query-input\":{\"@type\":\"PropertyValueSpecification\",\"valueRequired\":true,\"valueName\":\"search_term_string\"}}],\"inLanguage\":\"de-DE\"},{\"@type\":\"Organization\",\"@id\":\"https:\/\/jetxgambling.com\/#organization\",\"name\":\"JetX\",\"url\":\"https:\/\/jetxgambling.com\/\",\"logo\":{\"@type\":\"ImageObject\",\"inLanguage\":\"de-DE\",\"@id\":\"https:\/\/jetxgambling.com\/#\/schema\/logo\/image\/\",\"url\":\"https:\/\/jetxgambling.com\/wp-content\/uploads\/2024\/01\/jetx-slot-logo.png\",\"contentUrl\":\"https:\/\/jetxgambling.com\/wp-content\/uploads\/2024\/01\/jetx-slot-logo.png\",\"width\":200,\"height\":101,\"caption\":\"JetX\"},\"image\":{\"@id\":\"https:\/\/jetxgambling.com\/#\/schema\/logo\/image\/\"}}]}<\/script>\n<!-- \/ Yoast SEO plugin. -->","yoast_head_json":{"title":"\u0421\u0442\u0440\u0430\u0442\u0435\u0433\u0438\u0438 \u0438\u0433\u0440\u044b JetX3","description":"Eine Antwort auf die Frage, wie man im Crash-Spiel JetX3 gewinnt und echtes Geld verdient. Die besten Strategien und Taktiken f\u00fcr das Spielen von JetX3 sowohl f\u00fcr neue als auch f\u00fcr erfahrene Spieler.","robots":{"index":"index","follow":"follow","max-snippet":"max-snippet:-1","max-image-preview":"max-image-preview:large","max-video-preview":"max-video-preview:-1"},"canonical":"https:\/\/jetxgambling.com\/de\/jetx3-strategies\/","og_locale":"de_DE","og_type":"article","og_title":"\u0421\u0442\u0440\u0430\u0442\u0435\u0433\u0438\u0438 \u0438\u0433\u0440\u044b JetX3","og_description":"\u041e\u0442\u0432\u0435\u0442 \u043d\u0430 \u0432\u043e\u043f\u0440\u043e\u0441 \u043a\u0430\u043a \u043f\u043e\u0431\u0435\u0434\u0438\u0442\u044c \u0432 \u043a\u0440\u0430\u0448 \u0438\u0433\u0440\u0435 JetX3 \u0438 \u0432\u044b\u0438\u0433\u0440\u0430\u0442\u044c \u0440\u0435\u0430\u043b\u044c\u043d\u044b\u0435 \u0434\u0435\u043d\u044c\u0433\u0438. \u041b\u0443\u0447\u0448\u0438\u0435 \u0441\u0442\u0440\u0430\u0442\u0435\u0433\u0438\u0438 \u0438 \u0442\u0430\u043a\u0442\u0438\u043a\u0438 \u0438\u0433\u0440\u044b JetX3 \u0434\u043b\u044f \u043d\u043e\u0432\u044b\u0445 \u0438 \u043e\u043f\u044b\u0442\u043d\u044b\u0445 \u0438\u0433\u0440\u043e\u043a\u043e\u0432","og_url":"https:\/\/jetxgambling.com\/de\/jetx3-strategies\/","og_site_name":"JetX","article_modified_time":"2024-04-15T19:40:09+00:00","twitter_card":"summary_large_image","twitter_misc":{"Gesch\u00e4tzte Lesezeit":"26\u00a0Minuten"},"schema":{"@context":"https:\/\/schema.org","@graph":[{"@type":"WebPage","@id":"https:\/\/jetxgambling.com\/jetx3-strategies\/","url":"https:\/\/jetxgambling.com\/jetx3-strategies\/","name":"\u0421\u0442\u0440\u0430\u0442\u0435\u0433\u0438\u0438 \u0438\u0433\u0440\u044b JetX3","isPartOf":{"@id":"https:\/\/jetxgambling.com\/#website"},"datePublished":"2024-01-05T17:26:35+00:00","dateModified":"2024-04-15T19:40:09+00:00","description":"\u041e\u0442\u0432\u0435\u0442 \u043d\u0430 \u0432\u043e\u043f\u0440\u043e\u0441 \u043a\u0430\u043a \u043f\u043e\u0431\u0435\u0434\u0438\u0442\u044c \u0432 \u043a\u0440\u0430\u0448 \u0438\u0433\u0440\u0435 JetX3 \u0438 \u0432\u044b\u0438\u0433\u0440\u0430\u0442\u044c \u0440\u0435\u0430\u043b\u044c\u043d\u044b\u0435 \u0434\u0435\u043d\u044c\u0433\u0438. \u041b\u0443\u0447\u0448\u0438\u0435 \u0441\u0442\u0440\u0430\u0442\u0435\u0433\u0438\u0438 \u0438 \u0442\u0430\u043a\u0442\u0438\u043a\u0438 \u0438\u0433\u0440\u044b JetX3 \u0434\u043b\u044f \u043d\u043e\u0432\u044b\u0445 \u0438 \u043e\u043f\u044b\u0442\u043d\u044b\u0445 \u0438\u0433\u0440\u043e\u043a\u043e\u0432","breadcrumb":{"@id":"https:\/\/jetxgambling.com\/jetx3-strategies\/#breadcrumb"},"inLanguage":"de-DE","potentialAction":[{"@type":"ReadAction","target":["https:\/\/jetxgambling.com\/jetx3-strategies\/"]}]},{"@type":"BreadcrumbList","@id":"https:\/\/jetxgambling.com\/jetx3-strategies\/#breadcrumb","itemListElement":[{"@type":"ListItem","position":1,"name":"Home","item":"https:\/\/jetxgambling.com\/"},{"@type":"ListItem","position":2,"name":"\u0421\u0442\u0440\u0430\u0442\u0435\u0433\u0438\u0438 \u0438 \u0442\u0430\u043a\u0442\u0438\u043a\u0438 \u0438\u0433\u0440\u044b JetX3"}]},{"@type":"WebSite","@id":"https:\/\/jetxgambling.com\/#website","url":"https:\/\/jetxgambling.com\/","name":"JetX","description":"","publisher":{"@id":"https:\/\/jetxgambling.com\/#organization"},"potentialAction":[{"@type":"SearchAction","target":{"@type":"EntryPoint","urlTemplate":"https:\/\/jetxgambling.com\/?s={search_term_string}"},"query-input":{"@type":"PropertyValueSpecification","valueRequired":true,"valueName":"search_term_string"}}],"inLanguage":"de-DE"},{"@type":"Organization","@id":"https:\/\/jetxgambling.com\/#organization","name":"JetX","url":"https:\/\/jetxgambling.com\/","logo":{"@type":"ImageObject","inLanguage":"de-DE","@id":"https:\/\/jetxgambling.com\/#\/schema\/logo\/image\/","url":"https:\/\/jetxgambling.com\/wp-content\/uploads\/2024\/01\/jetx-slot-logo.png","contentUrl":"https:\/\/jetxgambling.com\/wp-content\/uploads\/2024\/01\/jetx-slot-logo.png","width":200,"height":101,"caption":"JetX"},"image":{"@id":"https:\/\/jetxgambling.com\/#\/schema\/logo\/image\/"}}]}},"_links":{"self":[{"href":"https:\/\/jetxgambling.com\/de\/wp-json\/wp\/v2\/pages\/11","targetHints":{"allow":["GET"]}}],"collection":[{"href":"https:\/\/jetxgambling.com\/de\/wp-json\/wp\/v2\/pages"}],"about":[{"href":"https:\/\/jetxgambling.com\/de\/wp-json\/wp\/v2\/types\/page"}],"author":[{"embeddable":true,"href":"https:\/\/jetxgambling.com\/de\/wp-json\/wp\/v2\/users\/1"}],"replies":[{"embeddable":true,"href":"https:\/\/jetxgambling.com\/de\/wp-json\/wp\/v2\/comments?post=11"}],"version-history":[{"count":24,"href":"https:\/\/jetxgambling.com\/de\/wp-json\/wp\/v2\/pages\/11\/revisions"}],"predecessor-version":[{"id":125,"href":"https:\/\/jetxgambling.com\/de\/wp-json\/wp\/v2\/pages\/11\/revisions\/125"}],"wp:attachment":[{"href":"https:\/\/jetxgambling.com\/de\/wp-json\/wp\/v2\/media?parent=11"}],"curies":[{"name":"wp","href":"https:\/\/api.w.org\/{rel}","templated":true}]}}