{"id":13,"date":"2024-01-05T17:27:15","date_gmt":"2024-01-05T17:27:15","guid":{"rendered":"https:\/\/jetxgambling.com\/?page_id=13"},"modified":"2024-04-15T19:33:54","modified_gmt":"2024-04-15T19:33:54","slug":"jetx3-features","status":"publish","type":"page","link":"https:\/\/jetxgambling.com\/de\/jetx3-features\/","title":{"rendered":"Gr\u00fcnde f\u00fcr die Beliebtheit und Vorteile des Spiels JetX3"},"content":{"rendered":"<p>Das Spiel JetX3, entwickelt von Smartsoft Gaming, hat schnell die Aufmerksamkeit von Online-Casino-Spielern aufgrund seiner einzigartigen Eigenschaften und Vorteile auf sich gezogen. Auf den ersten Blick mag dieses Spiel wie ein Analogon des beliebten Aviator-Spiels erscheinen, jedoch zeichnet sich JetX3 durch seine aktualisierte Funktionalit\u00e4t und eine interessantere Handlung aus und bietet den Spielern ein innovatives und aufregendes Spielerlebnis. Basierend auf der Crash-Mechanik unterscheidet sich JetX3 von traditionellen Slots und bietet ungew\u00f6hnliches Gameplay und umfangreiche Gewinnm\u00f6glichkeiten:<\/p>\n<ul>\n<li>Einer der wichtigsten Vorteile von JetX3 ist die hohe Gewinnwahrscheinlichkeit in jeder Runde. Dies wird durch die einzigartige Spielmechanik erreicht, bei der die Wettmultiplikatoren unvorhersehbar steigen. Dies f\u00fcgt eine Element der Spannung und Aufregung hinzu, macht jede Runde aufregend und unvorhersehbar.<\/li>\n<li>Die Einfachheit der Steuerung des Spiels macht es f\u00fcr eine breite Spielerbasis zug\u00e4nglich, einschlie\u00dflich derer, die ihr Gl\u00fcck beim Gl\u00fccksspiel zum ersten Mal versuchen. Eine intuitiv verst\u00e4ndliche Benutzeroberfl\u00e4che und leicht zu erlernende Regeln machen das Spiel attraktiv f\u00fcr Anf\u00e4nger, w\u00e4hrend erfahrene Spieler die Dynamik und das Potenzial f\u00fcr strategisches Spielen sch\u00e4tzen.<\/li>\n<li>Das Echtzeit-Multiplayer-Format schafft ein Gef\u00fchl von Gemeinschaft und Wettbewerbsf\u00e4higkeit. Spieler k\u00f6nnen \u00fcber einen Live-Chat miteinander interagieren, Strategien diskutieren und Erfahrungen austauschen, was den Spielprozess sozialer und ansprechender macht. Zus\u00e4tzlich tr\u00e4gt die M\u00f6glichkeit, Statistiken und Aktionen anderer Spieler zu sehen, zu einer zus\u00e4tzlichen Transparenz und Einbindung bei.<\/li>\n<li>Die kurze Dauer der Runden, nur 30-40 Sekunden, macht das Spiel ideal f\u00fcr schnelle und dynamische Sitzungen. Dies h\u00e4lt ein hohes Ma\u00df an Spielerbeteiligung aufrecht und erm\u00f6glicht es ihnen, schnell von einer Runde zur n\u00e4chsten zu wechseln, ohne lange Wartezeiten.<\/li>\n<li>Die M\u00f6glichkeit, einen Demomodus f\u00fcr Wetten einzurichten, erm\u00f6glicht es den Spielern, das Spiel ohne das Risiko des Verlusts von echtem Geld auszuprobieren. Dies ist eine ideale M\u00f6glichkeit, sich mit der Spielmechanik vertraut zu machen und Strategien zu entwickeln, bevor man mit echtem Geld spielt. Diese Gelegenheit ist besonders wertvoll f\u00fcr neue Spieler, die das Spiel verstehen m\u00f6chten, bevor sie ihre Gelder riskieren.<\/li>\n<li>Die Unterst\u00fctzung verschiedener W\u00e4hrungen und die Optimierung f\u00fcr verschiedene Ger\u00e4te machen JetX3 f\u00fcr ein internationales Publikum zug\u00e4nglich. Spieler aus der ganzen Welt k\u00f6nnen das Spiel auf ihren bevorzugten Ger\u00e4ten genie\u00dfen, sei es auf Mobiltelefonen, Tablets oder Desktop-Computern.<\/li>\n<li>Die M\u00f6glichkeit, gleichzeitig drei Wetten auf drei verschiedenen Panels zu platzieren, erh\u00f6ht die Gewinnchancen und f\u00fcgt dem Spiel ein strategisches Element hinzu. Die Spieler k\u00f6nnen entscheiden, ob sie ihre Wetten auf mehrere Jets verteilen oder sich auf einen konzentrieren m\u00f6chten, um das Gameplay zu diversifizieren.<\/li>\n<li>Das unvorhersehbare Wachstum der Multiplikatoren, das durch die Verwendung von Zufallszahlengeneratoren (RNG) angetrieben wird, macht jede Runde einzigartig und unvorhersehbar. Dieses Element der Zuf\u00e4lligkeit erh\u00e4lt das Interesse der Spieler und macht jedes Spiel einzigartig.<\/li>\n<li>JetX3 sticht unter anderen Gl\u00fccksspielspielen mit seinem attraktiven Design hervor, das echte Raumfahrzeuge f\u00fcr interstellare Fl\u00fcge nachbildet. Diese visuelle Attraktivit\u00e4t, kombiniert mit innovativen Mechaniken und dynamischem Gameplay, macht JetX3 zu einem der begehrtesten Spiele in Online-Casinos.<\/li>\n<\/ul>\n<p>Es ist wichtig zu beachten, dass trotz all dieser Vorteile und Gewinnm\u00f6glichkeiten JetX3 ein Gl\u00fccksspiel bleibt. Die Spieler sollten es verantwortungsbewusst angehen, Grenzen setzen und innerhalb ihrer M\u00f6glichkeiten spielen. Es ist immer wichtig, sich der mit dem Gl\u00fccksspiel verbundenen Risiken bewusst zu sein und das Spiel mit Achtsamkeit und Ma\u00df zu betrachten.<\/p>\n","protected":false},"excerpt":{"rendered":"<p>Das Spiel JetX3, entwickelt von Smartsoft Gaming, hat schnell die Aufmerksamkeit von Online-Casino-Spielern aufgrund seiner einzigartigen Eigenschaften und Vorteile auf sich gezogen. Auf den ersten Blick mag dieses Spiel wie ein Analogon des beliebten Aviator-Spiels erscheinen, jedoch zeichnet sich JetX3 durch seine aktualisierte Funktionalit\u00e4t und eine interessantere Handlung aus und bietet den Spielern ein innovatives&#8230;<\/p>\n","protected":false},"author":1,"featured_media":0,"parent":0,"menu_order":0,"comment_status":"closed","ping_status":"closed","template":"","meta":{"footnotes":""},"class_list":["post-13","page","type-page","status-publish","hentry"],"yoast_head":"<!-- This site is optimized with the Yoast SEO plugin v27.2 - https:\/\/yoast.com\/product\/yoast-seo-wordpress\/ -->\n<title>\u041f\u043e\u0447\u0435\u043c\u0443 \u0438\u0433\u0440\u0430 JetX3 \u043f\u043e\u043f\u0443\u043b\u044f\u0440\u043d\u0430<\/title>\n<meta name=\"description\" content=\"Lassen Sie uns \u00fcber die Vorteile und Gr\u00fcnde f\u00fcr die Beliebtheit des Spiels JetX3 sprechen. Warum w\u00e4hlen Spieler dieses Spiel aus der Vielzahl von Online-Casino-Spielen aus?\" \/>\n<meta name=\"robots\" content=\"index, follow, max-snippet:-1, max-image-preview:large, max-video-preview:-1\" \/>\n<link rel=\"canonical\" href=\"https:\/\/jetxgambling.com\/de\/jetx3-features\/\" \/>\n<meta property=\"og:locale\" content=\"de_DE\" \/>\n<meta property=\"og:locale:alternate\" content=\"ru_RU\" \/>\n<meta property=\"og:locale:alternate\" content=\"en_US\" \/>\n<meta property=\"og:locale:alternate\" content=\"pt_PT\" \/>\n<meta property=\"og:locale:alternate\" content=\"es_ES\" \/>\n<meta property=\"og:locale:alternate\" content=\"sr_RS\" \/>\n<meta property=\"og:locale:alternate\" content=\"bg_BG\" \/>\n<meta property=\"og:locale:alternate\" content=\"pl_PL\" \/>\n<meta property=\"og:locale:alternate\" content=\"ro_RO\" \/>\n<meta property=\"og:locale:alternate\" content=\"it_IT\" \/>\n<meta property=\"og:locale:alternate\" content=\"fr_FR\" \/>\n<meta property=\"og:type\" content=\"article\" \/>\n<meta property=\"og:title\" content=\"\u041f\u043e\u0447\u0435\u043c\u0443 \u0438\u0433\u0440\u0430 JetX3 \u043f\u043e\u043f\u0443\u043b\u044f\u0440\u043d\u0430\" \/>\n<meta property=\"og:description\" content=\"\u041c\u044b \u043f\u043e\u0433\u043e\u0432\u043e\u0440\u0438\u043c \u043e \u043f\u0440\u0435\u0438\u043c\u0443\u0449\u0435\u0441\u0442\u0432\u0430\u0445 \u0438 \u043f\u0440\u0438\u0447\u0438\u043d\u0430\u0445 \u043f\u043e\u043f\u0443\u043b\u044f\u0440\u043d\u043e\u0441\u0442\u0438 \u0438\u0433\u0440\u044b JetX3. \u041f\u043e\u0447\u0435\u043c\u0443 \u0438\u0433\u0440\u043e\u043a\u0438 \u0432\u044b\u0431\u0438\u0440\u0430\u044e\u0442 \u044d\u0442\u0443 \u0438\u0433\u0440\u0443 \u0441\u0440\u0435\u0434\u0438 \u043c\u043d\u043e\u0436\u0435\u0441\u0442\u0432\u0430 \u043e\u043d\u043b\u0430\u0439\u043d \u0438\u0433\u0440 \u0432 \u043a\u0430\u0437\u0438\u043d\u043e\" \/>\n<meta property=\"og:url\" content=\"https:\/\/jetxgambling.com\/de\/jetx3-features\/\" \/>\n<meta property=\"og:site_name\" content=\"JetX\" \/>\n<meta property=\"article:modified_time\" content=\"2024-04-15T19:33:54+00:00\" \/>\n<meta name=\"twitter:card\" content=\"summary_large_image\" \/>\n<meta name=\"twitter:label1\" content=\"Gesch\u00e4tzte Lesezeit\" \/>\n\t<meta name=\"twitter:data1\" content=\"24\u00a0Minuten\" \/>\n<script type=\"application\/ld+json\" class=\"yoast-schema-graph\">{\"@context\":\"https:\/\/schema.org\",\"@graph\":[{\"@type\":\"WebPage\",\"@id\":\"https:\/\/jetxgambling.com\/jetx3-features\/\",\"url\":\"https:\/\/jetxgambling.com\/jetx3-features\/\",\"name\":\"\u041f\u043e\u0447\u0435\u043c\u0443 \u0438\u0433\u0440\u0430 JetX3 \u043f\u043e\u043f\u0443\u043b\u044f\u0440\u043d\u0430\",\"isPartOf\":{\"@id\":\"https:\/\/jetxgambling.com\/#website\"},\"datePublished\":\"2024-01-05T17:27:15+00:00\",\"dateModified\":\"2024-04-15T19:33:54+00:00\",\"description\":\"\u041c\u044b \u043f\u043e\u0433\u043e\u0432\u043e\u0440\u0438\u043c \u043e \u043f\u0440\u0435\u0438\u043c\u0443\u0449\u0435\u0441\u0442\u0432\u0430\u0445 \u0438 \u043f\u0440\u0438\u0447\u0438\u043d\u0430\u0445 \u043f\u043e\u043f\u0443\u043b\u044f\u0440\u043d\u043e\u0441\u0442\u0438 \u0438\u0433\u0440\u044b JetX3. \u041f\u043e\u0447\u0435\u043c\u0443 \u0438\u0433\u0440\u043e\u043a\u0438 \u0432\u044b\u0431\u0438\u0440\u0430\u044e\u0442 \u044d\u0442\u0443 \u0438\u0433\u0440\u0443 \u0441\u0440\u0435\u0434\u0438 \u043c\u043d\u043e\u0436\u0435\u0441\u0442\u0432\u0430 \u043e\u043d\u043b\u0430\u0439\u043d \u0438\u0433\u0440 \u0432 \u043a\u0430\u0437\u0438\u043d\u043e\",\"breadcrumb\":{\"@id\":\"https:\/\/jetxgambling.com\/jetx3-features\/#breadcrumb\"},\"inLanguage\":\"de-DE\",\"potentialAction\":[{\"@type\":\"ReadAction\",\"target\":[\"https:\/\/jetxgambling.com\/jetx3-features\/\"]}]},{\"@type\":\"BreadcrumbList\",\"@id\":\"https:\/\/jetxgambling.com\/jetx3-features\/#breadcrumb\",\"itemListElement\":[{\"@type\":\"ListItem\",\"position\":1,\"name\":\"Home\",\"item\":\"https:\/\/jetxgambling.com\/\"},{\"@type\":\"ListItem\",\"position\":2,\"name\":\"\u041f\u0440\u0438\u0447\u0438\u043d\u044b \u043f\u043e\u043f\u0443\u043b\u044f\u0440\u043d\u043e\u0441\u0442\u0438 \u0438 \u043f\u0440\u0435\u0438\u043c\u0443\u0449\u0435\u0441\u0442\u0432\u0430 \u0438\u0433\u0440\u044b JetX3\"}]},{\"@type\":\"WebSite\",\"@id\":\"https:\/\/jetxgambling.com\/#website\",\"url\":\"https:\/\/jetxgambling.com\/\",\"name\":\"JetX\",\"description\":\"\",\"publisher\":{\"@id\":\"https:\/\/jetxgambling.com\/#organization\"},\"potentialAction\":[{\"@type\":\"SearchAction\",\"target\":{\"@type\":\"EntryPoint\",\"urlTemplate\":\"https:\/\/jetxgambling.com\/?s={search_term_string}\"},\"query-input\":{\"@type\":\"PropertyValueSpecification\",\"valueRequired\":true,\"valueName\":\"search_term_string\"}}],\"inLanguage\":\"de-DE\"},{\"@type\":\"Organization\",\"@id\":\"https:\/\/jetxgambling.com\/#organization\",\"name\":\"JetX\",\"url\":\"https:\/\/jetxgambling.com\/\",\"logo\":{\"@type\":\"ImageObject\",\"inLanguage\":\"de-DE\",\"@id\":\"https:\/\/jetxgambling.com\/#\/schema\/logo\/image\/\",\"url\":\"https:\/\/jetxgambling.com\/wp-content\/uploads\/2024\/01\/jetx-slot-logo.png\",\"contentUrl\":\"https:\/\/jetxgambling.com\/wp-content\/uploads\/2024\/01\/jetx-slot-logo.png\",\"width\":200,\"height\":101,\"caption\":\"JetX\"},\"image\":{\"@id\":\"https:\/\/jetxgambling.com\/#\/schema\/logo\/image\/\"}}]}<\/script>\n<!-- \/ Yoast SEO plugin. -->","yoast_head_json":{"title":"\u041f\u043e\u0447\u0435\u043c\u0443 \u0438\u0433\u0440\u0430 JetX3 \u043f\u043e\u043f\u0443\u043b\u044f\u0440\u043d\u0430","description":"Lassen Sie uns \u00fcber die Vorteile und Gr\u00fcnde f\u00fcr die Beliebtheit des Spiels JetX3 sprechen. Warum w\u00e4hlen Spieler dieses Spiel aus der Vielzahl von Online-Casino-Spielen aus?","robots":{"index":"index","follow":"follow","max-snippet":"max-snippet:-1","max-image-preview":"max-image-preview:large","max-video-preview":"max-video-preview:-1"},"canonical":"https:\/\/jetxgambling.com\/de\/jetx3-features\/","og_locale":"de_DE","og_type":"article","og_title":"\u041f\u043e\u0447\u0435\u043c\u0443 \u0438\u0433\u0440\u0430 JetX3 \u043f\u043e\u043f\u0443\u043b\u044f\u0440\u043d\u0430","og_description":"\u041c\u044b \u043f\u043e\u0433\u043e\u0432\u043e\u0440\u0438\u043c \u043e \u043f\u0440\u0435\u0438\u043c\u0443\u0449\u0435\u0441\u0442\u0432\u0430\u0445 \u0438 \u043f\u0440\u0438\u0447\u0438\u043d\u0430\u0445 \u043f\u043e\u043f\u0443\u043b\u044f\u0440\u043d\u043e\u0441\u0442\u0438 \u0438\u0433\u0440\u044b JetX3. \u041f\u043e\u0447\u0435\u043c\u0443 \u0438\u0433\u0440\u043e\u043a\u0438 \u0432\u044b\u0431\u0438\u0440\u0430\u044e\u0442 \u044d\u0442\u0443 \u0438\u0433\u0440\u0443 \u0441\u0440\u0435\u0434\u0438 \u043c\u043d\u043e\u0436\u0435\u0441\u0442\u0432\u0430 \u043e\u043d\u043b\u0430\u0439\u043d \u0438\u0433\u0440 \u0432 \u043a\u0430\u0437\u0438\u043d\u043e","og_url":"https:\/\/jetxgambling.com\/de\/jetx3-features\/","og_site_name":"JetX","article_modified_time":"2024-04-15T19:33:54+00:00","twitter_card":"summary_large_image","twitter_misc":{"Gesch\u00e4tzte Lesezeit":"24\u00a0Minuten"},"schema":{"@context":"https:\/\/schema.org","@graph":[{"@type":"WebPage","@id":"https:\/\/jetxgambling.com\/jetx3-features\/","url":"https:\/\/jetxgambling.com\/jetx3-features\/","name":"\u041f\u043e\u0447\u0435\u043c\u0443 \u0438\u0433\u0440\u0430 JetX3 \u043f\u043e\u043f\u0443\u043b\u044f\u0440\u043d\u0430","isPartOf":{"@id":"https:\/\/jetxgambling.com\/#website"},"datePublished":"2024-01-05T17:27:15+00:00","dateModified":"2024-04-15T19:33:54+00:00","description":"\u041c\u044b \u043f\u043e\u0433\u043e\u0432\u043e\u0440\u0438\u043c \u043e \u043f\u0440\u0435\u0438\u043c\u0443\u0449\u0435\u0441\u0442\u0432\u0430\u0445 \u0438 \u043f\u0440\u0438\u0447\u0438\u043d\u0430\u0445 \u043f\u043e\u043f\u0443\u043b\u044f\u0440\u043d\u043e\u0441\u0442\u0438 \u0438\u0433\u0440\u044b JetX3. \u041f\u043e\u0447\u0435\u043c\u0443 \u0438\u0433\u0440\u043e\u043a\u0438 \u0432\u044b\u0431\u0438\u0440\u0430\u044e\u0442 \u044d\u0442\u0443 \u0438\u0433\u0440\u0443 \u0441\u0440\u0435\u0434\u0438 \u043c\u043d\u043e\u0436\u0435\u0441\u0442\u0432\u0430 \u043e\u043d\u043b\u0430\u0439\u043d \u0438\u0433\u0440 \u0432 \u043a\u0430\u0437\u0438\u043d\u043e","breadcrumb":{"@id":"https:\/\/jetxgambling.com\/jetx3-features\/#breadcrumb"},"inLanguage":"de-DE","potentialAction":[{"@type":"ReadAction","target":["https:\/\/jetxgambling.com\/jetx3-features\/"]}]},{"@type":"BreadcrumbList","@id":"https:\/\/jetxgambling.com\/jetx3-features\/#breadcrumb","itemListElement":[{"@type":"ListItem","position":1,"name":"Home","item":"https:\/\/jetxgambling.com\/"},{"@type":"ListItem","position":2,"name":"\u041f\u0440\u0438\u0447\u0438\u043d\u044b \u043f\u043e\u043f\u0443\u043b\u044f\u0440\u043d\u043e\u0441\u0442\u0438 \u0438 \u043f\u0440\u0435\u0438\u043c\u0443\u0449\u0435\u0441\u0442\u0432\u0430 \u0438\u0433\u0440\u044b JetX3"}]},{"@type":"WebSite","@id":"https:\/\/jetxgambling.com\/#website","url":"https:\/\/jetxgambling.com\/","name":"JetX","description":"","publisher":{"@id":"https:\/\/jetxgambling.com\/#organization"},"potentialAction":[{"@type":"SearchAction","target":{"@type":"EntryPoint","urlTemplate":"https:\/\/jetxgambling.com\/?s={search_term_string}"},"query-input":{"@type":"PropertyValueSpecification","valueRequired":true,"valueName":"search_term_string"}}],"inLanguage":"de-DE"},{"@type":"Organization","@id":"https:\/\/jetxgambling.com\/#organization","name":"JetX","url":"https:\/\/jetxgambling.com\/","logo":{"@type":"ImageObject","inLanguage":"de-DE","@id":"https:\/\/jetxgambling.com\/#\/schema\/logo\/image\/","url":"https:\/\/jetxgambling.com\/wp-content\/uploads\/2024\/01\/jetx-slot-logo.png","contentUrl":"https:\/\/jetxgambling.com\/wp-content\/uploads\/2024\/01\/jetx-slot-logo.png","width":200,"height":101,"caption":"JetX"},"image":{"@id":"https:\/\/jetxgambling.com\/#\/schema\/logo\/image\/"}}]}},"_links":{"self":[{"href":"https:\/\/jetxgambling.com\/de\/wp-json\/wp\/v2\/pages\/13","targetHints":{"allow":["GET"]}}],"collection":[{"href":"https:\/\/jetxgambling.com\/de\/wp-json\/wp\/v2\/pages"}],"about":[{"href":"https:\/\/jetxgambling.com\/de\/wp-json\/wp\/v2\/types\/page"}],"author":[{"embeddable":true,"href":"https:\/\/jetxgambling.com\/de\/wp-json\/wp\/v2\/users\/1"}],"replies":[{"embeddable":true,"href":"https:\/\/jetxgambling.com\/de\/wp-json\/wp\/v2\/comments?post=13"}],"version-history":[{"count":22,"href":"https:\/\/jetxgambling.com\/de\/wp-json\/wp\/v2\/pages\/13\/revisions"}],"predecessor-version":[{"id":124,"href":"https:\/\/jetxgambling.com\/de\/wp-json\/wp\/v2\/pages\/13\/revisions\/124"}],"wp:attachment":[{"href":"https:\/\/jetxgambling.com\/de\/wp-json\/wp\/v2\/media?parent=13"}],"curies":[{"name":"wp","href":"https:\/\/api.w.org\/{rel}","templated":true}]}}