{"id":15,"date":"2024-01-05T17:28:54","date_gmt":"2024-01-05T17:28:54","guid":{"rendered":"https:\/\/jetxgambling.com\/?page_id=15"},"modified":"2024-04-15T19:36:13","modified_gmt":"2024-04-15T19:36:13","slug":"jetx3-reviews","status":"publish","type":"page","link":"https:\/\/jetxgambling.com\/de\/jetx3-reviews\/","title":{"rendered":"Bewertungen"},"content":{"rendered":"<p>Das JetX3-Spiel wird bei Spielern aus verschiedenen L\u00e4ndern auf der ganzen Welt immer beliebter. Und das ist nicht \u00fcberraschend, denn das Crash-Spiel ist sorgf\u00e4ltig gestaltet und bietet umfangreiche M\u00f6glichkeiten f\u00fcr Spieler.<\/p>\n<p><strong>JetX3 Crash-Spiel &#8211; Eine Explosion der Emotionen!<\/strong><\/p>\n<p>Das einzigartige Gameplay mit drei Raumschiffen h\u00e4lt dich bei jedem Start am Rande. Ich liebe die Dynamik und Unvorhersehbarkeit dieses Spiels.<\/p>\n<p>Maria, 20 Jahre alt.<\/p>\n<p><strong>Seit ein paar Wochen JetX3 spielen<\/strong><\/p>\n<p>Ich spiele JetX3 seit ein paar Wochen und ich kann sagen, es ist eines der aufregendsten Spiele in meiner Sammlung. Die Einfachheit der Regeln und das Potenzial f\u00fcr gro\u00dfe Gewinne machen es perfekt f\u00fcr kurze Pausen bei der Arbeit. Du kannst jederzeit mit dem Spielen beginnen und aufh\u00f6ren.<\/p>\n<p>Olga, 32 Jahre alt.<\/p>\n<p><strong>JetX3 unterscheidet sich von allem, was ich zuvor gesehen habe<\/strong><\/p>\n<p>Innovatives Format und die M\u00f6glichkeit, Wetten auf drei Jets gleichzeitig abzugeben &#8211; einfach gro\u00dfartig. Jede Runde steckt voller \u00dcberraschungen! Dies ist wirklich ein Casino-Spiel, das es wert ist, ausprobiert zu werden.<\/p>\n<p>Mark, 45 Jahre alt.<\/p>\n<p><strong>Es lohnt sich, Aufmerksamkeit zu schenken<\/strong><\/p>\n<p>Dieses Spiel ist wirklich Aufmerksamkeit wert. JetX3 vereint Einfachheit, Spannung und die Chance auf einen gro\u00dfen Gewinn. Ich f\u00fchle immer den Adrenalinschub, wenn die Multiplikatoren zu steigen beginnen.<\/p>\n<p>Alexander, 30 Jahre alt.<\/p>\n<p><strong>JetX3 &#8211; Einer der besten Wege, Zeit in einem Online-Casino zu verbringen<\/strong><\/p>\n<p>Als Fan von Gl\u00fccksspielen betrachte ich JetX3 als einen der besten Wege, Zeit in einem Online-Casino zu verbringen. Der Live-Chat und das Multiplayer-Format verleihen dem Spiel einen sozialen Aspekt, der es noch attraktiver macht.<\/p>\n<p>Spieler, 25 Jahre alt.<\/p>\n<p><strong>JetX3 kostenlos ausprobiert und verliebt<\/strong><\/p>\n<p>Ich habe versucht, JetX3 kostenlos zu spielen, und habe mich sofort in das Spiel verliebt. Es ist perfekt f\u00fcr kurze Sitzungen und ausgedehnte Spielmarathons geeignet. Ich empfehle es jedem!<\/p>\n<p>Bruno, 27 Jahre alt.<\/p>\n<p><strong>Kontrolle \u00fcber das Spiel in JetX3<\/strong><\/p>\n<p>Bei JetX3 mag ich besonders die M\u00f6glichkeit, das Spiel zu kontrollieren. Die Entscheidung, wann man die Gewinne einfordert, f\u00fcgt dem Spiel ein strategisches Element hinzu und macht jede Runde besonders.<\/p>\n<p>Maxim, 29 Jahre alt.<\/p>\n<p><strong>Ein echtes Juwel<\/strong><\/p>\n<p>Dieses Spiel ist ein echtes Juwel. JetX3 hat mich mit seinem Design und seinen Mechaniken \u00fcberrascht. So viele Nerven und Aufregung in jeder Runde &#8211; es ist einfach unm\u00f6glich, sich loszurei\u00dfen! Plus, die Chance zu gewinnen, wie es scheint, kann man jetzt in Online-Casinos nur noch in Crash-Spielen gewinnen.<\/p>\n<p>Diana, 29 Jahre alt.<\/p>\n<p><strong>Ausgezeichnete Vielfalt f\u00fcr Gl\u00fccksspiel-Enthusiasten<\/strong><\/p>\n<p>JetX3 unterh\u00e4lt nicht nur, sondern bietet auch die Chance auf gute Gewinne. Mir gef\u00e4llt, dass das Spiel sowohl f\u00fcr Anf\u00e4nger als auch f\u00fcr erfahrene Spieler geeignet ist.<\/p>\n<p>Mariana, 38 Jahre alt.<\/p>\n<p><strong>JetX3 &#8211; Ein Spiel, das dich st\u00e4ndig am Rande h\u00e4lt<\/strong><\/p>\n<p>JetX3 ist ein Spiel, das dich st\u00e4ndig am Rande h\u00e4lt. Ich liebe das Gef\u00fchl, wenn die Jets abheben und du entscheiden musst, wann du deine Gewinne einfordern sollst. Jedes Spiel ist ein neues Abenteuer!<\/p>\n<p>Stas, 19 Jahre alt.<\/p>\n","protected":false},"excerpt":{"rendered":"<p>Das JetX3-Spiel wird bei Spielern aus verschiedenen L\u00e4ndern auf der ganzen Welt immer beliebter. Und das ist nicht \u00fcberraschend, denn das Crash-Spiel ist sorgf\u00e4ltig gestaltet und bietet umfangreiche M\u00f6glichkeiten f\u00fcr Spieler. JetX3 Crash-Spiel &#8211; Eine Explosion der Emotionen! Das einzigartige Gameplay mit drei Raumschiffen h\u00e4lt dich bei jedem Start am Rande. Ich liebe die Dynamik&#8230;<\/p>\n","protected":false},"author":1,"featured_media":0,"parent":0,"menu_order":0,"comment_status":"closed","ping_status":"closed","template":"","meta":{"footnotes":""},"class_list":["post-15","page","type-page","status-publish","hentry"],"yoast_head":"<!-- This site is optimized with the Yoast SEO plugin v27.2 - https:\/\/yoast.com\/product\/yoast-seo-wordpress\/ -->\n<title>\u041e\u0442\u0437\u044b\u0432\u044b \u0440\u0435\u0430\u043b\u044c\u043d\u044b\u0445 \u0438\u0433\u0440\u043e\u043a\u043e\u0432 \u043e\u0431 \u0438\u0433\u0440\u0435 JetX3<\/title>\n<meta name=\"description\" content=\"Eine \u00dcbersicht \u00fcber das Spiel JetX3 und Meinungen von echten Spielern zum Spiel JetX3. Bewertungen und ehrliche Meinungen zum Crash-Spiel JetX3, eine Rezension, die Ihnen helfen wird, Ihre eigene Meinung zu bilden.\" \/>\n<meta name=\"robots\" content=\"index, follow, max-snippet:-1, max-image-preview:large, max-video-preview:-1\" \/>\n<link rel=\"canonical\" href=\"https:\/\/jetxgambling.com\/de\/jetx3-reviews\/\" \/>\n<meta property=\"og:locale\" content=\"de_DE\" \/>\n<meta property=\"og:locale:alternate\" content=\"ru_RU\" \/>\n<meta property=\"og:locale:alternate\" content=\"en_US\" \/>\n<meta property=\"og:locale:alternate\" content=\"pt_PT\" \/>\n<meta property=\"og:locale:alternate\" content=\"es_ES\" \/>\n<meta property=\"og:locale:alternate\" content=\"sr_RS\" \/>\n<meta property=\"og:locale:alternate\" content=\"bg_BG\" \/>\n<meta property=\"og:locale:alternate\" content=\"pl_PL\" \/>\n<meta property=\"og:locale:alternate\" content=\"ro_RO\" \/>\n<meta property=\"og:locale:alternate\" content=\"it_IT\" \/>\n<meta property=\"og:locale:alternate\" content=\"fr_FR\" \/>\n<meta property=\"og:type\" content=\"article\" \/>\n<meta property=\"og:title\" content=\"\u041e\u0442\u0437\u044b\u0432\u044b \u0440\u0435\u0430\u043b\u044c\u043d\u044b\u0445 \u0438\u0433\u0440\u043e\u043a\u043e\u0432 \u043e\u0431 \u0438\u0433\u0440\u0435 JetX3\" \/>\n<meta property=\"og:description\" content=\"\u041e\u0431\u0437\u043e\u0440 \u0438\u0433\u0440\u044b JetX3 \u0438 \u043c\u043d\u0435\u043d\u0438\u044f \u043d\u0430\u0441\u0442\u043e\u044f\u0449\u0438\u0445 \u0438\u0433\u0440\u043e\u043a\u043e\u0432 \u043e\u0431 \u0438\u0433\u0440\u0435 JetX3. \u041e\u0442\u0437\u044b\u0432\u044b \u0438 \u0447\u0435\u0441\u0442\u043d\u043e\u0435 \u043c\u043d\u0435\u043d\u0438\u0435 \u043e \u043a\u0440\u0430\u0448 \u0438\u0433\u0440\u0435 JetX3, \u043e\u0431\u0437\u043e\u0440, \u043a\u043e\u0442\u043e\u0440\u044b\u0439 \u043f\u043e\u0437\u0432\u043e\u043b\u0438\u0442 \u0441\u043e\u0441\u0442\u0430\u0432\u0438\u0442\u044c \u0441\u043e\u0431\u0441\u0442\u0432\u0435\u043d\u043d\u043e\u0435 \u043c\u043d\u0435\u043d\u0438\u0435\" \/>\n<meta property=\"og:url\" content=\"https:\/\/jetxgambling.com\/de\/jetx3-reviews\/\" \/>\n<meta property=\"og:site_name\" content=\"JetX\" \/>\n<meta property=\"article:modified_time\" content=\"2024-04-15T19:36:13+00:00\" \/>\n<meta name=\"twitter:card\" content=\"summary_large_image\" \/>\n<meta name=\"twitter:label1\" content=\"Gesch\u00e4tzte Lesezeit\" \/>\n\t<meta name=\"twitter:data1\" content=\"20\u00a0Minuten\" \/>\n<script type=\"application\/ld+json\" class=\"yoast-schema-graph\">{\"@context\":\"https:\/\/schema.org\",\"@graph\":[{\"@type\":\"WebPage\",\"@id\":\"https:\/\/jetxgambling.com\/jetx3-reviews\/\",\"url\":\"https:\/\/jetxgambling.com\/jetx3-reviews\/\",\"name\":\"\u041e\u0442\u0437\u044b\u0432\u044b \u0440\u0435\u0430\u043b\u044c\u043d\u044b\u0445 \u0438\u0433\u0440\u043e\u043a\u043e\u0432 \u043e\u0431 \u0438\u0433\u0440\u0435 JetX3\",\"isPartOf\":{\"@id\":\"https:\/\/jetxgambling.com\/#website\"},\"datePublished\":\"2024-01-05T17:28:54+00:00\",\"dateModified\":\"2024-04-15T19:36:13+00:00\",\"description\":\"\u041e\u0431\u0437\u043e\u0440 \u0438\u0433\u0440\u044b JetX3 \u0438 \u043c\u043d\u0435\u043d\u0438\u044f \u043d\u0430\u0441\u0442\u043e\u044f\u0449\u0438\u0445 \u0438\u0433\u0440\u043e\u043a\u043e\u0432 \u043e\u0431 \u0438\u0433\u0440\u0435 JetX3. \u041e\u0442\u0437\u044b\u0432\u044b \u0438 \u0447\u0435\u0441\u0442\u043d\u043e\u0435 \u043c\u043d\u0435\u043d\u0438\u0435 \u043e \u043a\u0440\u0430\u0448 \u0438\u0433\u0440\u0435 JetX3, \u043e\u0431\u0437\u043e\u0440, \u043a\u043e\u0442\u043e\u0440\u044b\u0439 \u043f\u043e\u0437\u0432\u043e\u043b\u0438\u0442 \u0441\u043e\u0441\u0442\u0430\u0432\u0438\u0442\u044c \u0441\u043e\u0431\u0441\u0442\u0432\u0435\u043d\u043d\u043e\u0435 \u043c\u043d\u0435\u043d\u0438\u0435\",\"breadcrumb\":{\"@id\":\"https:\/\/jetxgambling.com\/jetx3-reviews\/#breadcrumb\"},\"inLanguage\":\"de-DE\",\"potentialAction\":[{\"@type\":\"ReadAction\",\"target\":[\"https:\/\/jetxgambling.com\/jetx3-reviews\/\"]}]},{\"@type\":\"BreadcrumbList\",\"@id\":\"https:\/\/jetxgambling.com\/jetx3-reviews\/#breadcrumb\",\"itemListElement\":[{\"@type\":\"ListItem\",\"position\":1,\"name\":\"Home\",\"item\":\"https:\/\/jetxgambling.com\/\"},{\"@type\":\"ListItem\",\"position\":2,\"name\":\"\u041e\u0442\u0437\u044b\u0432\u044b\"}]},{\"@type\":\"WebSite\",\"@id\":\"https:\/\/jetxgambling.com\/#website\",\"url\":\"https:\/\/jetxgambling.com\/\",\"name\":\"JetX\",\"description\":\"\",\"publisher\":{\"@id\":\"https:\/\/jetxgambling.com\/#organization\"},\"potentialAction\":[{\"@type\":\"SearchAction\",\"target\":{\"@type\":\"EntryPoint\",\"urlTemplate\":\"https:\/\/jetxgambling.com\/?s={search_term_string}\"},\"query-input\":{\"@type\":\"PropertyValueSpecification\",\"valueRequired\":true,\"valueName\":\"search_term_string\"}}],\"inLanguage\":\"de-DE\"},{\"@type\":\"Organization\",\"@id\":\"https:\/\/jetxgambling.com\/#organization\",\"name\":\"JetX\",\"url\":\"https:\/\/jetxgambling.com\/\",\"logo\":{\"@type\":\"ImageObject\",\"inLanguage\":\"de-DE\",\"@id\":\"https:\/\/jetxgambling.com\/#\/schema\/logo\/image\/\",\"url\":\"https:\/\/jetxgambling.com\/wp-content\/uploads\/2024\/01\/jetx-slot-logo.png\",\"contentUrl\":\"https:\/\/jetxgambling.com\/wp-content\/uploads\/2024\/01\/jetx-slot-logo.png\",\"width\":200,\"height\":101,\"caption\":\"JetX\"},\"image\":{\"@id\":\"https:\/\/jetxgambling.com\/#\/schema\/logo\/image\/\"}}]}<\/script>\n<!-- \/ Yoast SEO plugin. -->","yoast_head_json":{"title":"\u041e\u0442\u0437\u044b\u0432\u044b \u0440\u0435\u0430\u043b\u044c\u043d\u044b\u0445 \u0438\u0433\u0440\u043e\u043a\u043e\u0432 \u043e\u0431 \u0438\u0433\u0440\u0435 JetX3","description":"Eine \u00dcbersicht \u00fcber das Spiel JetX3 und Meinungen von echten Spielern zum Spiel JetX3. Bewertungen und ehrliche Meinungen zum Crash-Spiel JetX3, eine Rezension, die Ihnen helfen wird, Ihre eigene Meinung zu bilden.","robots":{"index":"index","follow":"follow","max-snippet":"max-snippet:-1","max-image-preview":"max-image-preview:large","max-video-preview":"max-video-preview:-1"},"canonical":"https:\/\/jetxgambling.com\/de\/jetx3-reviews\/","og_locale":"de_DE","og_type":"article","og_title":"\u041e\u0442\u0437\u044b\u0432\u044b \u0440\u0435\u0430\u043b\u044c\u043d\u044b\u0445 \u0438\u0433\u0440\u043e\u043a\u043e\u0432 \u043e\u0431 \u0438\u0433\u0440\u0435 JetX3","og_description":"\u041e\u0431\u0437\u043e\u0440 \u0438\u0433\u0440\u044b JetX3 \u0438 \u043c\u043d\u0435\u043d\u0438\u044f \u043d\u0430\u0441\u0442\u043e\u044f\u0449\u0438\u0445 \u0438\u0433\u0440\u043e\u043a\u043e\u0432 \u043e\u0431 \u0438\u0433\u0440\u0435 JetX3. \u041e\u0442\u0437\u044b\u0432\u044b \u0438 \u0447\u0435\u0441\u0442\u043d\u043e\u0435 \u043c\u043d\u0435\u043d\u0438\u0435 \u043e \u043a\u0440\u0430\u0448 \u0438\u0433\u0440\u0435 JetX3, \u043e\u0431\u0437\u043e\u0440, \u043a\u043e\u0442\u043e\u0440\u044b\u0439 \u043f\u043e\u0437\u0432\u043e\u043b\u0438\u0442 \u0441\u043e\u0441\u0442\u0430\u0432\u0438\u0442\u044c \u0441\u043e\u0431\u0441\u0442\u0432\u0435\u043d\u043d\u043e\u0435 \u043c\u043d\u0435\u043d\u0438\u0435","og_url":"https:\/\/jetxgambling.com\/de\/jetx3-reviews\/","og_site_name":"JetX","article_modified_time":"2024-04-15T19:36:13+00:00","twitter_card":"summary_large_image","twitter_misc":{"Gesch\u00e4tzte Lesezeit":"20\u00a0Minuten"},"schema":{"@context":"https:\/\/schema.org","@graph":[{"@type":"WebPage","@id":"https:\/\/jetxgambling.com\/jetx3-reviews\/","url":"https:\/\/jetxgambling.com\/jetx3-reviews\/","name":"\u041e\u0442\u0437\u044b\u0432\u044b \u0440\u0435\u0430\u043b\u044c\u043d\u044b\u0445 \u0438\u0433\u0440\u043e\u043a\u043e\u0432 \u043e\u0431 \u0438\u0433\u0440\u0435 JetX3","isPartOf":{"@id":"https:\/\/jetxgambling.com\/#website"},"datePublished":"2024-01-05T17:28:54+00:00","dateModified":"2024-04-15T19:36:13+00:00","description":"\u041e\u0431\u0437\u043e\u0440 \u0438\u0433\u0440\u044b JetX3 \u0438 \u043c\u043d\u0435\u043d\u0438\u044f \u043d\u0430\u0441\u0442\u043e\u044f\u0449\u0438\u0445 \u0438\u0433\u0440\u043e\u043a\u043e\u0432 \u043e\u0431 \u0438\u0433\u0440\u0435 JetX3. \u041e\u0442\u0437\u044b\u0432\u044b \u0438 \u0447\u0435\u0441\u0442\u043d\u043e\u0435 \u043c\u043d\u0435\u043d\u0438\u0435 \u043e \u043a\u0440\u0430\u0448 \u0438\u0433\u0440\u0435 JetX3, \u043e\u0431\u0437\u043e\u0440, \u043a\u043e\u0442\u043e\u0440\u044b\u0439 \u043f\u043e\u0437\u0432\u043e\u043b\u0438\u0442 \u0441\u043e\u0441\u0442\u0430\u0432\u0438\u0442\u044c \u0441\u043e\u0431\u0441\u0442\u0432\u0435\u043d\u043d\u043e\u0435 \u043c\u043d\u0435\u043d\u0438\u0435","breadcrumb":{"@id":"https:\/\/jetxgambling.com\/jetx3-reviews\/#breadcrumb"},"inLanguage":"de-DE","potentialAction":[{"@type":"ReadAction","target":["https:\/\/jetxgambling.com\/jetx3-reviews\/"]}]},{"@type":"BreadcrumbList","@id":"https:\/\/jetxgambling.com\/jetx3-reviews\/#breadcrumb","itemListElement":[{"@type":"ListItem","position":1,"name":"Home","item":"https:\/\/jetxgambling.com\/"},{"@type":"ListItem","position":2,"name":"\u041e\u0442\u0437\u044b\u0432\u044b"}]},{"@type":"WebSite","@id":"https:\/\/jetxgambling.com\/#website","url":"https:\/\/jetxgambling.com\/","name":"JetX","description":"","publisher":{"@id":"https:\/\/jetxgambling.com\/#organization"},"potentialAction":[{"@type":"SearchAction","target":{"@type":"EntryPoint","urlTemplate":"https:\/\/jetxgambling.com\/?s={search_term_string}"},"query-input":{"@type":"PropertyValueSpecification","valueRequired":true,"valueName":"search_term_string"}}],"inLanguage":"de-DE"},{"@type":"Organization","@id":"https:\/\/jetxgambling.com\/#organization","name":"JetX","url":"https:\/\/jetxgambling.com\/","logo":{"@type":"ImageObject","inLanguage":"de-DE","@id":"https:\/\/jetxgambling.com\/#\/schema\/logo\/image\/","url":"https:\/\/jetxgambling.com\/wp-content\/uploads\/2024\/01\/jetx-slot-logo.png","contentUrl":"https:\/\/jetxgambling.com\/wp-content\/uploads\/2024\/01\/jetx-slot-logo.png","width":200,"height":101,"caption":"JetX"},"image":{"@id":"https:\/\/jetxgambling.com\/#\/schema\/logo\/image\/"}}]}},"_links":{"self":[{"href":"https:\/\/jetxgambling.com\/de\/wp-json\/wp\/v2\/pages\/15","targetHints":{"allow":["GET"]}}],"collection":[{"href":"https:\/\/jetxgambling.com\/de\/wp-json\/wp\/v2\/pages"}],"about":[{"href":"https:\/\/jetxgambling.com\/de\/wp-json\/wp\/v2\/types\/page"}],"author":[{"embeddable":true,"href":"https:\/\/jetxgambling.com\/de\/wp-json\/wp\/v2\/users\/1"}],"replies":[{"embeddable":true,"href":"https:\/\/jetxgambling.com\/de\/wp-json\/wp\/v2\/comments?post=15"}],"version-history":[{"count":25,"href":"https:\/\/jetxgambling.com\/de\/wp-json\/wp\/v2\/pages\/15\/revisions"}],"predecessor-version":[{"id":123,"href":"https:\/\/jetxgambling.com\/de\/wp-json\/wp\/v2\/pages\/15\/revisions\/123"}],"wp:attachment":[{"href":"https:\/\/jetxgambling.com\/de\/wp-json\/wp\/v2\/media?parent=15"}],"curies":[{"name":"wp","href":"https:\/\/api.w.org\/{rel}","templated":true}]}}