{"id":9,"date":"2024-01-05T17:25:34","date_gmt":"2024-01-05T17:25:34","guid":{"rendered":"https:\/\/jetxgambling.com\/?page_id=9"},"modified":"2024-04-15T19:38:11","modified_gmt":"2024-04-15T19:38:11","slug":"jetx3","status":"publish","type":"page","link":"https:\/\/jetxgambling.com\/de\/","title":{"rendered":"Merkmale und Vorteile des neuen Crash-Spiels JetX3"},"content":{"rendered":"<p>Das Spiel JetX3 von Smartsoft Gaming erschien 2021 in Online-Casinos und wurde zu einem der beliebtesten Slots. Der Slot zeichnet sich durch unkonventionelle explosive Mechaniken, einzigartiges Gameplay und Funktionalit\u00e4t aus. Der Crash-Simulator bietet ausgezeichnete Gewinnm\u00f6glichkeiten. Das Spiel unterscheidet sich radikal von herk\u00f6mmlichen Videoslots, da es sowohl an Walzen als auch an Gewinnlinien mangelt. Das Wesen des Spiels besteht darin, einen hohen Wettmultiplikator zu &#8222;fangen&#8220; und eine gute Geldbelohnung zu erhalten.<\/p>\n<h2><strong>Hauptregeln des JetX3-Simulators:<\/strong><\/h2>\n<ul>\n<li>Der Spieler wartet auf das Ende der aktuellen Runde.<\/li>\n<li>Schlie\u00dft sich einem neuen Start von Jets an.<\/li>\n<li>Platziert eine Wette auf eine, zwei oder drei Linien.<\/li>\n<li>Kann eine Wette f\u00fcr die n\u00e4chste Runde platzieren.<\/li>\n<li>Der Spieler beobachtet das Wachstum der Multiplikatoren.<\/li>\n<li>W\u00e4hlt den richtigen Moment und beansprucht den Gewinn.<\/li>\n<\/ul>\n<p>Man muss sich schnell orientieren und die richtige Entscheidung treffen, bevor das Flugzeug explodiert. Andernfalls &#8222;verbrennt&#8220; die Wette des Spielers. Der Gewinn wird als festgelegter Koeffizient multipliziert mit dem Wetteinsatz berechnet. Da drei Jets gleichzeitig starten, ist es m\u00f6glich, drei Geldbelohnungen auf einmal zu erhalten.<\/p>\n<h2><strong>Gr\u00fcnde f\u00fcr die Beliebtheit des JetX3-Spiels:<\/strong><\/h2>\n<p>Das Spiel JetX 3 von Smartsoft Gaming ist eine einzigartige Erg\u00e4nzung zur Welt der Online-Casinos, dank seiner ungew\u00f6hnlichen Features und Vorteile. Der Hauptunterschied von JetX 3 zu traditionellen Slots liegt in seiner innovativen Crash-Mechanik, nicht in der Verwendung von herk\u00f6mmlichen Walzen und Gewinnlinien. Hier sind die Hauptmerkmale und Vorteile von JetX 3:<\/p>\n<ol>\n<li><strong>Unkonventionelle Spielmechanik:<\/strong> Anstelle von traditionellen drehenden Walzen ist das Spiel ein Crash-Simulator mit drei Raumschiffen. Diese Schiffe starten und erh\u00f6hen die Wettmultiplikatoren.<\/li>\n<li><strong>Einzigartiges Gameplay:<\/strong> Spieler platzieren Wetten auf ein, zwei oder alle drei Raumschiffe und beobachten deren Start. Das Wesen des Spiels besteht darin, den richtigen Moment zu w\u00e4hlen, um den Gewinn zu beanspruchen, bevor das Schiff explodiert. Dieser Ansatz unterscheidet sich erheblich von anderen Crash-Spielen, bei denen man einem Gegenstand, wie einem Flugzeug, folgt und versucht, das Ergebnis vorherzusagen. Das Spielen von JetX3 ist anspruchsvoller, bietet aber ein h\u00f6heres Engagement.<\/li>\n<li><strong>Potenzial f\u00fcr bedeutende Geldgewinne:<\/strong> Dank der steigenden Wettmultiplikatoren w\u00e4hrend des Fluges haben die Spieler die Chance auf betr\u00e4chtliche Gewinne. Jeder kann gewinnen.<\/li>\n<li><strong>Attraktives Design und Animation:<\/strong> JetX 3 hat ein stilvolles und modernes Design mit Raumschiffen und einem dunklen Sternenhimmel als Hintergrund, was eine spannende Atmosph\u00e4re schafft. Viele Spieler sagen, dass das Design und die Animation dieses Spiels viel besser sind als die von bekannten Konkurrenten.<\/li>\n<li><strong>Intuitiv verst\u00e4ndliche Regeln:<\/strong> Trotz des unkonventionellen Formats sind die Spielregeln einfach und verst\u00e4ndlich und machen es f\u00fcr eine breite Palette von Spielern zug\u00e4nglich. Im Gegensatz zu Slots, bei denen man verstehen muss, was jedes Symbol bedeutet, sind die Regeln von Crash-Spielen viel einfacher.<\/li>\n<li><strong>M\u00f6glichkeit, die Spielweise zu w\u00e4hlen:<\/strong> Das Spiel erfordert schnelle Entscheidungen und Risikobewertungen und f\u00fcgt ein strategisches Element hinzu. Es ist jedoch wichtig zu beachten, dass es nicht nur um einfaches Tastendr\u00fccken geht. Der Spieler w\u00e4hlt bewusst eine Spielstrategie und folgt ihr, um seine Gewinnchancen zu erh\u00f6hen.<\/li>\n<li><strong>Mehrere Gewinnchancen:<\/strong> Die M\u00f6glichkeit, gleichzeitig auf drei Raketen zu setzen, erh\u00f6ht die Gewinnchancen. Das ist viel besser als zum Beispiel die Option, nur ein Flugzeug zu w\u00e4hlen.<\/li>\n<li><strong>Dynamik:<\/strong> Das schnelle Tempo des Spiels und die Unvorhersehbarkeit des Ergebnisses jeder Runde halten ein hohes Ma\u00df an Spielerengagement aufrecht.<\/li>\n<li><strong>Vielfalt der Wetten:<\/strong> Spieler k\u00f6nnen verschiedene Wettstrategien je nach ihren Vorlieben und Spielstil w\u00e4hlen. Jeder wird die passende Option finden.<\/li>\n<li><strong>Emotionale Beteiligung:<\/strong> Die Unvorhersehbarkeit und die M\u00f6glichkeit bedeutender Gewinne bieten starke emotionale Erlebnisse. Das Spiel JetX3 gibt den Adrenalinschub, den alle Spieler suchen.<\/li>\n<\/ol>\n<p>Das Online-Spiel JetX 3 bietet ein frisches und innovatives Erlebnis in Online-Casinos, das Elemente des Gl\u00fccks, der Strategie und schneller Entscheidungen kombiniert und somit f\u00fcr verschiedene Spielerkategorien ansprechend ist.<\/p>\n","protected":false},"excerpt":{"rendered":"<p>Das Spiel JetX3 von Smartsoft Gaming erschien 2021 in Online-Casinos und wurde zu einem der beliebtesten Slots. Der Slot zeichnet sich durch unkonventionelle explosive Mechaniken, einzigartiges Gameplay und Funktionalit\u00e4t aus. Der Crash-Simulator bietet ausgezeichnete Gewinnm\u00f6glichkeiten. Das Spiel unterscheidet sich radikal von herk\u00f6mmlichen Videoslots, da es sowohl an Walzen als auch an Gewinnlinien mangelt. Das Wesen&#8230;<\/p>\n","protected":false},"author":1,"featured_media":0,"parent":0,"menu_order":0,"comment_status":"closed","ping_status":"closed","template":"","meta":{"footnotes":""},"class_list":["post-9","page","type-page","status-publish","hentry"],"yoast_head":"<!-- This site is optimized with the Yoast SEO plugin v27.2 - https:\/\/yoast.com\/product\/yoast-seo-wordpress\/ -->\n<title>\u0418\u0433\u0440\u0430\u0442\u044c \u0432 \u043a\u0440\u0430\u0448 \u0438\u0433\u0440\u0443 JetX3<\/title>\n<meta name=\"description\" content=\"Spielen und gewinnen Sie das Online-Spiel JetX3 um echtes Geld in einem Online-Casino. Beste Strategien zum Spielen, Download auf iPhone und Android, echte Spielerbewertungen.\" \/>\n<meta name=\"robots\" content=\"index, follow, max-snippet:-1, max-image-preview:large, max-video-preview:-1\" \/>\n<link rel=\"canonical\" href=\"https:\/\/jetxgambling.com\/de\/\" \/>\n<meta property=\"og:locale\" content=\"de_DE\" \/>\n<meta property=\"og:locale:alternate\" content=\"ru_RU\" \/>\n<meta property=\"og:locale:alternate\" content=\"en_US\" \/>\n<meta property=\"og:locale:alternate\" content=\"pt_PT\" \/>\n<meta property=\"og:locale:alternate\" content=\"es_ES\" \/>\n<meta property=\"og:locale:alternate\" content=\"sr_RS\" \/>\n<meta property=\"og:locale:alternate\" content=\"bg_BG\" \/>\n<meta property=\"og:locale:alternate\" content=\"pl_PL\" \/>\n<meta property=\"og:locale:alternate\" content=\"ro_RO\" \/>\n<meta property=\"og:locale:alternate\" content=\"it_IT\" \/>\n<meta property=\"og:locale:alternate\" content=\"fr_FR\" \/>\n<meta property=\"og:type\" content=\"article\" \/>\n<meta property=\"og:title\" content=\"\u0418\u0433\u0440\u0430\u0442\u044c \u0432 \u043a\u0440\u0430\u0448 \u0438\u0433\u0440\u0443 JetX3\" \/>\n<meta property=\"og:description\" content=\"\u0418\u0433\u0440\u0430\u0442\u044c \u0438 \u0432\u044b\u0438\u0433\u0440\u044b\u0432\u0430\u0442\u044c \u0432 \u043e\u043d\u043b\u0430\u0439\u043d \u0438\u0433\u0440\u0443 JetX3 \u043d\u0430 \u0440\u0435\u0430\u043b\u044c\u043d\u044b\u0435 \u0434\u0435\u043d\u044c\u0433\u0438 \u0432 \u043e\u043d\u043b\u0430\u0439\u043d \u043a\u0430\u0437\u0438\u043d\u043e. \u041b\u0443\u0447\u0448\u0438\u0435 \u0441\u0442\u0440\u0430\u0442\u0435\u0433\u0438\u0438 \u043a\u0430\u043a \u0438\u0433\u0440\u0430\u0442\u044c, \u0441\u043a\u0430\u0447\u0430\u0442\u044c \u0430\u0439\u0444\u043e\u043d \u0438 \u0430\u043d\u0434\u0440\u043e\u0438\u0434, \u043e\u0442\u0437\u044b\u0432\u044b \u0440\u0435\u0430\u043b\u044c\u043d\u044b\u0445 \u0438\u0433\u0440\u043e\u043a\u043e\u0432\" \/>\n<meta property=\"og:url\" content=\"https:\/\/jetxgambling.com\/de\/\" \/>\n<meta property=\"og:site_name\" content=\"JetX\" \/>\n<meta property=\"article:modified_time\" content=\"2024-04-15T19:38:11+00:00\" \/>\n<meta name=\"twitter:card\" content=\"summary_large_image\" \/>\n<meta name=\"twitter:label1\" content=\"Gesch\u00e4tzte Lesezeit\" \/>\n\t<meta name=\"twitter:data1\" content=\"27\u00a0Minuten\" \/>\n<script type=\"application\/ld+json\" class=\"yoast-schema-graph\">{\"@context\":\"https:\/\/schema.org\",\"@graph\":[{\"@type\":\"WebPage\",\"@id\":\"https:\/\/jetxgambling.com\/\",\"url\":\"https:\/\/jetxgambling.com\/\",\"name\":\"\u0418\u0433\u0440\u0430\u0442\u044c \u0432 \u043a\u0440\u0430\u0448 \u0438\u0433\u0440\u0443 JetX3\",\"isPartOf\":{\"@id\":\"https:\/\/jetxgambling.com\/#website\"},\"datePublished\":\"2024-01-05T17:25:34+00:00\",\"dateModified\":\"2024-04-15T19:38:11+00:00\",\"description\":\"\u0418\u0433\u0440\u0430\u0442\u044c \u0438 \u0432\u044b\u0438\u0433\u0440\u044b\u0432\u0430\u0442\u044c \u0432 \u043e\u043d\u043b\u0430\u0439\u043d \u0438\u0433\u0440\u0443 JetX3 \u043d\u0430 \u0440\u0435\u0430\u043b\u044c\u043d\u044b\u0435 \u0434\u0435\u043d\u044c\u0433\u0438 \u0432 \u043e\u043d\u043b\u0430\u0439\u043d \u043a\u0430\u0437\u0438\u043d\u043e. \u041b\u0443\u0447\u0448\u0438\u0435 \u0441\u0442\u0440\u0430\u0442\u0435\u0433\u0438\u0438 \u043a\u0430\u043a \u0438\u0433\u0440\u0430\u0442\u044c, \u0441\u043a\u0430\u0447\u0430\u0442\u044c \u0430\u0439\u0444\u043e\u043d \u0438 \u0430\u043d\u0434\u0440\u043e\u0438\u0434, \u043e\u0442\u0437\u044b\u0432\u044b \u0440\u0435\u0430\u043b\u044c\u043d\u044b\u0445 \u0438\u0433\u0440\u043e\u043a\u043e\u0432\",\"breadcrumb\":{\"@id\":\"https:\/\/jetxgambling.com\/#breadcrumb\"},\"inLanguage\":\"de-DE\",\"potentialAction\":[{\"@type\":\"ReadAction\",\"target\":[\"https:\/\/jetxgambling.com\/\"]}]},{\"@type\":\"BreadcrumbList\",\"@id\":\"https:\/\/jetxgambling.com\/#breadcrumb\",\"itemListElement\":[{\"@type\":\"ListItem\",\"position\":1,\"name\":\"Home\",\"item\":\"https:\/\/jetxgambling.com\/\"},{\"@type\":\"ListItem\",\"position\":2,\"name\":\"\u041e\u0441\u043e\u0431\u0435\u043d\u043d\u043e\u0441\u0442\u0438 \u0438 \u043f\u0440\u0435\u0438\u043c\u0443\u0449\u0435\u0441\u0442\u0432\u0430 \u043d\u043e\u0432\u043e\u0439 \u043a\u0440\u0430\u0448-\u0438\u0433\u0440\u044b JetX 3\"}]},{\"@type\":\"WebSite\",\"@id\":\"https:\/\/jetxgambling.com\/#website\",\"url\":\"https:\/\/jetxgambling.com\/\",\"name\":\"JetX\",\"description\":\"\",\"publisher\":{\"@id\":\"https:\/\/jetxgambling.com\/#organization\"},\"potentialAction\":[{\"@type\":\"SearchAction\",\"target\":{\"@type\":\"EntryPoint\",\"urlTemplate\":\"https:\/\/jetxgambling.com\/?s={search_term_string}\"},\"query-input\":{\"@type\":\"PropertyValueSpecification\",\"valueRequired\":true,\"valueName\":\"search_term_string\"}}],\"inLanguage\":\"de-DE\"},{\"@type\":\"Organization\",\"@id\":\"https:\/\/jetxgambling.com\/#organization\",\"name\":\"JetX\",\"url\":\"https:\/\/jetxgambling.com\/\",\"logo\":{\"@type\":\"ImageObject\",\"inLanguage\":\"de-DE\",\"@id\":\"https:\/\/jetxgambling.com\/#\/schema\/logo\/image\/\",\"url\":\"https:\/\/jetxgambling.com\/wp-content\/uploads\/2024\/01\/jetx-slot-logo.png\",\"contentUrl\":\"https:\/\/jetxgambling.com\/wp-content\/uploads\/2024\/01\/jetx-slot-logo.png\",\"width\":200,\"height\":101,\"caption\":\"JetX\"},\"image\":{\"@id\":\"https:\/\/jetxgambling.com\/#\/schema\/logo\/image\/\"}}]}<\/script>\n<!-- \/ Yoast SEO plugin. -->","yoast_head_json":{"title":"\u0418\u0433\u0440\u0430\u0442\u044c \u0432 \u043a\u0440\u0430\u0448 \u0438\u0433\u0440\u0443 JetX3","description":"Spielen und gewinnen Sie das Online-Spiel JetX3 um echtes Geld in einem Online-Casino. Beste Strategien zum Spielen, Download auf iPhone und Android, echte Spielerbewertungen.","robots":{"index":"index","follow":"follow","max-snippet":"max-snippet:-1","max-image-preview":"max-image-preview:large","max-video-preview":"max-video-preview:-1"},"canonical":"https:\/\/jetxgambling.com\/de\/","og_locale":"de_DE","og_type":"article","og_title":"\u0418\u0433\u0440\u0430\u0442\u044c \u0432 \u043a\u0440\u0430\u0448 \u0438\u0433\u0440\u0443 JetX3","og_description":"\u0418\u0433\u0440\u0430\u0442\u044c \u0438 \u0432\u044b\u0438\u0433\u0440\u044b\u0432\u0430\u0442\u044c \u0432 \u043e\u043d\u043b\u0430\u0439\u043d \u0438\u0433\u0440\u0443 JetX3 \u043d\u0430 \u0440\u0435\u0430\u043b\u044c\u043d\u044b\u0435 \u0434\u0435\u043d\u044c\u0433\u0438 \u0432 \u043e\u043d\u043b\u0430\u0439\u043d \u043a\u0430\u0437\u0438\u043d\u043e. \u041b\u0443\u0447\u0448\u0438\u0435 \u0441\u0442\u0440\u0430\u0442\u0435\u0433\u0438\u0438 \u043a\u0430\u043a \u0438\u0433\u0440\u0430\u0442\u044c, \u0441\u043a\u0430\u0447\u0430\u0442\u044c \u0430\u0439\u0444\u043e\u043d \u0438 \u0430\u043d\u0434\u0440\u043e\u0438\u0434, \u043e\u0442\u0437\u044b\u0432\u044b \u0440\u0435\u0430\u043b\u044c\u043d\u044b\u0445 \u0438\u0433\u0440\u043e\u043a\u043e\u0432","og_url":"https:\/\/jetxgambling.com\/de\/","og_site_name":"JetX","article_modified_time":"2024-04-15T19:38:11+00:00","twitter_card":"summary_large_image","twitter_misc":{"Gesch\u00e4tzte Lesezeit":"27\u00a0Minuten"},"schema":{"@context":"https:\/\/schema.org","@graph":[{"@type":"WebPage","@id":"https:\/\/jetxgambling.com\/","url":"https:\/\/jetxgambling.com\/","name":"\u0418\u0433\u0440\u0430\u0442\u044c \u0432 \u043a\u0440\u0430\u0448 \u0438\u0433\u0440\u0443 JetX3","isPartOf":{"@id":"https:\/\/jetxgambling.com\/#website"},"datePublished":"2024-01-05T17:25:34+00:00","dateModified":"2024-04-15T19:38:11+00:00","description":"\u0418\u0433\u0440\u0430\u0442\u044c \u0438 \u0432\u044b\u0438\u0433\u0440\u044b\u0432\u0430\u0442\u044c \u0432 \u043e\u043d\u043b\u0430\u0439\u043d \u0438\u0433\u0440\u0443 JetX3 \u043d\u0430 \u0440\u0435\u0430\u043b\u044c\u043d\u044b\u0435 \u0434\u0435\u043d\u044c\u0433\u0438 \u0432 \u043e\u043d\u043b\u0430\u0439\u043d \u043a\u0430\u0437\u0438\u043d\u043e. \u041b\u0443\u0447\u0448\u0438\u0435 \u0441\u0442\u0440\u0430\u0442\u0435\u0433\u0438\u0438 \u043a\u0430\u043a \u0438\u0433\u0440\u0430\u0442\u044c, \u0441\u043a\u0430\u0447\u0430\u0442\u044c \u0430\u0439\u0444\u043e\u043d \u0438 \u0430\u043d\u0434\u0440\u043e\u0438\u0434, \u043e\u0442\u0437\u044b\u0432\u044b \u0440\u0435\u0430\u043b\u044c\u043d\u044b\u0445 \u0438\u0433\u0440\u043e\u043a\u043e\u0432","breadcrumb":{"@id":"https:\/\/jetxgambling.com\/#breadcrumb"},"inLanguage":"de-DE","potentialAction":[{"@type":"ReadAction","target":["https:\/\/jetxgambling.com\/"]}]},{"@type":"BreadcrumbList","@id":"https:\/\/jetxgambling.com\/#breadcrumb","itemListElement":[{"@type":"ListItem","position":1,"name":"Home","item":"https:\/\/jetxgambling.com\/"},{"@type":"ListItem","position":2,"name":"\u041e\u0441\u043e\u0431\u0435\u043d\u043d\u043e\u0441\u0442\u0438 \u0438 \u043f\u0440\u0435\u0438\u043c\u0443\u0449\u0435\u0441\u0442\u0432\u0430 \u043d\u043e\u0432\u043e\u0439 \u043a\u0440\u0430\u0448-\u0438\u0433\u0440\u044b JetX 3"}]},{"@type":"WebSite","@id":"https:\/\/jetxgambling.com\/#website","url":"https:\/\/jetxgambling.com\/","name":"JetX","description":"","publisher":{"@id":"https:\/\/jetxgambling.com\/#organization"},"potentialAction":[{"@type":"SearchAction","target":{"@type":"EntryPoint","urlTemplate":"https:\/\/jetxgambling.com\/?s={search_term_string}"},"query-input":{"@type":"PropertyValueSpecification","valueRequired":true,"valueName":"search_term_string"}}],"inLanguage":"de-DE"},{"@type":"Organization","@id":"https:\/\/jetxgambling.com\/#organization","name":"JetX","url":"https:\/\/jetxgambling.com\/","logo":{"@type":"ImageObject","inLanguage":"de-DE","@id":"https:\/\/jetxgambling.com\/#\/schema\/logo\/image\/","url":"https:\/\/jetxgambling.com\/wp-content\/uploads\/2024\/01\/jetx-slot-logo.png","contentUrl":"https:\/\/jetxgambling.com\/wp-content\/uploads\/2024\/01\/jetx-slot-logo.png","width":200,"height":101,"caption":"JetX"},"image":{"@id":"https:\/\/jetxgambling.com\/#\/schema\/logo\/image\/"}}]}},"_links":{"self":[{"href":"https:\/\/jetxgambling.com\/de\/wp-json\/wp\/v2\/pages\/9","targetHints":{"allow":["GET"]}}],"collection":[{"href":"https:\/\/jetxgambling.com\/de\/wp-json\/wp\/v2\/pages"}],"about":[{"href":"https:\/\/jetxgambling.com\/de\/wp-json\/wp\/v2\/types\/page"}],"author":[{"embeddable":true,"href":"https:\/\/jetxgambling.com\/de\/wp-json\/wp\/v2\/users\/1"}],"replies":[{"embeddable":true,"href":"https:\/\/jetxgambling.com\/de\/wp-json\/wp\/v2\/comments?post=9"}],"version-history":[{"count":25,"href":"https:\/\/jetxgambling.com\/de\/wp-json\/wp\/v2\/pages\/9\/revisions"}],"predecessor-version":[{"id":122,"href":"https:\/\/jetxgambling.com\/de\/wp-json\/wp\/v2\/pages\/9\/revisions\/122"}],"wp:attachment":[{"href":"https:\/\/jetxgambling.com\/de\/wp-json\/wp\/v2\/media?parent=9"}],"curies":[{"name":"wp","href":"https:\/\/api.w.org\/{rel}","templated":true}]}}