{"id":11,"date":"2024-01-05T17:26:35","date_gmt":"2024-01-05T17:26:35","guid":{"rendered":"https:\/\/jetxgambling.com\/?page_id=11"},"modified":"2024-04-15T19:40:09","modified_gmt":"2024-04-15T19:40:09","slug":"jetx3-strategies","status":"publish","type":"page","link":"https:\/\/jetxgambling.com\/es\/jetx3-strategies\/","title":{"rendered":"Estrategias y t\u00e1cticas del juego JetX3"},"content":{"rendered":"<p>En la m\u00e1quina tragamonedas JetX3, hay una amplia gama de apuestas. La apuesta m\u00ednima es de 10 centavos, y la m\u00e1xima es de $300 (los l\u00edmites pueden variar seg\u00fan el casino en l\u00ednea). En los paneles de juego, el tama\u00f1o de la apuesta se selecciona manualmente mediante los botones \u00ab+\u00bb y \u00ab-\u00bb o se ajusta en el modo de apuestas autom\u00e1ticas. El multiplicador m\u00e1ximo del simulador de crash es x1000 de las apuestas. El juego tambi\u00e9n incluye una opci\u00f3n para la retirada autom\u00e1tica de ganancias cuando los jets alcanzan ciertos coeficientes. Para ganar con m\u00e1s frecuencia en la m\u00e1quina tragamonedas JetX3, los jugadores utilizan diversas estrategias:<\/p>\n<ol>\n<li><strong>Estrategia de Apuestas Peque\u00f1as:<\/strong> Esta estrategia es adecuada para principiantes o aquellos que prefieren minimizar los riesgos. Se realizan apuestas peque\u00f1as, y las ganancias se reclaman en multiplicadores peque\u00f1os (alrededor de x1.2-x1.3). Este enfoque garantiza pagos frecuentes pero peque\u00f1os.<\/li>\n<li>J<strong>uego con Coeficientes Medianos:<\/strong> Este m\u00e9todo implica reclamar ganancias cuando los multiplicadores alcanzan x2-x3. Es adecuado para jugadores m\u00e1s experimentados, ya que estos coeficientes ocurren con bastante frecuencia, proporcionando pagos moderados.<\/li>\n<li><strong>Estrategia Martingala:<\/strong> Esta es una estrategia popular de apuestas utilizada en muchos juegos de casino. Consiste en aumentar el tama\u00f1o de la apuesta despu\u00e9s de cada p\u00e9rdida y volver a la apuesta inicial despu\u00e9s de una victoria. Este m\u00e9todo puede ser arriesgado, pero potencialmente puede generar grandes ganancias.<\/li>\n<li><strong>Retiro Autom\u00e1tico de Ganancias:<\/strong> Utilizar la funci\u00f3n de retiro autom\u00e1tico al alcanzar ciertos coeficientes ayuda a gestionar los riesgos y proporciona un enfoque disciplinado para el juego.<\/li>\n<li><strong>Modo de Entrenamiento (Demostraci\u00f3n):<\/strong> Antes de jugar con dinero real, se recomienda probar estrategias en la versi\u00f3n demo del juego. Esto permite a los jugadores evaluar la efectividad de diferentes enfoques sin riesgos financieros.<\/li>\n<li><strong>Variedad de Apuestas:<\/strong> Se anima a los jugadores a experimentar con diferentes tama\u00f1os de apuestas y la cantidad de jets activos para encontrar la combinaci\u00f3n \u00f3ptima para ellos.<\/li>\n<\/ol>\n<p>El uso de estrategias contribuye a reducir el riesgo de p\u00e9rdidas financieras y permite a los jugadores realizar apuestas disciplinadas con una alta probabilidad de ganar. El objetivo del juego en JetX3 es recolectar recompensas antes de que las aeronaves exploten en la pantalla.<\/p>\n<p>Los jugadores pueden jugar al juego de crash con dinero real o cr\u00e9ditos virtuales. En el primer caso, es necesario elegir un casino confiable con este juego, registrarse y realizar un dep\u00f3sito. Para las apuestas de demostraci\u00f3n, es decir, en modo gratuito, no es obligatorio crear una cuenta. Se recomienda lanzar la versi\u00f3n demo de la tragamonedas para probar las capacidades del modelo de juego, evaluar el rendimiento en diferentes cantidades de apuestas y determinar la cantidad de jets activos antes de jugar con moneda real. El juego de crash JetX3 funciona sin problemas en dispositivos m\u00f3viles y de escritorio. El juego es popular entre los fan\u00e1ticos del entretenimiento de azar inusual y es una de las tragamonedas m\u00e1s buscadas en la mayor\u00eda de los casinos en l\u00ednea.<\/p>\n<h2>Cosas importantes a recordar al elegir una estrategia en JetX3:<\/h2>\n<p>Las estrategias y t\u00e1cticas en el juego JetX3 permiten a los jugadores maximizar sus posibilidades de \u00e9xito y gestionar riesgos. Bas\u00e1ndose en la mec\u00e1nica del juego y el rango de apuestas, un jugador aumenta sus posibilidades de ganar. En este caso, el jugador no est\u00e1 simplemente presionando botones al azar, sino eligiendo una estrategia sobre c\u00f3mo jugar, que en \u00faltima instancia deber\u00eda llevar a una victoria.<\/p>\n<p>La clave del \u00e9xito en JetX3 es la capacidad de tomar decisiones r\u00e1pidas y evaluar los riesgos correctamente. Es esencial recordar que, a pesar de la aplicaci\u00f3n de estrategias, el juego sigue siendo un juego de azar, y los resultados pueden ser impredecibles. Por lo tanto, siempre se debe abordar el juego de manera responsable y establecer l\u00edmites claros para uno mismo.<\/p>\n","protected":false},"excerpt":{"rendered":"<p>En la m\u00e1quina tragamonedas JetX3, hay una amplia gama de apuestas. La apuesta m\u00ednima es de 10 centavos, y la m\u00e1xima es de $300 (los l\u00edmites pueden variar seg\u00fan el casino en l\u00ednea). En los paneles de juego, el tama\u00f1o de la apuesta se selecciona manualmente mediante los botones \u00ab+\u00bb y \u00ab-\u00bb o se ajusta&#8230;<\/p>\n","protected":false},"author":1,"featured_media":0,"parent":0,"menu_order":0,"comment_status":"closed","ping_status":"closed","template":"","meta":{"footnotes":""},"class_list":["post-11","page","type-page","status-publish","hentry"],"yoast_head":"<!-- This site is optimized with the Yoast SEO plugin v27.2 - https:\/\/yoast.com\/product\/yoast-seo-wordpress\/ -->\n<title>\u0421\u0442\u0440\u0430\u0442\u0435\u0433\u0438\u0438 \u0438\u0433\u0440\u044b JetX3<\/title>\n<meta name=\"description\" content=\"Una respuesta a la pregunta de c\u00f3mo ganar en el juego de colisiones JetX3 y ganar dinero real. Las mejores estrategias y t\u00e1cticas para jugar JetX3 tanto para nuevos como para jugadores experimentados.\" \/>\n<meta name=\"robots\" content=\"index, follow, max-snippet:-1, max-image-preview:large, max-video-preview:-1\" \/>\n<link rel=\"canonical\" href=\"https:\/\/jetxgambling.com\/es\/jetx3-strategies\/\" \/>\n<meta property=\"og:locale\" content=\"es_ES\" \/>\n<meta property=\"og:locale:alternate\" content=\"ru_RU\" \/>\n<meta property=\"og:locale:alternate\" content=\"en_US\" \/>\n<meta property=\"og:locale:alternate\" content=\"pt_PT\" \/>\n<meta property=\"og:locale:alternate\" content=\"sr_RS\" \/>\n<meta property=\"og:locale:alternate\" content=\"bg_BG\" \/>\n<meta property=\"og:locale:alternate\" content=\"pl_PL\" \/>\n<meta property=\"og:locale:alternate\" content=\"ro_RO\" \/>\n<meta property=\"og:locale:alternate\" content=\"it_IT\" \/>\n<meta property=\"og:locale:alternate\" content=\"fr_FR\" \/>\n<meta property=\"og:locale:alternate\" content=\"de_DE\" \/>\n<meta property=\"og:type\" content=\"article\" \/>\n<meta property=\"og:title\" content=\"\u0421\u0442\u0440\u0430\u0442\u0435\u0433\u0438\u0438 \u0438\u0433\u0440\u044b JetX3\" \/>\n<meta property=\"og:description\" content=\"\u041e\u0442\u0432\u0435\u0442 \u043d\u0430 \u0432\u043e\u043f\u0440\u043e\u0441 \u043a\u0430\u043a \u043f\u043e\u0431\u0435\u0434\u0438\u0442\u044c \u0432 \u043a\u0440\u0430\u0448 \u0438\u0433\u0440\u0435 JetX3 \u0438 \u0432\u044b\u0438\u0433\u0440\u0430\u0442\u044c \u0440\u0435\u0430\u043b\u044c\u043d\u044b\u0435 \u0434\u0435\u043d\u044c\u0433\u0438. \u041b\u0443\u0447\u0448\u0438\u0435 \u0441\u0442\u0440\u0430\u0442\u0435\u0433\u0438\u0438 \u0438 \u0442\u0430\u043a\u0442\u0438\u043a\u0438 \u0438\u0433\u0440\u044b JetX3 \u0434\u043b\u044f \u043d\u043e\u0432\u044b\u0445 \u0438 \u043e\u043f\u044b\u0442\u043d\u044b\u0445 \u0438\u0433\u0440\u043e\u043a\u043e\u0432\" \/>\n<meta property=\"og:url\" content=\"https:\/\/jetxgambling.com\/es\/jetx3-strategies\/\" \/>\n<meta property=\"og:site_name\" content=\"JetX\" \/>\n<meta property=\"article:modified_time\" content=\"2024-04-15T19:40:09+00:00\" \/>\n<meta name=\"twitter:card\" content=\"summary_large_image\" \/>\n<meta name=\"twitter:label1\" content=\"Tiempo de lectura\" \/>\n\t<meta name=\"twitter:data1\" content=\"26 minutos\" \/>\n<script type=\"application\/ld+json\" class=\"yoast-schema-graph\">{\"@context\":\"https:\/\/schema.org\",\"@graph\":[{\"@type\":\"WebPage\",\"@id\":\"https:\/\/jetxgambling.com\/jetx3-strategies\/\",\"url\":\"https:\/\/jetxgambling.com\/jetx3-strategies\/\",\"name\":\"\u0421\u0442\u0440\u0430\u0442\u0435\u0433\u0438\u0438 \u0438\u0433\u0440\u044b JetX3\",\"isPartOf\":{\"@id\":\"https:\/\/jetxgambling.com\/#website\"},\"datePublished\":\"2024-01-05T17:26:35+00:00\",\"dateModified\":\"2024-04-15T19:40:09+00:00\",\"description\":\"\u041e\u0442\u0432\u0435\u0442 \u043d\u0430 \u0432\u043e\u043f\u0440\u043e\u0441 \u043a\u0430\u043a \u043f\u043e\u0431\u0435\u0434\u0438\u0442\u044c \u0432 \u043a\u0440\u0430\u0448 \u0438\u0433\u0440\u0435 JetX3 \u0438 \u0432\u044b\u0438\u0433\u0440\u0430\u0442\u044c \u0440\u0435\u0430\u043b\u044c\u043d\u044b\u0435 \u0434\u0435\u043d\u044c\u0433\u0438. \u041b\u0443\u0447\u0448\u0438\u0435 \u0441\u0442\u0440\u0430\u0442\u0435\u0433\u0438\u0438 \u0438 \u0442\u0430\u043a\u0442\u0438\u043a\u0438 \u0438\u0433\u0440\u044b JetX3 \u0434\u043b\u044f \u043d\u043e\u0432\u044b\u0445 \u0438 \u043e\u043f\u044b\u0442\u043d\u044b\u0445 \u0438\u0433\u0440\u043e\u043a\u043e\u0432\",\"breadcrumb\":{\"@id\":\"https:\/\/jetxgambling.com\/jetx3-strategies\/#breadcrumb\"},\"inLanguage\":\"es-ES\",\"potentialAction\":[{\"@type\":\"ReadAction\",\"target\":[\"https:\/\/jetxgambling.com\/jetx3-strategies\/\"]}]},{\"@type\":\"BreadcrumbList\",\"@id\":\"https:\/\/jetxgambling.com\/jetx3-strategies\/#breadcrumb\",\"itemListElement\":[{\"@type\":\"ListItem\",\"position\":1,\"name\":\"Home\",\"item\":\"https:\/\/jetxgambling.com\/\"},{\"@type\":\"ListItem\",\"position\":2,\"name\":\"\u0421\u0442\u0440\u0430\u0442\u0435\u0433\u0438\u0438 \u0438 \u0442\u0430\u043a\u0442\u0438\u043a\u0438 \u0438\u0433\u0440\u044b JetX3\"}]},{\"@type\":\"WebSite\",\"@id\":\"https:\/\/jetxgambling.com\/#website\",\"url\":\"https:\/\/jetxgambling.com\/\",\"name\":\"JetX\",\"description\":\"\",\"publisher\":{\"@id\":\"https:\/\/jetxgambling.com\/#organization\"},\"potentialAction\":[{\"@type\":\"SearchAction\",\"target\":{\"@type\":\"EntryPoint\",\"urlTemplate\":\"https:\/\/jetxgambling.com\/?s={search_term_string}\"},\"query-input\":{\"@type\":\"PropertyValueSpecification\",\"valueRequired\":true,\"valueName\":\"search_term_string\"}}],\"inLanguage\":\"es-ES\"},{\"@type\":\"Organization\",\"@id\":\"https:\/\/jetxgambling.com\/#organization\",\"name\":\"JetX\",\"url\":\"https:\/\/jetxgambling.com\/\",\"logo\":{\"@type\":\"ImageObject\",\"inLanguage\":\"es-ES\",\"@id\":\"https:\/\/jetxgambling.com\/#\/schema\/logo\/image\/\",\"url\":\"https:\/\/jetxgambling.com\/wp-content\/uploads\/2024\/01\/jetx-slot-logo.png\",\"contentUrl\":\"https:\/\/jetxgambling.com\/wp-content\/uploads\/2024\/01\/jetx-slot-logo.png\",\"width\":200,\"height\":101,\"caption\":\"JetX\"},\"image\":{\"@id\":\"https:\/\/jetxgambling.com\/#\/schema\/logo\/image\/\"}}]}<\/script>\n<!-- \/ Yoast SEO plugin. -->","yoast_head_json":{"title":"\u0421\u0442\u0440\u0430\u0442\u0435\u0433\u0438\u0438 \u0438\u0433\u0440\u044b JetX3","description":"Una respuesta a la pregunta de c\u00f3mo ganar en el juego de colisiones JetX3 y ganar dinero real. Las mejores estrategias y t\u00e1cticas para jugar JetX3 tanto para nuevos como para jugadores experimentados.","robots":{"index":"index","follow":"follow","max-snippet":"max-snippet:-1","max-image-preview":"max-image-preview:large","max-video-preview":"max-video-preview:-1"},"canonical":"https:\/\/jetxgambling.com\/es\/jetx3-strategies\/","og_locale":"es_ES","og_type":"article","og_title":"\u0421\u0442\u0440\u0430\u0442\u0435\u0433\u0438\u0438 \u0438\u0433\u0440\u044b JetX3","og_description":"\u041e\u0442\u0432\u0435\u0442 \u043d\u0430 \u0432\u043e\u043f\u0440\u043e\u0441 \u043a\u0430\u043a \u043f\u043e\u0431\u0435\u0434\u0438\u0442\u044c \u0432 \u043a\u0440\u0430\u0448 \u0438\u0433\u0440\u0435 JetX3 \u0438 \u0432\u044b\u0438\u0433\u0440\u0430\u0442\u044c \u0440\u0435\u0430\u043b\u044c\u043d\u044b\u0435 \u0434\u0435\u043d\u044c\u0433\u0438. \u041b\u0443\u0447\u0448\u0438\u0435 \u0441\u0442\u0440\u0430\u0442\u0435\u0433\u0438\u0438 \u0438 \u0442\u0430\u043a\u0442\u0438\u043a\u0438 \u0438\u0433\u0440\u044b JetX3 \u0434\u043b\u044f \u043d\u043e\u0432\u044b\u0445 \u0438 \u043e\u043f\u044b\u0442\u043d\u044b\u0445 \u0438\u0433\u0440\u043e\u043a\u043e\u0432","og_url":"https:\/\/jetxgambling.com\/es\/jetx3-strategies\/","og_site_name":"JetX","article_modified_time":"2024-04-15T19:40:09+00:00","twitter_card":"summary_large_image","twitter_misc":{"Tiempo de lectura":"26 minutos"},"schema":{"@context":"https:\/\/schema.org","@graph":[{"@type":"WebPage","@id":"https:\/\/jetxgambling.com\/jetx3-strategies\/","url":"https:\/\/jetxgambling.com\/jetx3-strategies\/","name":"\u0421\u0442\u0440\u0430\u0442\u0435\u0433\u0438\u0438 \u0438\u0433\u0440\u044b JetX3","isPartOf":{"@id":"https:\/\/jetxgambling.com\/#website"},"datePublished":"2024-01-05T17:26:35+00:00","dateModified":"2024-04-15T19:40:09+00:00","description":"\u041e\u0442\u0432\u0435\u0442 \u043d\u0430 \u0432\u043e\u043f\u0440\u043e\u0441 \u043a\u0430\u043a \u043f\u043e\u0431\u0435\u0434\u0438\u0442\u044c \u0432 \u043a\u0440\u0430\u0448 \u0438\u0433\u0440\u0435 JetX3 \u0438 \u0432\u044b\u0438\u0433\u0440\u0430\u0442\u044c \u0440\u0435\u0430\u043b\u044c\u043d\u044b\u0435 \u0434\u0435\u043d\u044c\u0433\u0438. \u041b\u0443\u0447\u0448\u0438\u0435 \u0441\u0442\u0440\u0430\u0442\u0435\u0433\u0438\u0438 \u0438 \u0442\u0430\u043a\u0442\u0438\u043a\u0438 \u0438\u0433\u0440\u044b JetX3 \u0434\u043b\u044f \u043d\u043e\u0432\u044b\u0445 \u0438 \u043e\u043f\u044b\u0442\u043d\u044b\u0445 \u0438\u0433\u0440\u043e\u043a\u043e\u0432","breadcrumb":{"@id":"https:\/\/jetxgambling.com\/jetx3-strategies\/#breadcrumb"},"inLanguage":"es-ES","potentialAction":[{"@type":"ReadAction","target":["https:\/\/jetxgambling.com\/jetx3-strategies\/"]}]},{"@type":"BreadcrumbList","@id":"https:\/\/jetxgambling.com\/jetx3-strategies\/#breadcrumb","itemListElement":[{"@type":"ListItem","position":1,"name":"Home","item":"https:\/\/jetxgambling.com\/"},{"@type":"ListItem","position":2,"name":"\u0421\u0442\u0440\u0430\u0442\u0435\u0433\u0438\u0438 \u0438 \u0442\u0430\u043a\u0442\u0438\u043a\u0438 \u0438\u0433\u0440\u044b JetX3"}]},{"@type":"WebSite","@id":"https:\/\/jetxgambling.com\/#website","url":"https:\/\/jetxgambling.com\/","name":"JetX","description":"","publisher":{"@id":"https:\/\/jetxgambling.com\/#organization"},"potentialAction":[{"@type":"SearchAction","target":{"@type":"EntryPoint","urlTemplate":"https:\/\/jetxgambling.com\/?s={search_term_string}"},"query-input":{"@type":"PropertyValueSpecification","valueRequired":true,"valueName":"search_term_string"}}],"inLanguage":"es-ES"},{"@type":"Organization","@id":"https:\/\/jetxgambling.com\/#organization","name":"JetX","url":"https:\/\/jetxgambling.com\/","logo":{"@type":"ImageObject","inLanguage":"es-ES","@id":"https:\/\/jetxgambling.com\/#\/schema\/logo\/image\/","url":"https:\/\/jetxgambling.com\/wp-content\/uploads\/2024\/01\/jetx-slot-logo.png","contentUrl":"https:\/\/jetxgambling.com\/wp-content\/uploads\/2024\/01\/jetx-slot-logo.png","width":200,"height":101,"caption":"JetX"},"image":{"@id":"https:\/\/jetxgambling.com\/#\/schema\/logo\/image\/"}}]}},"_links":{"self":[{"href":"https:\/\/jetxgambling.com\/es\/wp-json\/wp\/v2\/pages\/11","targetHints":{"allow":["GET"]}}],"collection":[{"href":"https:\/\/jetxgambling.com\/es\/wp-json\/wp\/v2\/pages"}],"about":[{"href":"https:\/\/jetxgambling.com\/es\/wp-json\/wp\/v2\/types\/page"}],"author":[{"embeddable":true,"href":"https:\/\/jetxgambling.com\/es\/wp-json\/wp\/v2\/users\/1"}],"replies":[{"embeddable":true,"href":"https:\/\/jetxgambling.com\/es\/wp-json\/wp\/v2\/comments?post=11"}],"version-history":[{"count":24,"href":"https:\/\/jetxgambling.com\/es\/wp-json\/wp\/v2\/pages\/11\/revisions"}],"predecessor-version":[{"id":125,"href":"https:\/\/jetxgambling.com\/es\/wp-json\/wp\/v2\/pages\/11\/revisions\/125"}],"wp:attachment":[{"href":"https:\/\/jetxgambling.com\/es\/wp-json\/wp\/v2\/media?parent=11"}],"curies":[{"name":"wp","href":"https:\/\/api.w.org\/{rel}","templated":true}]}}