{"id":15,"date":"2024-01-05T17:28:54","date_gmt":"2024-01-05T17:28:54","guid":{"rendered":"https:\/\/jetxgambling.com\/?page_id=15"},"modified":"2024-04-15T19:36:13","modified_gmt":"2024-04-15T19:36:13","slug":"jetx3-reviews","status":"publish","type":"page","link":"https:\/\/jetxgambling.com\/es\/jetx3-reviews\/","title":{"rendered":"Rese\u00f1as"},"content":{"rendered":"<p>El juego JetX3 est\u00e1 ganando cada vez m\u00e1s popularidad entre jugadores de diferentes pa\u00edses de todo el mundo. Y no es sorprendente, ya que el juego de crash est\u00e1 meticulosamente dise\u00f1ado y ofrece amplias posibilidades para los apostadores.<\/p>\n<p><strong>Juego de Crash JetX3 &#8211; \u00a1Una Explosi\u00f3n de Emociones!<\/strong><\/p>\n<p>El juego \u00fanico con tres naves espaciales te mantiene al borde con cada despegue. Me encanta la din\u00e1mica e imprevisibilidad de este juego.<\/p>\n<p>Maria, 20 a\u00f1os.<\/p>\n<p><strong>Jugando JetX3 desde Hace Algunas Semanas<\/strong><\/p>\n<p>He estado jugando JetX3 durante algunas semanas, y puedo decir que es uno de los juegos m\u00e1s emocionantes de mi colecci\u00f3n. La simplicidad de las reglas y el potencial de grandes ganancias lo hacen perfecto para cortos descansos en el trabajo. Puedes comenzar y dejar de jugar en cualquier momento.<\/p>\n<p>Olga, 32 a\u00f1os.<\/p>\n<p><strong>JetX3 Difiere de Todo lo que He Visto Antes<\/strong><\/p>\n<p>El formato innovador y la capacidad de realizar apuestas en tres jets simult\u00e1neamente son simplemente soberbios. \u00a1Cada ronda est\u00e1 llena de sorpresas! Este es verdaderamente un juego de casino que vale la pena probar.<\/p>\n<p>Mark, 45 a\u00f1os.<\/p>\n<p><strong>Vale la Pena la Atenci\u00f3n<\/strong><\/p>\n<p>Este juego realmente vale la atenci\u00f3n. JetX3 combina simplicidad, emoci\u00f3n y la posibilidad de una gran victoria. Siempre siento la adrenalina cuando los multiplicadores comienzan a aumentar.<\/p>\n<p>Alexander, 30 a\u00f1os.<\/p>\n<p><strong>JetX3 &#8211; Una de las Mejores Formas de Pasar el Tiempo en un Casino en L\u00ednea<\/strong><\/p>\n<p>Como fan\u00e1tico de los juegos de azar, considero que JetX3 es una de las mejores formas de pasar el tiempo en un casino en l\u00ednea. El chat en vivo y el formato multijugador a\u00f1aden un aspecto social al juego, haci\u00e9ndolo a\u00fan m\u00e1s atractivo.<\/p>\n<p>Jugador, 25 a\u00f1os.<\/p>\n<p><strong>Prob\u00e9 Jugar JetX3 Gratis y Me Enamor\u00e9<\/strong><\/p>\n<p>Prob\u00e9 jugar JetX3 gratis y me enamor\u00e9 inmediatamente del juego. Es perfecto tanto para sesiones cortas como para maratones de juego prolongadas. \u00a1Lo recomiendo a todos!<\/p>\n<p>Bruno, 27 a\u00f1os.<\/p>\n<p><strong>Control sobre el Juego en JetX3<\/strong><\/p>\n<p>En JetX3, me gusta especialmente la capacidad de controlar el juego. Elegir el momento para reclamar las ganancias agrega un elemento estrat\u00e9gico y hace que cada ronda sea especial.<\/p>\n<p>Maxim, 29 a\u00f1os.<\/p>\n<p><strong>Una Verdadera Joya<\/strong><\/p>\n<p>Este juego es una verdadera joya. JetX3 me sorprendi\u00f3 con su dise\u00f1o y mec\u00e1nica. Tantos nervios y emoci\u00f3n en cada ronda: \u00a1es simplemente imposible despegarse! Adem\u00e1s, la posibilidad de ganar, al parecer, ahora en los casinos en l\u00ednea, solo se puede hacer en juegos de crash.<\/p>\n<p>Diana, 29 a\u00f1os.<\/p>\n<p><strong>Excelente Variedad para los Entusiastas del Juego<\/strong><\/p>\n<p>JetX3 no solo entretiene, sino que tambi\u00e9n ofrece la posibilidad de buenas ganancias. Me gusta que el juego sea adecuado tanto para principiantes como para jugadores experimentados.<\/p>\n<p>Mariana, 38 a\u00f1os.<\/p>\n<p><strong>JetX3 &#8211; Un Juego que te Mantiene en Vilo<\/strong><\/p>\n<p>JetX3 es un juego que te mantiene constantemente en vilo. Me encanta la emoci\u00f3n cuando los jets despegan y necesitas decidir cu\u00e1ndo reclamar tus ganancias. \u00a1Cada juego es una nueva aventura!<\/p>\n<p>Stas, 19 a\u00f1os.<\/p>\n","protected":false},"excerpt":{"rendered":"<p>El juego JetX3 est\u00e1 ganando cada vez m\u00e1s popularidad entre jugadores de diferentes pa\u00edses de todo el mundo. Y no es sorprendente, ya que el juego de crash est\u00e1 meticulosamente dise\u00f1ado y ofrece amplias posibilidades para los apostadores. Juego de Crash JetX3 &#8211; \u00a1Una Explosi\u00f3n de Emociones! El juego \u00fanico con tres naves espaciales te&#8230;<\/p>\n","protected":false},"author":1,"featured_media":0,"parent":0,"menu_order":0,"comment_status":"closed","ping_status":"closed","template":"","meta":{"footnotes":""},"class_list":["post-15","page","type-page","status-publish","hentry"],"yoast_head":"<!-- This site is optimized with the Yoast SEO plugin v27.2 - https:\/\/yoast.com\/product\/yoast-seo-wordpress\/ -->\n<title>\u041e\u0442\u0437\u044b\u0432\u044b \u0440\u0435\u0430\u043b\u044c\u043d\u044b\u0445 \u0438\u0433\u0440\u043e\u043a\u043e\u0432 \u043e\u0431 \u0438\u0433\u0440\u0435 JetX3<\/title>\n<meta name=\"description\" content=\"Una visi\u00f3n general del juego JetX3 y opiniones de jugadores reales sobre el juego JetX3. Rese\u00f1as y opiniones honestas sobre el juego de crash JetX3, una revisi\u00f3n que te ayudar\u00e1 a formar tu propia opini\u00f3n.\" \/>\n<meta name=\"robots\" content=\"index, follow, max-snippet:-1, max-image-preview:large, max-video-preview:-1\" \/>\n<link rel=\"canonical\" href=\"https:\/\/jetxgambling.com\/es\/jetx3-reviews\/\" \/>\n<meta property=\"og:locale\" content=\"es_ES\" \/>\n<meta property=\"og:locale:alternate\" content=\"ru_RU\" \/>\n<meta property=\"og:locale:alternate\" content=\"en_US\" \/>\n<meta property=\"og:locale:alternate\" content=\"pt_PT\" \/>\n<meta property=\"og:locale:alternate\" content=\"sr_RS\" \/>\n<meta property=\"og:locale:alternate\" content=\"bg_BG\" \/>\n<meta property=\"og:locale:alternate\" content=\"pl_PL\" \/>\n<meta property=\"og:locale:alternate\" content=\"ro_RO\" \/>\n<meta property=\"og:locale:alternate\" content=\"it_IT\" \/>\n<meta property=\"og:locale:alternate\" content=\"fr_FR\" \/>\n<meta property=\"og:locale:alternate\" content=\"de_DE\" \/>\n<meta property=\"og:type\" content=\"article\" \/>\n<meta property=\"og:title\" content=\"\u041e\u0442\u0437\u044b\u0432\u044b \u0440\u0435\u0430\u043b\u044c\u043d\u044b\u0445 \u0438\u0433\u0440\u043e\u043a\u043e\u0432 \u043e\u0431 \u0438\u0433\u0440\u0435 JetX3\" \/>\n<meta property=\"og:description\" content=\"\u041e\u0431\u0437\u043e\u0440 \u0438\u0433\u0440\u044b JetX3 \u0438 \u043c\u043d\u0435\u043d\u0438\u044f \u043d\u0430\u0441\u0442\u043e\u044f\u0449\u0438\u0445 \u0438\u0433\u0440\u043e\u043a\u043e\u0432 \u043e\u0431 \u0438\u0433\u0440\u0435 JetX3. \u041e\u0442\u0437\u044b\u0432\u044b \u0438 \u0447\u0435\u0441\u0442\u043d\u043e\u0435 \u043c\u043d\u0435\u043d\u0438\u0435 \u043e \u043a\u0440\u0430\u0448 \u0438\u0433\u0440\u0435 JetX3, \u043e\u0431\u0437\u043e\u0440, \u043a\u043e\u0442\u043e\u0440\u044b\u0439 \u043f\u043e\u0437\u0432\u043e\u043b\u0438\u0442 \u0441\u043e\u0441\u0442\u0430\u0432\u0438\u0442\u044c \u0441\u043e\u0431\u0441\u0442\u0432\u0435\u043d\u043d\u043e\u0435 \u043c\u043d\u0435\u043d\u0438\u0435\" \/>\n<meta property=\"og:url\" content=\"https:\/\/jetxgambling.com\/es\/jetx3-reviews\/\" \/>\n<meta property=\"og:site_name\" content=\"JetX\" \/>\n<meta property=\"article:modified_time\" content=\"2024-04-15T19:36:13+00:00\" \/>\n<meta name=\"twitter:card\" content=\"summary_large_image\" \/>\n<meta name=\"twitter:label1\" content=\"Tiempo de lectura\" \/>\n\t<meta name=\"twitter:data1\" content=\"20 minutos\" \/>\n<script type=\"application\/ld+json\" class=\"yoast-schema-graph\">{\"@context\":\"https:\/\/schema.org\",\"@graph\":[{\"@type\":\"WebPage\",\"@id\":\"https:\/\/jetxgambling.com\/jetx3-reviews\/\",\"url\":\"https:\/\/jetxgambling.com\/jetx3-reviews\/\",\"name\":\"\u041e\u0442\u0437\u044b\u0432\u044b \u0440\u0435\u0430\u043b\u044c\u043d\u044b\u0445 \u0438\u0433\u0440\u043e\u043a\u043e\u0432 \u043e\u0431 \u0438\u0433\u0440\u0435 JetX3\",\"isPartOf\":{\"@id\":\"https:\/\/jetxgambling.com\/#website\"},\"datePublished\":\"2024-01-05T17:28:54+00:00\",\"dateModified\":\"2024-04-15T19:36:13+00:00\",\"description\":\"\u041e\u0431\u0437\u043e\u0440 \u0438\u0433\u0440\u044b JetX3 \u0438 \u043c\u043d\u0435\u043d\u0438\u044f \u043d\u0430\u0441\u0442\u043e\u044f\u0449\u0438\u0445 \u0438\u0433\u0440\u043e\u043a\u043e\u0432 \u043e\u0431 \u0438\u0433\u0440\u0435 JetX3. \u041e\u0442\u0437\u044b\u0432\u044b \u0438 \u0447\u0435\u0441\u0442\u043d\u043e\u0435 \u043c\u043d\u0435\u043d\u0438\u0435 \u043e \u043a\u0440\u0430\u0448 \u0438\u0433\u0440\u0435 JetX3, \u043e\u0431\u0437\u043e\u0440, \u043a\u043e\u0442\u043e\u0440\u044b\u0439 \u043f\u043e\u0437\u0432\u043e\u043b\u0438\u0442 \u0441\u043e\u0441\u0442\u0430\u0432\u0438\u0442\u044c \u0441\u043e\u0431\u0441\u0442\u0432\u0435\u043d\u043d\u043e\u0435 \u043c\u043d\u0435\u043d\u0438\u0435\",\"breadcrumb\":{\"@id\":\"https:\/\/jetxgambling.com\/jetx3-reviews\/#breadcrumb\"},\"inLanguage\":\"es-ES\",\"potentialAction\":[{\"@type\":\"ReadAction\",\"target\":[\"https:\/\/jetxgambling.com\/jetx3-reviews\/\"]}]},{\"@type\":\"BreadcrumbList\",\"@id\":\"https:\/\/jetxgambling.com\/jetx3-reviews\/#breadcrumb\",\"itemListElement\":[{\"@type\":\"ListItem\",\"position\":1,\"name\":\"Home\",\"item\":\"https:\/\/jetxgambling.com\/\"},{\"@type\":\"ListItem\",\"position\":2,\"name\":\"\u041e\u0442\u0437\u044b\u0432\u044b\"}]},{\"@type\":\"WebSite\",\"@id\":\"https:\/\/jetxgambling.com\/#website\",\"url\":\"https:\/\/jetxgambling.com\/\",\"name\":\"JetX\",\"description\":\"\",\"publisher\":{\"@id\":\"https:\/\/jetxgambling.com\/#organization\"},\"potentialAction\":[{\"@type\":\"SearchAction\",\"target\":{\"@type\":\"EntryPoint\",\"urlTemplate\":\"https:\/\/jetxgambling.com\/?s={search_term_string}\"},\"query-input\":{\"@type\":\"PropertyValueSpecification\",\"valueRequired\":true,\"valueName\":\"search_term_string\"}}],\"inLanguage\":\"es-ES\"},{\"@type\":\"Organization\",\"@id\":\"https:\/\/jetxgambling.com\/#organization\",\"name\":\"JetX\",\"url\":\"https:\/\/jetxgambling.com\/\",\"logo\":{\"@type\":\"ImageObject\",\"inLanguage\":\"es-ES\",\"@id\":\"https:\/\/jetxgambling.com\/#\/schema\/logo\/image\/\",\"url\":\"https:\/\/jetxgambling.com\/wp-content\/uploads\/2024\/01\/jetx-slot-logo.png\",\"contentUrl\":\"https:\/\/jetxgambling.com\/wp-content\/uploads\/2024\/01\/jetx-slot-logo.png\",\"width\":200,\"height\":101,\"caption\":\"JetX\"},\"image\":{\"@id\":\"https:\/\/jetxgambling.com\/#\/schema\/logo\/image\/\"}}]}<\/script>\n<!-- \/ Yoast SEO plugin. -->","yoast_head_json":{"title":"\u041e\u0442\u0437\u044b\u0432\u044b \u0440\u0435\u0430\u043b\u044c\u043d\u044b\u0445 \u0438\u0433\u0440\u043e\u043a\u043e\u0432 \u043e\u0431 \u0438\u0433\u0440\u0435 JetX3","description":"Una visi\u00f3n general del juego JetX3 y opiniones de jugadores reales sobre el juego JetX3. Rese\u00f1as y opiniones honestas sobre el juego de crash JetX3, una revisi\u00f3n que te ayudar\u00e1 a formar tu propia opini\u00f3n.","robots":{"index":"index","follow":"follow","max-snippet":"max-snippet:-1","max-image-preview":"max-image-preview:large","max-video-preview":"max-video-preview:-1"},"canonical":"https:\/\/jetxgambling.com\/es\/jetx3-reviews\/","og_locale":"es_ES","og_type":"article","og_title":"\u041e\u0442\u0437\u044b\u0432\u044b \u0440\u0435\u0430\u043b\u044c\u043d\u044b\u0445 \u0438\u0433\u0440\u043e\u043a\u043e\u0432 \u043e\u0431 \u0438\u0433\u0440\u0435 JetX3","og_description":"\u041e\u0431\u0437\u043e\u0440 \u0438\u0433\u0440\u044b JetX3 \u0438 \u043c\u043d\u0435\u043d\u0438\u044f \u043d\u0430\u0441\u0442\u043e\u044f\u0449\u0438\u0445 \u0438\u0433\u0440\u043e\u043a\u043e\u0432 \u043e\u0431 \u0438\u0433\u0440\u0435 JetX3. \u041e\u0442\u0437\u044b\u0432\u044b \u0438 \u0447\u0435\u0441\u0442\u043d\u043e\u0435 \u043c\u043d\u0435\u043d\u0438\u0435 \u043e \u043a\u0440\u0430\u0448 \u0438\u0433\u0440\u0435 JetX3, \u043e\u0431\u0437\u043e\u0440, \u043a\u043e\u0442\u043e\u0440\u044b\u0439 \u043f\u043e\u0437\u0432\u043e\u043b\u0438\u0442 \u0441\u043e\u0441\u0442\u0430\u0432\u0438\u0442\u044c \u0441\u043e\u0431\u0441\u0442\u0432\u0435\u043d\u043d\u043e\u0435 \u043c\u043d\u0435\u043d\u0438\u0435","og_url":"https:\/\/jetxgambling.com\/es\/jetx3-reviews\/","og_site_name":"JetX","article_modified_time":"2024-04-15T19:36:13+00:00","twitter_card":"summary_large_image","twitter_misc":{"Tiempo de lectura":"20 minutos"},"schema":{"@context":"https:\/\/schema.org","@graph":[{"@type":"WebPage","@id":"https:\/\/jetxgambling.com\/jetx3-reviews\/","url":"https:\/\/jetxgambling.com\/jetx3-reviews\/","name":"\u041e\u0442\u0437\u044b\u0432\u044b \u0440\u0435\u0430\u043b\u044c\u043d\u044b\u0445 \u0438\u0433\u0440\u043e\u043a\u043e\u0432 \u043e\u0431 \u0438\u0433\u0440\u0435 JetX3","isPartOf":{"@id":"https:\/\/jetxgambling.com\/#website"},"datePublished":"2024-01-05T17:28:54+00:00","dateModified":"2024-04-15T19:36:13+00:00","description":"\u041e\u0431\u0437\u043e\u0440 \u0438\u0433\u0440\u044b JetX3 \u0438 \u043c\u043d\u0435\u043d\u0438\u044f \u043d\u0430\u0441\u0442\u043e\u044f\u0449\u0438\u0445 \u0438\u0433\u0440\u043e\u043a\u043e\u0432 \u043e\u0431 \u0438\u0433\u0440\u0435 JetX3. \u041e\u0442\u0437\u044b\u0432\u044b \u0438 \u0447\u0435\u0441\u0442\u043d\u043e\u0435 \u043c\u043d\u0435\u043d\u0438\u0435 \u043e \u043a\u0440\u0430\u0448 \u0438\u0433\u0440\u0435 JetX3, \u043e\u0431\u0437\u043e\u0440, \u043a\u043e\u0442\u043e\u0440\u044b\u0439 \u043f\u043e\u0437\u0432\u043e\u043b\u0438\u0442 \u0441\u043e\u0441\u0442\u0430\u0432\u0438\u0442\u044c \u0441\u043e\u0431\u0441\u0442\u0432\u0435\u043d\u043d\u043e\u0435 \u043c\u043d\u0435\u043d\u0438\u0435","breadcrumb":{"@id":"https:\/\/jetxgambling.com\/jetx3-reviews\/#breadcrumb"},"inLanguage":"es-ES","potentialAction":[{"@type":"ReadAction","target":["https:\/\/jetxgambling.com\/jetx3-reviews\/"]}]},{"@type":"BreadcrumbList","@id":"https:\/\/jetxgambling.com\/jetx3-reviews\/#breadcrumb","itemListElement":[{"@type":"ListItem","position":1,"name":"Home","item":"https:\/\/jetxgambling.com\/"},{"@type":"ListItem","position":2,"name":"\u041e\u0442\u0437\u044b\u0432\u044b"}]},{"@type":"WebSite","@id":"https:\/\/jetxgambling.com\/#website","url":"https:\/\/jetxgambling.com\/","name":"JetX","description":"","publisher":{"@id":"https:\/\/jetxgambling.com\/#organization"},"potentialAction":[{"@type":"SearchAction","target":{"@type":"EntryPoint","urlTemplate":"https:\/\/jetxgambling.com\/?s={search_term_string}"},"query-input":{"@type":"PropertyValueSpecification","valueRequired":true,"valueName":"search_term_string"}}],"inLanguage":"es-ES"},{"@type":"Organization","@id":"https:\/\/jetxgambling.com\/#organization","name":"JetX","url":"https:\/\/jetxgambling.com\/","logo":{"@type":"ImageObject","inLanguage":"es-ES","@id":"https:\/\/jetxgambling.com\/#\/schema\/logo\/image\/","url":"https:\/\/jetxgambling.com\/wp-content\/uploads\/2024\/01\/jetx-slot-logo.png","contentUrl":"https:\/\/jetxgambling.com\/wp-content\/uploads\/2024\/01\/jetx-slot-logo.png","width":200,"height":101,"caption":"JetX"},"image":{"@id":"https:\/\/jetxgambling.com\/#\/schema\/logo\/image\/"}}]}},"_links":{"self":[{"href":"https:\/\/jetxgambling.com\/es\/wp-json\/wp\/v2\/pages\/15","targetHints":{"allow":["GET"]}}],"collection":[{"href":"https:\/\/jetxgambling.com\/es\/wp-json\/wp\/v2\/pages"}],"about":[{"href":"https:\/\/jetxgambling.com\/es\/wp-json\/wp\/v2\/types\/page"}],"author":[{"embeddable":true,"href":"https:\/\/jetxgambling.com\/es\/wp-json\/wp\/v2\/users\/1"}],"replies":[{"embeddable":true,"href":"https:\/\/jetxgambling.com\/es\/wp-json\/wp\/v2\/comments?post=15"}],"version-history":[{"count":25,"href":"https:\/\/jetxgambling.com\/es\/wp-json\/wp\/v2\/pages\/15\/revisions"}],"predecessor-version":[{"id":123,"href":"https:\/\/jetxgambling.com\/es\/wp-json\/wp\/v2\/pages\/15\/revisions\/123"}],"wp:attachment":[{"href":"https:\/\/jetxgambling.com\/es\/wp-json\/wp\/v2\/media?parent=15"}],"curies":[{"name":"wp","href":"https:\/\/api.w.org\/{rel}","templated":true}]}}