{"id":11,"date":"2024-01-05T17:26:35","date_gmt":"2024-01-05T17:26:35","guid":{"rendered":"https:\/\/jetxgambling.com\/?page_id=11"},"modified":"2024-04-15T19:40:09","modified_gmt":"2024-04-15T19:40:09","slug":"jetx3-strategies","status":"publish","type":"page","link":"https:\/\/jetxgambling.com\/fr\/jetx3-strategies\/","title":{"rendered":"Strat\u00e9gies et tactiques du jeu JetX3"},"content":{"rendered":"<p>Dans la machine \u00e0 sous JetX3, il existe une large gamme de paris. La taille minimale de la mise est de 10 centimes et la taille maximale est de 300 dollars (les limites peuvent varier en fonction du casino en ligne). Sur les panneaux de jeu, la taille de la mise est s\u00e9lectionn\u00e9e manuellement \u00e0 l&rsquo;aide des boutons \u00ab\u00a0+\u00a0\u00bb et \u00ab\u00a0&#8211;\u00a0\u00bb ou ajust\u00e9e en mode de paris automatique. Le multiplicateur maximum du simulateur de crash est de x1000 des paris. Le jeu comprend \u00e9galement une option de retrait automatique des gains lorsque les avions atteignent certains coefficients. Pour gagner plus souvent \u00e0 la machine \u00e0 sous JetX3, les joueurs utilisent diff\u00e9rentes strat\u00e9gies:<\/p>\n<ol>\n<li><strong>Strat\u00e9gie de petite mise :<\/strong> Cette strat\u00e9gie convient aux d\u00e9butants ou \u00e0 ceux qui pr\u00e9f\u00e8rent minimiser les risques. De petites mises sont plac\u00e9es et les gains sont r\u00e9clam\u00e9s \u00e0 de petits multiplicateurs (environ x1,2-x1,3). Cette approche garantit des paiements fr\u00e9quents mais de faible valeur.<\/li>\n<li><strong>Jeu \u00e0 moyen coefficient :<\/strong> Cette m\u00e9thode consiste \u00e0 r\u00e9clamer les gains lorsque les multiplicateurs atteignent x2-x3. Elle convient aux joueurs plus exp\u00e9riment\u00e9s, car ces coefficients se produisent assez souvent, fournissant des paiements mod\u00e9r\u00e9s.<\/li>\n<li><strong>Strat\u00e9gie de Martingale :<\/strong> Il s&rsquo;agit d&rsquo;une strat\u00e9gie de mise populaire utilis\u00e9e dans de nombreux jeux de casino. Elle consiste \u00e0 augmenter la taille de la mise apr\u00e8s chaque perte et \u00e0 revenir \u00e0 la mise initiale apr\u00e8s une victoire. Cette m\u00e9thode peut \u00eatre risqu\u00e9e mais peut potentiellement rapporter de gros gains.<\/li>\n<li><strong>Retrait automatique des gains :<\/strong> Utiliser la fonction de retrait automatique lorsqu&rsquo;on atteint certains coefficients aide \u00e0 g\u00e9rer les risques et fournit une approche disciplin\u00e9e du jeu.<\/li>\n<li><strong>Mode d&rsquo;entra\u00eenement (D\u00e9mo) :<\/strong> Avant de jouer avec de l&rsquo;argent r\u00e9el, il est recommand\u00e9 de tester des strat\u00e9gies dans la version d\u00e9mo du jeu. Cela permet aux joueurs d&rsquo;\u00e9valuer l&rsquo;efficacit\u00e9 de diff\u00e9rentes approches sans risque financier.<\/li>\n<li><strong>Vari\u00e9t\u00e9 de paris :<\/strong> Les joueurs devraient exp\u00e9rimenter avec diff\u00e9rentes tailles de mise et le nombre de jets actifs pour trouver la combinaison optimale pour eux-m\u00eames.<\/li>\n<\/ol>\n<p>L&rsquo;utilisation de strat\u00e9gies contribue \u00e0 r\u00e9duire le risque de pertes financi\u00e8res et permet aux joueurs de faire des paris disciplin\u00e9s avec une forte probabilit\u00e9 de gain. Le but du jeu dans JetX3 est de collecter des r\u00e9compenses avant que les avions n&rsquo;explosent \u00e0 l&rsquo;\u00e9cran.<\/p>\n<p>Les joueurs peuvent jouer au jeu de crash pour de l&rsquo;argent r\u00e9el ou des cr\u00e9dits virtuels. Dans le premier cas, il est n\u00e9cessaire de choisir un casino fiable avec ce jeu, de s&rsquo;inscrire et de faire un d\u00e9p\u00f4t. Pour les paris de d\u00e9monstration, c&rsquo;est-\u00e0-dire en mode gratuit, la cr\u00e9ation d&rsquo;un compte n&rsquo;est pas obligatoire. Il est recommand\u00e9 de lancer la version d\u00e9mo de la machine \u00e0 sous pour tester les capacit\u00e9s du mod\u00e8le de jeu, \u00e9valuer le retour \u00e0 diff\u00e9rentes sommes de paris et d\u00e9terminer le nombre de jets actifs avant de jouer avec de l&rsquo;argent r\u00e9el. Le jeu de crash JetX3 fonctionne parfaitement aussi bien sur les appareils mobiles que sur les ordinateurs de bureau. Le jeu est populaire parmi les fans de divertissements de jeu inhabituels et est l&rsquo;une des machines \u00e0 sous les plus recherch\u00e9es dans la plupart des casinos en ligne.<\/p>\n<h2><strong>Choses importantes \u00e0 retenir lors du choix d&rsquo;une strat\u00e9gie dans JetX3 :<\/strong><\/h2>\n<p>Les strat\u00e9gies et les tactiques dans le jeu JetX3 permettent aux joueurs de maximiser leurs chances de succ\u00e8s et de g\u00e9rer les risques. Sur la base des m\u00e9canismes de jeu et de la gamme de paris, un joueur augmente ses chances de gagner. Dans ce cas, le joueur ne presse pas simplement les boutons au hasard mais choisit une strat\u00e9gie sur la mani\u00e8re de jouer, qui devrait finalement apporter une victoire.<\/p>\n<p>La cl\u00e9 du succ\u00e8s dans JetX3 est la capacit\u00e9 \u00e0 prendre des d\u00e9cisions rapides et \u00e0 \u00e9valuer correctement les risques. Il est essentiel de se rappeler que, malgr\u00e9 l&rsquo;application de strat\u00e9gies, le jeu reste un jeu de hasard et les r\u00e9sultats peuvent \u00eatre impr\u00e9visibles. Par cons\u00e9quent, il est toujours important d&rsquo;aborder le jeu de mani\u00e8re responsable et de se fixer des limites claires.<\/p>\n","protected":false},"excerpt":{"rendered":"<p>Dans la machine \u00e0 sous JetX3, il existe une large gamme de paris. La taille minimale de la mise est de 10 centimes et la taille maximale est de 300 dollars (les limites peuvent varier en fonction du casino en ligne). Sur les panneaux de jeu, la taille de la mise est s\u00e9lectionn\u00e9e manuellement \u00e0&#8230;<\/p>\n","protected":false},"author":1,"featured_media":0,"parent":0,"menu_order":0,"comment_status":"closed","ping_status":"closed","template":"","meta":{"footnotes":""},"class_list":["post-11","page","type-page","status-publish","hentry"],"yoast_head":"<!-- This site is optimized with the Yoast SEO plugin v27.2 - https:\/\/yoast.com\/product\/yoast-seo-wordpress\/ -->\n<title>\u0421\u0442\u0440\u0430\u0442\u0435\u0433\u0438\u0438 \u0438\u0433\u0440\u044b JetX3<\/title>\n<meta name=\"description\" content=\"Une r\u00e9ponse \u00e0 la question de savoir comment gagner dans le jeu de crash JetX3 et gagner de l&#039;argent r\u00e9el. Les meilleures strat\u00e9gies et tactiques pour jouer \u00e0 JetX3 pour les nouveaux et les joueurs exp\u00e9riment\u00e9s.\" \/>\n<meta name=\"robots\" content=\"index, follow, max-snippet:-1, max-image-preview:large, max-video-preview:-1\" \/>\n<link rel=\"canonical\" href=\"https:\/\/jetxgambling.com\/fr\/jetx3-strategies\/\" \/>\n<meta property=\"og:locale\" content=\"fr_FR\" \/>\n<meta property=\"og:locale:alternate\" content=\"ru_RU\" \/>\n<meta property=\"og:locale:alternate\" content=\"en_US\" \/>\n<meta property=\"og:locale:alternate\" content=\"pt_PT\" \/>\n<meta property=\"og:locale:alternate\" content=\"es_ES\" \/>\n<meta property=\"og:locale:alternate\" content=\"sr_RS\" \/>\n<meta property=\"og:locale:alternate\" content=\"bg_BG\" \/>\n<meta property=\"og:locale:alternate\" content=\"pl_PL\" \/>\n<meta property=\"og:locale:alternate\" content=\"ro_RO\" \/>\n<meta property=\"og:locale:alternate\" content=\"it_IT\" \/>\n<meta property=\"og:locale:alternate\" content=\"de_DE\" \/>\n<meta property=\"og:type\" content=\"article\" \/>\n<meta property=\"og:title\" content=\"\u0421\u0442\u0440\u0430\u0442\u0435\u0433\u0438\u0438 \u0438\u0433\u0440\u044b JetX3\" \/>\n<meta property=\"og:description\" content=\"\u041e\u0442\u0432\u0435\u0442 \u043d\u0430 \u0432\u043e\u043f\u0440\u043e\u0441 \u043a\u0430\u043a \u043f\u043e\u0431\u0435\u0434\u0438\u0442\u044c \u0432 \u043a\u0440\u0430\u0448 \u0438\u0433\u0440\u0435 JetX3 \u0438 \u0432\u044b\u0438\u0433\u0440\u0430\u0442\u044c \u0440\u0435\u0430\u043b\u044c\u043d\u044b\u0435 \u0434\u0435\u043d\u044c\u0433\u0438. \u041b\u0443\u0447\u0448\u0438\u0435 \u0441\u0442\u0440\u0430\u0442\u0435\u0433\u0438\u0438 \u0438 \u0442\u0430\u043a\u0442\u0438\u043a\u0438 \u0438\u0433\u0440\u044b JetX3 \u0434\u043b\u044f \u043d\u043e\u0432\u044b\u0445 \u0438 \u043e\u043f\u044b\u0442\u043d\u044b\u0445 \u0438\u0433\u0440\u043e\u043a\u043e\u0432\" \/>\n<meta property=\"og:url\" content=\"https:\/\/jetxgambling.com\/fr\/jetx3-strategies\/\" \/>\n<meta property=\"og:site_name\" content=\"JetX\" \/>\n<meta property=\"article:modified_time\" content=\"2024-04-15T19:40:09+00:00\" \/>\n<meta name=\"twitter:card\" content=\"summary_large_image\" \/>\n<meta name=\"twitter:label1\" content=\"Dur\u00e9e de lecture estim\u00e9e\" \/>\n\t<meta name=\"twitter:data1\" content=\"26 minutes\" \/>\n<script type=\"application\/ld+json\" class=\"yoast-schema-graph\">{\"@context\":\"https:\/\/schema.org\",\"@graph\":[{\"@type\":\"WebPage\",\"@id\":\"https:\/\/jetxgambling.com\/jetx3-strategies\/\",\"url\":\"https:\/\/jetxgambling.com\/jetx3-strategies\/\",\"name\":\"\u0421\u0442\u0440\u0430\u0442\u0435\u0433\u0438\u0438 \u0438\u0433\u0440\u044b JetX3\",\"isPartOf\":{\"@id\":\"https:\/\/jetxgambling.com\/#website\"},\"datePublished\":\"2024-01-05T17:26:35+00:00\",\"dateModified\":\"2024-04-15T19:40:09+00:00\",\"description\":\"\u041e\u0442\u0432\u0435\u0442 \u043d\u0430 \u0432\u043e\u043f\u0440\u043e\u0441 \u043a\u0430\u043a \u043f\u043e\u0431\u0435\u0434\u0438\u0442\u044c \u0432 \u043a\u0440\u0430\u0448 \u0438\u0433\u0440\u0435 JetX3 \u0438 \u0432\u044b\u0438\u0433\u0440\u0430\u0442\u044c \u0440\u0435\u0430\u043b\u044c\u043d\u044b\u0435 \u0434\u0435\u043d\u044c\u0433\u0438. \u041b\u0443\u0447\u0448\u0438\u0435 \u0441\u0442\u0440\u0430\u0442\u0435\u0433\u0438\u0438 \u0438 \u0442\u0430\u043a\u0442\u0438\u043a\u0438 \u0438\u0433\u0440\u044b JetX3 \u0434\u043b\u044f \u043d\u043e\u0432\u044b\u0445 \u0438 \u043e\u043f\u044b\u0442\u043d\u044b\u0445 \u0438\u0433\u0440\u043e\u043a\u043e\u0432\",\"breadcrumb\":{\"@id\":\"https:\/\/jetxgambling.com\/jetx3-strategies\/#breadcrumb\"},\"inLanguage\":\"fr-FR\",\"potentialAction\":[{\"@type\":\"ReadAction\",\"target\":[\"https:\/\/jetxgambling.com\/jetx3-strategies\/\"]}]},{\"@type\":\"BreadcrumbList\",\"@id\":\"https:\/\/jetxgambling.com\/jetx3-strategies\/#breadcrumb\",\"itemListElement\":[{\"@type\":\"ListItem\",\"position\":1,\"name\":\"Home\",\"item\":\"https:\/\/jetxgambling.com\/\"},{\"@type\":\"ListItem\",\"position\":2,\"name\":\"\u0421\u0442\u0440\u0430\u0442\u0435\u0433\u0438\u0438 \u0438 \u0442\u0430\u043a\u0442\u0438\u043a\u0438 \u0438\u0433\u0440\u044b JetX3\"}]},{\"@type\":\"WebSite\",\"@id\":\"https:\/\/jetxgambling.com\/#website\",\"url\":\"https:\/\/jetxgambling.com\/\",\"name\":\"JetX\",\"description\":\"\",\"publisher\":{\"@id\":\"https:\/\/jetxgambling.com\/#organization\"},\"potentialAction\":[{\"@type\":\"SearchAction\",\"target\":{\"@type\":\"EntryPoint\",\"urlTemplate\":\"https:\/\/jetxgambling.com\/?s={search_term_string}\"},\"query-input\":{\"@type\":\"PropertyValueSpecification\",\"valueRequired\":true,\"valueName\":\"search_term_string\"}}],\"inLanguage\":\"fr-FR\"},{\"@type\":\"Organization\",\"@id\":\"https:\/\/jetxgambling.com\/#organization\",\"name\":\"JetX\",\"url\":\"https:\/\/jetxgambling.com\/\",\"logo\":{\"@type\":\"ImageObject\",\"inLanguage\":\"fr-FR\",\"@id\":\"https:\/\/jetxgambling.com\/#\/schema\/logo\/image\/\",\"url\":\"https:\/\/jetxgambling.com\/wp-content\/uploads\/2024\/01\/jetx-slot-logo.png\",\"contentUrl\":\"https:\/\/jetxgambling.com\/wp-content\/uploads\/2024\/01\/jetx-slot-logo.png\",\"width\":200,\"height\":101,\"caption\":\"JetX\"},\"image\":{\"@id\":\"https:\/\/jetxgambling.com\/#\/schema\/logo\/image\/\"}}]}<\/script>\n<!-- \/ Yoast SEO plugin. -->","yoast_head_json":{"title":"\u0421\u0442\u0440\u0430\u0442\u0435\u0433\u0438\u0438 \u0438\u0433\u0440\u044b JetX3","description":"Une r\u00e9ponse \u00e0 la question de savoir comment gagner dans le jeu de crash JetX3 et gagner de l'argent r\u00e9el. Les meilleures strat\u00e9gies et tactiques pour jouer \u00e0 JetX3 pour les nouveaux et les joueurs exp\u00e9riment\u00e9s.","robots":{"index":"index","follow":"follow","max-snippet":"max-snippet:-1","max-image-preview":"max-image-preview:large","max-video-preview":"max-video-preview:-1"},"canonical":"https:\/\/jetxgambling.com\/fr\/jetx3-strategies\/","og_locale":"fr_FR","og_type":"article","og_title":"\u0421\u0442\u0440\u0430\u0442\u0435\u0433\u0438\u0438 \u0438\u0433\u0440\u044b JetX3","og_description":"\u041e\u0442\u0432\u0435\u0442 \u043d\u0430 \u0432\u043e\u043f\u0440\u043e\u0441 \u043a\u0430\u043a \u043f\u043e\u0431\u0435\u0434\u0438\u0442\u044c \u0432 \u043a\u0440\u0430\u0448 \u0438\u0433\u0440\u0435 JetX3 \u0438 \u0432\u044b\u0438\u0433\u0440\u0430\u0442\u044c \u0440\u0435\u0430\u043b\u044c\u043d\u044b\u0435 \u0434\u0435\u043d\u044c\u0433\u0438. \u041b\u0443\u0447\u0448\u0438\u0435 \u0441\u0442\u0440\u0430\u0442\u0435\u0433\u0438\u0438 \u0438 \u0442\u0430\u043a\u0442\u0438\u043a\u0438 \u0438\u0433\u0440\u044b JetX3 \u0434\u043b\u044f \u043d\u043e\u0432\u044b\u0445 \u0438 \u043e\u043f\u044b\u0442\u043d\u044b\u0445 \u0438\u0433\u0440\u043e\u043a\u043e\u0432","og_url":"https:\/\/jetxgambling.com\/fr\/jetx3-strategies\/","og_site_name":"JetX","article_modified_time":"2024-04-15T19:40:09+00:00","twitter_card":"summary_large_image","twitter_misc":{"Dur\u00e9e de lecture estim\u00e9e":"26 minutes"},"schema":{"@context":"https:\/\/schema.org","@graph":[{"@type":"WebPage","@id":"https:\/\/jetxgambling.com\/jetx3-strategies\/","url":"https:\/\/jetxgambling.com\/jetx3-strategies\/","name":"\u0421\u0442\u0440\u0430\u0442\u0435\u0433\u0438\u0438 \u0438\u0433\u0440\u044b JetX3","isPartOf":{"@id":"https:\/\/jetxgambling.com\/#website"},"datePublished":"2024-01-05T17:26:35+00:00","dateModified":"2024-04-15T19:40:09+00:00","description":"\u041e\u0442\u0432\u0435\u0442 \u043d\u0430 \u0432\u043e\u043f\u0440\u043e\u0441 \u043a\u0430\u043a \u043f\u043e\u0431\u0435\u0434\u0438\u0442\u044c \u0432 \u043a\u0440\u0430\u0448 \u0438\u0433\u0440\u0435 JetX3 \u0438 \u0432\u044b\u0438\u0433\u0440\u0430\u0442\u044c \u0440\u0435\u0430\u043b\u044c\u043d\u044b\u0435 \u0434\u0435\u043d\u044c\u0433\u0438. \u041b\u0443\u0447\u0448\u0438\u0435 \u0441\u0442\u0440\u0430\u0442\u0435\u0433\u0438\u0438 \u0438 \u0442\u0430\u043a\u0442\u0438\u043a\u0438 \u0438\u0433\u0440\u044b JetX3 \u0434\u043b\u044f \u043d\u043e\u0432\u044b\u0445 \u0438 \u043e\u043f\u044b\u0442\u043d\u044b\u0445 \u0438\u0433\u0440\u043e\u043a\u043e\u0432","breadcrumb":{"@id":"https:\/\/jetxgambling.com\/jetx3-strategies\/#breadcrumb"},"inLanguage":"fr-FR","potentialAction":[{"@type":"ReadAction","target":["https:\/\/jetxgambling.com\/jetx3-strategies\/"]}]},{"@type":"BreadcrumbList","@id":"https:\/\/jetxgambling.com\/jetx3-strategies\/#breadcrumb","itemListElement":[{"@type":"ListItem","position":1,"name":"Home","item":"https:\/\/jetxgambling.com\/"},{"@type":"ListItem","position":2,"name":"\u0421\u0442\u0440\u0430\u0442\u0435\u0433\u0438\u0438 \u0438 \u0442\u0430\u043a\u0442\u0438\u043a\u0438 \u0438\u0433\u0440\u044b JetX3"}]},{"@type":"WebSite","@id":"https:\/\/jetxgambling.com\/#website","url":"https:\/\/jetxgambling.com\/","name":"JetX","description":"","publisher":{"@id":"https:\/\/jetxgambling.com\/#organization"},"potentialAction":[{"@type":"SearchAction","target":{"@type":"EntryPoint","urlTemplate":"https:\/\/jetxgambling.com\/?s={search_term_string}"},"query-input":{"@type":"PropertyValueSpecification","valueRequired":true,"valueName":"search_term_string"}}],"inLanguage":"fr-FR"},{"@type":"Organization","@id":"https:\/\/jetxgambling.com\/#organization","name":"JetX","url":"https:\/\/jetxgambling.com\/","logo":{"@type":"ImageObject","inLanguage":"fr-FR","@id":"https:\/\/jetxgambling.com\/#\/schema\/logo\/image\/","url":"https:\/\/jetxgambling.com\/wp-content\/uploads\/2024\/01\/jetx-slot-logo.png","contentUrl":"https:\/\/jetxgambling.com\/wp-content\/uploads\/2024\/01\/jetx-slot-logo.png","width":200,"height":101,"caption":"JetX"},"image":{"@id":"https:\/\/jetxgambling.com\/#\/schema\/logo\/image\/"}}]}},"_links":{"self":[{"href":"https:\/\/jetxgambling.com\/fr\/wp-json\/wp\/v2\/pages\/11","targetHints":{"allow":["GET"]}}],"collection":[{"href":"https:\/\/jetxgambling.com\/fr\/wp-json\/wp\/v2\/pages"}],"about":[{"href":"https:\/\/jetxgambling.com\/fr\/wp-json\/wp\/v2\/types\/page"}],"author":[{"embeddable":true,"href":"https:\/\/jetxgambling.com\/fr\/wp-json\/wp\/v2\/users\/1"}],"replies":[{"embeddable":true,"href":"https:\/\/jetxgambling.com\/fr\/wp-json\/wp\/v2\/comments?post=11"}],"version-history":[{"count":24,"href":"https:\/\/jetxgambling.com\/fr\/wp-json\/wp\/v2\/pages\/11\/revisions"}],"predecessor-version":[{"id":125,"href":"https:\/\/jetxgambling.com\/fr\/wp-json\/wp\/v2\/pages\/11\/revisions\/125"}],"wp:attachment":[{"href":"https:\/\/jetxgambling.com\/fr\/wp-json\/wp\/v2\/media?parent=11"}],"curies":[{"name":"wp","href":"https:\/\/api.w.org\/{rel}","templated":true}]}}