{"id":13,"date":"2024-01-05T17:27:15","date_gmt":"2024-01-05T17:27:15","guid":{"rendered":"https:\/\/jetxgambling.com\/?page_id=13"},"modified":"2024-04-15T19:33:54","modified_gmt":"2024-04-15T19:33:54","slug":"jetx3-features","status":"publish","type":"page","link":"https:\/\/jetxgambling.com\/fr\/jetx3-features\/","title":{"rendered":"Raisons de la popularit\u00e9 et avantages du jeu JetX3"},"content":{"rendered":"<p>Le jeu JetX3, d\u00e9velopp\u00e9 par Smartsoft Gaming, a rapidement captur\u00e9 l&rsquo;attention des joueurs de casino en ligne gr\u00e2ce \u00e0 ses fonctionnalit\u00e9s uniques et ses avantages. \u00c0 premi\u00e8re vue, ce jeu peut sembler \u00eatre un analogue du populaire jeu Aviator, cependant, JetX3 se distingue par sa fonctionnalit\u00e9 mise \u00e0 jour et un sc\u00e9nario plus int\u00e9ressant, offrant aux joueurs une exp\u00e9rience de jeu innovante et passionnante. Bas\u00e9 sur la m\u00e9canique du crash, JetX3 se diff\u00e9rencie des machines \u00e0 sous traditionnelles, offrant un gameplay inhabituel et des possibilit\u00e9s de gains \u00e9tendues :<\/p>\n<ul>\n<li>L&rsquo;un des principaux avantages de JetX3 est la haute probabilit\u00e9 de gain \u00e0 chaque tour. Cela est obtenu gr\u00e2ce \u00e0 la m\u00e9canique de jeu unique, o\u00f9 les multiplicateurs de mise augmentent de mani\u00e8re impr\u00e9visible. Cela ajoute un \u00e9l\u00e9ment d&rsquo;excitation et de frisson, rendant chaque tour passionnant et impr\u00e9visible.<\/li>\n<li>La simplicit\u00e9 de contr\u00f4le du jeu le rend accessible \u00e0 un large public de joueurs, y compris ceux qui tentent leur chance dans le jeu pour la premi\u00e8re fois. Une interface intuitive et des r\u00e8gles faciles \u00e0 apprendre rendent le jeu attrayant pour les d\u00e9butants, tandis que les joueurs exp\u00e9riment\u00e9s appr\u00e9cient la dynamique et le potentiel de jeu strat\u00e9gique.<\/li>\n<li>Le format multijoueur en temps r\u00e9el cr\u00e9e un sentiment de communaut\u00e9 et de comp\u00e9titivit\u00e9. Les joueurs peuvent interagir entre eux via un chat en direct, discuter des strat\u00e9gies et partager des exp\u00e9riences, rendant le processus de jeu plus social et engageant. De plus, la possibilit\u00e9 de consulter les statistiques et les actions des autres joueurs ajoute un niveau suppl\u00e9mentaire de transparence et d&rsquo;implication.<\/li>\n<li>La dur\u00e9e br\u00e8ve des tours, seulement 30 \u00e0 40 secondes, rend le jeu id\u00e9al pour des sessions rapides et dynamiques. Cela maintient un haut niveau d&rsquo;engagement des joueurs, leur permettant de passer rapidement d&rsquo;un tour \u00e0 l&rsquo;autre sans temps d&rsquo;attente prolong\u00e9.<\/li>\n<li>L&rsquo;option de configurer un mode d\u00e9mo pour les paris permet aux joueurs d&rsquo;essayer le jeu sans risquer de perdre de l&rsquo;argent r\u00e9el. C&rsquo;est un moyen id\u00e9al de se familiariser avec la m\u00e9canique du jeu et de d\u00e9velopper des strat\u00e9gies avant de jouer avec de l&rsquo;argent r\u00e9el. Cette opportunit\u00e9 est particuli\u00e8rement pr\u00e9cieuse pour les nouveaux joueurs qui veulent comprendre le jeu avant de risquer leurs fonds.<\/li>\n<li>La prise en charge de diff\u00e9rentes devises et l&rsquo;optimisation pour diff\u00e9rents appareils rendent JetX3 accessible \u00e0 un public international. Les joueurs du monde entier peuvent profiter du jeu sur leurs appareils pr\u00e9f\u00e9r\u00e9s, que ce soit des t\u00e9l\u00e9phones mobiles, des tablettes ou des ordinateurs de bureau.<\/li>\n<li>La possibilit\u00e9 de placer trois paris simultan\u00e9ment sur trois panneaux diff\u00e9rents augmente les chances de gagner et ajoute un \u00e9l\u00e9ment strat\u00e9gique au jeu. Les joueurs peuvent d\u00e9cider s&rsquo;ils veulent r\u00e9partir leurs paris entre plusieurs avions ou se concentrer sur un seul, ce qui diversifie le gameplay.<\/li>\n<li>La croissance impr\u00e9visible des multiplicateurs, entra\u00een\u00e9e par l&rsquo;utilisation de g\u00e9n\u00e9rateurs de nombres al\u00e9atoires (RNG), rend chaque tour unique et impr\u00e9visible. Cet \u00e9l\u00e9ment de hasard maintient l&rsquo;int\u00e9r\u00eat des joueurs et rend chaque partie distinctive.<\/li>\n<li>JetX3 se d\u00e9marque des autres jeux de hasard par son design attrayant, rappelant de v\u00e9ritables vaisseaux spatiaux pour des vols interstellaires. Cet attrait visuel, combin\u00e9 \u00e0 des m\u00e9canismes innovants et un gameplay dynamique, fait de JetX3 l&rsquo;un des jeux les plus recherch\u00e9s dans les casinos en ligne.<\/li>\n<\/ul>\n<p>Il est important de noter que, malgr\u00e9 tous ces avantages et opportunit\u00e9s de gain, JetX3 reste un jeu de hasard. Les joueurs doivent l&rsquo;aborder de mani\u00e8re responsable, en se fixant des limites et en jouant dans leurs moyens. Il est toujours crucial de prendre conscience des risques associ\u00e9s au jeu et d&rsquo;aborder le jeu avec attention et mod\u00e9ration.<\/p>\n","protected":false},"excerpt":{"rendered":"<p>Le jeu JetX3, d\u00e9velopp\u00e9 par Smartsoft Gaming, a rapidement captur\u00e9 l&rsquo;attention des joueurs de casino en ligne gr\u00e2ce \u00e0 ses fonctionnalit\u00e9s uniques et ses avantages. \u00c0 premi\u00e8re vue, ce jeu peut sembler \u00eatre un analogue du populaire jeu Aviator, cependant, JetX3 se distingue par sa fonctionnalit\u00e9 mise \u00e0 jour et un sc\u00e9nario plus int\u00e9ressant, offrant&#8230;<\/p>\n","protected":false},"author":1,"featured_media":0,"parent":0,"menu_order":0,"comment_status":"closed","ping_status":"closed","template":"","meta":{"footnotes":""},"class_list":["post-13","page","type-page","status-publish","hentry"],"yoast_head":"<!-- This site is optimized with the Yoast SEO plugin v27.2 - https:\/\/yoast.com\/product\/yoast-seo-wordpress\/ -->\n<title>\u041f\u043e\u0447\u0435\u043c\u0443 \u0438\u0433\u0440\u0430 JetX3 \u043f\u043e\u043f\u0443\u043b\u044f\u0440\u043d\u0430<\/title>\n<meta name=\"description\" content=\"Parlons des avantages et des raisons de la popularit\u00e9 du jeu JetX3. Pourquoi les joueurs choisissent-ils ce jeu parmi la multitude de jeux de casino en ligne?\" \/>\n<meta name=\"robots\" content=\"index, follow, max-snippet:-1, max-image-preview:large, max-video-preview:-1\" \/>\n<link rel=\"canonical\" href=\"https:\/\/jetxgambling.com\/fr\/jetx3-features\/\" \/>\n<meta property=\"og:locale\" content=\"fr_FR\" \/>\n<meta property=\"og:locale:alternate\" content=\"ru_RU\" \/>\n<meta property=\"og:locale:alternate\" content=\"en_US\" \/>\n<meta property=\"og:locale:alternate\" content=\"pt_PT\" \/>\n<meta property=\"og:locale:alternate\" content=\"es_ES\" \/>\n<meta property=\"og:locale:alternate\" content=\"sr_RS\" \/>\n<meta property=\"og:locale:alternate\" content=\"bg_BG\" \/>\n<meta property=\"og:locale:alternate\" content=\"pl_PL\" \/>\n<meta property=\"og:locale:alternate\" content=\"ro_RO\" \/>\n<meta property=\"og:locale:alternate\" content=\"it_IT\" \/>\n<meta property=\"og:locale:alternate\" content=\"de_DE\" \/>\n<meta property=\"og:type\" content=\"article\" \/>\n<meta property=\"og:title\" content=\"\u041f\u043e\u0447\u0435\u043c\u0443 \u0438\u0433\u0440\u0430 JetX3 \u043f\u043e\u043f\u0443\u043b\u044f\u0440\u043d\u0430\" \/>\n<meta property=\"og:description\" content=\"\u041c\u044b \u043f\u043e\u0433\u043e\u0432\u043e\u0440\u0438\u043c \u043e \u043f\u0440\u0435\u0438\u043c\u0443\u0449\u0435\u0441\u0442\u0432\u0430\u0445 \u0438 \u043f\u0440\u0438\u0447\u0438\u043d\u0430\u0445 \u043f\u043e\u043f\u0443\u043b\u044f\u0440\u043d\u043e\u0441\u0442\u0438 \u0438\u0433\u0440\u044b JetX3. \u041f\u043e\u0447\u0435\u043c\u0443 \u0438\u0433\u0440\u043e\u043a\u0438 \u0432\u044b\u0431\u0438\u0440\u0430\u044e\u0442 \u044d\u0442\u0443 \u0438\u0433\u0440\u0443 \u0441\u0440\u0435\u0434\u0438 \u043c\u043d\u043e\u0436\u0435\u0441\u0442\u0432\u0430 \u043e\u043d\u043b\u0430\u0439\u043d \u0438\u0433\u0440 \u0432 \u043a\u0430\u0437\u0438\u043d\u043e\" \/>\n<meta property=\"og:url\" content=\"https:\/\/jetxgambling.com\/fr\/jetx3-features\/\" \/>\n<meta property=\"og:site_name\" content=\"JetX\" \/>\n<meta property=\"article:modified_time\" content=\"2024-04-15T19:33:54+00:00\" \/>\n<meta name=\"twitter:card\" content=\"summary_large_image\" \/>\n<meta name=\"twitter:label1\" content=\"Dur\u00e9e de lecture estim\u00e9e\" \/>\n\t<meta name=\"twitter:data1\" content=\"24 minutes\" \/>\n<script type=\"application\/ld+json\" class=\"yoast-schema-graph\">{\"@context\":\"https:\/\/schema.org\",\"@graph\":[{\"@type\":\"WebPage\",\"@id\":\"https:\/\/jetxgambling.com\/jetx3-features\/\",\"url\":\"https:\/\/jetxgambling.com\/jetx3-features\/\",\"name\":\"\u041f\u043e\u0447\u0435\u043c\u0443 \u0438\u0433\u0440\u0430 JetX3 \u043f\u043e\u043f\u0443\u043b\u044f\u0440\u043d\u0430\",\"isPartOf\":{\"@id\":\"https:\/\/jetxgambling.com\/#website\"},\"datePublished\":\"2024-01-05T17:27:15+00:00\",\"dateModified\":\"2024-04-15T19:33:54+00:00\",\"description\":\"\u041c\u044b \u043f\u043e\u0433\u043e\u0432\u043e\u0440\u0438\u043c \u043e \u043f\u0440\u0435\u0438\u043c\u0443\u0449\u0435\u0441\u0442\u0432\u0430\u0445 \u0438 \u043f\u0440\u0438\u0447\u0438\u043d\u0430\u0445 \u043f\u043e\u043f\u0443\u043b\u044f\u0440\u043d\u043e\u0441\u0442\u0438 \u0438\u0433\u0440\u044b JetX3. \u041f\u043e\u0447\u0435\u043c\u0443 \u0438\u0433\u0440\u043e\u043a\u0438 \u0432\u044b\u0431\u0438\u0440\u0430\u044e\u0442 \u044d\u0442\u0443 \u0438\u0433\u0440\u0443 \u0441\u0440\u0435\u0434\u0438 \u043c\u043d\u043e\u0436\u0435\u0441\u0442\u0432\u0430 \u043e\u043d\u043b\u0430\u0439\u043d \u0438\u0433\u0440 \u0432 \u043a\u0430\u0437\u0438\u043d\u043e\",\"breadcrumb\":{\"@id\":\"https:\/\/jetxgambling.com\/jetx3-features\/#breadcrumb\"},\"inLanguage\":\"fr-FR\",\"potentialAction\":[{\"@type\":\"ReadAction\",\"target\":[\"https:\/\/jetxgambling.com\/jetx3-features\/\"]}]},{\"@type\":\"BreadcrumbList\",\"@id\":\"https:\/\/jetxgambling.com\/jetx3-features\/#breadcrumb\",\"itemListElement\":[{\"@type\":\"ListItem\",\"position\":1,\"name\":\"Home\",\"item\":\"https:\/\/jetxgambling.com\/\"},{\"@type\":\"ListItem\",\"position\":2,\"name\":\"\u041f\u0440\u0438\u0447\u0438\u043d\u044b \u043f\u043e\u043f\u0443\u043b\u044f\u0440\u043d\u043e\u0441\u0442\u0438 \u0438 \u043f\u0440\u0435\u0438\u043c\u0443\u0449\u0435\u0441\u0442\u0432\u0430 \u0438\u0433\u0440\u044b JetX3\"}]},{\"@type\":\"WebSite\",\"@id\":\"https:\/\/jetxgambling.com\/#website\",\"url\":\"https:\/\/jetxgambling.com\/\",\"name\":\"JetX\",\"description\":\"\",\"publisher\":{\"@id\":\"https:\/\/jetxgambling.com\/#organization\"},\"potentialAction\":[{\"@type\":\"SearchAction\",\"target\":{\"@type\":\"EntryPoint\",\"urlTemplate\":\"https:\/\/jetxgambling.com\/?s={search_term_string}\"},\"query-input\":{\"@type\":\"PropertyValueSpecification\",\"valueRequired\":true,\"valueName\":\"search_term_string\"}}],\"inLanguage\":\"fr-FR\"},{\"@type\":\"Organization\",\"@id\":\"https:\/\/jetxgambling.com\/#organization\",\"name\":\"JetX\",\"url\":\"https:\/\/jetxgambling.com\/\",\"logo\":{\"@type\":\"ImageObject\",\"inLanguage\":\"fr-FR\",\"@id\":\"https:\/\/jetxgambling.com\/#\/schema\/logo\/image\/\",\"url\":\"https:\/\/jetxgambling.com\/wp-content\/uploads\/2024\/01\/jetx-slot-logo.png\",\"contentUrl\":\"https:\/\/jetxgambling.com\/wp-content\/uploads\/2024\/01\/jetx-slot-logo.png\",\"width\":200,\"height\":101,\"caption\":\"JetX\"},\"image\":{\"@id\":\"https:\/\/jetxgambling.com\/#\/schema\/logo\/image\/\"}}]}<\/script>\n<!-- \/ Yoast SEO plugin. -->","yoast_head_json":{"title":"\u041f\u043e\u0447\u0435\u043c\u0443 \u0438\u0433\u0440\u0430 JetX3 \u043f\u043e\u043f\u0443\u043b\u044f\u0440\u043d\u0430","description":"Parlons des avantages et des raisons de la popularit\u00e9 du jeu JetX3. Pourquoi les joueurs choisissent-ils ce jeu parmi la multitude de jeux de casino en ligne?","robots":{"index":"index","follow":"follow","max-snippet":"max-snippet:-1","max-image-preview":"max-image-preview:large","max-video-preview":"max-video-preview:-1"},"canonical":"https:\/\/jetxgambling.com\/fr\/jetx3-features\/","og_locale":"fr_FR","og_type":"article","og_title":"\u041f\u043e\u0447\u0435\u043c\u0443 \u0438\u0433\u0440\u0430 JetX3 \u043f\u043e\u043f\u0443\u043b\u044f\u0440\u043d\u0430","og_description":"\u041c\u044b \u043f\u043e\u0433\u043e\u0432\u043e\u0440\u0438\u043c \u043e \u043f\u0440\u0435\u0438\u043c\u0443\u0449\u0435\u0441\u0442\u0432\u0430\u0445 \u0438 \u043f\u0440\u0438\u0447\u0438\u043d\u0430\u0445 \u043f\u043e\u043f\u0443\u043b\u044f\u0440\u043d\u043e\u0441\u0442\u0438 \u0438\u0433\u0440\u044b JetX3. \u041f\u043e\u0447\u0435\u043c\u0443 \u0438\u0433\u0440\u043e\u043a\u0438 \u0432\u044b\u0431\u0438\u0440\u0430\u044e\u0442 \u044d\u0442\u0443 \u0438\u0433\u0440\u0443 \u0441\u0440\u0435\u0434\u0438 \u043c\u043d\u043e\u0436\u0435\u0441\u0442\u0432\u0430 \u043e\u043d\u043b\u0430\u0439\u043d \u0438\u0433\u0440 \u0432 \u043a\u0430\u0437\u0438\u043d\u043e","og_url":"https:\/\/jetxgambling.com\/fr\/jetx3-features\/","og_site_name":"JetX","article_modified_time":"2024-04-15T19:33:54+00:00","twitter_card":"summary_large_image","twitter_misc":{"Dur\u00e9e de lecture estim\u00e9e":"24 minutes"},"schema":{"@context":"https:\/\/schema.org","@graph":[{"@type":"WebPage","@id":"https:\/\/jetxgambling.com\/jetx3-features\/","url":"https:\/\/jetxgambling.com\/jetx3-features\/","name":"\u041f\u043e\u0447\u0435\u043c\u0443 \u0438\u0433\u0440\u0430 JetX3 \u043f\u043e\u043f\u0443\u043b\u044f\u0440\u043d\u0430","isPartOf":{"@id":"https:\/\/jetxgambling.com\/#website"},"datePublished":"2024-01-05T17:27:15+00:00","dateModified":"2024-04-15T19:33:54+00:00","description":"\u041c\u044b \u043f\u043e\u0433\u043e\u0432\u043e\u0440\u0438\u043c \u043e \u043f\u0440\u0435\u0438\u043c\u0443\u0449\u0435\u0441\u0442\u0432\u0430\u0445 \u0438 \u043f\u0440\u0438\u0447\u0438\u043d\u0430\u0445 \u043f\u043e\u043f\u0443\u043b\u044f\u0440\u043d\u043e\u0441\u0442\u0438 \u0438\u0433\u0440\u044b JetX3. \u041f\u043e\u0447\u0435\u043c\u0443 \u0438\u0433\u0440\u043e\u043a\u0438 \u0432\u044b\u0431\u0438\u0440\u0430\u044e\u0442 \u044d\u0442\u0443 \u0438\u0433\u0440\u0443 \u0441\u0440\u0435\u0434\u0438 \u043c\u043d\u043e\u0436\u0435\u0441\u0442\u0432\u0430 \u043e\u043d\u043b\u0430\u0439\u043d \u0438\u0433\u0440 \u0432 \u043a\u0430\u0437\u0438\u043d\u043e","breadcrumb":{"@id":"https:\/\/jetxgambling.com\/jetx3-features\/#breadcrumb"},"inLanguage":"fr-FR","potentialAction":[{"@type":"ReadAction","target":["https:\/\/jetxgambling.com\/jetx3-features\/"]}]},{"@type":"BreadcrumbList","@id":"https:\/\/jetxgambling.com\/jetx3-features\/#breadcrumb","itemListElement":[{"@type":"ListItem","position":1,"name":"Home","item":"https:\/\/jetxgambling.com\/"},{"@type":"ListItem","position":2,"name":"\u041f\u0440\u0438\u0447\u0438\u043d\u044b \u043f\u043e\u043f\u0443\u043b\u044f\u0440\u043d\u043e\u0441\u0442\u0438 \u0438 \u043f\u0440\u0435\u0438\u043c\u0443\u0449\u0435\u0441\u0442\u0432\u0430 \u0438\u0433\u0440\u044b JetX3"}]},{"@type":"WebSite","@id":"https:\/\/jetxgambling.com\/#website","url":"https:\/\/jetxgambling.com\/","name":"JetX","description":"","publisher":{"@id":"https:\/\/jetxgambling.com\/#organization"},"potentialAction":[{"@type":"SearchAction","target":{"@type":"EntryPoint","urlTemplate":"https:\/\/jetxgambling.com\/?s={search_term_string}"},"query-input":{"@type":"PropertyValueSpecification","valueRequired":true,"valueName":"search_term_string"}}],"inLanguage":"fr-FR"},{"@type":"Organization","@id":"https:\/\/jetxgambling.com\/#organization","name":"JetX","url":"https:\/\/jetxgambling.com\/","logo":{"@type":"ImageObject","inLanguage":"fr-FR","@id":"https:\/\/jetxgambling.com\/#\/schema\/logo\/image\/","url":"https:\/\/jetxgambling.com\/wp-content\/uploads\/2024\/01\/jetx-slot-logo.png","contentUrl":"https:\/\/jetxgambling.com\/wp-content\/uploads\/2024\/01\/jetx-slot-logo.png","width":200,"height":101,"caption":"JetX"},"image":{"@id":"https:\/\/jetxgambling.com\/#\/schema\/logo\/image\/"}}]}},"_links":{"self":[{"href":"https:\/\/jetxgambling.com\/fr\/wp-json\/wp\/v2\/pages\/13","targetHints":{"allow":["GET"]}}],"collection":[{"href":"https:\/\/jetxgambling.com\/fr\/wp-json\/wp\/v2\/pages"}],"about":[{"href":"https:\/\/jetxgambling.com\/fr\/wp-json\/wp\/v2\/types\/page"}],"author":[{"embeddable":true,"href":"https:\/\/jetxgambling.com\/fr\/wp-json\/wp\/v2\/users\/1"}],"replies":[{"embeddable":true,"href":"https:\/\/jetxgambling.com\/fr\/wp-json\/wp\/v2\/comments?post=13"}],"version-history":[{"count":22,"href":"https:\/\/jetxgambling.com\/fr\/wp-json\/wp\/v2\/pages\/13\/revisions"}],"predecessor-version":[{"id":124,"href":"https:\/\/jetxgambling.com\/fr\/wp-json\/wp\/v2\/pages\/13\/revisions\/124"}],"wp:attachment":[{"href":"https:\/\/jetxgambling.com\/fr\/wp-json\/wp\/v2\/media?parent=13"}],"curies":[{"name":"wp","href":"https:\/\/api.w.org\/{rel}","templated":true}]}}