{"id":15,"date":"2024-01-05T17:28:54","date_gmt":"2024-01-05T17:28:54","guid":{"rendered":"https:\/\/jetxgambling.com\/?page_id=15"},"modified":"2024-04-15T19:36:13","modified_gmt":"2024-04-15T19:36:13","slug":"jetx3-reviews","status":"publish","type":"page","link":"https:\/\/jetxgambling.com\/fr\/jetx3-reviews\/","title":{"rendered":"Avis"},"content":{"rendered":"<p>Le jeu JetX3 devient de plus en plus populaire parmi les joueurs de diff\u00e9rents pays \u00e0 travers le monde. Et ce n&rsquo;est pas surprenant car le jeu de crash est m\u00e9ticuleusement con\u00e7u et offre de vastes possibilit\u00e9s pour les joueurs.<\/p>\n<p><strong>JetX3 Crash Game &#8211; Une Explosion d&rsquo;\u00c9motions!<\/strong><\/p>\n<p>Un gameplay unique avec trois vaisseaux spatiaux vous maintient sur le bord \u00e0 chaque d\u00e9collage. J&rsquo;adore la dynamique et l&rsquo;impr\u00e9visibilit\u00e9 de ce jeu.<\/p>\n<p>Maria, 20 ans.<\/p>\n<p><strong>Je joue \u00e0 JetX3 depuis quelques semaines maintenant<\/strong><\/p>\n<p>Je joue \u00e0 JetX3 depuis quelques semaines et je peux dire que c&rsquo;est l&rsquo;un des jeux les plus passionnants de ma collection. La simplicit\u00e9 des r\u00e8gles et le potentiel de gros gains en font le jeu parfait pour de courtes pauses au travail. Vous pouvez commencer et arr\u00eater de jouer \u00e0 tout moment.<\/p>\n<p>Olga, 32 ans.<\/p>\n<p><strong>JetX3 Diff\u00e8re de Tout Ce Que J&rsquo;ai Vu Auparavant<\/strong><\/p>\n<p>Format innovant et possibilit\u00e9 de placer des paris sur trois jets simultan\u00e9ment &#8211; c&rsquo;est tout simplement superbe. Chaque tour est plein de surprises! C&rsquo;est vraiment un jeu de casino qui vaut la peine d&rsquo;\u00eatre essay\u00e9.<\/p>\n<p>Mark, 45 ans.<\/p>\n<p><strong>Vaut l&rsquo;Attention<\/strong><\/p>\n<p>Ce jeu m\u00e9rite vraiment l&rsquo;attention. JetX3 combine simplicit\u00e9, excitation et chance de gros gain. Je ressens toujours l&rsquo;adr\u00e9naline lorsque les multiplicateurs commencent \u00e0 augmenter.<\/p>\n<p>Alexander, 30 ans.<\/p>\n<p><strong>JetX3 &#8211; L&rsquo;un des Meilleurs Moyens de Passer du Temps dans un Casino en Ligne<\/strong><\/p>\n<p>En tant que fan de jeux de hasard, je consid\u00e8re JetX3 comme l&rsquo;un des meilleurs moyens de passer du temps dans un casino en ligne. Le chat en direct et le format multijoueur ajoutent un aspect social au jeu, le rendant encore plus attrayant.<\/p>\n<p>Joueur, 25 ans.<\/p>\n<p><strong>J&rsquo;ai Essay\u00e9 de Jouer \u00e0 JetX3 Gratuitement et Je Suis Tomb\u00e9 Amoureux<\/strong><\/p>\n<p>J&rsquo;ai essay\u00e9 de jouer \u00e0 JetX3 gratuitement et je suis imm\u00e9diatement tomb\u00e9 amoureux du jeu. Il est parfait pour les sessions courtes et les marathons de jeu prolong\u00e9s. Je le recommande \u00e0 tout le monde!<\/p>\n<p>Bruno, 27 ans.<\/p>\n<p><strong>Contr\u00f4le Sur le Jeu dans JetX3<\/strong><\/p>\n<p>Dans JetX3, j&rsquo;aime particuli\u00e8rement la possibilit\u00e9 de contr\u00f4ler le jeu. Choisir le moment de r\u00e9clamer les gains ajoute un \u00e9l\u00e9ment strat\u00e9gique et rend chaque tour sp\u00e9cial.<\/p>\n<p>Maxim, 29 ans.<\/p>\n<p><strong>Un V\u00e9ritable Bijou<\/strong><\/p>\n<p>Ce jeu est un v\u00e9ritable bijou. JetX3 m&rsquo;a surpris par son design et sa m\u00e9canique. Tellement de nerfs et d&rsquo;excitation dans chaque tour &#8211; il est juste impossible de s&rsquo;en d\u00e9tacher! De plus, la chance de gagner, comme il semble, maintenant dans les casinos en ligne, vous ne pouvez gagner que dans les jeux de crash.<\/p>\n<p>Diana, 29 ans.<\/p>\n<p><strong>Une Excellente Vari\u00e9t\u00e9 pour les Enthousiastes du Jeu<\/strong><\/p>\n<p>JetX3 divertit non seulement, mais offre \u00e9galement une chance de bons gains. J&rsquo;aime que le jeu convienne aussi bien aux d\u00e9butants qu&rsquo;aux joueurs exp\u00e9riment\u00e9s.<\/p>\n<p>Mariana, 38 ans.<\/p>\n<p><strong>JetX3 &#8211; Un Jeu qui Vous Maintient en Haleine<\/strong><\/p>\n<p>JetX3 est un jeu qui vous maintient constamment en haleine. J&rsquo;adore le frisson lorsque les jets d\u00e9collent et que vous devez d\u00e9cider quand r\u00e9clamer vos gains. Chaque partie est une nouvelle aventure!<\/p>\n<p>Stas, 19 ans.<\/p>\n","protected":false},"excerpt":{"rendered":"<p>Le jeu JetX3 devient de plus en plus populaire parmi les joueurs de diff\u00e9rents pays \u00e0 travers le monde. Et ce n&rsquo;est pas surprenant car le jeu de crash est m\u00e9ticuleusement con\u00e7u et offre de vastes possibilit\u00e9s pour les joueurs. JetX3 Crash Game &#8211; Une Explosion d&rsquo;\u00c9motions! Un gameplay unique avec trois vaisseaux spatiaux vous&#8230;<\/p>\n","protected":false},"author":1,"featured_media":0,"parent":0,"menu_order":0,"comment_status":"closed","ping_status":"closed","template":"","meta":{"footnotes":""},"class_list":["post-15","page","type-page","status-publish","hentry"],"yoast_head":"<!-- This site is optimized with the Yoast SEO plugin v27.2 - https:\/\/yoast.com\/product\/yoast-seo-wordpress\/ -->\n<title>\u041e\u0442\u0437\u044b\u0432\u044b \u0440\u0435\u0430\u043b\u044c\u043d\u044b\u0445 \u0438\u0433\u0440\u043e\u043a\u043e\u0432 \u043e\u0431 \u0438\u0433\u0440\u0435 JetX3<\/title>\n<meta name=\"description\" content=\"Un aper\u00e7u du jeu JetX3 et les opinions de vrais joueurs sur le jeu JetX3. Avis et opinions honn\u00eates sur le jeu de crash JetX3, une critique qui vous aidera \u00e0 former votre propre opinion.\" \/>\n<meta name=\"robots\" content=\"index, follow, max-snippet:-1, max-image-preview:large, max-video-preview:-1\" \/>\n<link rel=\"canonical\" href=\"https:\/\/jetxgambling.com\/fr\/jetx3-reviews\/\" \/>\n<meta property=\"og:locale\" content=\"fr_FR\" \/>\n<meta property=\"og:locale:alternate\" content=\"ru_RU\" \/>\n<meta property=\"og:locale:alternate\" content=\"en_US\" \/>\n<meta property=\"og:locale:alternate\" content=\"pt_PT\" \/>\n<meta property=\"og:locale:alternate\" content=\"es_ES\" \/>\n<meta property=\"og:locale:alternate\" content=\"sr_RS\" \/>\n<meta property=\"og:locale:alternate\" content=\"bg_BG\" \/>\n<meta property=\"og:locale:alternate\" content=\"pl_PL\" \/>\n<meta property=\"og:locale:alternate\" content=\"ro_RO\" \/>\n<meta property=\"og:locale:alternate\" content=\"it_IT\" \/>\n<meta property=\"og:locale:alternate\" content=\"de_DE\" \/>\n<meta property=\"og:type\" content=\"article\" \/>\n<meta property=\"og:title\" content=\"\u041e\u0442\u0437\u044b\u0432\u044b \u0440\u0435\u0430\u043b\u044c\u043d\u044b\u0445 \u0438\u0433\u0440\u043e\u043a\u043e\u0432 \u043e\u0431 \u0438\u0433\u0440\u0435 JetX3\" \/>\n<meta property=\"og:description\" content=\"\u041e\u0431\u0437\u043e\u0440 \u0438\u0433\u0440\u044b JetX3 \u0438 \u043c\u043d\u0435\u043d\u0438\u044f \u043d\u0430\u0441\u0442\u043e\u044f\u0449\u0438\u0445 \u0438\u0433\u0440\u043e\u043a\u043e\u0432 \u043e\u0431 \u0438\u0433\u0440\u0435 JetX3. \u041e\u0442\u0437\u044b\u0432\u044b \u0438 \u0447\u0435\u0441\u0442\u043d\u043e\u0435 \u043c\u043d\u0435\u043d\u0438\u0435 \u043e \u043a\u0440\u0430\u0448 \u0438\u0433\u0440\u0435 JetX3, \u043e\u0431\u0437\u043e\u0440, \u043a\u043e\u0442\u043e\u0440\u044b\u0439 \u043f\u043e\u0437\u0432\u043e\u043b\u0438\u0442 \u0441\u043e\u0441\u0442\u0430\u0432\u0438\u0442\u044c \u0441\u043e\u0431\u0441\u0442\u0432\u0435\u043d\u043d\u043e\u0435 \u043c\u043d\u0435\u043d\u0438\u0435\" \/>\n<meta property=\"og:url\" content=\"https:\/\/jetxgambling.com\/fr\/jetx3-reviews\/\" \/>\n<meta property=\"og:site_name\" content=\"JetX\" \/>\n<meta property=\"article:modified_time\" content=\"2024-04-15T19:36:13+00:00\" \/>\n<meta name=\"twitter:card\" content=\"summary_large_image\" \/>\n<meta name=\"twitter:label1\" content=\"Dur\u00e9e de lecture estim\u00e9e\" \/>\n\t<meta name=\"twitter:data1\" content=\"20 minutes\" \/>\n<script type=\"application\/ld+json\" class=\"yoast-schema-graph\">{\"@context\":\"https:\/\/schema.org\",\"@graph\":[{\"@type\":\"WebPage\",\"@id\":\"https:\/\/jetxgambling.com\/jetx3-reviews\/\",\"url\":\"https:\/\/jetxgambling.com\/jetx3-reviews\/\",\"name\":\"\u041e\u0442\u0437\u044b\u0432\u044b \u0440\u0435\u0430\u043b\u044c\u043d\u044b\u0445 \u0438\u0433\u0440\u043e\u043a\u043e\u0432 \u043e\u0431 \u0438\u0433\u0440\u0435 JetX3\",\"isPartOf\":{\"@id\":\"https:\/\/jetxgambling.com\/#website\"},\"datePublished\":\"2024-01-05T17:28:54+00:00\",\"dateModified\":\"2024-04-15T19:36:13+00:00\",\"description\":\"\u041e\u0431\u0437\u043e\u0440 \u0438\u0433\u0440\u044b JetX3 \u0438 \u043c\u043d\u0435\u043d\u0438\u044f \u043d\u0430\u0441\u0442\u043e\u044f\u0449\u0438\u0445 \u0438\u0433\u0440\u043e\u043a\u043e\u0432 \u043e\u0431 \u0438\u0433\u0440\u0435 JetX3. \u041e\u0442\u0437\u044b\u0432\u044b \u0438 \u0447\u0435\u0441\u0442\u043d\u043e\u0435 \u043c\u043d\u0435\u043d\u0438\u0435 \u043e \u043a\u0440\u0430\u0448 \u0438\u0433\u0440\u0435 JetX3, \u043e\u0431\u0437\u043e\u0440, \u043a\u043e\u0442\u043e\u0440\u044b\u0439 \u043f\u043e\u0437\u0432\u043e\u043b\u0438\u0442 \u0441\u043e\u0441\u0442\u0430\u0432\u0438\u0442\u044c \u0441\u043e\u0431\u0441\u0442\u0432\u0435\u043d\u043d\u043e\u0435 \u043c\u043d\u0435\u043d\u0438\u0435\",\"breadcrumb\":{\"@id\":\"https:\/\/jetxgambling.com\/jetx3-reviews\/#breadcrumb\"},\"inLanguage\":\"fr-FR\",\"potentialAction\":[{\"@type\":\"ReadAction\",\"target\":[\"https:\/\/jetxgambling.com\/jetx3-reviews\/\"]}]},{\"@type\":\"BreadcrumbList\",\"@id\":\"https:\/\/jetxgambling.com\/jetx3-reviews\/#breadcrumb\",\"itemListElement\":[{\"@type\":\"ListItem\",\"position\":1,\"name\":\"Home\",\"item\":\"https:\/\/jetxgambling.com\/\"},{\"@type\":\"ListItem\",\"position\":2,\"name\":\"\u041e\u0442\u0437\u044b\u0432\u044b\"}]},{\"@type\":\"WebSite\",\"@id\":\"https:\/\/jetxgambling.com\/#website\",\"url\":\"https:\/\/jetxgambling.com\/\",\"name\":\"JetX\",\"description\":\"\",\"publisher\":{\"@id\":\"https:\/\/jetxgambling.com\/#organization\"},\"potentialAction\":[{\"@type\":\"SearchAction\",\"target\":{\"@type\":\"EntryPoint\",\"urlTemplate\":\"https:\/\/jetxgambling.com\/?s={search_term_string}\"},\"query-input\":{\"@type\":\"PropertyValueSpecification\",\"valueRequired\":true,\"valueName\":\"search_term_string\"}}],\"inLanguage\":\"fr-FR\"},{\"@type\":\"Organization\",\"@id\":\"https:\/\/jetxgambling.com\/#organization\",\"name\":\"JetX\",\"url\":\"https:\/\/jetxgambling.com\/\",\"logo\":{\"@type\":\"ImageObject\",\"inLanguage\":\"fr-FR\",\"@id\":\"https:\/\/jetxgambling.com\/#\/schema\/logo\/image\/\",\"url\":\"https:\/\/jetxgambling.com\/wp-content\/uploads\/2024\/01\/jetx-slot-logo.png\",\"contentUrl\":\"https:\/\/jetxgambling.com\/wp-content\/uploads\/2024\/01\/jetx-slot-logo.png\",\"width\":200,\"height\":101,\"caption\":\"JetX\"},\"image\":{\"@id\":\"https:\/\/jetxgambling.com\/#\/schema\/logo\/image\/\"}}]}<\/script>\n<!-- \/ Yoast SEO plugin. -->","yoast_head_json":{"title":"\u041e\u0442\u0437\u044b\u0432\u044b \u0440\u0435\u0430\u043b\u044c\u043d\u044b\u0445 \u0438\u0433\u0440\u043e\u043a\u043e\u0432 \u043e\u0431 \u0438\u0433\u0440\u0435 JetX3","description":"Un aper\u00e7u du jeu JetX3 et les opinions de vrais joueurs sur le jeu JetX3. Avis et opinions honn\u00eates sur le jeu de crash JetX3, une critique qui vous aidera \u00e0 former votre propre opinion.","robots":{"index":"index","follow":"follow","max-snippet":"max-snippet:-1","max-image-preview":"max-image-preview:large","max-video-preview":"max-video-preview:-1"},"canonical":"https:\/\/jetxgambling.com\/fr\/jetx3-reviews\/","og_locale":"fr_FR","og_type":"article","og_title":"\u041e\u0442\u0437\u044b\u0432\u044b \u0440\u0435\u0430\u043b\u044c\u043d\u044b\u0445 \u0438\u0433\u0440\u043e\u043a\u043e\u0432 \u043e\u0431 \u0438\u0433\u0440\u0435 JetX3","og_description":"\u041e\u0431\u0437\u043e\u0440 \u0438\u0433\u0440\u044b JetX3 \u0438 \u043c\u043d\u0435\u043d\u0438\u044f \u043d\u0430\u0441\u0442\u043e\u044f\u0449\u0438\u0445 \u0438\u0433\u0440\u043e\u043a\u043e\u0432 \u043e\u0431 \u0438\u0433\u0440\u0435 JetX3. \u041e\u0442\u0437\u044b\u0432\u044b \u0438 \u0447\u0435\u0441\u0442\u043d\u043e\u0435 \u043c\u043d\u0435\u043d\u0438\u0435 \u043e \u043a\u0440\u0430\u0448 \u0438\u0433\u0440\u0435 JetX3, \u043e\u0431\u0437\u043e\u0440, \u043a\u043e\u0442\u043e\u0440\u044b\u0439 \u043f\u043e\u0437\u0432\u043e\u043b\u0438\u0442 \u0441\u043e\u0441\u0442\u0430\u0432\u0438\u0442\u044c \u0441\u043e\u0431\u0441\u0442\u0432\u0435\u043d\u043d\u043e\u0435 \u043c\u043d\u0435\u043d\u0438\u0435","og_url":"https:\/\/jetxgambling.com\/fr\/jetx3-reviews\/","og_site_name":"JetX","article_modified_time":"2024-04-15T19:36:13+00:00","twitter_card":"summary_large_image","twitter_misc":{"Dur\u00e9e de lecture estim\u00e9e":"20 minutes"},"schema":{"@context":"https:\/\/schema.org","@graph":[{"@type":"WebPage","@id":"https:\/\/jetxgambling.com\/jetx3-reviews\/","url":"https:\/\/jetxgambling.com\/jetx3-reviews\/","name":"\u041e\u0442\u0437\u044b\u0432\u044b \u0440\u0435\u0430\u043b\u044c\u043d\u044b\u0445 \u0438\u0433\u0440\u043e\u043a\u043e\u0432 \u043e\u0431 \u0438\u0433\u0440\u0435 JetX3","isPartOf":{"@id":"https:\/\/jetxgambling.com\/#website"},"datePublished":"2024-01-05T17:28:54+00:00","dateModified":"2024-04-15T19:36:13+00:00","description":"\u041e\u0431\u0437\u043e\u0440 \u0438\u0433\u0440\u044b JetX3 \u0438 \u043c\u043d\u0435\u043d\u0438\u044f \u043d\u0430\u0441\u0442\u043e\u044f\u0449\u0438\u0445 \u0438\u0433\u0440\u043e\u043a\u043e\u0432 \u043e\u0431 \u0438\u0433\u0440\u0435 JetX3. \u041e\u0442\u0437\u044b\u0432\u044b \u0438 \u0447\u0435\u0441\u0442\u043d\u043e\u0435 \u043c\u043d\u0435\u043d\u0438\u0435 \u043e \u043a\u0440\u0430\u0448 \u0438\u0433\u0440\u0435 JetX3, \u043e\u0431\u0437\u043e\u0440, \u043a\u043e\u0442\u043e\u0440\u044b\u0439 \u043f\u043e\u0437\u0432\u043e\u043b\u0438\u0442 \u0441\u043e\u0441\u0442\u0430\u0432\u0438\u0442\u044c \u0441\u043e\u0431\u0441\u0442\u0432\u0435\u043d\u043d\u043e\u0435 \u043c\u043d\u0435\u043d\u0438\u0435","breadcrumb":{"@id":"https:\/\/jetxgambling.com\/jetx3-reviews\/#breadcrumb"},"inLanguage":"fr-FR","potentialAction":[{"@type":"ReadAction","target":["https:\/\/jetxgambling.com\/jetx3-reviews\/"]}]},{"@type":"BreadcrumbList","@id":"https:\/\/jetxgambling.com\/jetx3-reviews\/#breadcrumb","itemListElement":[{"@type":"ListItem","position":1,"name":"Home","item":"https:\/\/jetxgambling.com\/"},{"@type":"ListItem","position":2,"name":"\u041e\u0442\u0437\u044b\u0432\u044b"}]},{"@type":"WebSite","@id":"https:\/\/jetxgambling.com\/#website","url":"https:\/\/jetxgambling.com\/","name":"JetX","description":"","publisher":{"@id":"https:\/\/jetxgambling.com\/#organization"},"potentialAction":[{"@type":"SearchAction","target":{"@type":"EntryPoint","urlTemplate":"https:\/\/jetxgambling.com\/?s={search_term_string}"},"query-input":{"@type":"PropertyValueSpecification","valueRequired":true,"valueName":"search_term_string"}}],"inLanguage":"fr-FR"},{"@type":"Organization","@id":"https:\/\/jetxgambling.com\/#organization","name":"JetX","url":"https:\/\/jetxgambling.com\/","logo":{"@type":"ImageObject","inLanguage":"fr-FR","@id":"https:\/\/jetxgambling.com\/#\/schema\/logo\/image\/","url":"https:\/\/jetxgambling.com\/wp-content\/uploads\/2024\/01\/jetx-slot-logo.png","contentUrl":"https:\/\/jetxgambling.com\/wp-content\/uploads\/2024\/01\/jetx-slot-logo.png","width":200,"height":101,"caption":"JetX"},"image":{"@id":"https:\/\/jetxgambling.com\/#\/schema\/logo\/image\/"}}]}},"_links":{"self":[{"href":"https:\/\/jetxgambling.com\/fr\/wp-json\/wp\/v2\/pages\/15","targetHints":{"allow":["GET"]}}],"collection":[{"href":"https:\/\/jetxgambling.com\/fr\/wp-json\/wp\/v2\/pages"}],"about":[{"href":"https:\/\/jetxgambling.com\/fr\/wp-json\/wp\/v2\/types\/page"}],"author":[{"embeddable":true,"href":"https:\/\/jetxgambling.com\/fr\/wp-json\/wp\/v2\/users\/1"}],"replies":[{"embeddable":true,"href":"https:\/\/jetxgambling.com\/fr\/wp-json\/wp\/v2\/comments?post=15"}],"version-history":[{"count":25,"href":"https:\/\/jetxgambling.com\/fr\/wp-json\/wp\/v2\/pages\/15\/revisions"}],"predecessor-version":[{"id":123,"href":"https:\/\/jetxgambling.com\/fr\/wp-json\/wp\/v2\/pages\/15\/revisions\/123"}],"wp:attachment":[{"href":"https:\/\/jetxgambling.com\/fr\/wp-json\/wp\/v2\/media?parent=15"}],"curies":[{"name":"wp","href":"https:\/\/api.w.org\/{rel}","templated":true}]}}