{"id":9,"date":"2024-01-05T17:25:34","date_gmt":"2024-01-05T17:25:34","guid":{"rendered":"https:\/\/jetxgambling.com\/?page_id=9"},"modified":"2024-04-15T19:38:11","modified_gmt":"2024-04-15T19:38:11","slug":"jetx3","status":"publish","type":"page","link":"https:\/\/jetxgambling.com\/fr\/","title":{"rendered":"Caract\u00e9ristiques et avantages du nouveau jeu Crash JetX3"},"content":{"rendered":"<p>Le jeu JetX3 de Smartsoft Gaming est apparu dans les casinos en ligne en 2021 et est devenu l&rsquo;une des machines \u00e0 sous les plus populaires. La machine \u00e0 sous pr\u00e9sente des m\u00e9canismes explosifs non conventionnels, un gameplay unique et des fonctionnalit\u00e9s. Le simulateur de crash offre d&rsquo;excellentes opportunit\u00e9s de gain. Le jeu est radicalement diff\u00e9rent des machines \u00e0 sous vid\u00e9o traditionnelles car il n&rsquo;a ni rouleaux ni lignes de paiement. L&rsquo;essence du gameplay est de \u00ab\u00a0capturer\u00a0\u00bb un multiplicateur de mise \u00e9lev\u00e9 et de recevoir une bonne r\u00e9compense mon\u00e9taire.<\/p>\n<h2><strong>R\u00e8gles cl\u00e9s du simulateur JetX3 :<\/strong><\/h2>\n<ul>\n<li>Le parieur attend la fin du tour en cours.<\/li>\n<li>Rejoint un nouveau lancement de jets.<\/li>\n<li>Place une mise sur une, deux ou trois lignes.<\/li>\n<li>Peut parier sur le prochain tour.<\/li>\n<li>Le parieur observe la croissance des multiplicateurs.<\/li>\n<li>Choisit le bon moment et r\u00e9clame les gains.<\/li>\n<\/ul>\n<p>Il faut s&rsquo;orienter rapidement et prendre la bonne d\u00e9cision avant l&rsquo;explosion de l&rsquo;avion. Sinon, la mise du joueur \u00ab\u00a0br\u00fble\u00a0\u00bb. Le gain est calcul\u00e9 comme le coefficient fixe multipli\u00e9 par le montant de la mise. Comme trois jets d\u00e9collent simultan\u00e9ment, il est possible de recevoir trois r\u00e9compenses mon\u00e9taires en une fois.<\/p>\n<h2><strong>Raisons de la popularit\u00e9 du jeu JetX3 :<\/strong><\/h2>\n<p>Le jeu JetX 3 de Smartsoft Gaming est un ajout unique au monde des casinos en ligne, gr\u00e2ce \u00e0 ses fonctionnalit\u00e9s et avantages inhabituels. La principale diff\u00e9rence de JetX 3 par rapport aux machines \u00e0 sous traditionnelles r\u00e9side dans son m\u00e9canisme de crash innovant, et non dans l&rsquo;utilisation de rouleaux et lignes de paiement ordinaires. Voici les principales caract\u00e9ristiques et avantages de JetX 3 :<\/p>\n<ol>\n<li><strong>M\u00e9canique de jeu non conventionnelle :<\/strong> Au lieu des rouleaux traditionnels, le jeu est un simulateur de crash avec trois vaisseaux spatiaux. Ces vaisseaux d\u00e9collent, augmentant les multiplicateurs de mise.<\/li>\n<li><strong>Gameplay unique :<\/strong> Les joueurs placent des paris sur un, deux ou trois vaisseaux spatiaux et observent leur d\u00e9collage. L&rsquo;essence du jeu est de choisir le bon moment pour r\u00e9clamer les gains avant l&rsquo;explosion du vaisseau. Cette approche diff\u00e8re consid\u00e9rablement des autres jeux de crash o\u00f9 vous suivez un seul \u00e9l\u00e9ment, comme un avion, et essayez de pr\u00e9dire le r\u00e9sultat. Jouer \u00e0 JetX3 est plus difficile, mais offre un niveau d&rsquo;engagement plus \u00e9lev\u00e9.<\/li>\n<li><strong>Potentiel de gains mon\u00e9taires significatifs :<\/strong> Gr\u00e2ce aux multiplicateurs de mise croissants pendant le vol, les joueurs ont une chance de recevoir des gains substantiels. Tout le monde peut gagner.<\/li>\n<li><strong>Design et animation attrayants :<\/strong> JetX 3 a un design \u00e9l\u00e9gant et moderne avec des vaisseaux spatiaux et un ciel \u00e9toil\u00e9 sombre en arri\u00e8re-plan, cr\u00e9ant une atmosph\u00e8re excitante. Beaucoup de joueurs disent que le design et l&rsquo;animation de ce jeu sont bien meilleurs que ceux des concurrents bien connus.<\/li>\n<li><strong>R\u00e8gles intuitivement compr\u00e9hensibles :<\/strong> Malgr\u00e9 le format non conventionnel, les r\u00e8gles du jeu sont simples et compr\u00e9hensibles, le rendant accessible \u00e0 un large \u00e9ventail de joueurs. Contrairement aux machines \u00e0 sous o\u00f9 vous devez comprendre ce que signifie chaque symbole, les r\u00e8gles des jeux de crash sont beaucoup plus simples.<\/li>\n<li><strong>Option de choisir comment jouer :<\/strong> Le jeu n\u00e9cessite que les joueurs prennent des d\u00e9cisions rapides et \u00e9valuent les risques, ajoutant un \u00e9l\u00e9ment de strat\u00e9gie. Cependant, il est essentiel de noter qu&rsquo;il ne s&rsquo;agit pas de simple pression sur une touche. Le joueur choisit consciemment une strat\u00e9gie de jeu et la suit, augmentant ses chances de gagner.<\/li>\n<li><strong>Multiples opportunit\u00e9s de gain :<\/strong> La possibilit\u00e9 de placer des paris simultan\u00e9ment sur trois fus\u00e9es augmente les chances de gagner. C&rsquo;est bien mieux que, par exemple, l&rsquo;option de choisir seulement un avion.<\/li>\n<li><strong>Dynamisme :<\/strong> Le rythme rapide du jeu et l&rsquo;impr\u00e9visibilit\u00e9 du r\u00e9sultat de chaque tour maintiennent un niveau \u00e9lev\u00e9 d&rsquo;engagement du joueur.<\/li>\n<li><strong>Vari\u00e9t\u00e9 de paris :<\/strong> Les joueurs peuvent choisir diff\u00e9rentes strat\u00e9gies de pari en fonction de leurs pr\u00e9f\u00e9rences et de leur style de jeu. Tout le monde trouvera l&rsquo;option qui lui convient.<\/li>\n<li><strong>Implication \u00e9motionnelle :<\/strong> L&rsquo;impr\u00e9visibilit\u00e9 et la possibilit\u00e9 de gains importants offrent de fortes exp\u00e9riences \u00e9motionnelles. Le jeu JetX3 donne cette mont\u00e9e d&rsquo;adr\u00e9naline que tous les joueurs recherchent.<\/li>\n<\/ol>\n<p>Le jeu en ligne JetX 3 offre une exp\u00e9rience fra\u00eeche et innovante dans les casinos en ligne, combinant des \u00e9l\u00e9ments de chance, de strat\u00e9gie et de d\u00e9cisions rapides, le rendant attrayant pour diff\u00e9rentes cat\u00e9gories de joueurs.<\/p>\n","protected":false},"excerpt":{"rendered":"<p>Le jeu JetX3 de Smartsoft Gaming est apparu dans les casinos en ligne en 2021 et est devenu l&rsquo;une des machines \u00e0 sous les plus populaires. La machine \u00e0 sous pr\u00e9sente des m\u00e9canismes explosifs non conventionnels, un gameplay unique et des fonctionnalit\u00e9s. Le simulateur de crash offre d&rsquo;excellentes opportunit\u00e9s de gain. Le jeu est radicalement&#8230;<\/p>\n","protected":false},"author":1,"featured_media":0,"parent":0,"menu_order":0,"comment_status":"closed","ping_status":"closed","template":"","meta":{"footnotes":""},"class_list":["post-9","page","type-page","status-publish","hentry"],"yoast_head":"<!-- This site is optimized with the Yoast SEO plugin v27.2 - https:\/\/yoast.com\/product\/yoast-seo-wordpress\/ -->\n<title>\u0418\u0433\u0440\u0430\u0442\u044c \u0432 \u043a\u0440\u0430\u0448 \u0438\u0433\u0440\u0443 JetX3<\/title>\n<meta name=\"description\" content=\"Jouez et gagnez au jeu en ligne JetX3 pour de l&#039;argent r\u00e9el dans un casino en ligne. Meilleures strat\u00e9gies sur comment jouer, t\u00e9l\u00e9chargement sur iPhone et Android, avis r\u00e9els des joueurs.\" \/>\n<meta name=\"robots\" content=\"index, follow, max-snippet:-1, max-image-preview:large, max-video-preview:-1\" \/>\n<link rel=\"canonical\" href=\"https:\/\/jetxgambling.com\/fr\/\" \/>\n<meta property=\"og:locale\" content=\"fr_FR\" \/>\n<meta property=\"og:locale:alternate\" content=\"ru_RU\" \/>\n<meta property=\"og:locale:alternate\" content=\"en_US\" \/>\n<meta property=\"og:locale:alternate\" content=\"pt_PT\" \/>\n<meta property=\"og:locale:alternate\" content=\"es_ES\" \/>\n<meta property=\"og:locale:alternate\" content=\"sr_RS\" \/>\n<meta property=\"og:locale:alternate\" content=\"bg_BG\" \/>\n<meta property=\"og:locale:alternate\" content=\"pl_PL\" \/>\n<meta property=\"og:locale:alternate\" content=\"ro_RO\" \/>\n<meta property=\"og:locale:alternate\" content=\"it_IT\" \/>\n<meta property=\"og:locale:alternate\" content=\"de_DE\" \/>\n<meta property=\"og:type\" content=\"article\" \/>\n<meta property=\"og:title\" content=\"\u0418\u0433\u0440\u0430\u0442\u044c \u0432 \u043a\u0440\u0430\u0448 \u0438\u0433\u0440\u0443 JetX3\" \/>\n<meta property=\"og:description\" content=\"\u0418\u0433\u0440\u0430\u0442\u044c \u0438 \u0432\u044b\u0438\u0433\u0440\u044b\u0432\u0430\u0442\u044c \u0432 \u043e\u043d\u043b\u0430\u0439\u043d \u0438\u0433\u0440\u0443 JetX3 \u043d\u0430 \u0440\u0435\u0430\u043b\u044c\u043d\u044b\u0435 \u0434\u0435\u043d\u044c\u0433\u0438 \u0432 \u043e\u043d\u043b\u0430\u0439\u043d \u043a\u0430\u0437\u0438\u043d\u043e. \u041b\u0443\u0447\u0448\u0438\u0435 \u0441\u0442\u0440\u0430\u0442\u0435\u0433\u0438\u0438 \u043a\u0430\u043a \u0438\u0433\u0440\u0430\u0442\u044c, \u0441\u043a\u0430\u0447\u0430\u0442\u044c \u0430\u0439\u0444\u043e\u043d \u0438 \u0430\u043d\u0434\u0440\u043e\u0438\u0434, \u043e\u0442\u0437\u044b\u0432\u044b \u0440\u0435\u0430\u043b\u044c\u043d\u044b\u0445 \u0438\u0433\u0440\u043e\u043a\u043e\u0432\" \/>\n<meta property=\"og:url\" content=\"https:\/\/jetxgambling.com\/fr\/\" \/>\n<meta property=\"og:site_name\" content=\"JetX\" \/>\n<meta property=\"article:modified_time\" content=\"2024-04-15T19:38:11+00:00\" \/>\n<meta name=\"twitter:card\" content=\"summary_large_image\" \/>\n<meta name=\"twitter:label1\" content=\"Dur\u00e9e de lecture estim\u00e9e\" \/>\n\t<meta name=\"twitter:data1\" content=\"27 minutes\" \/>\n<script type=\"application\/ld+json\" class=\"yoast-schema-graph\">{\"@context\":\"https:\/\/schema.org\",\"@graph\":[{\"@type\":\"WebPage\",\"@id\":\"https:\/\/jetxgambling.com\/\",\"url\":\"https:\/\/jetxgambling.com\/\",\"name\":\"\u0418\u0433\u0440\u0430\u0442\u044c \u0432 \u043a\u0440\u0430\u0448 \u0438\u0433\u0440\u0443 JetX3\",\"isPartOf\":{\"@id\":\"https:\/\/jetxgambling.com\/#website\"},\"datePublished\":\"2024-01-05T17:25:34+00:00\",\"dateModified\":\"2024-04-15T19:38:11+00:00\",\"description\":\"\u0418\u0433\u0440\u0430\u0442\u044c \u0438 \u0432\u044b\u0438\u0433\u0440\u044b\u0432\u0430\u0442\u044c \u0432 \u043e\u043d\u043b\u0430\u0439\u043d \u0438\u0433\u0440\u0443 JetX3 \u043d\u0430 \u0440\u0435\u0430\u043b\u044c\u043d\u044b\u0435 \u0434\u0435\u043d\u044c\u0433\u0438 \u0432 \u043e\u043d\u043b\u0430\u0439\u043d \u043a\u0430\u0437\u0438\u043d\u043e. \u041b\u0443\u0447\u0448\u0438\u0435 \u0441\u0442\u0440\u0430\u0442\u0435\u0433\u0438\u0438 \u043a\u0430\u043a \u0438\u0433\u0440\u0430\u0442\u044c, \u0441\u043a\u0430\u0447\u0430\u0442\u044c \u0430\u0439\u0444\u043e\u043d \u0438 \u0430\u043d\u0434\u0440\u043e\u0438\u0434, \u043e\u0442\u0437\u044b\u0432\u044b \u0440\u0435\u0430\u043b\u044c\u043d\u044b\u0445 \u0438\u0433\u0440\u043e\u043a\u043e\u0432\",\"breadcrumb\":{\"@id\":\"https:\/\/jetxgambling.com\/#breadcrumb\"},\"inLanguage\":\"fr-FR\",\"potentialAction\":[{\"@type\":\"ReadAction\",\"target\":[\"https:\/\/jetxgambling.com\/\"]}]},{\"@type\":\"BreadcrumbList\",\"@id\":\"https:\/\/jetxgambling.com\/#breadcrumb\",\"itemListElement\":[{\"@type\":\"ListItem\",\"position\":1,\"name\":\"Home\",\"item\":\"https:\/\/jetxgambling.com\/\"},{\"@type\":\"ListItem\",\"position\":2,\"name\":\"\u041e\u0441\u043e\u0431\u0435\u043d\u043d\u043e\u0441\u0442\u0438 \u0438 \u043f\u0440\u0435\u0438\u043c\u0443\u0449\u0435\u0441\u0442\u0432\u0430 \u043d\u043e\u0432\u043e\u0439 \u043a\u0440\u0430\u0448-\u0438\u0433\u0440\u044b JetX 3\"}]},{\"@type\":\"WebSite\",\"@id\":\"https:\/\/jetxgambling.com\/#website\",\"url\":\"https:\/\/jetxgambling.com\/\",\"name\":\"JetX\",\"description\":\"\",\"publisher\":{\"@id\":\"https:\/\/jetxgambling.com\/#organization\"},\"potentialAction\":[{\"@type\":\"SearchAction\",\"target\":{\"@type\":\"EntryPoint\",\"urlTemplate\":\"https:\/\/jetxgambling.com\/?s={search_term_string}\"},\"query-input\":{\"@type\":\"PropertyValueSpecification\",\"valueRequired\":true,\"valueName\":\"search_term_string\"}}],\"inLanguage\":\"fr-FR\"},{\"@type\":\"Organization\",\"@id\":\"https:\/\/jetxgambling.com\/#organization\",\"name\":\"JetX\",\"url\":\"https:\/\/jetxgambling.com\/\",\"logo\":{\"@type\":\"ImageObject\",\"inLanguage\":\"fr-FR\",\"@id\":\"https:\/\/jetxgambling.com\/#\/schema\/logo\/image\/\",\"url\":\"https:\/\/jetxgambling.com\/wp-content\/uploads\/2024\/01\/jetx-slot-logo.png\",\"contentUrl\":\"https:\/\/jetxgambling.com\/wp-content\/uploads\/2024\/01\/jetx-slot-logo.png\",\"width\":200,\"height\":101,\"caption\":\"JetX\"},\"image\":{\"@id\":\"https:\/\/jetxgambling.com\/#\/schema\/logo\/image\/\"}}]}<\/script>\n<!-- \/ Yoast SEO plugin. -->","yoast_head_json":{"title":"\u0418\u0433\u0440\u0430\u0442\u044c \u0432 \u043a\u0440\u0430\u0448 \u0438\u0433\u0440\u0443 JetX3","description":"Jouez et gagnez au jeu en ligne JetX3 pour de l'argent r\u00e9el dans un casino en ligne. Meilleures strat\u00e9gies sur comment jouer, t\u00e9l\u00e9chargement sur iPhone et Android, avis r\u00e9els des joueurs.","robots":{"index":"index","follow":"follow","max-snippet":"max-snippet:-1","max-image-preview":"max-image-preview:large","max-video-preview":"max-video-preview:-1"},"canonical":"https:\/\/jetxgambling.com\/fr\/","og_locale":"fr_FR","og_type":"article","og_title":"\u0418\u0433\u0440\u0430\u0442\u044c \u0432 \u043a\u0440\u0430\u0448 \u0438\u0433\u0440\u0443 JetX3","og_description":"\u0418\u0433\u0440\u0430\u0442\u044c \u0438 \u0432\u044b\u0438\u0433\u0440\u044b\u0432\u0430\u0442\u044c \u0432 \u043e\u043d\u043b\u0430\u0439\u043d \u0438\u0433\u0440\u0443 JetX3 \u043d\u0430 \u0440\u0435\u0430\u043b\u044c\u043d\u044b\u0435 \u0434\u0435\u043d\u044c\u0433\u0438 \u0432 \u043e\u043d\u043b\u0430\u0439\u043d \u043a\u0430\u0437\u0438\u043d\u043e. \u041b\u0443\u0447\u0448\u0438\u0435 \u0441\u0442\u0440\u0430\u0442\u0435\u0433\u0438\u0438 \u043a\u0430\u043a \u0438\u0433\u0440\u0430\u0442\u044c, \u0441\u043a\u0430\u0447\u0430\u0442\u044c \u0430\u0439\u0444\u043e\u043d \u0438 \u0430\u043d\u0434\u0440\u043e\u0438\u0434, \u043e\u0442\u0437\u044b\u0432\u044b \u0440\u0435\u0430\u043b\u044c\u043d\u044b\u0445 \u0438\u0433\u0440\u043e\u043a\u043e\u0432","og_url":"https:\/\/jetxgambling.com\/fr\/","og_site_name":"JetX","article_modified_time":"2024-04-15T19:38:11+00:00","twitter_card":"summary_large_image","twitter_misc":{"Dur\u00e9e de lecture estim\u00e9e":"27 minutes"},"schema":{"@context":"https:\/\/schema.org","@graph":[{"@type":"WebPage","@id":"https:\/\/jetxgambling.com\/","url":"https:\/\/jetxgambling.com\/","name":"\u0418\u0433\u0440\u0430\u0442\u044c \u0432 \u043a\u0440\u0430\u0448 \u0438\u0433\u0440\u0443 JetX3","isPartOf":{"@id":"https:\/\/jetxgambling.com\/#website"},"datePublished":"2024-01-05T17:25:34+00:00","dateModified":"2024-04-15T19:38:11+00:00","description":"\u0418\u0433\u0440\u0430\u0442\u044c \u0438 \u0432\u044b\u0438\u0433\u0440\u044b\u0432\u0430\u0442\u044c \u0432 \u043e\u043d\u043b\u0430\u0439\u043d \u0438\u0433\u0440\u0443 JetX3 \u043d\u0430 \u0440\u0435\u0430\u043b\u044c\u043d\u044b\u0435 \u0434\u0435\u043d\u044c\u0433\u0438 \u0432 \u043e\u043d\u043b\u0430\u0439\u043d \u043a\u0430\u0437\u0438\u043d\u043e. \u041b\u0443\u0447\u0448\u0438\u0435 \u0441\u0442\u0440\u0430\u0442\u0435\u0433\u0438\u0438 \u043a\u0430\u043a \u0438\u0433\u0440\u0430\u0442\u044c, \u0441\u043a\u0430\u0447\u0430\u0442\u044c \u0430\u0439\u0444\u043e\u043d \u0438 \u0430\u043d\u0434\u0440\u043e\u0438\u0434, \u043e\u0442\u0437\u044b\u0432\u044b \u0440\u0435\u0430\u043b\u044c\u043d\u044b\u0445 \u0438\u0433\u0440\u043e\u043a\u043e\u0432","breadcrumb":{"@id":"https:\/\/jetxgambling.com\/#breadcrumb"},"inLanguage":"fr-FR","potentialAction":[{"@type":"ReadAction","target":["https:\/\/jetxgambling.com\/"]}]},{"@type":"BreadcrumbList","@id":"https:\/\/jetxgambling.com\/#breadcrumb","itemListElement":[{"@type":"ListItem","position":1,"name":"Home","item":"https:\/\/jetxgambling.com\/"},{"@type":"ListItem","position":2,"name":"\u041e\u0441\u043e\u0431\u0435\u043d\u043d\u043e\u0441\u0442\u0438 \u0438 \u043f\u0440\u0435\u0438\u043c\u0443\u0449\u0435\u0441\u0442\u0432\u0430 \u043d\u043e\u0432\u043e\u0439 \u043a\u0440\u0430\u0448-\u0438\u0433\u0440\u044b JetX 3"}]},{"@type":"WebSite","@id":"https:\/\/jetxgambling.com\/#website","url":"https:\/\/jetxgambling.com\/","name":"JetX","description":"","publisher":{"@id":"https:\/\/jetxgambling.com\/#organization"},"potentialAction":[{"@type":"SearchAction","target":{"@type":"EntryPoint","urlTemplate":"https:\/\/jetxgambling.com\/?s={search_term_string}"},"query-input":{"@type":"PropertyValueSpecification","valueRequired":true,"valueName":"search_term_string"}}],"inLanguage":"fr-FR"},{"@type":"Organization","@id":"https:\/\/jetxgambling.com\/#organization","name":"JetX","url":"https:\/\/jetxgambling.com\/","logo":{"@type":"ImageObject","inLanguage":"fr-FR","@id":"https:\/\/jetxgambling.com\/#\/schema\/logo\/image\/","url":"https:\/\/jetxgambling.com\/wp-content\/uploads\/2024\/01\/jetx-slot-logo.png","contentUrl":"https:\/\/jetxgambling.com\/wp-content\/uploads\/2024\/01\/jetx-slot-logo.png","width":200,"height":101,"caption":"JetX"},"image":{"@id":"https:\/\/jetxgambling.com\/#\/schema\/logo\/image\/"}}]}},"_links":{"self":[{"href":"https:\/\/jetxgambling.com\/fr\/wp-json\/wp\/v2\/pages\/9","targetHints":{"allow":["GET"]}}],"collection":[{"href":"https:\/\/jetxgambling.com\/fr\/wp-json\/wp\/v2\/pages"}],"about":[{"href":"https:\/\/jetxgambling.com\/fr\/wp-json\/wp\/v2\/types\/page"}],"author":[{"embeddable":true,"href":"https:\/\/jetxgambling.com\/fr\/wp-json\/wp\/v2\/users\/1"}],"replies":[{"embeddable":true,"href":"https:\/\/jetxgambling.com\/fr\/wp-json\/wp\/v2\/comments?post=9"}],"version-history":[{"count":25,"href":"https:\/\/jetxgambling.com\/fr\/wp-json\/wp\/v2\/pages\/9\/revisions"}],"predecessor-version":[{"id":122,"href":"https:\/\/jetxgambling.com\/fr\/wp-json\/wp\/v2\/pages\/9\/revisions\/122"}],"wp:attachment":[{"href":"https:\/\/jetxgambling.com\/fr\/wp-json\/wp\/v2\/media?parent=9"}],"curies":[{"name":"wp","href":"https:\/\/api.w.org\/{rel}","templated":true}]}}