{"id":15,"date":"2024-01-05T17:28:54","date_gmt":"2024-01-05T17:28:54","guid":{"rendered":"https:\/\/jetxgambling.com\/?page_id=15"},"modified":"2024-04-15T19:36:13","modified_gmt":"2024-04-15T19:36:13","slug":"jetx3-reviews","status":"publish","type":"page","link":"https:\/\/jetxgambling.com\/it\/jetx3-reviews\/","title":{"rendered":"Recensioni"},"content":{"rendered":"<p>Il gioco JetX3 sta diventando sempre pi\u00f9 popolare tra i giocatori di diversi paesi del mondo. E non \u00e8 sorprendente perch\u00e9 il gioco a schianto \u00e8 meticolosamente progettato e offre ampie possibilit\u00e0 per i giocatori d&#8217;azzardo.<\/p>\n<p><strong>JetX3 Crash Game &#8211; Un&#8217;esplosione di emozioni!<\/strong><\/p>\n<p>Un gameplay unico con tre navicelle spaziali ti tiene sul filo con ogni decollo. Adoro la dinamicit\u00e0 e l&#8217;imprevedibilit\u00e0 di questo gioco.<\/p>\n<p>Maria, 20 anni.<\/p>\n<p><strong>Gioco a JetX3 da alcune settimane<\/strong><\/p>\n<p>Gioco a JetX3 da alcune settimane e posso dire che \u00e8 uno dei giochi pi\u00f9 emozionanti della mia collezione. La semplicit\u00e0 delle regole e il potenziale per grandi vincite lo rendono perfetto per brevi pause durante il lavoro. Puoi iniziare e smettere di giocare in qualsiasi momento.<\/p>\n<p>Olga, 32 anni.<\/p>\n<p><strong>JetX3 Differisce da Tutto Ci\u00f2 che Ho Visto Prima<\/strong><\/p>\n<p>Formato innovativo e la possibilit\u00e0 di scommettere su tre jet contemporaneamente: \u00e8 semplicemente eccezionale. Ogni round \u00e8 pieno di sorprese! Questo \u00e8 davvero un gioco da casin\u00f2 che vale la pena provare.<\/p>\n<p>Mark, 45 anni.<\/p>\n<p><strong>Mere l&#8217;attenzione<\/strong><\/p>\n<p>Questo gioco merita davvero l&#8217;attenzione. JetX3 combina semplicit\u00e0, eccitazione e la possibilit\u00e0 di una grande vincita. Sento sempre l&#8217;adrenalina quando i moltiplicatori cominciano a salire.<\/p>\n<p>Alexander, 30 anni.<\/p>\n<p><strong>JetX3 &#8211; Uno dei Modi Migliori per Trascorrere del Tempo in un Casin\u00f2 Online<\/strong><\/p>\n<p>Come fan dei giochi d&#8217;azzardo, considero JetX3 uno dei modi migliori per trascorrere del tempo in un casin\u00f2 online. La chat live e il formato multiplayer aggiungono un aspetto sociale al gioco, rendendolo ancora pi\u00f9 attraente.<\/p>\n<p>Giocatore, 25 anni.<\/p>\n<p><strong>Ho Provato a Giocare a JetX3 Gratis e mi Sono Innamorato<\/strong><\/p>\n<p>Ho provato a giocare a JetX3 gratis e mi sono subito innamorato del gioco. \u00c8 perfetto sia per brevi sessioni che per maratone di gioco prolungate. Lo consiglio a tutti!<\/p>\n<p>Bruno, 27 anni.<\/p>\n<p><strong>Controllo del Gioco in JetX3<\/strong><\/p>\n<p>In JetX3, mi piace particolarmente la possibilit\u00e0 di controllare il gioco. Scegliere il momento per reclamare le vincite aggiunge un elemento strategico e rende ogni round speciale.<\/p>\n<p>Maxim, 29 anni.<\/p>\n<p><strong>Un Vero Gioiello<\/strong><\/p>\n<p>Questo gioco \u00e8 un vero gioiello. JetX3 mi ha sorpreso con il suo design e la sua meccanica. Cos\u00ec tanti nervi ed emozioni in ogni round &#8211; \u00e8 impossibile staccarsi! Inoltre, la possibilit\u00e0 di vincere, come sembra, ora nei casin\u00f2 online, si pu\u00f2 vincere solo nei giochi a schianto.<\/p>\n<p>Diana, 29 anni.<\/p>\n<p><strong>Eccellente Variet\u00e0 per gli Appassionati di Gioco d&#8217;Azzardo<\/strong><\/p>\n<p>JetX3 non solo intrattiene, ma offre anche la possibilit\u00e0 di buone vincite. Mi piace che il gioco sia adatto sia ai principianti che ai giocatori esperti.<\/p>\n<p>Mariana, 38 anni.<\/p>\n<p><strong>JetX3 &#8211; Un Gioco che ti Tiene Sul Filo del Rasoio<\/strong><\/p>\n<p>JetX3 \u00e8 un gioco che ti tiene costantemente sul filo del rasoio. Adoro l&#8217;emozione quando i jet decollano e devi decidere quando reclamare le tue vincite. Ogni partita \u00e8 una nuova avventura!<\/p>\n<p>Stas, 19 anni.<\/p>\n","protected":false},"excerpt":{"rendered":"<p>Il gioco JetX3 sta diventando sempre pi\u00f9 popolare tra i giocatori di diversi paesi del mondo. E non \u00e8 sorprendente perch\u00e9 il gioco a schianto \u00e8 meticolosamente progettato e offre ampie possibilit\u00e0 per i giocatori d&#8217;azzardo. JetX3 Crash Game &#8211; Un&#8217;esplosione di emozioni! Un gameplay unico con tre navicelle spaziali ti tiene sul filo con&#8230;<\/p>\n","protected":false},"author":1,"featured_media":0,"parent":0,"menu_order":0,"comment_status":"closed","ping_status":"closed","template":"","meta":{"footnotes":""},"class_list":["post-15","page","type-page","status-publish","hentry"],"yoast_head":"<!-- This site is optimized with the Yoast SEO plugin v27.2 - https:\/\/yoast.com\/product\/yoast-seo-wordpress\/ -->\n<title>\u041e\u0442\u0437\u044b\u0432\u044b \u0440\u0435\u0430\u043b\u044c\u043d\u044b\u0445 \u0438\u0433\u0440\u043e\u043a\u043e\u0432 \u043e\u0431 \u0438\u0433\u0440\u0435 JetX3<\/title>\n<meta name=\"description\" content=\"Una panoramica del gioco JetX3 e opinioni da veri giocatori sul gioco JetX3. Recensioni e opinioni sincere sul gioco di crash JetX3, una recensione che ti aiuter\u00e0 a formare la tua opinione.\" \/>\n<meta name=\"robots\" content=\"index, follow, max-snippet:-1, max-image-preview:large, max-video-preview:-1\" \/>\n<link rel=\"canonical\" href=\"https:\/\/jetxgambling.com\/it\/jetx3-reviews\/\" \/>\n<meta property=\"og:locale\" content=\"it_IT\" \/>\n<meta property=\"og:locale:alternate\" content=\"ru_RU\" \/>\n<meta property=\"og:locale:alternate\" content=\"en_US\" \/>\n<meta property=\"og:locale:alternate\" content=\"pt_PT\" \/>\n<meta property=\"og:locale:alternate\" content=\"es_ES\" \/>\n<meta property=\"og:locale:alternate\" content=\"sr_RS\" \/>\n<meta property=\"og:locale:alternate\" content=\"bg_BG\" \/>\n<meta property=\"og:locale:alternate\" content=\"pl_PL\" \/>\n<meta property=\"og:locale:alternate\" content=\"ro_RO\" \/>\n<meta property=\"og:locale:alternate\" content=\"fr_FR\" \/>\n<meta property=\"og:locale:alternate\" content=\"de_DE\" \/>\n<meta property=\"og:type\" content=\"article\" \/>\n<meta property=\"og:title\" content=\"\u041e\u0442\u0437\u044b\u0432\u044b \u0440\u0435\u0430\u043b\u044c\u043d\u044b\u0445 \u0438\u0433\u0440\u043e\u043a\u043e\u0432 \u043e\u0431 \u0438\u0433\u0440\u0435 JetX3\" \/>\n<meta property=\"og:description\" content=\"\u041e\u0431\u0437\u043e\u0440 \u0438\u0433\u0440\u044b JetX3 \u0438 \u043c\u043d\u0435\u043d\u0438\u044f \u043d\u0430\u0441\u0442\u043e\u044f\u0449\u0438\u0445 \u0438\u0433\u0440\u043e\u043a\u043e\u0432 \u043e\u0431 \u0438\u0433\u0440\u0435 JetX3. \u041e\u0442\u0437\u044b\u0432\u044b \u0438 \u0447\u0435\u0441\u0442\u043d\u043e\u0435 \u043c\u043d\u0435\u043d\u0438\u0435 \u043e \u043a\u0440\u0430\u0448 \u0438\u0433\u0440\u0435 JetX3, \u043e\u0431\u0437\u043e\u0440, \u043a\u043e\u0442\u043e\u0440\u044b\u0439 \u043f\u043e\u0437\u0432\u043e\u043b\u0438\u0442 \u0441\u043e\u0441\u0442\u0430\u0432\u0438\u0442\u044c \u0441\u043e\u0431\u0441\u0442\u0432\u0435\u043d\u043d\u043e\u0435 \u043c\u043d\u0435\u043d\u0438\u0435\" \/>\n<meta property=\"og:url\" content=\"https:\/\/jetxgambling.com\/it\/jetx3-reviews\/\" \/>\n<meta property=\"og:site_name\" content=\"JetX\" \/>\n<meta property=\"article:modified_time\" content=\"2024-04-15T19:36:13+00:00\" \/>\n<meta name=\"twitter:card\" content=\"summary_large_image\" \/>\n<meta name=\"twitter:label1\" content=\"Tempo di lettura stimato\" \/>\n\t<meta name=\"twitter:data1\" content=\"20 minuti\" \/>\n<script type=\"application\/ld+json\" class=\"yoast-schema-graph\">{\"@context\":\"https:\/\/schema.org\",\"@graph\":[{\"@type\":\"WebPage\",\"@id\":\"https:\/\/jetxgambling.com\/jetx3-reviews\/\",\"url\":\"https:\/\/jetxgambling.com\/jetx3-reviews\/\",\"name\":\"\u041e\u0442\u0437\u044b\u0432\u044b \u0440\u0435\u0430\u043b\u044c\u043d\u044b\u0445 \u0438\u0433\u0440\u043e\u043a\u043e\u0432 \u043e\u0431 \u0438\u0433\u0440\u0435 JetX3\",\"isPartOf\":{\"@id\":\"https:\/\/jetxgambling.com\/#website\"},\"datePublished\":\"2024-01-05T17:28:54+00:00\",\"dateModified\":\"2024-04-15T19:36:13+00:00\",\"description\":\"\u041e\u0431\u0437\u043e\u0440 \u0438\u0433\u0440\u044b JetX3 \u0438 \u043c\u043d\u0435\u043d\u0438\u044f \u043d\u0430\u0441\u0442\u043e\u044f\u0449\u0438\u0445 \u0438\u0433\u0440\u043e\u043a\u043e\u0432 \u043e\u0431 \u0438\u0433\u0440\u0435 JetX3. \u041e\u0442\u0437\u044b\u0432\u044b \u0438 \u0447\u0435\u0441\u0442\u043d\u043e\u0435 \u043c\u043d\u0435\u043d\u0438\u0435 \u043e \u043a\u0440\u0430\u0448 \u0438\u0433\u0440\u0435 JetX3, \u043e\u0431\u0437\u043e\u0440, \u043a\u043e\u0442\u043e\u0440\u044b\u0439 \u043f\u043e\u0437\u0432\u043e\u043b\u0438\u0442 \u0441\u043e\u0441\u0442\u0430\u0432\u0438\u0442\u044c \u0441\u043e\u0431\u0441\u0442\u0432\u0435\u043d\u043d\u043e\u0435 \u043c\u043d\u0435\u043d\u0438\u0435\",\"breadcrumb\":{\"@id\":\"https:\/\/jetxgambling.com\/jetx3-reviews\/#breadcrumb\"},\"inLanguage\":\"it-IT\",\"potentialAction\":[{\"@type\":\"ReadAction\",\"target\":[\"https:\/\/jetxgambling.com\/jetx3-reviews\/\"]}]},{\"@type\":\"BreadcrumbList\",\"@id\":\"https:\/\/jetxgambling.com\/jetx3-reviews\/#breadcrumb\",\"itemListElement\":[{\"@type\":\"ListItem\",\"position\":1,\"name\":\"Home\",\"item\":\"https:\/\/jetxgambling.com\/\"},{\"@type\":\"ListItem\",\"position\":2,\"name\":\"\u041e\u0442\u0437\u044b\u0432\u044b\"}]},{\"@type\":\"WebSite\",\"@id\":\"https:\/\/jetxgambling.com\/#website\",\"url\":\"https:\/\/jetxgambling.com\/\",\"name\":\"JetX\",\"description\":\"\",\"publisher\":{\"@id\":\"https:\/\/jetxgambling.com\/#organization\"},\"potentialAction\":[{\"@type\":\"SearchAction\",\"target\":{\"@type\":\"EntryPoint\",\"urlTemplate\":\"https:\/\/jetxgambling.com\/?s={search_term_string}\"},\"query-input\":{\"@type\":\"PropertyValueSpecification\",\"valueRequired\":true,\"valueName\":\"search_term_string\"}}],\"inLanguage\":\"it-IT\"},{\"@type\":\"Organization\",\"@id\":\"https:\/\/jetxgambling.com\/#organization\",\"name\":\"JetX\",\"url\":\"https:\/\/jetxgambling.com\/\",\"logo\":{\"@type\":\"ImageObject\",\"inLanguage\":\"it-IT\",\"@id\":\"https:\/\/jetxgambling.com\/#\/schema\/logo\/image\/\",\"url\":\"https:\/\/jetxgambling.com\/wp-content\/uploads\/2024\/01\/jetx-slot-logo.png\",\"contentUrl\":\"https:\/\/jetxgambling.com\/wp-content\/uploads\/2024\/01\/jetx-slot-logo.png\",\"width\":200,\"height\":101,\"caption\":\"JetX\"},\"image\":{\"@id\":\"https:\/\/jetxgambling.com\/#\/schema\/logo\/image\/\"}}]}<\/script>\n<!-- \/ Yoast SEO plugin. -->","yoast_head_json":{"title":"\u041e\u0442\u0437\u044b\u0432\u044b \u0440\u0435\u0430\u043b\u044c\u043d\u044b\u0445 \u0438\u0433\u0440\u043e\u043a\u043e\u0432 \u043e\u0431 \u0438\u0433\u0440\u0435 JetX3","description":"Una panoramica del gioco JetX3 e opinioni da veri giocatori sul gioco JetX3. Recensioni e opinioni sincere sul gioco di crash JetX3, una recensione che ti aiuter\u00e0 a formare la tua opinione.","robots":{"index":"index","follow":"follow","max-snippet":"max-snippet:-1","max-image-preview":"max-image-preview:large","max-video-preview":"max-video-preview:-1"},"canonical":"https:\/\/jetxgambling.com\/it\/jetx3-reviews\/","og_locale":"it_IT","og_type":"article","og_title":"\u041e\u0442\u0437\u044b\u0432\u044b \u0440\u0435\u0430\u043b\u044c\u043d\u044b\u0445 \u0438\u0433\u0440\u043e\u043a\u043e\u0432 \u043e\u0431 \u0438\u0433\u0440\u0435 JetX3","og_description":"\u041e\u0431\u0437\u043e\u0440 \u0438\u0433\u0440\u044b JetX3 \u0438 \u043c\u043d\u0435\u043d\u0438\u044f \u043d\u0430\u0441\u0442\u043e\u044f\u0449\u0438\u0445 \u0438\u0433\u0440\u043e\u043a\u043e\u0432 \u043e\u0431 \u0438\u0433\u0440\u0435 JetX3. \u041e\u0442\u0437\u044b\u0432\u044b \u0438 \u0447\u0435\u0441\u0442\u043d\u043e\u0435 \u043c\u043d\u0435\u043d\u0438\u0435 \u043e \u043a\u0440\u0430\u0448 \u0438\u0433\u0440\u0435 JetX3, \u043e\u0431\u0437\u043e\u0440, \u043a\u043e\u0442\u043e\u0440\u044b\u0439 \u043f\u043e\u0437\u0432\u043e\u043b\u0438\u0442 \u0441\u043e\u0441\u0442\u0430\u0432\u0438\u0442\u044c \u0441\u043e\u0431\u0441\u0442\u0432\u0435\u043d\u043d\u043e\u0435 \u043c\u043d\u0435\u043d\u0438\u0435","og_url":"https:\/\/jetxgambling.com\/it\/jetx3-reviews\/","og_site_name":"JetX","article_modified_time":"2024-04-15T19:36:13+00:00","twitter_card":"summary_large_image","twitter_misc":{"Tempo di lettura stimato":"20 minuti"},"schema":{"@context":"https:\/\/schema.org","@graph":[{"@type":"WebPage","@id":"https:\/\/jetxgambling.com\/jetx3-reviews\/","url":"https:\/\/jetxgambling.com\/jetx3-reviews\/","name":"\u041e\u0442\u0437\u044b\u0432\u044b \u0440\u0435\u0430\u043b\u044c\u043d\u044b\u0445 \u0438\u0433\u0440\u043e\u043a\u043e\u0432 \u043e\u0431 \u0438\u0433\u0440\u0435 JetX3","isPartOf":{"@id":"https:\/\/jetxgambling.com\/#website"},"datePublished":"2024-01-05T17:28:54+00:00","dateModified":"2024-04-15T19:36:13+00:00","description":"\u041e\u0431\u0437\u043e\u0440 \u0438\u0433\u0440\u044b JetX3 \u0438 \u043c\u043d\u0435\u043d\u0438\u044f \u043d\u0430\u0441\u0442\u043e\u044f\u0449\u0438\u0445 \u0438\u0433\u0440\u043e\u043a\u043e\u0432 \u043e\u0431 \u0438\u0433\u0440\u0435 JetX3. \u041e\u0442\u0437\u044b\u0432\u044b \u0438 \u0447\u0435\u0441\u0442\u043d\u043e\u0435 \u043c\u043d\u0435\u043d\u0438\u0435 \u043e \u043a\u0440\u0430\u0448 \u0438\u0433\u0440\u0435 JetX3, \u043e\u0431\u0437\u043e\u0440, \u043a\u043e\u0442\u043e\u0440\u044b\u0439 \u043f\u043e\u0437\u0432\u043e\u043b\u0438\u0442 \u0441\u043e\u0441\u0442\u0430\u0432\u0438\u0442\u044c \u0441\u043e\u0431\u0441\u0442\u0432\u0435\u043d\u043d\u043e\u0435 \u043c\u043d\u0435\u043d\u0438\u0435","breadcrumb":{"@id":"https:\/\/jetxgambling.com\/jetx3-reviews\/#breadcrumb"},"inLanguage":"it-IT","potentialAction":[{"@type":"ReadAction","target":["https:\/\/jetxgambling.com\/jetx3-reviews\/"]}]},{"@type":"BreadcrumbList","@id":"https:\/\/jetxgambling.com\/jetx3-reviews\/#breadcrumb","itemListElement":[{"@type":"ListItem","position":1,"name":"Home","item":"https:\/\/jetxgambling.com\/"},{"@type":"ListItem","position":2,"name":"\u041e\u0442\u0437\u044b\u0432\u044b"}]},{"@type":"WebSite","@id":"https:\/\/jetxgambling.com\/#website","url":"https:\/\/jetxgambling.com\/","name":"JetX","description":"","publisher":{"@id":"https:\/\/jetxgambling.com\/#organization"},"potentialAction":[{"@type":"SearchAction","target":{"@type":"EntryPoint","urlTemplate":"https:\/\/jetxgambling.com\/?s={search_term_string}"},"query-input":{"@type":"PropertyValueSpecification","valueRequired":true,"valueName":"search_term_string"}}],"inLanguage":"it-IT"},{"@type":"Organization","@id":"https:\/\/jetxgambling.com\/#organization","name":"JetX","url":"https:\/\/jetxgambling.com\/","logo":{"@type":"ImageObject","inLanguage":"it-IT","@id":"https:\/\/jetxgambling.com\/#\/schema\/logo\/image\/","url":"https:\/\/jetxgambling.com\/wp-content\/uploads\/2024\/01\/jetx-slot-logo.png","contentUrl":"https:\/\/jetxgambling.com\/wp-content\/uploads\/2024\/01\/jetx-slot-logo.png","width":200,"height":101,"caption":"JetX"},"image":{"@id":"https:\/\/jetxgambling.com\/#\/schema\/logo\/image\/"}}]}},"_links":{"self":[{"href":"https:\/\/jetxgambling.com\/it\/wp-json\/wp\/v2\/pages\/15","targetHints":{"allow":["GET"]}}],"collection":[{"href":"https:\/\/jetxgambling.com\/it\/wp-json\/wp\/v2\/pages"}],"about":[{"href":"https:\/\/jetxgambling.com\/it\/wp-json\/wp\/v2\/types\/page"}],"author":[{"embeddable":true,"href":"https:\/\/jetxgambling.com\/it\/wp-json\/wp\/v2\/users\/1"}],"replies":[{"embeddable":true,"href":"https:\/\/jetxgambling.com\/it\/wp-json\/wp\/v2\/comments?post=15"}],"version-history":[{"count":25,"href":"https:\/\/jetxgambling.com\/it\/wp-json\/wp\/v2\/pages\/15\/revisions"}],"predecessor-version":[{"id":123,"href":"https:\/\/jetxgambling.com\/it\/wp-json\/wp\/v2\/pages\/15\/revisions\/123"}],"wp:attachment":[{"href":"https:\/\/jetxgambling.com\/it\/wp-json\/wp\/v2\/media?parent=15"}],"curies":[{"name":"wp","href":"https:\/\/api.w.org\/{rel}","templated":true}]}}