{"id":9,"date":"2024-01-05T17:25:34","date_gmt":"2024-01-05T17:25:34","guid":{"rendered":"https:\/\/jetxgambling.com\/?page_id=9"},"modified":"2024-04-15T19:38:11","modified_gmt":"2024-04-15T19:38:11","slug":"jetx3","status":"publish","type":"page","link":"https:\/\/jetxgambling.com\/it\/","title":{"rendered":"Caratteristiche e vantaggi del nuovo gioco Crash JetX3"},"content":{"rendered":"<p>Il gioco JetX3 di Smartsoft Gaming \u00e8 apparso nei casin\u00f2 online nel 2021 ed \u00e8 diventato uno dei giochi pi\u00f9 popolari. La slot presenta una meccanica esplosiva non convenzionale, un gameplay unico e funzionalit\u00e0. Il simulatore di crash offre eccellenti opportunit\u00e0 di vincita. Il gioco \u00e8 radicalmente diverso dalle slot video convenzionali poich\u00e9 mancano sia i rulli che le linee di pagamento. L&#8217;essenza del gameplay \u00e8 &#8220;catturare&#8221; un moltiplicatore di scommessa elevato e ricevere un buon premio in denaro.<\/p>\n<h2><strong>Regole chiave del simulatore JetX3:<\/strong><\/h2>\n<ul>\n<li>Il giocatore attende il completamento del round attuale.<\/li>\n<li>Partecipa a un nuovo lancio di jet.<\/li>\n<li>Piazza una scommessa su uno, due o tre liners.<\/li>\n<li>Pu\u00f2 piazzare una scommessa sul prossimo round.<\/li>\n<li>Il giocatore osserva la crescita dei moltiplicatori.<\/li>\n<li>Sceglie il momento giusto e rivendica le vincite.<\/li>\n<\/ul>\n<p>\u00c8 necessario orientarsi rapidamente e prendere la decisione giusta prima che l&#8217;aereo esploda. Altrimenti, la scommessa del giocatore &#8220;brucia&#8221;. La vincita viene calcolata come il coefficiente fisso moltiplicato per l&#8217;importo della scommessa. Poich\u00e9 tre jet decollano contemporaneamente, \u00e8 possibile ricevere tre premi in denaro contemporaneamente.<\/p>\n<h2><strong>Motivi della popolarit\u00e0 del gioco JetX3:<\/strong><\/h2>\n<p>Il gioco JetX 3 di Smartsoft Gaming \u00e8 un&#8217;aggiunta unica al mondo dei casin\u00f2 online, grazie alle sue caratteristiche e vantaggi insoliti. La principale differenza di JetX 3 rispetto alle slot tradizionali risiede nella sua innovativa meccanica di crash, non nell&#8217;uso dei rulli e delle linee di pagamento ordinari. Ecco le principali caratteristiche e vantaggi di JetX 3:<\/p>\n<ol>\n<li><strong>Meccanica di gioco non convenzionale:<\/strong> invece dei tradizionali rulli rotanti, il gioco \u00e8 un simulatore di crash con tre navicelle spaziali. Queste navicelle decollano, aumentando i moltiplicatori delle scommesse.<\/li>\n<li><strong>Gameplay unico:<\/strong> i giocatori piazzano scommesse su una, due o tutte e tre le navicelle spaziali e ne osservano il decollo. L&#8217;essenza del gioco \u00e8 scegliere il momento giusto per rivendicare le vincite prima che la navicella esploda. Questo approccio differisce significativamente dagli altri giochi di crash in cui si segue un oggetto, come un aereo, e si cerca di prevedere l&#8217;esito. Giocare a JetX3 \u00e8 pi\u00f9 impegnativo, ma offre un livello pi\u00f9 alto di coinvolgimento.<\/li>\n<li><strong>Potenziale per vincite significative:<\/strong> grazie ai moltiplicatori delle scommesse in crescita durante il volo, i giocatori hanno la possibilit\u00e0 di ricevere vincite sostanziali. Ognuno pu\u00f2 vincere.<\/li>\n<li><strong>Design e animazioni attraenti:<\/strong> JetX 3 ha un design elegante e moderno con navicelle spaziali e un cielo stellato scuro sullo sfondo, creando un&#8217;atmosfera emozionante. Molti giocatori sostengono che il design e le animazioni di questo gioco siano molto migliori di quelli dei concorrenti ben noti.<\/li>\n<li><strong>Regole intuitivamente comprensibili:<\/strong> nonostante il formato non convenzionale, le regole del gioco sono semplici e comprensibili, rendendolo accessibile a un&#8217;ampia gamma di giocatori. A differenza delle slot in cui \u00e8 necessario comprendere cosa significa ogni simbolo, le regole dei giochi di crash sono molto pi\u00f9 semplici.<\/li>\n<li><strong>Opzione per scegliere come giocare:<\/strong> il gioco richiede ai giocatori di prendere decisioni rapide e valutare i rischi, aggiungendo un elemento di strategia. Tuttavia, \u00e8 importante notare che non si tratta di una semplice pressione di tasti. Il giocatore sceglie consapevolmente una strategia di gioco e la segue, aumentando le proprie possibilit\u00e0 di vincere.<\/li>\n<li><strong>Molteplici opportunit\u00e0 di vincita:<\/strong> la possibilit\u00e0 di piazzare scommesse contemporaneamente su tre razzi aumenta le possibilit\u00e0 di vincita. Questo \u00e8 molto meglio, ad esempio, dell&#8217;opzione di scegliere solo un aereo.<\/li>\n<li><strong>Dinamismo:<\/strong> il ritmo veloce del gioco e l&#8217;imprevedibilit\u00e0 dell&#8217;esito di ogni round mantengono un alto livello di coinvolgimento del giocatore.<\/li>\n<li><strong>Variet\u00e0 di scommesse:<\/strong> i giocatori possono scegliere diverse strategie di scommessa in base alle loro preferenze e al loro stile di gioco. Ognuno trover\u00e0 l&#8217;opzione che fa per s\u00e9.<\/li>\n<li><strong>Coinvolgimento emotivo:<\/strong> l&#8217;imprevedibilit\u00e0 e la possibilit\u00e0 di vincite significative offrono forti esperienze emotive. Il gioco JetX3 offre quella scarica di adrenalina che tutti i giocatori cercano.<\/li>\n<\/ol>\n<p>Il gioco online JetX 3 offre un&#8217;esperienza fresca e innovativa nei casin\u00f2 online, combinando elementi di fortuna, strategia e decisioni rapide, rendendolo interessante per diverse categorie di giocatori.<\/p>\n","protected":false},"excerpt":{"rendered":"<p>Il gioco JetX3 di Smartsoft Gaming \u00e8 apparso nei casin\u00f2 online nel 2021 ed \u00e8 diventato uno dei giochi pi\u00f9 popolari. La slot presenta una meccanica esplosiva non convenzionale, un gameplay unico e funzionalit\u00e0. Il simulatore di crash offre eccellenti opportunit\u00e0 di vincita. Il gioco \u00e8 radicalmente diverso dalle slot video convenzionali poich\u00e9 mancano sia&#8230;<\/p>\n","protected":false},"author":1,"featured_media":0,"parent":0,"menu_order":0,"comment_status":"closed","ping_status":"closed","template":"","meta":{"footnotes":""},"class_list":["post-9","page","type-page","status-publish","hentry"],"yoast_head":"<!-- This site is optimized with the Yoast SEO plugin v27.2 - https:\/\/yoast.com\/product\/yoast-seo-wordpress\/ -->\n<title>\u0418\u0433\u0440\u0430\u0442\u044c \u0432 \u043a\u0440\u0430\u0448 \u0438\u0433\u0440\u0443 JetX3<\/title>\n<meta name=\"description\" content=\"Gioca e vinci al gioco online JetX3 per soldi veri in un casin\u00f2 online. Le migliori strategie su come giocare, download su iPhone e Android, recensioni reali dei giocatori.\" \/>\n<meta name=\"robots\" content=\"index, follow, max-snippet:-1, max-image-preview:large, max-video-preview:-1\" \/>\n<link rel=\"canonical\" href=\"https:\/\/jetxgambling.com\/it\/\" \/>\n<meta property=\"og:locale\" content=\"it_IT\" \/>\n<meta property=\"og:locale:alternate\" content=\"ru_RU\" \/>\n<meta property=\"og:locale:alternate\" content=\"en_US\" \/>\n<meta property=\"og:locale:alternate\" content=\"pt_PT\" \/>\n<meta property=\"og:locale:alternate\" content=\"es_ES\" \/>\n<meta property=\"og:locale:alternate\" content=\"sr_RS\" \/>\n<meta property=\"og:locale:alternate\" content=\"bg_BG\" \/>\n<meta property=\"og:locale:alternate\" content=\"pl_PL\" \/>\n<meta property=\"og:locale:alternate\" content=\"ro_RO\" \/>\n<meta property=\"og:locale:alternate\" content=\"fr_FR\" \/>\n<meta property=\"og:locale:alternate\" content=\"de_DE\" \/>\n<meta property=\"og:type\" content=\"article\" \/>\n<meta property=\"og:title\" content=\"\u0418\u0433\u0440\u0430\u0442\u044c \u0432 \u043a\u0440\u0430\u0448 \u0438\u0433\u0440\u0443 JetX3\" \/>\n<meta property=\"og:description\" content=\"\u0418\u0433\u0440\u0430\u0442\u044c \u0438 \u0432\u044b\u0438\u0433\u0440\u044b\u0432\u0430\u0442\u044c \u0432 \u043e\u043d\u043b\u0430\u0439\u043d \u0438\u0433\u0440\u0443 JetX3 \u043d\u0430 \u0440\u0435\u0430\u043b\u044c\u043d\u044b\u0435 \u0434\u0435\u043d\u044c\u0433\u0438 \u0432 \u043e\u043d\u043b\u0430\u0439\u043d \u043a\u0430\u0437\u0438\u043d\u043e. \u041b\u0443\u0447\u0448\u0438\u0435 \u0441\u0442\u0440\u0430\u0442\u0435\u0433\u0438\u0438 \u043a\u0430\u043a \u0438\u0433\u0440\u0430\u0442\u044c, \u0441\u043a\u0430\u0447\u0430\u0442\u044c \u0430\u0439\u0444\u043e\u043d \u0438 \u0430\u043d\u0434\u0440\u043e\u0438\u0434, \u043e\u0442\u0437\u044b\u0432\u044b \u0440\u0435\u0430\u043b\u044c\u043d\u044b\u0445 \u0438\u0433\u0440\u043e\u043a\u043e\u0432\" \/>\n<meta property=\"og:url\" content=\"https:\/\/jetxgambling.com\/it\/\" \/>\n<meta property=\"og:site_name\" content=\"JetX\" \/>\n<meta property=\"article:modified_time\" content=\"2024-04-15T19:38:11+00:00\" \/>\n<meta name=\"twitter:card\" content=\"summary_large_image\" \/>\n<meta name=\"twitter:label1\" content=\"Tempo di lettura stimato\" \/>\n\t<meta name=\"twitter:data1\" content=\"27 minuti\" \/>\n<script type=\"application\/ld+json\" class=\"yoast-schema-graph\">{\"@context\":\"https:\/\/schema.org\",\"@graph\":[{\"@type\":\"WebPage\",\"@id\":\"https:\/\/jetxgambling.com\/\",\"url\":\"https:\/\/jetxgambling.com\/\",\"name\":\"\u0418\u0433\u0440\u0430\u0442\u044c \u0432 \u043a\u0440\u0430\u0448 \u0438\u0433\u0440\u0443 JetX3\",\"isPartOf\":{\"@id\":\"https:\/\/jetxgambling.com\/#website\"},\"datePublished\":\"2024-01-05T17:25:34+00:00\",\"dateModified\":\"2024-04-15T19:38:11+00:00\",\"description\":\"\u0418\u0433\u0440\u0430\u0442\u044c \u0438 \u0432\u044b\u0438\u0433\u0440\u044b\u0432\u0430\u0442\u044c \u0432 \u043e\u043d\u043b\u0430\u0439\u043d \u0438\u0433\u0440\u0443 JetX3 \u043d\u0430 \u0440\u0435\u0430\u043b\u044c\u043d\u044b\u0435 \u0434\u0435\u043d\u044c\u0433\u0438 \u0432 \u043e\u043d\u043b\u0430\u0439\u043d \u043a\u0430\u0437\u0438\u043d\u043e. \u041b\u0443\u0447\u0448\u0438\u0435 \u0441\u0442\u0440\u0430\u0442\u0435\u0433\u0438\u0438 \u043a\u0430\u043a \u0438\u0433\u0440\u0430\u0442\u044c, \u0441\u043a\u0430\u0447\u0430\u0442\u044c \u0430\u0439\u0444\u043e\u043d \u0438 \u0430\u043d\u0434\u0440\u043e\u0438\u0434, \u043e\u0442\u0437\u044b\u0432\u044b \u0440\u0435\u0430\u043b\u044c\u043d\u044b\u0445 \u0438\u0433\u0440\u043e\u043a\u043e\u0432\",\"breadcrumb\":{\"@id\":\"https:\/\/jetxgambling.com\/#breadcrumb\"},\"inLanguage\":\"it-IT\",\"potentialAction\":[{\"@type\":\"ReadAction\",\"target\":[\"https:\/\/jetxgambling.com\/\"]}]},{\"@type\":\"BreadcrumbList\",\"@id\":\"https:\/\/jetxgambling.com\/#breadcrumb\",\"itemListElement\":[{\"@type\":\"ListItem\",\"position\":1,\"name\":\"Home\",\"item\":\"https:\/\/jetxgambling.com\/\"},{\"@type\":\"ListItem\",\"position\":2,\"name\":\"\u041e\u0441\u043e\u0431\u0435\u043d\u043d\u043e\u0441\u0442\u0438 \u0438 \u043f\u0440\u0435\u0438\u043c\u0443\u0449\u0435\u0441\u0442\u0432\u0430 \u043d\u043e\u0432\u043e\u0439 \u043a\u0440\u0430\u0448-\u0438\u0433\u0440\u044b JetX 3\"}]},{\"@type\":\"WebSite\",\"@id\":\"https:\/\/jetxgambling.com\/#website\",\"url\":\"https:\/\/jetxgambling.com\/\",\"name\":\"JetX\",\"description\":\"\",\"publisher\":{\"@id\":\"https:\/\/jetxgambling.com\/#organization\"},\"potentialAction\":[{\"@type\":\"SearchAction\",\"target\":{\"@type\":\"EntryPoint\",\"urlTemplate\":\"https:\/\/jetxgambling.com\/?s={search_term_string}\"},\"query-input\":{\"@type\":\"PropertyValueSpecification\",\"valueRequired\":true,\"valueName\":\"search_term_string\"}}],\"inLanguage\":\"it-IT\"},{\"@type\":\"Organization\",\"@id\":\"https:\/\/jetxgambling.com\/#organization\",\"name\":\"JetX\",\"url\":\"https:\/\/jetxgambling.com\/\",\"logo\":{\"@type\":\"ImageObject\",\"inLanguage\":\"it-IT\",\"@id\":\"https:\/\/jetxgambling.com\/#\/schema\/logo\/image\/\",\"url\":\"https:\/\/jetxgambling.com\/wp-content\/uploads\/2024\/01\/jetx-slot-logo.png\",\"contentUrl\":\"https:\/\/jetxgambling.com\/wp-content\/uploads\/2024\/01\/jetx-slot-logo.png\",\"width\":200,\"height\":101,\"caption\":\"JetX\"},\"image\":{\"@id\":\"https:\/\/jetxgambling.com\/#\/schema\/logo\/image\/\"}}]}<\/script>\n<!-- \/ Yoast SEO plugin. -->","yoast_head_json":{"title":"\u0418\u0433\u0440\u0430\u0442\u044c \u0432 \u043a\u0440\u0430\u0448 \u0438\u0433\u0440\u0443 JetX3","description":"Gioca e vinci al gioco online JetX3 per soldi veri in un casin\u00f2 online. Le migliori strategie su come giocare, download su iPhone e Android, recensioni reali dei giocatori.","robots":{"index":"index","follow":"follow","max-snippet":"max-snippet:-1","max-image-preview":"max-image-preview:large","max-video-preview":"max-video-preview:-1"},"canonical":"https:\/\/jetxgambling.com\/it\/","og_locale":"it_IT","og_type":"article","og_title":"\u0418\u0433\u0440\u0430\u0442\u044c \u0432 \u043a\u0440\u0430\u0448 \u0438\u0433\u0440\u0443 JetX3","og_description":"\u0418\u0433\u0440\u0430\u0442\u044c \u0438 \u0432\u044b\u0438\u0433\u0440\u044b\u0432\u0430\u0442\u044c \u0432 \u043e\u043d\u043b\u0430\u0439\u043d \u0438\u0433\u0440\u0443 JetX3 \u043d\u0430 \u0440\u0435\u0430\u043b\u044c\u043d\u044b\u0435 \u0434\u0435\u043d\u044c\u0433\u0438 \u0432 \u043e\u043d\u043b\u0430\u0439\u043d \u043a\u0430\u0437\u0438\u043d\u043e. \u041b\u0443\u0447\u0448\u0438\u0435 \u0441\u0442\u0440\u0430\u0442\u0435\u0433\u0438\u0438 \u043a\u0430\u043a \u0438\u0433\u0440\u0430\u0442\u044c, \u0441\u043a\u0430\u0447\u0430\u0442\u044c \u0430\u0439\u0444\u043e\u043d \u0438 \u0430\u043d\u0434\u0440\u043e\u0438\u0434, \u043e\u0442\u0437\u044b\u0432\u044b \u0440\u0435\u0430\u043b\u044c\u043d\u044b\u0445 \u0438\u0433\u0440\u043e\u043a\u043e\u0432","og_url":"https:\/\/jetxgambling.com\/it\/","og_site_name":"JetX","article_modified_time":"2024-04-15T19:38:11+00:00","twitter_card":"summary_large_image","twitter_misc":{"Tempo di lettura stimato":"27 minuti"},"schema":{"@context":"https:\/\/schema.org","@graph":[{"@type":"WebPage","@id":"https:\/\/jetxgambling.com\/","url":"https:\/\/jetxgambling.com\/","name":"\u0418\u0433\u0440\u0430\u0442\u044c \u0432 \u043a\u0440\u0430\u0448 \u0438\u0433\u0440\u0443 JetX3","isPartOf":{"@id":"https:\/\/jetxgambling.com\/#website"},"datePublished":"2024-01-05T17:25:34+00:00","dateModified":"2024-04-15T19:38:11+00:00","description":"\u0418\u0433\u0440\u0430\u0442\u044c \u0438 \u0432\u044b\u0438\u0433\u0440\u044b\u0432\u0430\u0442\u044c \u0432 \u043e\u043d\u043b\u0430\u0439\u043d \u0438\u0433\u0440\u0443 JetX3 \u043d\u0430 \u0440\u0435\u0430\u043b\u044c\u043d\u044b\u0435 \u0434\u0435\u043d\u044c\u0433\u0438 \u0432 \u043e\u043d\u043b\u0430\u0439\u043d \u043a\u0430\u0437\u0438\u043d\u043e. \u041b\u0443\u0447\u0448\u0438\u0435 \u0441\u0442\u0440\u0430\u0442\u0435\u0433\u0438\u0438 \u043a\u0430\u043a \u0438\u0433\u0440\u0430\u0442\u044c, \u0441\u043a\u0430\u0447\u0430\u0442\u044c \u0430\u0439\u0444\u043e\u043d \u0438 \u0430\u043d\u0434\u0440\u043e\u0438\u0434, \u043e\u0442\u0437\u044b\u0432\u044b \u0440\u0435\u0430\u043b\u044c\u043d\u044b\u0445 \u0438\u0433\u0440\u043e\u043a\u043e\u0432","breadcrumb":{"@id":"https:\/\/jetxgambling.com\/#breadcrumb"},"inLanguage":"it-IT","potentialAction":[{"@type":"ReadAction","target":["https:\/\/jetxgambling.com\/"]}]},{"@type":"BreadcrumbList","@id":"https:\/\/jetxgambling.com\/#breadcrumb","itemListElement":[{"@type":"ListItem","position":1,"name":"Home","item":"https:\/\/jetxgambling.com\/"},{"@type":"ListItem","position":2,"name":"\u041e\u0441\u043e\u0431\u0435\u043d\u043d\u043e\u0441\u0442\u0438 \u0438 \u043f\u0440\u0435\u0438\u043c\u0443\u0449\u0435\u0441\u0442\u0432\u0430 \u043d\u043e\u0432\u043e\u0439 \u043a\u0440\u0430\u0448-\u0438\u0433\u0440\u044b JetX 3"}]},{"@type":"WebSite","@id":"https:\/\/jetxgambling.com\/#website","url":"https:\/\/jetxgambling.com\/","name":"JetX","description":"","publisher":{"@id":"https:\/\/jetxgambling.com\/#organization"},"potentialAction":[{"@type":"SearchAction","target":{"@type":"EntryPoint","urlTemplate":"https:\/\/jetxgambling.com\/?s={search_term_string}"},"query-input":{"@type":"PropertyValueSpecification","valueRequired":true,"valueName":"search_term_string"}}],"inLanguage":"it-IT"},{"@type":"Organization","@id":"https:\/\/jetxgambling.com\/#organization","name":"JetX","url":"https:\/\/jetxgambling.com\/","logo":{"@type":"ImageObject","inLanguage":"it-IT","@id":"https:\/\/jetxgambling.com\/#\/schema\/logo\/image\/","url":"https:\/\/jetxgambling.com\/wp-content\/uploads\/2024\/01\/jetx-slot-logo.png","contentUrl":"https:\/\/jetxgambling.com\/wp-content\/uploads\/2024\/01\/jetx-slot-logo.png","width":200,"height":101,"caption":"JetX"},"image":{"@id":"https:\/\/jetxgambling.com\/#\/schema\/logo\/image\/"}}]}},"_links":{"self":[{"href":"https:\/\/jetxgambling.com\/it\/wp-json\/wp\/v2\/pages\/9","targetHints":{"allow":["GET"]}}],"collection":[{"href":"https:\/\/jetxgambling.com\/it\/wp-json\/wp\/v2\/pages"}],"about":[{"href":"https:\/\/jetxgambling.com\/it\/wp-json\/wp\/v2\/types\/page"}],"author":[{"embeddable":true,"href":"https:\/\/jetxgambling.com\/it\/wp-json\/wp\/v2\/users\/1"}],"replies":[{"embeddable":true,"href":"https:\/\/jetxgambling.com\/it\/wp-json\/wp\/v2\/comments?post=9"}],"version-history":[{"count":25,"href":"https:\/\/jetxgambling.com\/it\/wp-json\/wp\/v2\/pages\/9\/revisions"}],"predecessor-version":[{"id":122,"href":"https:\/\/jetxgambling.com\/it\/wp-json\/wp\/v2\/pages\/9\/revisions\/122"}],"wp:attachment":[{"href":"https:\/\/jetxgambling.com\/it\/wp-json\/wp\/v2\/media?parent=9"}],"curies":[{"name":"wp","href":"https:\/\/api.w.org\/{rel}","templated":true}]}}