{"id":11,"date":"2024-01-05T17:26:35","date_gmt":"2024-01-05T17:26:35","guid":{"rendered":"https:\/\/jetxgambling.com\/?page_id=11"},"modified":"2024-04-15T19:40:09","modified_gmt":"2024-04-15T19:40:09","slug":"jetx3-strategies","status":"publish","type":"page","link":"https:\/\/jetxgambling.com\/pl\/jetx3-strategies\/","title":{"rendered":"Strategie i taktyki gry JetX3"},"content":{"rendered":"<p>W automacie do gry JetX3 dost\u0119pny jest szeroki zakres zak\u0142ad\u00f3w. Minimalna wielko\u015b\u0107 zak\u0142adu to 10 cent\u00f3w, a maksymalna to 300 dolar\u00f3w (limity mog\u0105 si\u0119 r\u00f3\u017cni\u0107 w zale\u017cno\u015bci od kasyna internetowego). Na panelach gry wielko\u015b\u0107 zak\u0142adu jest wybierana r\u0119cznie za pomoc\u0105 przycisk\u00f3w &#8222;+&#8221; i &#8222;-&#8222;, lub dostosowywana w trybie automatycznego obstawiania. Maksymalny mno\u017cnik symulatora zderze\u0144 to x1000 zak\u0142ad\u00f3w. Gra obejmuje r\u00f3wnie\u017c opcj\u0119 automatycznego wyp\u0142acania wygranych, gdy samoloty osi\u0105gn\u0105 okre\u015blone wsp\u00f3\u0142czynniki. Aby cz\u0119\u015bciej wygrywa\u0107 na automacie do gry JetX3, hazardzi\u015bci korzystaj\u0105 z r\u00f3\u017cnych strategii:<\/p>\n<ol>\n<li><strong>Strategia Ma\u0142ych Zak\u0142ad\u00f3w:<\/strong> Ta strategia jest odpowiednia dla pocz\u0105tkuj\u0105cych lub tych, kt\u00f3rzy wol\u0105 minimalizowa\u0107 ryzyko. Stawia si\u0119 ma\u0142e zak\u0142ady, a wygrane s\u0105 pobierane przy niewielkich mno\u017cnikach (oko\u0142o x1,2-x1,3). Ten spos\u00f3b zapewnia cz\u0119ste, ale niewielkie wyp\u0142aty.<\/li>\n<li><strong>Gra na \u015arednich Wsp\u00f3\u0142czynnikach:<\/strong> Ta metoda polega na pobieraniu wygranych, gdy mno\u017cniki osi\u0105gn\u0105 x2-x3. Nadaje si\u0119 dla bardziej do\u015bwiadczonych graczy, poniewa\u017c te wsp\u00f3\u0142czynniki wyst\u0119puj\u0105 do\u015b\u0107 cz\u0119sto, zapewniaj\u0105c umiarkowane wyp\u0142aty.<\/li>\n<li><strong>Strategia Martingale:<\/strong> To popularna strategia obstawiania stosowana w wielu grach kasynowych. Polega na zwi\u0119kszaniu wielko\u015bci zak\u0142adu po ka\u017cdej przegranej i powrocie do pocz\u0105tkowego zak\u0142adu po wygranej. Ta metoda mo\u017ce by\u0107 ryzykowna, ale potencjalnie przynosi du\u017ce wygrane.<\/li>\n<li><strong>Automatyczne Wyp\u0142acanie Wygranych:<\/strong> Korzystanie z funkcji automatycznego wyp\u0142acania przy osi\u0105gni\u0119ciu okre\u015blonych wsp\u00f3\u0142czynnik\u00f3w pomaga zarz\u0105dza\u0107 ryzykiem i zapewnia zdyscyplinowane podej\u015bcie do gry.<\/li>\n<li><strong>Tryb Treningowy (Demo):<\/strong> Zanim zacznie si\u0119 gra\u0107 na prawdziwe pieni\u0105dze, zaleca si\u0119 testowanie strategii w wersji demonstracyjnej gry. Pozwala to graczom oceni\u0107 skuteczno\u015b\u0107 r\u00f3\u017cnych podej\u015b\u0107 bez ryzyka finansowego.<\/li>\n<li><strong>R\u00f3\u017cnorodno\u015b\u0107 Zak\u0142ad\u00f3w:<\/strong> Gracze powinni eksperymentowa\u0107 z r\u00f3\u017cnymi wielko\u015bciami zak\u0142ad\u00f3w i liczb\u0105 aktywnych samolot\u00f3w, aby znale\u017a\u0107 optymalne po\u0142\u0105czenie dla siebie.<\/li>\n<\/ol>\n<p>Zastosowanie strategii przyczynia si\u0119 do zmniejszenia ryzyka strat finansowych i pozwala graczom dokonywa\u0107 zdyscyplinowanych zak\u0142ad\u00f3w z wysokim prawdopodobie\u0144stwem wygranej. Celem gry w JetX3 jest zebranie nagr\u00f3d przed eksplozj\u0105 samolot\u00f3w na ekranie.<\/p>\n<p>Hazardzi\u015bci mog\u0105 gra\u0107 w gr\u0119 crash na prawdziwe pieni\u0105dze lub wirtualne kredyty. W pierwszym przypadku konieczne jest wybranie godnego zaufania kasyna z t\u0105 gr\u0105, zarejestrowanie si\u0119 i dokonanie depozytu. Dla zak\u0142ad\u00f3w w trybie demo, czyli w trybie darmowym, nie jest konieczne tworzenie konta. Zaleca si\u0119 uruchamianie wersji demonstracyjnej automatu, aby przetestowa\u0107 mo\u017cliwo\u015bci modelu gry, oceni\u0107 zwroty przy r\u00f3\u017cnych kwotach zak\u0142ad\u00f3w i okre\u015bli\u0107 liczb\u0119 aktywnych samolot\u00f3w przed rozpocz\u0119ciem gry na prawdziwe pieni\u0105dze. Gra w crash JetX3 dzia\u0142a p\u0142ynnie zar\u00f3wno na urz\u0105dzeniach mobilnych, jak i komputerach stacjonarnych. Gra cieszy si\u0119 popularno\u015bci\u0105 w\u015br\u00f3d mi\u0142o\u015bnik\u00f3w nietypowych rozrywek hazardowych i jest jednym z najbardziej poszukiwanych automat\u00f3w w wi\u0119kszo\u015bci kasyn internetowych.<\/p>\n<h2>Wa\u017cne rzeczy do zapami\u0119tania podczas wybierania strategii w JetX3:<\/h2>\n<p>Strategie i taktyki w grze JetX3 pozwalaj\u0105 graczom maksymalizowa\u0107 szanse na sukces i zarz\u0105dza\u0107 ryzykiem. Opieraj\u0105c si\u0119 na mechanice gry i zakresie zak\u0142ad\u00f3w, gracz zwi\u0119ksza swoje szanse na wygran\u0105. W tym przypadku gracz nie tylko przypadkowo naciska przyciski, ale wybiera strategi\u0119, jak gra\u0107, kt\u00f3ra ostatecznie powinna przynie\u015b\u0107 wygran\u0105.<\/p>\n<p>Klucz do sukcesu w JetX3 to umiej\u0119tno\u015b\u0107 szybkiego podejmowania decyzji i prawid\u0142owej oceny ryzyka. Wa\u017cne jest pami\u0119tanie, \u017ce pomimo stosowania strategii, gra pozostaje gr\u0105 losow\u0105, a wyniki mog\u0105 by\u0107 nieprzewidywalne. Dlatego zawsze nale\u017cy podchodzi\u0107 do gry odpowiedzialnie i ustala\u0107 klarowne limity dla siebie.<\/p>\n","protected":false},"excerpt":{"rendered":"<p>W automacie do gry JetX3 dost\u0119pny jest szeroki zakres zak\u0142ad\u00f3w. Minimalna wielko\u015b\u0107 zak\u0142adu to 10 cent\u00f3w, a maksymalna to 300 dolar\u00f3w (limity mog\u0105 si\u0119 r\u00f3\u017cni\u0107 w zale\u017cno\u015bci od kasyna internetowego). Na panelach gry wielko\u015b\u0107 zak\u0142adu jest wybierana r\u0119cznie za pomoc\u0105 przycisk\u00f3w &#8222;+&#8221; i &#8222;-&#8222;, lub dostosowywana w trybie automatycznego obstawiania. Maksymalny mno\u017cnik symulatora zderze\u0144 to&#8230;<\/p>\n","protected":false},"author":1,"featured_media":0,"parent":0,"menu_order":0,"comment_status":"closed","ping_status":"closed","template":"","meta":{"footnotes":""},"class_list":["post-11","page","type-page","status-publish","hentry"],"yoast_head":"<!-- This site is optimized with the Yoast SEO plugin v27.2 - https:\/\/yoast.com\/product\/yoast-seo-wordpress\/ -->\n<title>\u0421\u0442\u0440\u0430\u0442\u0435\u0433\u0438\u0438 \u0438\u0433\u0440\u044b JetX3<\/title>\n<meta name=\"description\" content=\"Odpowied\u017a na pytanie, jak wygra\u0107 w grze zderzeniowej JetX3 i zarabia\u0107 prawdziwe pieni\u0105dze. Najlepsze strategie i taktyki gry w JetX3 zar\u00f3wno dla nowych, jak i do\u015bwiadczonych graczy.\" \/>\n<meta name=\"robots\" content=\"index, follow, max-snippet:-1, max-image-preview:large, max-video-preview:-1\" \/>\n<link rel=\"canonical\" href=\"https:\/\/jetxgambling.com\/pl\/jetx3-strategies\/\" \/>\n<meta property=\"og:locale\" content=\"pl_PL\" \/>\n<meta property=\"og:locale:alternate\" content=\"ru_RU\" \/>\n<meta property=\"og:locale:alternate\" content=\"en_US\" \/>\n<meta property=\"og:locale:alternate\" content=\"pt_PT\" \/>\n<meta property=\"og:locale:alternate\" content=\"es_ES\" \/>\n<meta property=\"og:locale:alternate\" content=\"sr_RS\" \/>\n<meta property=\"og:locale:alternate\" content=\"bg_BG\" \/>\n<meta property=\"og:locale:alternate\" content=\"ro_RO\" \/>\n<meta property=\"og:locale:alternate\" content=\"it_IT\" \/>\n<meta property=\"og:locale:alternate\" content=\"fr_FR\" \/>\n<meta property=\"og:locale:alternate\" content=\"de_DE\" \/>\n<meta property=\"og:type\" content=\"article\" \/>\n<meta property=\"og:title\" content=\"\u0421\u0442\u0440\u0430\u0442\u0435\u0433\u0438\u0438 \u0438\u0433\u0440\u044b JetX3\" \/>\n<meta property=\"og:description\" content=\"\u041e\u0442\u0432\u0435\u0442 \u043d\u0430 \u0432\u043e\u043f\u0440\u043e\u0441 \u043a\u0430\u043a \u043f\u043e\u0431\u0435\u0434\u0438\u0442\u044c \u0432 \u043a\u0440\u0430\u0448 \u0438\u0433\u0440\u0435 JetX3 \u0438 \u0432\u044b\u0438\u0433\u0440\u0430\u0442\u044c \u0440\u0435\u0430\u043b\u044c\u043d\u044b\u0435 \u0434\u0435\u043d\u044c\u0433\u0438. \u041b\u0443\u0447\u0448\u0438\u0435 \u0441\u0442\u0440\u0430\u0442\u0435\u0433\u0438\u0438 \u0438 \u0442\u0430\u043a\u0442\u0438\u043a\u0438 \u0438\u0433\u0440\u044b JetX3 \u0434\u043b\u044f \u043d\u043e\u0432\u044b\u0445 \u0438 \u043e\u043f\u044b\u0442\u043d\u044b\u0445 \u0438\u0433\u0440\u043e\u043a\u043e\u0432\" \/>\n<meta property=\"og:url\" content=\"https:\/\/jetxgambling.com\/pl\/jetx3-strategies\/\" \/>\n<meta property=\"og:site_name\" content=\"JetX\" \/>\n<meta property=\"article:modified_time\" content=\"2024-04-15T19:40:09+00:00\" \/>\n<meta name=\"twitter:card\" content=\"summary_large_image\" \/>\n<meta name=\"twitter:label1\" content=\"Szacowany czas czytania\" \/>\n\t<meta name=\"twitter:data1\" content=\"26 minut\" \/>\n<script type=\"application\/ld+json\" class=\"yoast-schema-graph\">{\"@context\":\"https:\/\/schema.org\",\"@graph\":[{\"@type\":\"WebPage\",\"@id\":\"https:\/\/jetxgambling.com\/jetx3-strategies\/\",\"url\":\"https:\/\/jetxgambling.com\/jetx3-strategies\/\",\"name\":\"\u0421\u0442\u0440\u0430\u0442\u0435\u0433\u0438\u0438 \u0438\u0433\u0440\u044b JetX3\",\"isPartOf\":{\"@id\":\"https:\/\/jetxgambling.com\/#website\"},\"datePublished\":\"2024-01-05T17:26:35+00:00\",\"dateModified\":\"2024-04-15T19:40:09+00:00\",\"description\":\"\u041e\u0442\u0432\u0435\u0442 \u043d\u0430 \u0432\u043e\u043f\u0440\u043e\u0441 \u043a\u0430\u043a \u043f\u043e\u0431\u0435\u0434\u0438\u0442\u044c \u0432 \u043a\u0440\u0430\u0448 \u0438\u0433\u0440\u0435 JetX3 \u0438 \u0432\u044b\u0438\u0433\u0440\u0430\u0442\u044c \u0440\u0435\u0430\u043b\u044c\u043d\u044b\u0435 \u0434\u0435\u043d\u044c\u0433\u0438. \u041b\u0443\u0447\u0448\u0438\u0435 \u0441\u0442\u0440\u0430\u0442\u0435\u0433\u0438\u0438 \u0438 \u0442\u0430\u043a\u0442\u0438\u043a\u0438 \u0438\u0433\u0440\u044b JetX3 \u0434\u043b\u044f \u043d\u043e\u0432\u044b\u0445 \u0438 \u043e\u043f\u044b\u0442\u043d\u044b\u0445 \u0438\u0433\u0440\u043e\u043a\u043e\u0432\",\"breadcrumb\":{\"@id\":\"https:\/\/jetxgambling.com\/jetx3-strategies\/#breadcrumb\"},\"inLanguage\":\"pl-PL\",\"potentialAction\":[{\"@type\":\"ReadAction\",\"target\":[\"https:\/\/jetxgambling.com\/jetx3-strategies\/\"]}]},{\"@type\":\"BreadcrumbList\",\"@id\":\"https:\/\/jetxgambling.com\/jetx3-strategies\/#breadcrumb\",\"itemListElement\":[{\"@type\":\"ListItem\",\"position\":1,\"name\":\"Home\",\"item\":\"https:\/\/jetxgambling.com\/\"},{\"@type\":\"ListItem\",\"position\":2,\"name\":\"\u0421\u0442\u0440\u0430\u0442\u0435\u0433\u0438\u0438 \u0438 \u0442\u0430\u043a\u0442\u0438\u043a\u0438 \u0438\u0433\u0440\u044b JetX3\"}]},{\"@type\":\"WebSite\",\"@id\":\"https:\/\/jetxgambling.com\/#website\",\"url\":\"https:\/\/jetxgambling.com\/\",\"name\":\"JetX\",\"description\":\"\",\"publisher\":{\"@id\":\"https:\/\/jetxgambling.com\/#organization\"},\"potentialAction\":[{\"@type\":\"SearchAction\",\"target\":{\"@type\":\"EntryPoint\",\"urlTemplate\":\"https:\/\/jetxgambling.com\/?s={search_term_string}\"},\"query-input\":{\"@type\":\"PropertyValueSpecification\",\"valueRequired\":true,\"valueName\":\"search_term_string\"}}],\"inLanguage\":\"pl-PL\"},{\"@type\":\"Organization\",\"@id\":\"https:\/\/jetxgambling.com\/#organization\",\"name\":\"JetX\",\"url\":\"https:\/\/jetxgambling.com\/\",\"logo\":{\"@type\":\"ImageObject\",\"inLanguage\":\"pl-PL\",\"@id\":\"https:\/\/jetxgambling.com\/#\/schema\/logo\/image\/\",\"url\":\"https:\/\/jetxgambling.com\/wp-content\/uploads\/2024\/01\/jetx-slot-logo.png\",\"contentUrl\":\"https:\/\/jetxgambling.com\/wp-content\/uploads\/2024\/01\/jetx-slot-logo.png\",\"width\":200,\"height\":101,\"caption\":\"JetX\"},\"image\":{\"@id\":\"https:\/\/jetxgambling.com\/#\/schema\/logo\/image\/\"}}]}<\/script>\n<!-- \/ Yoast SEO plugin. -->","yoast_head_json":{"title":"\u0421\u0442\u0440\u0430\u0442\u0435\u0433\u0438\u0438 \u0438\u0433\u0440\u044b JetX3","description":"Odpowied\u017a na pytanie, jak wygra\u0107 w grze zderzeniowej JetX3 i zarabia\u0107 prawdziwe pieni\u0105dze. Najlepsze strategie i taktyki gry w JetX3 zar\u00f3wno dla nowych, jak i do\u015bwiadczonych graczy.","robots":{"index":"index","follow":"follow","max-snippet":"max-snippet:-1","max-image-preview":"max-image-preview:large","max-video-preview":"max-video-preview:-1"},"canonical":"https:\/\/jetxgambling.com\/pl\/jetx3-strategies\/","og_locale":"pl_PL","og_type":"article","og_title":"\u0421\u0442\u0440\u0430\u0442\u0435\u0433\u0438\u0438 \u0438\u0433\u0440\u044b JetX3","og_description":"\u041e\u0442\u0432\u0435\u0442 \u043d\u0430 \u0432\u043e\u043f\u0440\u043e\u0441 \u043a\u0430\u043a \u043f\u043e\u0431\u0435\u0434\u0438\u0442\u044c \u0432 \u043a\u0440\u0430\u0448 \u0438\u0433\u0440\u0435 JetX3 \u0438 \u0432\u044b\u0438\u0433\u0440\u0430\u0442\u044c \u0440\u0435\u0430\u043b\u044c\u043d\u044b\u0435 \u0434\u0435\u043d\u044c\u0433\u0438. \u041b\u0443\u0447\u0448\u0438\u0435 \u0441\u0442\u0440\u0430\u0442\u0435\u0433\u0438\u0438 \u0438 \u0442\u0430\u043a\u0442\u0438\u043a\u0438 \u0438\u0433\u0440\u044b JetX3 \u0434\u043b\u044f \u043d\u043e\u0432\u044b\u0445 \u0438 \u043e\u043f\u044b\u0442\u043d\u044b\u0445 \u0438\u0433\u0440\u043e\u043a\u043e\u0432","og_url":"https:\/\/jetxgambling.com\/pl\/jetx3-strategies\/","og_site_name":"JetX","article_modified_time":"2024-04-15T19:40:09+00:00","twitter_card":"summary_large_image","twitter_misc":{"Szacowany czas czytania":"26 minut"},"schema":{"@context":"https:\/\/schema.org","@graph":[{"@type":"WebPage","@id":"https:\/\/jetxgambling.com\/jetx3-strategies\/","url":"https:\/\/jetxgambling.com\/jetx3-strategies\/","name":"\u0421\u0442\u0440\u0430\u0442\u0435\u0433\u0438\u0438 \u0438\u0433\u0440\u044b JetX3","isPartOf":{"@id":"https:\/\/jetxgambling.com\/#website"},"datePublished":"2024-01-05T17:26:35+00:00","dateModified":"2024-04-15T19:40:09+00:00","description":"\u041e\u0442\u0432\u0435\u0442 \u043d\u0430 \u0432\u043e\u043f\u0440\u043e\u0441 \u043a\u0430\u043a \u043f\u043e\u0431\u0435\u0434\u0438\u0442\u044c \u0432 \u043a\u0440\u0430\u0448 \u0438\u0433\u0440\u0435 JetX3 \u0438 \u0432\u044b\u0438\u0433\u0440\u0430\u0442\u044c \u0440\u0435\u0430\u043b\u044c\u043d\u044b\u0435 \u0434\u0435\u043d\u044c\u0433\u0438. \u041b\u0443\u0447\u0448\u0438\u0435 \u0441\u0442\u0440\u0430\u0442\u0435\u0433\u0438\u0438 \u0438 \u0442\u0430\u043a\u0442\u0438\u043a\u0438 \u0438\u0433\u0440\u044b JetX3 \u0434\u043b\u044f \u043d\u043e\u0432\u044b\u0445 \u0438 \u043e\u043f\u044b\u0442\u043d\u044b\u0445 \u0438\u0433\u0440\u043e\u043a\u043e\u0432","breadcrumb":{"@id":"https:\/\/jetxgambling.com\/jetx3-strategies\/#breadcrumb"},"inLanguage":"pl-PL","potentialAction":[{"@type":"ReadAction","target":["https:\/\/jetxgambling.com\/jetx3-strategies\/"]}]},{"@type":"BreadcrumbList","@id":"https:\/\/jetxgambling.com\/jetx3-strategies\/#breadcrumb","itemListElement":[{"@type":"ListItem","position":1,"name":"Home","item":"https:\/\/jetxgambling.com\/"},{"@type":"ListItem","position":2,"name":"\u0421\u0442\u0440\u0430\u0442\u0435\u0433\u0438\u0438 \u0438 \u0442\u0430\u043a\u0442\u0438\u043a\u0438 \u0438\u0433\u0440\u044b JetX3"}]},{"@type":"WebSite","@id":"https:\/\/jetxgambling.com\/#website","url":"https:\/\/jetxgambling.com\/","name":"JetX","description":"","publisher":{"@id":"https:\/\/jetxgambling.com\/#organization"},"potentialAction":[{"@type":"SearchAction","target":{"@type":"EntryPoint","urlTemplate":"https:\/\/jetxgambling.com\/?s={search_term_string}"},"query-input":{"@type":"PropertyValueSpecification","valueRequired":true,"valueName":"search_term_string"}}],"inLanguage":"pl-PL"},{"@type":"Organization","@id":"https:\/\/jetxgambling.com\/#organization","name":"JetX","url":"https:\/\/jetxgambling.com\/","logo":{"@type":"ImageObject","inLanguage":"pl-PL","@id":"https:\/\/jetxgambling.com\/#\/schema\/logo\/image\/","url":"https:\/\/jetxgambling.com\/wp-content\/uploads\/2024\/01\/jetx-slot-logo.png","contentUrl":"https:\/\/jetxgambling.com\/wp-content\/uploads\/2024\/01\/jetx-slot-logo.png","width":200,"height":101,"caption":"JetX"},"image":{"@id":"https:\/\/jetxgambling.com\/#\/schema\/logo\/image\/"}}]}},"_links":{"self":[{"href":"https:\/\/jetxgambling.com\/pl\/wp-json\/wp\/v2\/pages\/11","targetHints":{"allow":["GET"]}}],"collection":[{"href":"https:\/\/jetxgambling.com\/pl\/wp-json\/wp\/v2\/pages"}],"about":[{"href":"https:\/\/jetxgambling.com\/pl\/wp-json\/wp\/v2\/types\/page"}],"author":[{"embeddable":true,"href":"https:\/\/jetxgambling.com\/pl\/wp-json\/wp\/v2\/users\/1"}],"replies":[{"embeddable":true,"href":"https:\/\/jetxgambling.com\/pl\/wp-json\/wp\/v2\/comments?post=11"}],"version-history":[{"count":24,"href":"https:\/\/jetxgambling.com\/pl\/wp-json\/wp\/v2\/pages\/11\/revisions"}],"predecessor-version":[{"id":125,"href":"https:\/\/jetxgambling.com\/pl\/wp-json\/wp\/v2\/pages\/11\/revisions\/125"}],"wp:attachment":[{"href":"https:\/\/jetxgambling.com\/pl\/wp-json\/wp\/v2\/media?parent=11"}],"curies":[{"name":"wp","href":"https:\/\/api.w.org\/{rel}","templated":true}]}}