{"id":13,"date":"2024-01-05T17:27:15","date_gmt":"2024-01-05T17:27:15","guid":{"rendered":"https:\/\/jetxgambling.com\/?page_id=13"},"modified":"2024-04-15T19:33:54","modified_gmt":"2024-04-15T19:33:54","slug":"jetx3-features","status":"publish","type":"page","link":"https:\/\/jetxgambling.com\/pl\/jetx3-features\/","title":{"rendered":"Powody popularno\u015bci i zalety gry JetX3"},"content":{"rendered":"<p>Gra JetX3, opracowana przez Smartsoft Gaming, szybko zdoby\u0142a uwag\u0119 graczy w kasynach online ze wzgl\u0119du na swoje unikalne cechy i zalety. Na pierwszy rzut oka mo\u017ce si\u0119 wydawa\u0107, \u017ce ta gra to analog popularnej gry Aviator, jednak JetX3 wyr\u00f3\u017cnia si\u0119 zaktualizowan\u0105 funkcjonalno\u015bci\u0105 i bardziej interesuj\u0105cym fabu\u0142a, oferuj\u0105c graczom innowacyjne i ekscytuj\u0105ce do\u015bwiadczenie z gr\u0105. Bazuj\u0105c na mechanice crash, JetX3 r\u00f3\u017cni si\u0119 od tradycyjnych automat\u00f3w, oferuj\u0105c niezwyk\u0142\u0105 rozgrywk\u0119 i szerokie mo\u017cliwo\u015bci wygrywania:<\/p>\n<ul>\n<li>Jednym z kluczowych atut\u00f3w JetX3 jest wysokie prawdopodobie\u0144stwo wygranej w ka\u017cdej rundzie. Osi\u0105ga si\u0119 to dzi\u0119ki unikalnej mechanice gry, gdzie mno\u017cniki zak\u0142ad\u00f3w nieprzewidywalnie wzrastaj\u0105. Dodaje to element ekscytacji i emocji, sprawiaj\u0105c, \u017ce ka\u017cda runda staje si\u0119 ekscytuj\u0105ca i nieprzewidywalna.<\/li>\n<li>Prostota kontrolowania gry sprawia, \u017ce jest ona dost\u0119pna dla szerokiej publiczno\u015bci graczy, w tym dla tych, kt\u00f3rzy po raz pierwszy pr\u00f3buj\u0105 swojego szcz\u0119\u015bcia w hazardzie. Intuicyjny interfejs i \u0142atwe do nauki zasady czyni\u0105 gr\u0119 atrakcyjn\u0105 dla pocz\u0105tkuj\u0105cych, podczas gdy do\u015bwiadczeni gracze doceniaj\u0105 dynamik\u0119 i potencja\u0142 do strategicznej gry.<\/li>\n<li>Format wieloosobowy na \u017cywo tworzy poczucie spo\u0142eczno\u015bci i rywalizacji. Gracze mog\u0105 wsp\u00f3\u0142dzia\u0142a\u0107 ze sob\u0105 za pomoc\u0105 czatu na \u017cywo, dyskutowa\u0107 strategie i dzieli\u0107 si\u0119 do\u015bwiadczeniami, sprawiaj\u0105c, \u017ce proces gry staje si\u0119 bardziej spo\u0142eczny i anga\u017cuj\u0105cy. Dodatkowo, mo\u017cliwo\u015b\u0107 przegl\u0105dania statystyk i dzia\u0142a\u0144 innych graczy dodaje dodatkowy poziom przejrzysto\u015bci i zaanga\u017cowania.<\/li>\n<li>Kr\u00f3tka d\u0142ugo\u015b\u0107 rund, zaledwie 30-40 sekund, sprawia, \u017ce gra jest idealna na szybkie i dynamiczne sesje. To utrzymuje wysoki poziom zaanga\u017cowania graczy, pozwalaj\u0105c im szybko przechodzi\u0107 z jednej rundy do drugiej bez d\u0142ugiego oczekiwania.<\/li>\n<li>Opcja ustawienia trybu demo dla zak\u0142ad\u00f3w pozwala graczom wypr\u00f3bowa\u0107 gr\u0119 bez ryzyka utraty prawdziwych pieni\u0119dzy. To idealny spos\u00f3b na zapoznanie si\u0119 z mechanik\u0105 gry i opracowanie strategii przed gr\u0105 na prawdziwe pieni\u0105dze. Ta mo\u017cliwo\u015b\u0107 jest szczeg\u00f3lnie cenna dla nowych graczy, kt\u00f3rzy chc\u0105 zrozumie\u0107 gr\u0119 przed ryzykowaniem swoimi \u015brodkami.<\/li>\n<li>Wsparcie dla r\u00f3\u017cnych walut i optymalizacja dla r\u00f3\u017cnych urz\u0105dze\u0144 sprawiaj\u0105, \u017ce JetX3 jest dost\u0119pne dla mi\u0119dzynarodowej publiczno\u015bci. Gracze z ca\u0142ego \u015bwiata mog\u0105 cieszy\u0107 si\u0119 gr\u0105 na swoich ulubionych urz\u0105dzeniach, czy to na telefonach kom\u00f3rkowych, tabletach czy komputerach stacjonarnych.<\/li>\n<li>Mo\u017cliwo\u015b\u0107 obstawiania jednocze\u015bnie trzech zak\u0142ad\u00f3w na trzech r\u00f3\u017cnych panelach zwi\u0119ksza szanse na wygran\u0105 i dodaje element strategiczny do gry. Gracze mog\u0105 zdecydowa\u0107, czy chc\u0105 roz\u0142o\u017cy\u0107 swoje zak\u0142ady na kilku samolotach czy skupi\u0107 si\u0119 na jednym, urozmaicaj\u0105c rozgrywk\u0119.<\/li>\n<li>Niezwyk\u0142y wzrost mno\u017cnik\u00f3w, generowany przez u\u017cycie generator\u00f3w liczb losowych (RNG), sprawia, \u017ce ka\u017cda runda jest wyj\u0105tkowa i nieprzewidywalna. Ten element losowo\u015bci utrzymuje zainteresowanie graczy i sprawia, \u017ce ka\u017cda gra jest charakterystyczna.<\/li>\n<li>JetX3 wyr\u00f3\u017cnia si\u0119 spo\u015br\u00f3d innych gier hazardowych atrakcyjnym designem, przypominaj\u0105cym prawdziwe statki kosmiczne do podr\u00f3\u017cy mi\u0119dzygwiezdnych. Ta atrakcyjno\u015b\u0107 wizualna, po\u0142\u0105czona z innowacyjn\u0105 mechanik\u0105 i dynamiczn\u0105 rozgrywk\u0105, sprawia, \u017ce JetX3 jest jedn\u0105 z najbardziej poszukiwanych gier w kasynach online.<\/li>\n<\/ul>\n<p>Wa\u017cne jest zauwa\u017cenie, \u017ce pomimo wszystkich tych zalet i mo\u017cliwo\u015bci wygrywania, JetX3 pozostaje gr\u0105 hazardow\u0105. Gracze powinni podchodzi\u0107 do niej odpowiedzialnie, ustalaj\u0105c dla siebie limity i graj\u0105c zgodnie z w\u0142asnymi mo\u017cliwo\u015bciami. Zawsze kluczowe jest \u015bwiadome podej\u015bcie do ryzyka zwi\u0105zanego z hazardem i podej\u015bcie do gry z rozwag\u0105 i umiarem.<\/p>\n","protected":false},"excerpt":{"rendered":"<p>Gra JetX3, opracowana przez Smartsoft Gaming, szybko zdoby\u0142a uwag\u0119 graczy w kasynach online ze wzgl\u0119du na swoje unikalne cechy i zalety. Na pierwszy rzut oka mo\u017ce si\u0119 wydawa\u0107, \u017ce ta gra to analog popularnej gry Aviator, jednak JetX3 wyr\u00f3\u017cnia si\u0119 zaktualizowan\u0105 funkcjonalno\u015bci\u0105 i bardziej interesuj\u0105cym fabu\u0142a, oferuj\u0105c graczom innowacyjne i ekscytuj\u0105ce do\u015bwiadczenie z gr\u0105. Bazuj\u0105c&#8230;<\/p>\n","protected":false},"author":1,"featured_media":0,"parent":0,"menu_order":0,"comment_status":"closed","ping_status":"closed","template":"","meta":{"footnotes":""},"class_list":["post-13","page","type-page","status-publish","hentry"],"yoast_head":"<!-- This site is optimized with the Yoast SEO plugin v27.2 - https:\/\/yoast.com\/product\/yoast-seo-wordpress\/ -->\n<title>\u041f\u043e\u0447\u0435\u043c\u0443 \u0438\u0433\u0440\u0430 JetX3 \u043f\u043e\u043f\u0443\u043b\u044f\u0440\u043d\u0430<\/title>\n<meta name=\"description\" content=\"Porozmawiajmy o zaletach i powodach popularno\u015bci gry JetX3. Dlaczego gracze wybieraj\u0105 t\u0119 gr\u0119 spo\u015br\u00f3d wielu gier w kasynach online?\" \/>\n<meta name=\"robots\" content=\"index, follow, max-snippet:-1, max-image-preview:large, max-video-preview:-1\" \/>\n<link rel=\"canonical\" href=\"https:\/\/jetxgambling.com\/pl\/jetx3-features\/\" \/>\n<meta property=\"og:locale\" content=\"pl_PL\" \/>\n<meta property=\"og:locale:alternate\" content=\"ru_RU\" \/>\n<meta property=\"og:locale:alternate\" content=\"en_US\" \/>\n<meta property=\"og:locale:alternate\" content=\"pt_PT\" \/>\n<meta property=\"og:locale:alternate\" content=\"es_ES\" \/>\n<meta property=\"og:locale:alternate\" content=\"sr_RS\" \/>\n<meta property=\"og:locale:alternate\" content=\"bg_BG\" \/>\n<meta property=\"og:locale:alternate\" content=\"ro_RO\" \/>\n<meta property=\"og:locale:alternate\" content=\"it_IT\" \/>\n<meta property=\"og:locale:alternate\" content=\"fr_FR\" \/>\n<meta property=\"og:locale:alternate\" content=\"de_DE\" \/>\n<meta property=\"og:type\" content=\"article\" \/>\n<meta property=\"og:title\" content=\"\u041f\u043e\u0447\u0435\u043c\u0443 \u0438\u0433\u0440\u0430 JetX3 \u043f\u043e\u043f\u0443\u043b\u044f\u0440\u043d\u0430\" \/>\n<meta property=\"og:description\" content=\"\u041c\u044b \u043f\u043e\u0433\u043e\u0432\u043e\u0440\u0438\u043c \u043e \u043f\u0440\u0435\u0438\u043c\u0443\u0449\u0435\u0441\u0442\u0432\u0430\u0445 \u0438 \u043f\u0440\u0438\u0447\u0438\u043d\u0430\u0445 \u043f\u043e\u043f\u0443\u043b\u044f\u0440\u043d\u043e\u0441\u0442\u0438 \u0438\u0433\u0440\u044b JetX3. \u041f\u043e\u0447\u0435\u043c\u0443 \u0438\u0433\u0440\u043e\u043a\u0438 \u0432\u044b\u0431\u0438\u0440\u0430\u044e\u0442 \u044d\u0442\u0443 \u0438\u0433\u0440\u0443 \u0441\u0440\u0435\u0434\u0438 \u043c\u043d\u043e\u0436\u0435\u0441\u0442\u0432\u0430 \u043e\u043d\u043b\u0430\u0439\u043d \u0438\u0433\u0440 \u0432 \u043a\u0430\u0437\u0438\u043d\u043e\" \/>\n<meta property=\"og:url\" content=\"https:\/\/jetxgambling.com\/pl\/jetx3-features\/\" \/>\n<meta property=\"og:site_name\" content=\"JetX\" \/>\n<meta property=\"article:modified_time\" content=\"2024-04-15T19:33:54+00:00\" \/>\n<meta name=\"twitter:card\" content=\"summary_large_image\" \/>\n<meta name=\"twitter:label1\" content=\"Szacowany czas czytania\" \/>\n\t<meta name=\"twitter:data1\" content=\"24 minuty\" \/>\n<script type=\"application\/ld+json\" class=\"yoast-schema-graph\">{\"@context\":\"https:\/\/schema.org\",\"@graph\":[{\"@type\":\"WebPage\",\"@id\":\"https:\/\/jetxgambling.com\/jetx3-features\/\",\"url\":\"https:\/\/jetxgambling.com\/jetx3-features\/\",\"name\":\"\u041f\u043e\u0447\u0435\u043c\u0443 \u0438\u0433\u0440\u0430 JetX3 \u043f\u043e\u043f\u0443\u043b\u044f\u0440\u043d\u0430\",\"isPartOf\":{\"@id\":\"https:\/\/jetxgambling.com\/#website\"},\"datePublished\":\"2024-01-05T17:27:15+00:00\",\"dateModified\":\"2024-04-15T19:33:54+00:00\",\"description\":\"\u041c\u044b \u043f\u043e\u0433\u043e\u0432\u043e\u0440\u0438\u043c \u043e \u043f\u0440\u0435\u0438\u043c\u0443\u0449\u0435\u0441\u0442\u0432\u0430\u0445 \u0438 \u043f\u0440\u0438\u0447\u0438\u043d\u0430\u0445 \u043f\u043e\u043f\u0443\u043b\u044f\u0440\u043d\u043e\u0441\u0442\u0438 \u0438\u0433\u0440\u044b JetX3. \u041f\u043e\u0447\u0435\u043c\u0443 \u0438\u0433\u0440\u043e\u043a\u0438 \u0432\u044b\u0431\u0438\u0440\u0430\u044e\u0442 \u044d\u0442\u0443 \u0438\u0433\u0440\u0443 \u0441\u0440\u0435\u0434\u0438 \u043c\u043d\u043e\u0436\u0435\u0441\u0442\u0432\u0430 \u043e\u043d\u043b\u0430\u0439\u043d \u0438\u0433\u0440 \u0432 \u043a\u0430\u0437\u0438\u043d\u043e\",\"breadcrumb\":{\"@id\":\"https:\/\/jetxgambling.com\/jetx3-features\/#breadcrumb\"},\"inLanguage\":\"pl-PL\",\"potentialAction\":[{\"@type\":\"ReadAction\",\"target\":[\"https:\/\/jetxgambling.com\/jetx3-features\/\"]}]},{\"@type\":\"BreadcrumbList\",\"@id\":\"https:\/\/jetxgambling.com\/jetx3-features\/#breadcrumb\",\"itemListElement\":[{\"@type\":\"ListItem\",\"position\":1,\"name\":\"Home\",\"item\":\"https:\/\/jetxgambling.com\/\"},{\"@type\":\"ListItem\",\"position\":2,\"name\":\"\u041f\u0440\u0438\u0447\u0438\u043d\u044b \u043f\u043e\u043f\u0443\u043b\u044f\u0440\u043d\u043e\u0441\u0442\u0438 \u0438 \u043f\u0440\u0435\u0438\u043c\u0443\u0449\u0435\u0441\u0442\u0432\u0430 \u0438\u0433\u0440\u044b JetX3\"}]},{\"@type\":\"WebSite\",\"@id\":\"https:\/\/jetxgambling.com\/#website\",\"url\":\"https:\/\/jetxgambling.com\/\",\"name\":\"JetX\",\"description\":\"\",\"publisher\":{\"@id\":\"https:\/\/jetxgambling.com\/#organization\"},\"potentialAction\":[{\"@type\":\"SearchAction\",\"target\":{\"@type\":\"EntryPoint\",\"urlTemplate\":\"https:\/\/jetxgambling.com\/?s={search_term_string}\"},\"query-input\":{\"@type\":\"PropertyValueSpecification\",\"valueRequired\":true,\"valueName\":\"search_term_string\"}}],\"inLanguage\":\"pl-PL\"},{\"@type\":\"Organization\",\"@id\":\"https:\/\/jetxgambling.com\/#organization\",\"name\":\"JetX\",\"url\":\"https:\/\/jetxgambling.com\/\",\"logo\":{\"@type\":\"ImageObject\",\"inLanguage\":\"pl-PL\",\"@id\":\"https:\/\/jetxgambling.com\/#\/schema\/logo\/image\/\",\"url\":\"https:\/\/jetxgambling.com\/wp-content\/uploads\/2024\/01\/jetx-slot-logo.png\",\"contentUrl\":\"https:\/\/jetxgambling.com\/wp-content\/uploads\/2024\/01\/jetx-slot-logo.png\",\"width\":200,\"height\":101,\"caption\":\"JetX\"},\"image\":{\"@id\":\"https:\/\/jetxgambling.com\/#\/schema\/logo\/image\/\"}}]}<\/script>\n<!-- \/ Yoast SEO plugin. -->","yoast_head_json":{"title":"\u041f\u043e\u0447\u0435\u043c\u0443 \u0438\u0433\u0440\u0430 JetX3 \u043f\u043e\u043f\u0443\u043b\u044f\u0440\u043d\u0430","description":"Porozmawiajmy o zaletach i powodach popularno\u015bci gry JetX3. Dlaczego gracze wybieraj\u0105 t\u0119 gr\u0119 spo\u015br\u00f3d wielu gier w kasynach online?","robots":{"index":"index","follow":"follow","max-snippet":"max-snippet:-1","max-image-preview":"max-image-preview:large","max-video-preview":"max-video-preview:-1"},"canonical":"https:\/\/jetxgambling.com\/pl\/jetx3-features\/","og_locale":"pl_PL","og_type":"article","og_title":"\u041f\u043e\u0447\u0435\u043c\u0443 \u0438\u0433\u0440\u0430 JetX3 \u043f\u043e\u043f\u0443\u043b\u044f\u0440\u043d\u0430","og_description":"\u041c\u044b \u043f\u043e\u0433\u043e\u0432\u043e\u0440\u0438\u043c \u043e \u043f\u0440\u0435\u0438\u043c\u0443\u0449\u0435\u0441\u0442\u0432\u0430\u0445 \u0438 \u043f\u0440\u0438\u0447\u0438\u043d\u0430\u0445 \u043f\u043e\u043f\u0443\u043b\u044f\u0440\u043d\u043e\u0441\u0442\u0438 \u0438\u0433\u0440\u044b JetX3. \u041f\u043e\u0447\u0435\u043c\u0443 \u0438\u0433\u0440\u043e\u043a\u0438 \u0432\u044b\u0431\u0438\u0440\u0430\u044e\u0442 \u044d\u0442\u0443 \u0438\u0433\u0440\u0443 \u0441\u0440\u0435\u0434\u0438 \u043c\u043d\u043e\u0436\u0435\u0441\u0442\u0432\u0430 \u043e\u043d\u043b\u0430\u0439\u043d \u0438\u0433\u0440 \u0432 \u043a\u0430\u0437\u0438\u043d\u043e","og_url":"https:\/\/jetxgambling.com\/pl\/jetx3-features\/","og_site_name":"JetX","article_modified_time":"2024-04-15T19:33:54+00:00","twitter_card":"summary_large_image","twitter_misc":{"Szacowany czas czytania":"24 minuty"},"schema":{"@context":"https:\/\/schema.org","@graph":[{"@type":"WebPage","@id":"https:\/\/jetxgambling.com\/jetx3-features\/","url":"https:\/\/jetxgambling.com\/jetx3-features\/","name":"\u041f\u043e\u0447\u0435\u043c\u0443 \u0438\u0433\u0440\u0430 JetX3 \u043f\u043e\u043f\u0443\u043b\u044f\u0440\u043d\u0430","isPartOf":{"@id":"https:\/\/jetxgambling.com\/#website"},"datePublished":"2024-01-05T17:27:15+00:00","dateModified":"2024-04-15T19:33:54+00:00","description":"\u041c\u044b \u043f\u043e\u0433\u043e\u0432\u043e\u0440\u0438\u043c \u043e \u043f\u0440\u0435\u0438\u043c\u0443\u0449\u0435\u0441\u0442\u0432\u0430\u0445 \u0438 \u043f\u0440\u0438\u0447\u0438\u043d\u0430\u0445 \u043f\u043e\u043f\u0443\u043b\u044f\u0440\u043d\u043e\u0441\u0442\u0438 \u0438\u0433\u0440\u044b JetX3. \u041f\u043e\u0447\u0435\u043c\u0443 \u0438\u0433\u0440\u043e\u043a\u0438 \u0432\u044b\u0431\u0438\u0440\u0430\u044e\u0442 \u044d\u0442\u0443 \u0438\u0433\u0440\u0443 \u0441\u0440\u0435\u0434\u0438 \u043c\u043d\u043e\u0436\u0435\u0441\u0442\u0432\u0430 \u043e\u043d\u043b\u0430\u0439\u043d \u0438\u0433\u0440 \u0432 \u043a\u0430\u0437\u0438\u043d\u043e","breadcrumb":{"@id":"https:\/\/jetxgambling.com\/jetx3-features\/#breadcrumb"},"inLanguage":"pl-PL","potentialAction":[{"@type":"ReadAction","target":["https:\/\/jetxgambling.com\/jetx3-features\/"]}]},{"@type":"BreadcrumbList","@id":"https:\/\/jetxgambling.com\/jetx3-features\/#breadcrumb","itemListElement":[{"@type":"ListItem","position":1,"name":"Home","item":"https:\/\/jetxgambling.com\/"},{"@type":"ListItem","position":2,"name":"\u041f\u0440\u0438\u0447\u0438\u043d\u044b \u043f\u043e\u043f\u0443\u043b\u044f\u0440\u043d\u043e\u0441\u0442\u0438 \u0438 \u043f\u0440\u0435\u0438\u043c\u0443\u0449\u0435\u0441\u0442\u0432\u0430 \u0438\u0433\u0440\u044b JetX3"}]},{"@type":"WebSite","@id":"https:\/\/jetxgambling.com\/#website","url":"https:\/\/jetxgambling.com\/","name":"JetX","description":"","publisher":{"@id":"https:\/\/jetxgambling.com\/#organization"},"potentialAction":[{"@type":"SearchAction","target":{"@type":"EntryPoint","urlTemplate":"https:\/\/jetxgambling.com\/?s={search_term_string}"},"query-input":{"@type":"PropertyValueSpecification","valueRequired":true,"valueName":"search_term_string"}}],"inLanguage":"pl-PL"},{"@type":"Organization","@id":"https:\/\/jetxgambling.com\/#organization","name":"JetX","url":"https:\/\/jetxgambling.com\/","logo":{"@type":"ImageObject","inLanguage":"pl-PL","@id":"https:\/\/jetxgambling.com\/#\/schema\/logo\/image\/","url":"https:\/\/jetxgambling.com\/wp-content\/uploads\/2024\/01\/jetx-slot-logo.png","contentUrl":"https:\/\/jetxgambling.com\/wp-content\/uploads\/2024\/01\/jetx-slot-logo.png","width":200,"height":101,"caption":"JetX"},"image":{"@id":"https:\/\/jetxgambling.com\/#\/schema\/logo\/image\/"}}]}},"_links":{"self":[{"href":"https:\/\/jetxgambling.com\/pl\/wp-json\/wp\/v2\/pages\/13","targetHints":{"allow":["GET"]}}],"collection":[{"href":"https:\/\/jetxgambling.com\/pl\/wp-json\/wp\/v2\/pages"}],"about":[{"href":"https:\/\/jetxgambling.com\/pl\/wp-json\/wp\/v2\/types\/page"}],"author":[{"embeddable":true,"href":"https:\/\/jetxgambling.com\/pl\/wp-json\/wp\/v2\/users\/1"}],"replies":[{"embeddable":true,"href":"https:\/\/jetxgambling.com\/pl\/wp-json\/wp\/v2\/comments?post=13"}],"version-history":[{"count":22,"href":"https:\/\/jetxgambling.com\/pl\/wp-json\/wp\/v2\/pages\/13\/revisions"}],"predecessor-version":[{"id":124,"href":"https:\/\/jetxgambling.com\/pl\/wp-json\/wp\/v2\/pages\/13\/revisions\/124"}],"wp:attachment":[{"href":"https:\/\/jetxgambling.com\/pl\/wp-json\/wp\/v2\/media?parent=13"}],"curies":[{"name":"wp","href":"https:\/\/api.w.org\/{rel}","templated":true}]}}