{"id":9,"date":"2024-01-05T17:25:34","date_gmt":"2024-01-05T17:25:34","guid":{"rendered":"https:\/\/jetxgambling.com\/?page_id=9"},"modified":"2024-04-15T19:38:11","modified_gmt":"2024-04-15T19:38:11","slug":"jetx3","status":"publish","type":"page","link":"https:\/\/jetxgambling.com\/pl\/","title":{"rendered":"Cechy i Zalety Nowej Gry Crash JetX3"},"content":{"rendered":"<p>Gra JetX3 od Smartsoft Gaming pojawi\u0142a si\u0119 w kasynach online w 2021 roku i sta\u0142a si\u0119 jednym z najbardziej popularnych slot\u00f3w. Slot charakteryzuje si\u0119 nietypow\u0105, eksplozywn\u0105 mechanik\u0105, unikalnym gameplayem i funkcjonalno\u015bci\u0105. Symulator zderze\u0144 oferuje doskona\u0142e mo\u017cliwo\u015bci zdobywania nagr\u00f3d. Gra jest ca\u0142kowicie inna ni\u017c tradycyjne wideo sloty, poniewa\u017c nie ma ani b\u0119bn\u00f3w, ani linii wyp\u0142at. Istot\u0105 rozgrywki jest &#8222;z\u0142apanie&#8221; wysokiego mno\u017cnika zak\u0142adu i otrzymanie dobrego nagrody pieni\u0119\u017cnej.<\/p>\n<h2>Kluczowe zasady symulatora JetX3:<\/h2>\n<ul>\n<li>Gracz czeka na zako\u0144czenie obecnej rundy.<\/li>\n<li>Do\u0142\u0105cza do nowego startu odrzutowc\u00f3w.<\/li>\n<li>Umieszcza zak\u0142ad na jednym, dw\u00f3ch lub trzech liniach.<\/li>\n<li>Mo\u017ce postawi\u0107 zak\u0142ad na kolejn\u0105 rund\u0119.<\/li>\n<li>Gracz obserwuje wzrost mno\u017cnik\u00f3w.<\/li>\n<li>Wybiera w\u0142a\u015bciwy moment i odbiera wygrane.<\/li>\n<\/ul>\n<p>Trzeba szybko si\u0119 zorientowa\u0107 i podj\u0105\u0107 w\u0142a\u015bciw\u0105 decyzj\u0119 przed eksplozj\u0105 statku. W przeciwnym razie zak\u0142ad gracza &#8222;sp\u0142onie&#8221;. Wygrana jest obliczana jako sta\u0142y wsp\u00f3\u0142czynnik pomno\u017cony przez kwot\u0119 zak\u0142adu. Poniewa\u017c trzy odrzutowce startuj\u0105 jednocze\u015bnie, mo\u017cna otrzyma\u0107 jednocze\u015bnie trzy nagrody pieni\u0119\u017cne.<\/p>\n<h2>Powody popularno\u015bci gry JetX3:<\/h2>\n<p>Gra JetX 3 od Smartsoft Gaming to unikalne uzupe\u0142nienie \u015bwiata kasyn online dzi\u0119ki swoim nietypowym cechom i zaletom. G\u0142\u00f3wn\u0105 r\u00f3\u017cnic\u0105 mi\u0119dzy JetX 3 a tradycyjnymi slotami jest innowacyjna mechanika zderze\u0144, a nie u\u017cycie zwyk\u0142ych b\u0119bn\u00f3w i linii wyp\u0142at. Oto kluczowe cechy i zalety JetX 3:<\/p>\n<ol>\n<li><strong>Nietypowa mechanika gry:<\/strong> Zamiast tradycyjnych obracaj\u0105cych si\u0119 b\u0119bn\u00f3w, gra to symulator zderze\u0144 z trzema statkami kosmicznymi. Statki te startuj\u0105, zwi\u0119kszaj\u0105c mno\u017cniki zak\u0142ad\u00f3w.<\/li>\n<li><strong>Unikalny gameplay:<\/strong> Gracze stawiaj\u0105 zak\u0142ady na jeden, dwa lub wszystkie trzy statki kosmiczne i obserwuj\u0105 ich start. Istot\u0105 gry jest wybranie odpowiedniego momentu do odebrania wygranej przed eksplozj\u0105 statku. To podej\u015bcie znacznie r\u00f3\u017cni si\u0119 od innych gier zderzeniowych, gdzie \u015bledzisz jeden przedmiot, na przyk\u0142ad samolot, i stara si\u0119 przewidzie\u0107 wynik. Gra w JetX3 jest bardziej wymagaj\u0105ca, ale oferuje wy\u017cszy poziom zaanga\u017cowania.<\/li>\n<li><strong>Potencja\u0142 znacznych wygranych pieni\u0119\u017cnych:<\/strong> Dzi\u0119ki rosn\u0105cym mno\u017cnikom zak\u0142ad\u00f3w podczas lotu, gracze maj\u0105 szans\u0119 na otrzymanie znacznych wygranych. Ka\u017cdy mo\u017ce wygra\u0107.<\/li>\n<li><strong>Atrakcyjny design i animacja:<\/strong> JetX 3 ma stylowy i nowoczesny design z statkami kosmicznymi i ciemnym, gwiezdnym niebem w tle, tworz\u0105c ekscytuj\u0105c\u0105 atmosfer\u0119. Wielu graczy twierdzi, \u017ce design i animacja tej gry s\u0105 znacznie lepsze ni\u017c u znanych konkurent\u00f3w.<\/li>\n<li><strong>Intuicyjnie zrozumia\u0142e zasady:<\/strong> Pomimo nietypowego formatu, zasady gry s\u0105 proste i zrozumia\u0142e, co sprawia, \u017ce jest dost\u0119pna dla szerokiego grona graczy. W przeciwie\u0144stwie do slot\u00f3w, gdzie trzeba zrozumie\u0107, co oznacza ka\u017cdy symbol, zasady gry w grach zderzeniowych s\u0105 znacznie prostsze.<\/li>\n<li><strong>Mo\u017cliwo\u015b\u0107 wyboru sposobu gry:<\/strong> Gra wymaga od graczy szybkich decyzji i umiej\u0119tno\u015bci oceny ryzyka, co dodaje element strategii. Jednak wa\u017cne jest zaznaczenie, \u017ce nie chodzi o proste naciskanie klawiszy. Gracz \u015bwiadomie wybiera strategi\u0119 gry i j\u0105 stosuje, zwi\u0119kszaj\u0105c szanse na wygran\u0105.<\/li>\n<li><strong>Wiele okazji do wygranej:<\/strong> Mo\u017cliwo\u015b\u0107 obstawiania jednocze\u015bnie trzech rakiet zwi\u0119ksza szanse na wygran\u0105. Jest to znacznie lepsze ni\u017c na przyk\u0142ad opcja wyboru tylko jednego samolotu.<\/li>\n<li><strong>Dynamizm:<\/strong> Szybkie tempo gry i nieprzewidywalno\u015b\u0107 wyniku ka\u017cdej rundy utrzymuj\u0105 wysoki poziom zaanga\u017cowania graczy.<\/li>\n<li><strong>R\u00f3\u017cnorodno\u015b\u0107 zak\u0142ad\u00f3w:<\/strong> Gracze mog\u0105 wybiera\u0107 r\u00f3\u017cne strategie zak\u0142ad\u00f3w w zale\u017cno\u015bci od swoich preferencji i stylu gry. Ka\u017cdy znajdzie opcj\u0119, kt\u00f3ra mu odpowiada.<\/li>\n<li><strong>Zaanga\u017cowanie emocjonalne:<\/strong> Nieprzewidywalno\u015b\u0107 i mo\u017cliwo\u015b\u0107 znacznych wygranych zapewniaj\u0105 silne prze\u017cycia emocjonalne. Gra JetX3 dostarcza tego adrenaliny, kt\u00f3rej szukaj\u0105 wszyscy gracze.<\/li>\n<\/ol>\n<p>Gra online JetX 3 oferuje \u015bwie\u017ce i innowacyjne do\u015bwiadczenie w kasynach online, \u0142\u0105cz\u0105c elementy szcz\u0119\u015bcia, strategii i szybkich decyzji, co sprawia, \u017ce jest atrakcyjna dla r\u00f3\u017cnych kategorii graczy.<\/p>\n","protected":false},"excerpt":{"rendered":"<p>Gra JetX3 od Smartsoft Gaming pojawi\u0142a si\u0119 w kasynach online w 2021 roku i sta\u0142a si\u0119 jednym z najbardziej popularnych slot\u00f3w. Slot charakteryzuje si\u0119 nietypow\u0105, eksplozywn\u0105 mechanik\u0105, unikalnym gameplayem i funkcjonalno\u015bci\u0105. Symulator zderze\u0144 oferuje doskona\u0142e mo\u017cliwo\u015bci zdobywania nagr\u00f3d. Gra jest ca\u0142kowicie inna ni\u017c tradycyjne wideo sloty, poniewa\u017c nie ma ani b\u0119bn\u00f3w, ani linii wyp\u0142at. Istot\u0105&#8230;<\/p>\n","protected":false},"author":1,"featured_media":0,"parent":0,"menu_order":0,"comment_status":"closed","ping_status":"closed","template":"","meta":{"footnotes":""},"class_list":["post-9","page","type-page","status-publish","hentry"],"yoast_head":"<!-- This site is optimized with the Yoast SEO plugin v27.2 - https:\/\/yoast.com\/product\/yoast-seo-wordpress\/ -->\n<title>\u0418\u0433\u0440\u0430\u0442\u044c \u0432 \u043a\u0440\u0430\u0448 \u0438\u0433\u0440\u0443 JetX3<\/title>\n<meta name=\"description\" content=\"Zagraj i wygraj gr\u0119 online JetX3 na prawdziwe pieni\u0105dze w kasynie online. Najlepsze strategie dotycz\u0105ce gry, pobierz na iPhone&#039;a i Androida, prawdziwe opinie graczy.\" \/>\n<meta name=\"robots\" content=\"index, follow, max-snippet:-1, max-image-preview:large, max-video-preview:-1\" \/>\n<link rel=\"canonical\" href=\"https:\/\/jetxgambling.com\/pl\/\" \/>\n<meta property=\"og:locale\" content=\"pl_PL\" \/>\n<meta property=\"og:locale:alternate\" content=\"ru_RU\" \/>\n<meta property=\"og:locale:alternate\" content=\"en_US\" \/>\n<meta property=\"og:locale:alternate\" content=\"pt_PT\" \/>\n<meta property=\"og:locale:alternate\" content=\"es_ES\" \/>\n<meta property=\"og:locale:alternate\" content=\"sr_RS\" \/>\n<meta property=\"og:locale:alternate\" content=\"bg_BG\" \/>\n<meta property=\"og:locale:alternate\" content=\"ro_RO\" \/>\n<meta property=\"og:locale:alternate\" content=\"it_IT\" \/>\n<meta property=\"og:locale:alternate\" content=\"fr_FR\" \/>\n<meta property=\"og:locale:alternate\" content=\"de_DE\" \/>\n<meta property=\"og:type\" content=\"article\" \/>\n<meta property=\"og:title\" content=\"\u0418\u0433\u0440\u0430\u0442\u044c \u0432 \u043a\u0440\u0430\u0448 \u0438\u0433\u0440\u0443 JetX3\" \/>\n<meta property=\"og:description\" content=\"\u0418\u0433\u0440\u0430\u0442\u044c \u0438 \u0432\u044b\u0438\u0433\u0440\u044b\u0432\u0430\u0442\u044c \u0432 \u043e\u043d\u043b\u0430\u0439\u043d \u0438\u0433\u0440\u0443 JetX3 \u043d\u0430 \u0440\u0435\u0430\u043b\u044c\u043d\u044b\u0435 \u0434\u0435\u043d\u044c\u0433\u0438 \u0432 \u043e\u043d\u043b\u0430\u0439\u043d \u043a\u0430\u0437\u0438\u043d\u043e. \u041b\u0443\u0447\u0448\u0438\u0435 \u0441\u0442\u0440\u0430\u0442\u0435\u0433\u0438\u0438 \u043a\u0430\u043a \u0438\u0433\u0440\u0430\u0442\u044c, \u0441\u043a\u0430\u0447\u0430\u0442\u044c \u0430\u0439\u0444\u043e\u043d \u0438 \u0430\u043d\u0434\u0440\u043e\u0438\u0434, \u043e\u0442\u0437\u044b\u0432\u044b \u0440\u0435\u0430\u043b\u044c\u043d\u044b\u0445 \u0438\u0433\u0440\u043e\u043a\u043e\u0432\" \/>\n<meta property=\"og:url\" content=\"https:\/\/jetxgambling.com\/pl\/\" \/>\n<meta property=\"og:site_name\" content=\"JetX\" \/>\n<meta property=\"article:modified_time\" content=\"2024-04-15T19:38:11+00:00\" \/>\n<meta name=\"twitter:card\" content=\"summary_large_image\" \/>\n<meta name=\"twitter:label1\" content=\"Szacowany czas czytania\" \/>\n\t<meta name=\"twitter:data1\" content=\"27 minut\" \/>\n<script type=\"application\/ld+json\" class=\"yoast-schema-graph\">{\"@context\":\"https:\/\/schema.org\",\"@graph\":[{\"@type\":\"WebPage\",\"@id\":\"https:\/\/jetxgambling.com\/\",\"url\":\"https:\/\/jetxgambling.com\/\",\"name\":\"\u0418\u0433\u0440\u0430\u0442\u044c \u0432 \u043a\u0440\u0430\u0448 \u0438\u0433\u0440\u0443 JetX3\",\"isPartOf\":{\"@id\":\"https:\/\/jetxgambling.com\/#website\"},\"datePublished\":\"2024-01-05T17:25:34+00:00\",\"dateModified\":\"2024-04-15T19:38:11+00:00\",\"description\":\"\u0418\u0433\u0440\u0430\u0442\u044c \u0438 \u0432\u044b\u0438\u0433\u0440\u044b\u0432\u0430\u0442\u044c \u0432 \u043e\u043d\u043b\u0430\u0439\u043d \u0438\u0433\u0440\u0443 JetX3 \u043d\u0430 \u0440\u0435\u0430\u043b\u044c\u043d\u044b\u0435 \u0434\u0435\u043d\u044c\u0433\u0438 \u0432 \u043e\u043d\u043b\u0430\u0439\u043d \u043a\u0430\u0437\u0438\u043d\u043e. \u041b\u0443\u0447\u0448\u0438\u0435 \u0441\u0442\u0440\u0430\u0442\u0435\u0433\u0438\u0438 \u043a\u0430\u043a \u0438\u0433\u0440\u0430\u0442\u044c, \u0441\u043a\u0430\u0447\u0430\u0442\u044c \u0430\u0439\u0444\u043e\u043d \u0438 \u0430\u043d\u0434\u0440\u043e\u0438\u0434, \u043e\u0442\u0437\u044b\u0432\u044b \u0440\u0435\u0430\u043b\u044c\u043d\u044b\u0445 \u0438\u0433\u0440\u043e\u043a\u043e\u0432\",\"breadcrumb\":{\"@id\":\"https:\/\/jetxgambling.com\/#breadcrumb\"},\"inLanguage\":\"pl-PL\",\"potentialAction\":[{\"@type\":\"ReadAction\",\"target\":[\"https:\/\/jetxgambling.com\/\"]}]},{\"@type\":\"BreadcrumbList\",\"@id\":\"https:\/\/jetxgambling.com\/#breadcrumb\",\"itemListElement\":[{\"@type\":\"ListItem\",\"position\":1,\"name\":\"Home\",\"item\":\"https:\/\/jetxgambling.com\/\"},{\"@type\":\"ListItem\",\"position\":2,\"name\":\"\u041e\u0441\u043e\u0431\u0435\u043d\u043d\u043e\u0441\u0442\u0438 \u0438 \u043f\u0440\u0435\u0438\u043c\u0443\u0449\u0435\u0441\u0442\u0432\u0430 \u043d\u043e\u0432\u043e\u0439 \u043a\u0440\u0430\u0448-\u0438\u0433\u0440\u044b JetX 3\"}]},{\"@type\":\"WebSite\",\"@id\":\"https:\/\/jetxgambling.com\/#website\",\"url\":\"https:\/\/jetxgambling.com\/\",\"name\":\"JetX\",\"description\":\"\",\"publisher\":{\"@id\":\"https:\/\/jetxgambling.com\/#organization\"},\"potentialAction\":[{\"@type\":\"SearchAction\",\"target\":{\"@type\":\"EntryPoint\",\"urlTemplate\":\"https:\/\/jetxgambling.com\/?s={search_term_string}\"},\"query-input\":{\"@type\":\"PropertyValueSpecification\",\"valueRequired\":true,\"valueName\":\"search_term_string\"}}],\"inLanguage\":\"pl-PL\"},{\"@type\":\"Organization\",\"@id\":\"https:\/\/jetxgambling.com\/#organization\",\"name\":\"JetX\",\"url\":\"https:\/\/jetxgambling.com\/\",\"logo\":{\"@type\":\"ImageObject\",\"inLanguage\":\"pl-PL\",\"@id\":\"https:\/\/jetxgambling.com\/#\/schema\/logo\/image\/\",\"url\":\"https:\/\/jetxgambling.com\/wp-content\/uploads\/2024\/01\/jetx-slot-logo.png\",\"contentUrl\":\"https:\/\/jetxgambling.com\/wp-content\/uploads\/2024\/01\/jetx-slot-logo.png\",\"width\":200,\"height\":101,\"caption\":\"JetX\"},\"image\":{\"@id\":\"https:\/\/jetxgambling.com\/#\/schema\/logo\/image\/\"}}]}<\/script>\n<!-- \/ Yoast SEO plugin. -->","yoast_head_json":{"title":"\u0418\u0433\u0440\u0430\u0442\u044c \u0432 \u043a\u0440\u0430\u0448 \u0438\u0433\u0440\u0443 JetX3","description":"Zagraj i wygraj gr\u0119 online JetX3 na prawdziwe pieni\u0105dze w kasynie online. Najlepsze strategie dotycz\u0105ce gry, pobierz na iPhone'a i Androida, prawdziwe opinie graczy.","robots":{"index":"index","follow":"follow","max-snippet":"max-snippet:-1","max-image-preview":"max-image-preview:large","max-video-preview":"max-video-preview:-1"},"canonical":"https:\/\/jetxgambling.com\/pl\/","og_locale":"pl_PL","og_type":"article","og_title":"\u0418\u0433\u0440\u0430\u0442\u044c \u0432 \u043a\u0440\u0430\u0448 \u0438\u0433\u0440\u0443 JetX3","og_description":"\u0418\u0433\u0440\u0430\u0442\u044c \u0438 \u0432\u044b\u0438\u0433\u0440\u044b\u0432\u0430\u0442\u044c \u0432 \u043e\u043d\u043b\u0430\u0439\u043d \u0438\u0433\u0440\u0443 JetX3 \u043d\u0430 \u0440\u0435\u0430\u043b\u044c\u043d\u044b\u0435 \u0434\u0435\u043d\u044c\u0433\u0438 \u0432 \u043e\u043d\u043b\u0430\u0439\u043d \u043a\u0430\u0437\u0438\u043d\u043e. \u041b\u0443\u0447\u0448\u0438\u0435 \u0441\u0442\u0440\u0430\u0442\u0435\u0433\u0438\u0438 \u043a\u0430\u043a \u0438\u0433\u0440\u0430\u0442\u044c, \u0441\u043a\u0430\u0447\u0430\u0442\u044c \u0430\u0439\u0444\u043e\u043d \u0438 \u0430\u043d\u0434\u0440\u043e\u0438\u0434, \u043e\u0442\u0437\u044b\u0432\u044b \u0440\u0435\u0430\u043b\u044c\u043d\u044b\u0445 \u0438\u0433\u0440\u043e\u043a\u043e\u0432","og_url":"https:\/\/jetxgambling.com\/pl\/","og_site_name":"JetX","article_modified_time":"2024-04-15T19:38:11+00:00","twitter_card":"summary_large_image","twitter_misc":{"Szacowany czas czytania":"27 minut"},"schema":{"@context":"https:\/\/schema.org","@graph":[{"@type":"WebPage","@id":"https:\/\/jetxgambling.com\/","url":"https:\/\/jetxgambling.com\/","name":"\u0418\u0433\u0440\u0430\u0442\u044c \u0432 \u043a\u0440\u0430\u0448 \u0438\u0433\u0440\u0443 JetX3","isPartOf":{"@id":"https:\/\/jetxgambling.com\/#website"},"datePublished":"2024-01-05T17:25:34+00:00","dateModified":"2024-04-15T19:38:11+00:00","description":"\u0418\u0433\u0440\u0430\u0442\u044c \u0438 \u0432\u044b\u0438\u0433\u0440\u044b\u0432\u0430\u0442\u044c \u0432 \u043e\u043d\u043b\u0430\u0439\u043d \u0438\u0433\u0440\u0443 JetX3 \u043d\u0430 \u0440\u0435\u0430\u043b\u044c\u043d\u044b\u0435 \u0434\u0435\u043d\u044c\u0433\u0438 \u0432 \u043e\u043d\u043b\u0430\u0439\u043d \u043a\u0430\u0437\u0438\u043d\u043e. \u041b\u0443\u0447\u0448\u0438\u0435 \u0441\u0442\u0440\u0430\u0442\u0435\u0433\u0438\u0438 \u043a\u0430\u043a \u0438\u0433\u0440\u0430\u0442\u044c, \u0441\u043a\u0430\u0447\u0430\u0442\u044c \u0430\u0439\u0444\u043e\u043d \u0438 \u0430\u043d\u0434\u0440\u043e\u0438\u0434, \u043e\u0442\u0437\u044b\u0432\u044b \u0440\u0435\u0430\u043b\u044c\u043d\u044b\u0445 \u0438\u0433\u0440\u043e\u043a\u043e\u0432","breadcrumb":{"@id":"https:\/\/jetxgambling.com\/#breadcrumb"},"inLanguage":"pl-PL","potentialAction":[{"@type":"ReadAction","target":["https:\/\/jetxgambling.com\/"]}]},{"@type":"BreadcrumbList","@id":"https:\/\/jetxgambling.com\/#breadcrumb","itemListElement":[{"@type":"ListItem","position":1,"name":"Home","item":"https:\/\/jetxgambling.com\/"},{"@type":"ListItem","position":2,"name":"\u041e\u0441\u043e\u0431\u0435\u043d\u043d\u043e\u0441\u0442\u0438 \u0438 \u043f\u0440\u0435\u0438\u043c\u0443\u0449\u0435\u0441\u0442\u0432\u0430 \u043d\u043e\u0432\u043e\u0439 \u043a\u0440\u0430\u0448-\u0438\u0433\u0440\u044b JetX 3"}]},{"@type":"WebSite","@id":"https:\/\/jetxgambling.com\/#website","url":"https:\/\/jetxgambling.com\/","name":"JetX","description":"","publisher":{"@id":"https:\/\/jetxgambling.com\/#organization"},"potentialAction":[{"@type":"SearchAction","target":{"@type":"EntryPoint","urlTemplate":"https:\/\/jetxgambling.com\/?s={search_term_string}"},"query-input":{"@type":"PropertyValueSpecification","valueRequired":true,"valueName":"search_term_string"}}],"inLanguage":"pl-PL"},{"@type":"Organization","@id":"https:\/\/jetxgambling.com\/#organization","name":"JetX","url":"https:\/\/jetxgambling.com\/","logo":{"@type":"ImageObject","inLanguage":"pl-PL","@id":"https:\/\/jetxgambling.com\/#\/schema\/logo\/image\/","url":"https:\/\/jetxgambling.com\/wp-content\/uploads\/2024\/01\/jetx-slot-logo.png","contentUrl":"https:\/\/jetxgambling.com\/wp-content\/uploads\/2024\/01\/jetx-slot-logo.png","width":200,"height":101,"caption":"JetX"},"image":{"@id":"https:\/\/jetxgambling.com\/#\/schema\/logo\/image\/"}}]}},"_links":{"self":[{"href":"https:\/\/jetxgambling.com\/pl\/wp-json\/wp\/v2\/pages\/9","targetHints":{"allow":["GET"]}}],"collection":[{"href":"https:\/\/jetxgambling.com\/pl\/wp-json\/wp\/v2\/pages"}],"about":[{"href":"https:\/\/jetxgambling.com\/pl\/wp-json\/wp\/v2\/types\/page"}],"author":[{"embeddable":true,"href":"https:\/\/jetxgambling.com\/pl\/wp-json\/wp\/v2\/users\/1"}],"replies":[{"embeddable":true,"href":"https:\/\/jetxgambling.com\/pl\/wp-json\/wp\/v2\/comments?post=9"}],"version-history":[{"count":25,"href":"https:\/\/jetxgambling.com\/pl\/wp-json\/wp\/v2\/pages\/9\/revisions"}],"predecessor-version":[{"id":122,"href":"https:\/\/jetxgambling.com\/pl\/wp-json\/wp\/v2\/pages\/9\/revisions\/122"}],"wp:attachment":[{"href":"https:\/\/jetxgambling.com\/pl\/wp-json\/wp\/v2\/media?parent=9"}],"curies":[{"name":"wp","href":"https:\/\/api.w.org\/{rel}","templated":true}]}}