{"id":11,"date":"2024-01-05T17:26:35","date_gmt":"2024-01-05T17:26:35","guid":{"rendered":"https:\/\/jetxgambling.com\/?page_id=11"},"modified":"2024-04-15T19:40:09","modified_gmt":"2024-04-15T19:40:09","slug":"jetx3-strategies","status":"publish","type":"page","link":"https:\/\/jetxgambling.com\/pt\/jetx3-strategies\/","title":{"rendered":"Estrat\u00e9gias e t\u00e1ticas do jogo JetX3"},"content":{"rendered":"<p>Na m\u00e1quina ca\u00e7a-n\u00edqueis JetX3, h\u00e1 uma ampla variedade de apostas. O tamanho m\u00ednimo da aposta \u00e9 de 10 centavos, e o m\u00e1ximo \u00e9 de $300 (os limites podem variar dependendo do cassino online). Nos pain\u00e9is de jogo, o tamanho da aposta \u00e9 selecionado manualmente usando os bot\u00f5es &#8220;+&#8221; e &#8220;-&#8221; ou ajustado no modo de apostas autom\u00e1ticas. O multiplicador m\u00e1ximo do simulador de queda \u00e9 x1000 das apostas. O jogo tamb\u00e9m inclui uma op\u00e7\u00e3o para a retirada autom\u00e1tica de ganhos quando os jatos atingem determinados coeficientes. Para ganhar com mais frequ\u00eancia na m\u00e1quina ca\u00e7a-n\u00edqueis JetX3, os jogadores utilizam diversas estrat\u00e9gias:<\/p>\n<ol>\n<li><strong>Estrat\u00e9gia de Pequenas Apostas:<\/strong> Esta estrat\u00e9gia \u00e9 adequada para iniciantes ou aqueles que preferem minimizar os riscos. S\u00e3o feitas apostas pequenas, e os ganhos s\u00e3o retirados em multiplicadores pequenos (por volta de x1,2-x1,3). Esse m\u00e9todo garante pagamentos frequentes, mas pequenos.<\/li>\n<li><strong>Jogo com Coeficientes M\u00e9dios:<\/strong> Este m\u00e9todo envolve a retirada de ganhos quando os multiplicadores atingem x2-x3. \u00c9 adequado para jogadores mais experientes, pois esses coeficientes ocorrem com bastante frequ\u00eancia, proporcionando pagamentos moderados.<\/li>\n<li><strong>Estrat\u00e9gia Martingale:<\/strong> Esta \u00e9 uma estrat\u00e9gia popular de apostas usada em muitos jogos de cassino. Envolve aumentar o tamanho da aposta ap\u00f3s cada perda e retornar \u00e0 aposta inicial ap\u00f3s uma vit\u00f3ria. Este m\u00e9todo pode ser arriscado, mas potencialmente traz grandes ganhos.<\/li>\n<li><strong>Retirada Autom\u00e1tica de Ganhos:<\/strong> Usar a funcionalidade de retirada autom\u00e1tica ao atingir certos coeficientes ajuda a gerenciar os riscos e proporciona uma abordagem disciplinada ao jogo.<\/li>\n<li><strong>Modo de Treinamento (Demo):<\/strong> Antes de jogar com dinheiro real, \u00e9 recomend\u00e1vel testar estrat\u00e9gias na vers\u00e3o de demonstra\u00e7\u00e3o do jogo. Isso permite que os jogadores avaliem a efic\u00e1cia de diferentes abordagens sem riscos financeiros.<\/li>\n<li><strong>Variedade de Apostas:<\/strong> Os jogadores devem experimentar diferentes tamanhos de apostas e o n\u00famero de jatos ativos para encontrar a combina\u00e7\u00e3o ideal para si mesmos.<\/li>\n<\/ol>\n<p>O uso de estrat\u00e9gias contribui para reduzir o risco de perdas financeiras e permite que os jogadores fa\u00e7am apostas disciplinadas com uma alta probabilidade de vit\u00f3ria. O objetivo do jogo no JetX3 \u00e9 coletar recompensas antes que as aeronaves explodam na tela.<\/p>\n<p>Os jogadores podem jogar o jogo de queda com dinheiro real ou cr\u00e9ditos virtuais. No primeiro caso, \u00e9 necess\u00e1rio escolher um cassino confi\u00e1vel com este jogo, se registrar e fazer um dep\u00f3sito. Para apostas de demonstra\u00e7\u00e3o, ou seja, no modo gratuito, criar uma conta n\u00e3o \u00e9 obrigat\u00f3rio. Recomenda-se lan\u00e7ar a vers\u00e3o de demonstra\u00e7\u00e3o da m\u00e1quina ca\u00e7a-n\u00edqueis para testar as capacidades do modelo de jogo, avaliar o retorno em diferentes valores de aposta e determinar o n\u00famero de jatos ativos antes de jogar com moeda real. O jogo de queda JetX3 funciona perfeitamente em dispositivos m\u00f3veis e desktop. O jogo \u00e9 popular entre os f\u00e3s de entretenimento de apostas incomum e \u00e9 um dos ca\u00e7a-n\u00edqueis mais procurados na maioria dos cassinos online.<\/p>\n<h2>Aspectos Importantes a Lembrar ao Escolher uma Estrat\u00e9gia no JetX3:<\/h2>\n<p>Estrat\u00e9gias e t\u00e1ticas no jogo JetX3 permitem que os jogadores maximizem suas chances de sucesso e gerenciem os riscos. Com base na mec\u00e2nica do jogo e na variedade de apostas, um jogador aumenta suas chances de ganhar. Neste caso, o jogador n\u00e3o est\u00e1 apenas pressionando aleatoriamente bot\u00f5es, mas escolhendo uma estrat\u00e9gia sobre como jogar, o que deve, em \u00faltima inst\u00e2ncia, resultar em uma vit\u00f3ria.<\/p>\n<p>A chave para o sucesso no JetX3 \u00e9 a habilidade de tomar decis\u00f5es r\u00e1pidas e avaliar os riscos corretamente. \u00c9 essencial lembrar que, apesar da aplica\u00e7\u00e3o de estrat\u00e9gias, o jogo continua sendo um jogo de azar, e os resultados podem ser imprevis\u00edveis. Portanto, deve-se sempre abordar o jogo de maneira respons\u00e1vel e estabelecer limites claros para si mesmo.<\/p>\n","protected":false},"excerpt":{"rendered":"<p>Na m\u00e1quina ca\u00e7a-n\u00edqueis JetX3, h\u00e1 uma ampla variedade de apostas. O tamanho m\u00ednimo da aposta \u00e9 de 10 centavos, e o m\u00e1ximo \u00e9 de $300 (os limites podem variar dependendo do cassino online). Nos pain\u00e9is de jogo, o tamanho da aposta \u00e9 selecionado manualmente usando os bot\u00f5es &#8220;+&#8221; e &#8220;-&#8221; ou ajustado no modo de&#8230;<\/p>\n","protected":false},"author":1,"featured_media":0,"parent":0,"menu_order":0,"comment_status":"closed","ping_status":"closed","template":"","meta":{"footnotes":""},"class_list":["post-11","page","type-page","status-publish","hentry"],"yoast_head":"<!-- This site is optimized with the Yoast SEO plugin v27.2 - https:\/\/yoast.com\/product\/yoast-seo-wordpress\/ -->\n<title>\u0421\u0442\u0440\u0430\u0442\u0435\u0433\u0438\u0438 \u0438\u0433\u0440\u044b JetX3<\/title>\n<meta name=\"description\" content=\"Uma resposta \u00e0 pergunta de como vencer no jogo de colis\u00e3o JetX3 e ganhar dinheiro real. As melhores estrat\u00e9gias e t\u00e1ticas para jogar JetX3, tanto para novos quanto para jogadores experientes.\" \/>\n<meta name=\"robots\" content=\"index, follow, max-snippet:-1, max-image-preview:large, max-video-preview:-1\" \/>\n<link rel=\"canonical\" href=\"https:\/\/jetxgambling.com\/pt\/jetx3-strategies\/\" \/>\n<meta property=\"og:locale\" content=\"pt_PT\" \/>\n<meta property=\"og:locale:alternate\" content=\"ru_RU\" \/>\n<meta property=\"og:locale:alternate\" content=\"en_US\" \/>\n<meta property=\"og:locale:alternate\" content=\"es_ES\" \/>\n<meta property=\"og:locale:alternate\" content=\"sr_RS\" \/>\n<meta property=\"og:locale:alternate\" content=\"bg_BG\" \/>\n<meta property=\"og:locale:alternate\" content=\"pl_PL\" \/>\n<meta property=\"og:locale:alternate\" content=\"ro_RO\" \/>\n<meta property=\"og:locale:alternate\" content=\"it_IT\" \/>\n<meta property=\"og:locale:alternate\" content=\"fr_FR\" \/>\n<meta property=\"og:locale:alternate\" content=\"de_DE\" \/>\n<meta property=\"og:type\" content=\"article\" \/>\n<meta property=\"og:title\" content=\"\u0421\u0442\u0440\u0430\u0442\u0435\u0433\u0438\u0438 \u0438\u0433\u0440\u044b JetX3\" \/>\n<meta property=\"og:description\" content=\"\u041e\u0442\u0432\u0435\u0442 \u043d\u0430 \u0432\u043e\u043f\u0440\u043e\u0441 \u043a\u0430\u043a \u043f\u043e\u0431\u0435\u0434\u0438\u0442\u044c \u0432 \u043a\u0440\u0430\u0448 \u0438\u0433\u0440\u0435 JetX3 \u0438 \u0432\u044b\u0438\u0433\u0440\u0430\u0442\u044c \u0440\u0435\u0430\u043b\u044c\u043d\u044b\u0435 \u0434\u0435\u043d\u044c\u0433\u0438. \u041b\u0443\u0447\u0448\u0438\u0435 \u0441\u0442\u0440\u0430\u0442\u0435\u0433\u0438\u0438 \u0438 \u0442\u0430\u043a\u0442\u0438\u043a\u0438 \u0438\u0433\u0440\u044b JetX3 \u0434\u043b\u044f \u043d\u043e\u0432\u044b\u0445 \u0438 \u043e\u043f\u044b\u0442\u043d\u044b\u0445 \u0438\u0433\u0440\u043e\u043a\u043e\u0432\" \/>\n<meta property=\"og:url\" content=\"https:\/\/jetxgambling.com\/pt\/jetx3-strategies\/\" \/>\n<meta property=\"og:site_name\" content=\"JetX\" \/>\n<meta property=\"article:modified_time\" content=\"2024-04-15T19:40:09+00:00\" \/>\n<meta name=\"twitter:card\" content=\"summary_large_image\" \/>\n<meta name=\"twitter:label1\" content=\"Tempo estimado de leitura\" \/>\n\t<meta name=\"twitter:data1\" content=\"26 minutos\" \/>\n<script type=\"application\/ld+json\" class=\"yoast-schema-graph\">{\"@context\":\"https:\/\/schema.org\",\"@graph\":[{\"@type\":\"WebPage\",\"@id\":\"https:\/\/jetxgambling.com\/jetx3-strategies\/\",\"url\":\"https:\/\/jetxgambling.com\/jetx3-strategies\/\",\"name\":\"\u0421\u0442\u0440\u0430\u0442\u0435\u0433\u0438\u0438 \u0438\u0433\u0440\u044b JetX3\",\"isPartOf\":{\"@id\":\"https:\/\/jetxgambling.com\/#website\"},\"datePublished\":\"2024-01-05T17:26:35+00:00\",\"dateModified\":\"2024-04-15T19:40:09+00:00\",\"description\":\"\u041e\u0442\u0432\u0435\u0442 \u043d\u0430 \u0432\u043e\u043f\u0440\u043e\u0441 \u043a\u0430\u043a \u043f\u043e\u0431\u0435\u0434\u0438\u0442\u044c \u0432 \u043a\u0440\u0430\u0448 \u0438\u0433\u0440\u0435 JetX3 \u0438 \u0432\u044b\u0438\u0433\u0440\u0430\u0442\u044c \u0440\u0435\u0430\u043b\u044c\u043d\u044b\u0435 \u0434\u0435\u043d\u044c\u0433\u0438. \u041b\u0443\u0447\u0448\u0438\u0435 \u0441\u0442\u0440\u0430\u0442\u0435\u0433\u0438\u0438 \u0438 \u0442\u0430\u043a\u0442\u0438\u043a\u0438 \u0438\u0433\u0440\u044b JetX3 \u0434\u043b\u044f \u043d\u043e\u0432\u044b\u0445 \u0438 \u043e\u043f\u044b\u0442\u043d\u044b\u0445 \u0438\u0433\u0440\u043e\u043a\u043e\u0432\",\"breadcrumb\":{\"@id\":\"https:\/\/jetxgambling.com\/jetx3-strategies\/#breadcrumb\"},\"inLanguage\":\"pt-PT\",\"potentialAction\":[{\"@type\":\"ReadAction\",\"target\":[\"https:\/\/jetxgambling.com\/jetx3-strategies\/\"]}]},{\"@type\":\"BreadcrumbList\",\"@id\":\"https:\/\/jetxgambling.com\/jetx3-strategies\/#breadcrumb\",\"itemListElement\":[{\"@type\":\"ListItem\",\"position\":1,\"name\":\"Home\",\"item\":\"https:\/\/jetxgambling.com\/\"},{\"@type\":\"ListItem\",\"position\":2,\"name\":\"\u0421\u0442\u0440\u0430\u0442\u0435\u0433\u0438\u0438 \u0438 \u0442\u0430\u043a\u0442\u0438\u043a\u0438 \u0438\u0433\u0440\u044b JetX3\"}]},{\"@type\":\"WebSite\",\"@id\":\"https:\/\/jetxgambling.com\/#website\",\"url\":\"https:\/\/jetxgambling.com\/\",\"name\":\"JetX\",\"description\":\"\",\"publisher\":{\"@id\":\"https:\/\/jetxgambling.com\/#organization\"},\"potentialAction\":[{\"@type\":\"SearchAction\",\"target\":{\"@type\":\"EntryPoint\",\"urlTemplate\":\"https:\/\/jetxgambling.com\/?s={search_term_string}\"},\"query-input\":{\"@type\":\"PropertyValueSpecification\",\"valueRequired\":true,\"valueName\":\"search_term_string\"}}],\"inLanguage\":\"pt-PT\"},{\"@type\":\"Organization\",\"@id\":\"https:\/\/jetxgambling.com\/#organization\",\"name\":\"JetX\",\"url\":\"https:\/\/jetxgambling.com\/\",\"logo\":{\"@type\":\"ImageObject\",\"inLanguage\":\"pt-PT\",\"@id\":\"https:\/\/jetxgambling.com\/#\/schema\/logo\/image\/\",\"url\":\"https:\/\/jetxgambling.com\/wp-content\/uploads\/2024\/01\/jetx-slot-logo.png\",\"contentUrl\":\"https:\/\/jetxgambling.com\/wp-content\/uploads\/2024\/01\/jetx-slot-logo.png\",\"width\":200,\"height\":101,\"caption\":\"JetX\"},\"image\":{\"@id\":\"https:\/\/jetxgambling.com\/#\/schema\/logo\/image\/\"}}]}<\/script>\n<!-- \/ Yoast SEO plugin. -->","yoast_head_json":{"title":"\u0421\u0442\u0440\u0430\u0442\u0435\u0433\u0438\u0438 \u0438\u0433\u0440\u044b JetX3","description":"Uma resposta \u00e0 pergunta de como vencer no jogo de colis\u00e3o JetX3 e ganhar dinheiro real. As melhores estrat\u00e9gias e t\u00e1ticas para jogar JetX3, tanto para novos quanto para jogadores experientes.","robots":{"index":"index","follow":"follow","max-snippet":"max-snippet:-1","max-image-preview":"max-image-preview:large","max-video-preview":"max-video-preview:-1"},"canonical":"https:\/\/jetxgambling.com\/pt\/jetx3-strategies\/","og_locale":"pt_PT","og_type":"article","og_title":"\u0421\u0442\u0440\u0430\u0442\u0435\u0433\u0438\u0438 \u0438\u0433\u0440\u044b JetX3","og_description":"\u041e\u0442\u0432\u0435\u0442 \u043d\u0430 \u0432\u043e\u043f\u0440\u043e\u0441 \u043a\u0430\u043a \u043f\u043e\u0431\u0435\u0434\u0438\u0442\u044c \u0432 \u043a\u0440\u0430\u0448 \u0438\u0433\u0440\u0435 JetX3 \u0438 \u0432\u044b\u0438\u0433\u0440\u0430\u0442\u044c \u0440\u0435\u0430\u043b\u044c\u043d\u044b\u0435 \u0434\u0435\u043d\u044c\u0433\u0438. \u041b\u0443\u0447\u0448\u0438\u0435 \u0441\u0442\u0440\u0430\u0442\u0435\u0433\u0438\u0438 \u0438 \u0442\u0430\u043a\u0442\u0438\u043a\u0438 \u0438\u0433\u0440\u044b JetX3 \u0434\u043b\u044f \u043d\u043e\u0432\u044b\u0445 \u0438 \u043e\u043f\u044b\u0442\u043d\u044b\u0445 \u0438\u0433\u0440\u043e\u043a\u043e\u0432","og_url":"https:\/\/jetxgambling.com\/pt\/jetx3-strategies\/","og_site_name":"JetX","article_modified_time":"2024-04-15T19:40:09+00:00","twitter_card":"summary_large_image","twitter_misc":{"Tempo estimado de leitura":"26 minutos"},"schema":{"@context":"https:\/\/schema.org","@graph":[{"@type":"WebPage","@id":"https:\/\/jetxgambling.com\/jetx3-strategies\/","url":"https:\/\/jetxgambling.com\/jetx3-strategies\/","name":"\u0421\u0442\u0440\u0430\u0442\u0435\u0433\u0438\u0438 \u0438\u0433\u0440\u044b JetX3","isPartOf":{"@id":"https:\/\/jetxgambling.com\/#website"},"datePublished":"2024-01-05T17:26:35+00:00","dateModified":"2024-04-15T19:40:09+00:00","description":"\u041e\u0442\u0432\u0435\u0442 \u043d\u0430 \u0432\u043e\u043f\u0440\u043e\u0441 \u043a\u0430\u043a \u043f\u043e\u0431\u0435\u0434\u0438\u0442\u044c \u0432 \u043a\u0440\u0430\u0448 \u0438\u0433\u0440\u0435 JetX3 \u0438 \u0432\u044b\u0438\u0433\u0440\u0430\u0442\u044c \u0440\u0435\u0430\u043b\u044c\u043d\u044b\u0435 \u0434\u0435\u043d\u044c\u0433\u0438. \u041b\u0443\u0447\u0448\u0438\u0435 \u0441\u0442\u0440\u0430\u0442\u0435\u0433\u0438\u0438 \u0438 \u0442\u0430\u043a\u0442\u0438\u043a\u0438 \u0438\u0433\u0440\u044b JetX3 \u0434\u043b\u044f \u043d\u043e\u0432\u044b\u0445 \u0438 \u043e\u043f\u044b\u0442\u043d\u044b\u0445 \u0438\u0433\u0440\u043e\u043a\u043e\u0432","breadcrumb":{"@id":"https:\/\/jetxgambling.com\/jetx3-strategies\/#breadcrumb"},"inLanguage":"pt-PT","potentialAction":[{"@type":"ReadAction","target":["https:\/\/jetxgambling.com\/jetx3-strategies\/"]}]},{"@type":"BreadcrumbList","@id":"https:\/\/jetxgambling.com\/jetx3-strategies\/#breadcrumb","itemListElement":[{"@type":"ListItem","position":1,"name":"Home","item":"https:\/\/jetxgambling.com\/"},{"@type":"ListItem","position":2,"name":"\u0421\u0442\u0440\u0430\u0442\u0435\u0433\u0438\u0438 \u0438 \u0442\u0430\u043a\u0442\u0438\u043a\u0438 \u0438\u0433\u0440\u044b JetX3"}]},{"@type":"WebSite","@id":"https:\/\/jetxgambling.com\/#website","url":"https:\/\/jetxgambling.com\/","name":"JetX","description":"","publisher":{"@id":"https:\/\/jetxgambling.com\/#organization"},"potentialAction":[{"@type":"SearchAction","target":{"@type":"EntryPoint","urlTemplate":"https:\/\/jetxgambling.com\/?s={search_term_string}"},"query-input":{"@type":"PropertyValueSpecification","valueRequired":true,"valueName":"search_term_string"}}],"inLanguage":"pt-PT"},{"@type":"Organization","@id":"https:\/\/jetxgambling.com\/#organization","name":"JetX","url":"https:\/\/jetxgambling.com\/","logo":{"@type":"ImageObject","inLanguage":"pt-PT","@id":"https:\/\/jetxgambling.com\/#\/schema\/logo\/image\/","url":"https:\/\/jetxgambling.com\/wp-content\/uploads\/2024\/01\/jetx-slot-logo.png","contentUrl":"https:\/\/jetxgambling.com\/wp-content\/uploads\/2024\/01\/jetx-slot-logo.png","width":200,"height":101,"caption":"JetX"},"image":{"@id":"https:\/\/jetxgambling.com\/#\/schema\/logo\/image\/"}}]}},"_links":{"self":[{"href":"https:\/\/jetxgambling.com\/pt\/wp-json\/wp\/v2\/pages\/11","targetHints":{"allow":["GET"]}}],"collection":[{"href":"https:\/\/jetxgambling.com\/pt\/wp-json\/wp\/v2\/pages"}],"about":[{"href":"https:\/\/jetxgambling.com\/pt\/wp-json\/wp\/v2\/types\/page"}],"author":[{"embeddable":true,"href":"https:\/\/jetxgambling.com\/pt\/wp-json\/wp\/v2\/users\/1"}],"replies":[{"embeddable":true,"href":"https:\/\/jetxgambling.com\/pt\/wp-json\/wp\/v2\/comments?post=11"}],"version-history":[{"count":24,"href":"https:\/\/jetxgambling.com\/pt\/wp-json\/wp\/v2\/pages\/11\/revisions"}],"predecessor-version":[{"id":125,"href":"https:\/\/jetxgambling.com\/pt\/wp-json\/wp\/v2\/pages\/11\/revisions\/125"}],"wp:attachment":[{"href":"https:\/\/jetxgambling.com\/pt\/wp-json\/wp\/v2\/media?parent=11"}],"curies":[{"name":"wp","href":"https:\/\/api.w.org\/{rel}","templated":true}]}}