{"id":13,"date":"2024-01-05T17:27:15","date_gmt":"2024-01-05T17:27:15","guid":{"rendered":"https:\/\/jetxgambling.com\/?page_id=13"},"modified":"2024-04-15T19:33:54","modified_gmt":"2024-04-15T19:33:54","slug":"jetx3-features","status":"publish","type":"page","link":"https:\/\/jetxgambling.com\/pt\/jetx3-features\/","title":{"rendered":"Raz\u00f5es para a popularidade e vantagens do jogo JetX3"},"content":{"rendered":"<p>O jogo JetX3, desenvolvido pela Smartsoft Gaming, rapidamente chamou a aten\u00e7\u00e3o dos jogadores de cassino online devido \u00e0s suas caracter\u00edsticas e vantagens \u00fanicas. \u00c0 primeira vista, este jogo pode parecer um an\u00e1logo ao popular jogo Aviator, no entanto, o JetX3 se destaca com sua funcionalidade atualizada e uma trama mais interessante, oferecendo aos jogadores uma experi\u00eancia de jogo inovadora e emocionante. Baseado na mec\u00e2nica de colis\u00e3o, o JetX3 difere dos ca\u00e7a-n\u00edqueis tradicionais, oferecendo jogabilidade incomum e extensas possibilidades de ganho:<\/p>\n<ul>\n<li>Uma das principais vantagens do JetX3 \u00e9 a alta probabilidade de vit\u00f3ria em cada rodada. Isso \u00e9 alcan\u00e7ado por meio da mec\u00e2nica de jogo \u00fanica, onde os multiplicadores de aposta aumentam de forma imprevis\u00edvel. Isso adiciona um elemento de emo\u00e7\u00e3o e empolga\u00e7\u00e3o, tornando cada rodada emocionante e imprevis\u00edvel.<\/li>\n<li>A simplicidade no controle do jogo o torna acess\u00edvel a uma ampla audi\u00eancia de jogadores, incluindo aqueles que est\u00e3o tentando a sorte no jogo pela primeira vez. Uma interface intuitivamente compreens\u00edvel e regras f\u00e1ceis de aprender tornam o jogo atraente para iniciantes, enquanto jogadores experientes apreciam a din\u00e2mica e o potencial para jogadas estrat\u00e9gicas.<\/li>\n<li>O formato multiplayer em tempo real cria um senso de comunidade e competitividade. Os jogadores podem interagir entre si por meio de bate-papo ao vivo, discutir estrat\u00e9gias e compartilhar experi\u00eancias, tornando o processo de jogo mais social e envolvente. Al\u00e9m disso, a capacidade de visualizar estat\u00edsticas e a\u00e7\u00f5es de outros jogadores adiciona um n\u00edvel extra de transpar\u00eancia e envolvimento.<\/li>\n<li>A breve dura\u00e7\u00e3o das rodadas, apenas 30-40 segundos, torna o jogo ideal para sess\u00f5es r\u00e1pidas e din\u00e2micas. Isso mant\u00e9m um alto n\u00edvel de envolvimento dos jogadores, permitindo que eles mudem rapidamente de uma rodada para outra sem esperas prolongadas.<\/li>\n<li>A op\u00e7\u00e3o de configurar um modo de demonstra\u00e7\u00e3o para apostas permite que os jogadores experimentem o jogo sem o risco de perder dinheiro real. Esta \u00e9 uma maneira ideal de se familiarizar com a mec\u00e2nica do jogo e desenvolver estrat\u00e9gias antes de jogar com dinheiro real. Essa oportunidade \u00e9 especialmente valiosa para novos jogadores que desejam entender o jogo antes de arriscar seus fundos.<\/li>\n<li>O suporte para v\u00e1rias moedas e otimiza\u00e7\u00e3o para diferentes dispositivos torna o JetX3 acess\u00edvel a uma audi\u00eancia internacional. Jogadores de todo o mundo podem desfrutar do jogo em seus dispositivos preferidos, seja em telefones celulares, tablets ou computadores desktop.<\/li>\n<li>A capacidade de fazer tr\u00eas apostas simultaneamente em tr\u00eas pain\u00e9is diferentes aumenta as chances de ganhar e adiciona um elemento estrat\u00e9gico ao jogo. Os jogadores podem decidir se desejam distribuir suas apostas entre v\u00e1rios jatos ou se concentrar em um, diversificando a jogabilidade.<\/li>\n<li>O crescimento imprevis\u00edvel dos multiplicadores, impulsionado pelo uso de geradores de n\u00fameros aleat\u00f3rios (RNG), torna cada rodada \u00fanica e imprevis\u00edvel. Esse elemento de aleatoriedade mant\u00e9m o interesse dos jogadores e torna cada jogo distinto.<\/li>\n<li>O JetX3 se destaca entre outros jogos de azar com seu design atraente, assemelhando-se a verdadeiras espa\u00e7onaves para voos interestelares. Este apelo visual, combinado com mec\u00e2nicas inovadoras e jogabilidade din\u00e2mica, fazem do JetX3 um dos jogos mais procurados em cassinos online.<\/li>\n<\/ul>\n<p>\u00c9 importante observar que, apesar de todas essas vantagens e oportunidades de ganho, o JetX3 continua sendo um jogo de azar. Os jogadores devem abord\u00e1-lo com responsabilidade, estabelecendo limites para si mesmos e jogando dentro de seus meios. \u00c9 sempre crucial estar ciente dos riscos associados ao jogo e abordar o jogo com consci\u00eancia e modera\u00e7\u00e3o.<\/p>\n","protected":false},"excerpt":{"rendered":"<p>O jogo JetX3, desenvolvido pela Smartsoft Gaming, rapidamente chamou a aten\u00e7\u00e3o dos jogadores de cassino online devido \u00e0s suas caracter\u00edsticas e vantagens \u00fanicas. \u00c0 primeira vista, este jogo pode parecer um an\u00e1logo ao popular jogo Aviator, no entanto, o JetX3 se destaca com sua funcionalidade atualizada e uma trama mais interessante, oferecendo aos jogadores uma&#8230;<\/p>\n","protected":false},"author":1,"featured_media":0,"parent":0,"menu_order":0,"comment_status":"closed","ping_status":"closed","template":"","meta":{"footnotes":""},"class_list":["post-13","page","type-page","status-publish","hentry"],"yoast_head":"<!-- This site is optimized with the Yoast SEO plugin v27.2 - https:\/\/yoast.com\/product\/yoast-seo-wordpress\/ -->\n<title>\u041f\u043e\u0447\u0435\u043c\u0443 \u0438\u0433\u0440\u0430 JetX3 \u043f\u043e\u043f\u0443\u043b\u044f\u0440\u043d\u0430<\/title>\n<meta name=\"description\" content=\"Vamos falar sobre as vantagens e raz\u00f5es da popularidade do jogo JetX3. Por que os jogadores escolhem este jogo entre a variedade de jogos de cassino online?\" \/>\n<meta name=\"robots\" content=\"index, follow, max-snippet:-1, max-image-preview:large, max-video-preview:-1\" \/>\n<link rel=\"canonical\" href=\"https:\/\/jetxgambling.com\/pt\/jetx3-features\/\" \/>\n<meta property=\"og:locale\" content=\"pt_PT\" \/>\n<meta property=\"og:locale:alternate\" content=\"ru_RU\" \/>\n<meta property=\"og:locale:alternate\" content=\"en_US\" \/>\n<meta property=\"og:locale:alternate\" content=\"es_ES\" \/>\n<meta property=\"og:locale:alternate\" content=\"sr_RS\" \/>\n<meta property=\"og:locale:alternate\" content=\"bg_BG\" \/>\n<meta property=\"og:locale:alternate\" content=\"pl_PL\" \/>\n<meta property=\"og:locale:alternate\" content=\"ro_RO\" \/>\n<meta property=\"og:locale:alternate\" content=\"it_IT\" \/>\n<meta property=\"og:locale:alternate\" content=\"fr_FR\" \/>\n<meta property=\"og:locale:alternate\" content=\"de_DE\" \/>\n<meta property=\"og:type\" content=\"article\" \/>\n<meta property=\"og:title\" content=\"\u041f\u043e\u0447\u0435\u043c\u0443 \u0438\u0433\u0440\u0430 JetX3 \u043f\u043e\u043f\u0443\u043b\u044f\u0440\u043d\u0430\" \/>\n<meta property=\"og:description\" content=\"\u041c\u044b \u043f\u043e\u0433\u043e\u0432\u043e\u0440\u0438\u043c \u043e \u043f\u0440\u0435\u0438\u043c\u0443\u0449\u0435\u0441\u0442\u0432\u0430\u0445 \u0438 \u043f\u0440\u0438\u0447\u0438\u043d\u0430\u0445 \u043f\u043e\u043f\u0443\u043b\u044f\u0440\u043d\u043e\u0441\u0442\u0438 \u0438\u0433\u0440\u044b JetX3. \u041f\u043e\u0447\u0435\u043c\u0443 \u0438\u0433\u0440\u043e\u043a\u0438 \u0432\u044b\u0431\u0438\u0440\u0430\u044e\u0442 \u044d\u0442\u0443 \u0438\u0433\u0440\u0443 \u0441\u0440\u0435\u0434\u0438 \u043c\u043d\u043e\u0436\u0435\u0441\u0442\u0432\u0430 \u043e\u043d\u043b\u0430\u0439\u043d \u0438\u0433\u0440 \u0432 \u043a\u0430\u0437\u0438\u043d\u043e\" \/>\n<meta property=\"og:url\" content=\"https:\/\/jetxgambling.com\/pt\/jetx3-features\/\" \/>\n<meta property=\"og:site_name\" content=\"JetX\" \/>\n<meta property=\"article:modified_time\" content=\"2024-04-15T19:33:54+00:00\" \/>\n<meta name=\"twitter:card\" content=\"summary_large_image\" \/>\n<meta name=\"twitter:label1\" content=\"Tempo estimado de leitura\" \/>\n\t<meta name=\"twitter:data1\" content=\"24 minutos\" \/>\n<script type=\"application\/ld+json\" class=\"yoast-schema-graph\">{\"@context\":\"https:\/\/schema.org\",\"@graph\":[{\"@type\":\"WebPage\",\"@id\":\"https:\/\/jetxgambling.com\/jetx3-features\/\",\"url\":\"https:\/\/jetxgambling.com\/jetx3-features\/\",\"name\":\"\u041f\u043e\u0447\u0435\u043c\u0443 \u0438\u0433\u0440\u0430 JetX3 \u043f\u043e\u043f\u0443\u043b\u044f\u0440\u043d\u0430\",\"isPartOf\":{\"@id\":\"https:\/\/jetxgambling.com\/#website\"},\"datePublished\":\"2024-01-05T17:27:15+00:00\",\"dateModified\":\"2024-04-15T19:33:54+00:00\",\"description\":\"\u041c\u044b \u043f\u043e\u0433\u043e\u0432\u043e\u0440\u0438\u043c \u043e \u043f\u0440\u0435\u0438\u043c\u0443\u0449\u0435\u0441\u0442\u0432\u0430\u0445 \u0438 \u043f\u0440\u0438\u0447\u0438\u043d\u0430\u0445 \u043f\u043e\u043f\u0443\u043b\u044f\u0440\u043d\u043e\u0441\u0442\u0438 \u0438\u0433\u0440\u044b JetX3. \u041f\u043e\u0447\u0435\u043c\u0443 \u0438\u0433\u0440\u043e\u043a\u0438 \u0432\u044b\u0431\u0438\u0440\u0430\u044e\u0442 \u044d\u0442\u0443 \u0438\u0433\u0440\u0443 \u0441\u0440\u0435\u0434\u0438 \u043c\u043d\u043e\u0436\u0435\u0441\u0442\u0432\u0430 \u043e\u043d\u043b\u0430\u0439\u043d \u0438\u0433\u0440 \u0432 \u043a\u0430\u0437\u0438\u043d\u043e\",\"breadcrumb\":{\"@id\":\"https:\/\/jetxgambling.com\/jetx3-features\/#breadcrumb\"},\"inLanguage\":\"pt-PT\",\"potentialAction\":[{\"@type\":\"ReadAction\",\"target\":[\"https:\/\/jetxgambling.com\/jetx3-features\/\"]}]},{\"@type\":\"BreadcrumbList\",\"@id\":\"https:\/\/jetxgambling.com\/jetx3-features\/#breadcrumb\",\"itemListElement\":[{\"@type\":\"ListItem\",\"position\":1,\"name\":\"Home\",\"item\":\"https:\/\/jetxgambling.com\/\"},{\"@type\":\"ListItem\",\"position\":2,\"name\":\"\u041f\u0440\u0438\u0447\u0438\u043d\u044b \u043f\u043e\u043f\u0443\u043b\u044f\u0440\u043d\u043e\u0441\u0442\u0438 \u0438 \u043f\u0440\u0435\u0438\u043c\u0443\u0449\u0435\u0441\u0442\u0432\u0430 \u0438\u0433\u0440\u044b JetX3\"}]},{\"@type\":\"WebSite\",\"@id\":\"https:\/\/jetxgambling.com\/#website\",\"url\":\"https:\/\/jetxgambling.com\/\",\"name\":\"JetX\",\"description\":\"\",\"publisher\":{\"@id\":\"https:\/\/jetxgambling.com\/#organization\"},\"potentialAction\":[{\"@type\":\"SearchAction\",\"target\":{\"@type\":\"EntryPoint\",\"urlTemplate\":\"https:\/\/jetxgambling.com\/?s={search_term_string}\"},\"query-input\":{\"@type\":\"PropertyValueSpecification\",\"valueRequired\":true,\"valueName\":\"search_term_string\"}}],\"inLanguage\":\"pt-PT\"},{\"@type\":\"Organization\",\"@id\":\"https:\/\/jetxgambling.com\/#organization\",\"name\":\"JetX\",\"url\":\"https:\/\/jetxgambling.com\/\",\"logo\":{\"@type\":\"ImageObject\",\"inLanguage\":\"pt-PT\",\"@id\":\"https:\/\/jetxgambling.com\/#\/schema\/logo\/image\/\",\"url\":\"https:\/\/jetxgambling.com\/wp-content\/uploads\/2024\/01\/jetx-slot-logo.png\",\"contentUrl\":\"https:\/\/jetxgambling.com\/wp-content\/uploads\/2024\/01\/jetx-slot-logo.png\",\"width\":200,\"height\":101,\"caption\":\"JetX\"},\"image\":{\"@id\":\"https:\/\/jetxgambling.com\/#\/schema\/logo\/image\/\"}}]}<\/script>\n<!-- \/ Yoast SEO plugin. -->","yoast_head_json":{"title":"\u041f\u043e\u0447\u0435\u043c\u0443 \u0438\u0433\u0440\u0430 JetX3 \u043f\u043e\u043f\u0443\u043b\u044f\u0440\u043d\u0430","description":"Vamos falar sobre as vantagens e raz\u00f5es da popularidade do jogo JetX3. Por que os jogadores escolhem este jogo entre a variedade de jogos de cassino online?","robots":{"index":"index","follow":"follow","max-snippet":"max-snippet:-1","max-image-preview":"max-image-preview:large","max-video-preview":"max-video-preview:-1"},"canonical":"https:\/\/jetxgambling.com\/pt\/jetx3-features\/","og_locale":"pt_PT","og_type":"article","og_title":"\u041f\u043e\u0447\u0435\u043c\u0443 \u0438\u0433\u0440\u0430 JetX3 \u043f\u043e\u043f\u0443\u043b\u044f\u0440\u043d\u0430","og_description":"\u041c\u044b \u043f\u043e\u0433\u043e\u0432\u043e\u0440\u0438\u043c \u043e \u043f\u0440\u0435\u0438\u043c\u0443\u0449\u0435\u0441\u0442\u0432\u0430\u0445 \u0438 \u043f\u0440\u0438\u0447\u0438\u043d\u0430\u0445 \u043f\u043e\u043f\u0443\u043b\u044f\u0440\u043d\u043e\u0441\u0442\u0438 \u0438\u0433\u0440\u044b JetX3. \u041f\u043e\u0447\u0435\u043c\u0443 \u0438\u0433\u0440\u043e\u043a\u0438 \u0432\u044b\u0431\u0438\u0440\u0430\u044e\u0442 \u044d\u0442\u0443 \u0438\u0433\u0440\u0443 \u0441\u0440\u0435\u0434\u0438 \u043c\u043d\u043e\u0436\u0435\u0441\u0442\u0432\u0430 \u043e\u043d\u043b\u0430\u0439\u043d \u0438\u0433\u0440 \u0432 \u043a\u0430\u0437\u0438\u043d\u043e","og_url":"https:\/\/jetxgambling.com\/pt\/jetx3-features\/","og_site_name":"JetX","article_modified_time":"2024-04-15T19:33:54+00:00","twitter_card":"summary_large_image","twitter_misc":{"Tempo estimado de leitura":"24 minutos"},"schema":{"@context":"https:\/\/schema.org","@graph":[{"@type":"WebPage","@id":"https:\/\/jetxgambling.com\/jetx3-features\/","url":"https:\/\/jetxgambling.com\/jetx3-features\/","name":"\u041f\u043e\u0447\u0435\u043c\u0443 \u0438\u0433\u0440\u0430 JetX3 \u043f\u043e\u043f\u0443\u043b\u044f\u0440\u043d\u0430","isPartOf":{"@id":"https:\/\/jetxgambling.com\/#website"},"datePublished":"2024-01-05T17:27:15+00:00","dateModified":"2024-04-15T19:33:54+00:00","description":"\u041c\u044b \u043f\u043e\u0433\u043e\u0432\u043e\u0440\u0438\u043c \u043e \u043f\u0440\u0435\u0438\u043c\u0443\u0449\u0435\u0441\u0442\u0432\u0430\u0445 \u0438 \u043f\u0440\u0438\u0447\u0438\u043d\u0430\u0445 \u043f\u043e\u043f\u0443\u043b\u044f\u0440\u043d\u043e\u0441\u0442\u0438 \u0438\u0433\u0440\u044b JetX3. \u041f\u043e\u0447\u0435\u043c\u0443 \u0438\u0433\u0440\u043e\u043a\u0438 \u0432\u044b\u0431\u0438\u0440\u0430\u044e\u0442 \u044d\u0442\u0443 \u0438\u0433\u0440\u0443 \u0441\u0440\u0435\u0434\u0438 \u043c\u043d\u043e\u0436\u0435\u0441\u0442\u0432\u0430 \u043e\u043d\u043b\u0430\u0439\u043d \u0438\u0433\u0440 \u0432 \u043a\u0430\u0437\u0438\u043d\u043e","breadcrumb":{"@id":"https:\/\/jetxgambling.com\/jetx3-features\/#breadcrumb"},"inLanguage":"pt-PT","potentialAction":[{"@type":"ReadAction","target":["https:\/\/jetxgambling.com\/jetx3-features\/"]}]},{"@type":"BreadcrumbList","@id":"https:\/\/jetxgambling.com\/jetx3-features\/#breadcrumb","itemListElement":[{"@type":"ListItem","position":1,"name":"Home","item":"https:\/\/jetxgambling.com\/"},{"@type":"ListItem","position":2,"name":"\u041f\u0440\u0438\u0447\u0438\u043d\u044b \u043f\u043e\u043f\u0443\u043b\u044f\u0440\u043d\u043e\u0441\u0442\u0438 \u0438 \u043f\u0440\u0435\u0438\u043c\u0443\u0449\u0435\u0441\u0442\u0432\u0430 \u0438\u0433\u0440\u044b JetX3"}]},{"@type":"WebSite","@id":"https:\/\/jetxgambling.com\/#website","url":"https:\/\/jetxgambling.com\/","name":"JetX","description":"","publisher":{"@id":"https:\/\/jetxgambling.com\/#organization"},"potentialAction":[{"@type":"SearchAction","target":{"@type":"EntryPoint","urlTemplate":"https:\/\/jetxgambling.com\/?s={search_term_string}"},"query-input":{"@type":"PropertyValueSpecification","valueRequired":true,"valueName":"search_term_string"}}],"inLanguage":"pt-PT"},{"@type":"Organization","@id":"https:\/\/jetxgambling.com\/#organization","name":"JetX","url":"https:\/\/jetxgambling.com\/","logo":{"@type":"ImageObject","inLanguage":"pt-PT","@id":"https:\/\/jetxgambling.com\/#\/schema\/logo\/image\/","url":"https:\/\/jetxgambling.com\/wp-content\/uploads\/2024\/01\/jetx-slot-logo.png","contentUrl":"https:\/\/jetxgambling.com\/wp-content\/uploads\/2024\/01\/jetx-slot-logo.png","width":200,"height":101,"caption":"JetX"},"image":{"@id":"https:\/\/jetxgambling.com\/#\/schema\/logo\/image\/"}}]}},"_links":{"self":[{"href":"https:\/\/jetxgambling.com\/pt\/wp-json\/wp\/v2\/pages\/13","targetHints":{"allow":["GET"]}}],"collection":[{"href":"https:\/\/jetxgambling.com\/pt\/wp-json\/wp\/v2\/pages"}],"about":[{"href":"https:\/\/jetxgambling.com\/pt\/wp-json\/wp\/v2\/types\/page"}],"author":[{"embeddable":true,"href":"https:\/\/jetxgambling.com\/pt\/wp-json\/wp\/v2\/users\/1"}],"replies":[{"embeddable":true,"href":"https:\/\/jetxgambling.com\/pt\/wp-json\/wp\/v2\/comments?post=13"}],"version-history":[{"count":22,"href":"https:\/\/jetxgambling.com\/pt\/wp-json\/wp\/v2\/pages\/13\/revisions"}],"predecessor-version":[{"id":124,"href":"https:\/\/jetxgambling.com\/pt\/wp-json\/wp\/v2\/pages\/13\/revisions\/124"}],"wp:attachment":[{"href":"https:\/\/jetxgambling.com\/pt\/wp-json\/wp\/v2\/media?parent=13"}],"curies":[{"name":"wp","href":"https:\/\/api.w.org\/{rel}","templated":true}]}}