{"id":9,"date":"2024-01-05T17:25:34","date_gmt":"2024-01-05T17:25:34","guid":{"rendered":"https:\/\/jetxgambling.com\/?page_id=9"},"modified":"2024-04-15T19:38:11","modified_gmt":"2024-04-15T19:38:11","slug":"jetx3","status":"publish","type":"page","link":"https:\/\/jetxgambling.com\/pt\/","title":{"rendered":"Caracter\u00edsticas e Vantagens do Novo Jogo Crash JetX 3"},"content":{"rendered":"<p>O jogo JetX3 da Smartsoft Gaming surgiu nos casinos online em 2021 e tornou-se um dos slots mais populares. O slot apresenta uma mec\u00e2nica explosiva n\u00e3o convencional, jogabilidade \u00fanica e funcionalidades \u00fanicas. O simulador de crash tem excelentes oportunidades de pr\u00eamios. O jogo \u00e9 radicalmente diferente dos slots de v\u00eddeo convencionais, pois n\u00e3o possui carret\u00e9is nem linhas de pagamento. A ess\u00eancia da jogabilidade \u00e9 &#8220;capturar&#8221; um multiplicador de aposta alto e receber uma boa recompensa em dinheiro.<\/p>\n<h2><strong>Principais Regras do Simulador JetX3:<\/strong><\/h2>\n<ul>\n<li>O jogador espera a conclus\u00e3o da rodada atual.<\/li>\n<li>Junta-se a um novo lan\u00e7amento de jatos.<\/li>\n<li>Faz uma aposta em uma, duas ou tr\u00eas linhas.<\/li>\n<li>Pode fazer uma aposta na pr\u00f3xima rodada.<\/li>\n<li>O jogador observa o crescimento dos multiplicadores.<\/li>\n<li>Escolhe o momento certo e reclama os ganhos.<\/li>\n<\/ul>\n<p>\u00c9 necess\u00e1rio se orientar rapidamente e tomar a decis\u00e3o certa antes que a aeronave exploda. Caso contr\u00e1rio, a aposta do jogador &#8220;queima&#8221;. A vit\u00f3ria \u00e9 calculada como o coeficiente fixo multiplicado pelo valor da aposta. Como tr\u00eas jatos decolam simultaneamente, \u00e9 poss\u00edvel receber tr\u00eas recompensas em dinheiro de uma vez.<\/p>\n<h2><strong>Motivos da Popularidade do Jogo JetX3:<\/strong><\/h2>\n<p>O jogo JetX 3 da Smartsoft Gaming \u00e9 uma adi\u00e7\u00e3o \u00fanica ao mundo dos casinos online, gra\u00e7as \u00e0s suas caracter\u00edsticas e vantagens incomuns. A principal diferen\u00e7a do JetX 3 dos slots tradicionais est\u00e1 na sua mec\u00e2nica inovadora de crash, n\u00e3o no uso de carret\u00e9is e linhas de pagamento comuns. Aqui est\u00e3o as principais caracter\u00edsticas e vantagens do JetX 3:<\/p>\n<ol>\n<li><strong>Mec\u00e2nica de Jogo N\u00e3o Convencional:<\/strong> Em vez dos tradicionais carret\u00e9is girat\u00f3rios, o jogo \u00e9 um simulador de crash com tr\u00eas naves espaciais. Essas naves decolam, aumentando os multiplicadores de aposta.<\/li>\n<li><strong>Jogabilidade \u00danica:<\/strong> Os jogadores fazem apostas em uma, duas ou todas as tr\u00eas naves espaciais e observam sua decolagem. A ess\u00eancia do jogo \u00e9 escolher o momento certo para reclamar os ganhos antes que a nave exploda. Esse enfoque difere significativamente de outros jogos de crash, onde voc\u00ea segue um item, como um avi\u00e3o, e tenta prever o resultado. Jogar JetX3 \u00e9 mais desafiador, mas oferece um n\u00edvel mais alto de envolvimento.<\/li>\n<li><strong>Potencial para Ganhos Significativos em Dinheiro:<\/strong> Gra\u00e7as aos multiplicadores de aposta em crescimento durante o voo, os jogadores t\u00eam a chance de receber ganhos substanciais. Qualquer um pode ganhar.<\/li>\n<li><strong>Design e Anima\u00e7\u00e3o Atraentes:<\/strong> JetX 3 possui um design elegante e moderno com naves espaciais e um c\u00e9u estrelado escuro como pano de fundo, criando uma atmosfera emocionante. Muitos jogadores afirmam que o design e a anima\u00e7\u00e3o deste jogo s\u00e3o muito melhores do que os de concorrentes conhecidos.<\/li>\n<li><strong>Regras Intuitivamente Compreens\u00edveis:<\/strong> Apesar do formato n\u00e3o convencional, as regras do jogo s\u00e3o simples e compreens\u00edveis, tornando-o acess\u00edvel a uma ampla gama de jogadores. Ao contr\u00e1rio de slots, onde voc\u00ea precisa entender o significado de cada s\u00edmbolo, as regras dos jogos de crash s\u00e3o muito mais simples.<\/li>\n<li><strong>Op\u00e7\u00e3o de Escolher Como Jogar:<\/strong> O jogo exige que os jogadores tomem decis\u00f5es r\u00e1pidas e avaliem os riscos, adicionando um elemento de estrat\u00e9gia. No entanto, \u00e9 essencial observar que n\u00e3o se trata apenas de pressionar teclas simplesmente. O jogador escolhe conscientemente uma estrat\u00e9gia de jogo e a segue, aumentando suas chances de ganhar.<\/li>\n<li><strong>M\u00faltiplas Oportunidades de Ganhar:<\/strong> A capacidade de fazer apostas simultaneamente em tr\u00eas foguetes aumenta as chances de ganhar. Isso \u00e9 muito melhor do que, por exemplo, a op\u00e7\u00e3o de escolher apenas um avi\u00e3o.<\/li>\n<li><strong>Dinamismo:<\/strong> O ritmo acelerado do jogo e a imprevisibilidade do resultado de cada rodada mant\u00eam um alto n\u00edvel de envolvimento do jogador.<\/li>\n<li><strong>Variedade de Apostas:<\/strong> Os jogadores podem escolher diferentes estrat\u00e9gias de apostas, dependendo de suas prefer\u00eancias e estilo de jogo. Todos encontrar\u00e3o a op\u00e7\u00e3o que mais lhes conv\u00e9m.<\/li>\n<li><strong>Envolvimento Emocional:<\/strong> A imprevisibilidade e a possibilidade de ganhos significativos proporcionam fortes experi\u00eancias emocionais. O jogo JetX3 oferece a adrenalina que todos os jogadores buscam.<\/li>\n<\/ol>\n<p>O jogo online JetX 3 oferece uma experi\u00eancia fresca e inovadora nos casinos online, combinando elementos de sorte, estrat\u00e9gia e decis\u00f5es r\u00e1pidas, tornando-o atraente para diferentes categorias de jogadores.<\/p>\n","protected":false},"excerpt":{"rendered":"<p>O jogo JetX3 da Smartsoft Gaming surgiu nos casinos online em 2021 e tornou-se um dos slots mais populares. O slot apresenta uma mec\u00e2nica explosiva n\u00e3o convencional, jogabilidade \u00fanica e funcionalidades \u00fanicas. O simulador de crash tem excelentes oportunidades de pr\u00eamios. O jogo \u00e9 radicalmente diferente dos slots de v\u00eddeo convencionais, pois n\u00e3o possui carret\u00e9is&#8230;<\/p>\n","protected":false},"author":1,"featured_media":0,"parent":0,"menu_order":0,"comment_status":"closed","ping_status":"closed","template":"","meta":{"footnotes":""},"class_list":["post-9","page","type-page","status-publish","hentry"],"yoast_head":"<!-- This site is optimized with the Yoast SEO plugin v27.2 - https:\/\/yoast.com\/product\/yoast-seo-wordpress\/ -->\n<title>\u0418\u0433\u0440\u0430\u0442\u044c \u0432 \u043a\u0440\u0430\u0448 \u0438\u0433\u0440\u0443 JetX3<\/title>\n<meta name=\"description\" content=\"Jogue e ganhe no jogo online JetX3 por dinheiro real em um cassino online. Melhores estrat\u00e9gias sobre como jogar, baixar no iPhone e Android, avalia\u00e7\u00f5es reais de jogadores.\" \/>\n<meta name=\"robots\" content=\"index, follow, max-snippet:-1, max-image-preview:large, max-video-preview:-1\" \/>\n<link rel=\"canonical\" href=\"https:\/\/jetxgambling.com\/pt\/\" \/>\n<meta property=\"og:locale\" content=\"pt_PT\" \/>\n<meta property=\"og:locale:alternate\" content=\"ru_RU\" \/>\n<meta property=\"og:locale:alternate\" content=\"en_US\" \/>\n<meta property=\"og:locale:alternate\" content=\"es_ES\" \/>\n<meta property=\"og:locale:alternate\" content=\"sr_RS\" \/>\n<meta property=\"og:locale:alternate\" content=\"bg_BG\" \/>\n<meta property=\"og:locale:alternate\" content=\"pl_PL\" \/>\n<meta property=\"og:locale:alternate\" content=\"ro_RO\" \/>\n<meta property=\"og:locale:alternate\" content=\"it_IT\" \/>\n<meta property=\"og:locale:alternate\" content=\"fr_FR\" \/>\n<meta property=\"og:locale:alternate\" content=\"de_DE\" \/>\n<meta property=\"og:type\" content=\"article\" \/>\n<meta property=\"og:title\" content=\"\u0418\u0433\u0440\u0430\u0442\u044c \u0432 \u043a\u0440\u0430\u0448 \u0438\u0433\u0440\u0443 JetX3\" \/>\n<meta property=\"og:description\" content=\"\u0418\u0433\u0440\u0430\u0442\u044c \u0438 \u0432\u044b\u0438\u0433\u0440\u044b\u0432\u0430\u0442\u044c \u0432 \u043e\u043d\u043b\u0430\u0439\u043d \u0438\u0433\u0440\u0443 JetX3 \u043d\u0430 \u0440\u0435\u0430\u043b\u044c\u043d\u044b\u0435 \u0434\u0435\u043d\u044c\u0433\u0438 \u0432 \u043e\u043d\u043b\u0430\u0439\u043d \u043a\u0430\u0437\u0438\u043d\u043e. \u041b\u0443\u0447\u0448\u0438\u0435 \u0441\u0442\u0440\u0430\u0442\u0435\u0433\u0438\u0438 \u043a\u0430\u043a \u0438\u0433\u0440\u0430\u0442\u044c, \u0441\u043a\u0430\u0447\u0430\u0442\u044c \u0430\u0439\u0444\u043e\u043d \u0438 \u0430\u043d\u0434\u0440\u043e\u0438\u0434, \u043e\u0442\u0437\u044b\u0432\u044b \u0440\u0435\u0430\u043b\u044c\u043d\u044b\u0445 \u0438\u0433\u0440\u043e\u043a\u043e\u0432\" \/>\n<meta property=\"og:url\" content=\"https:\/\/jetxgambling.com\/pt\/\" \/>\n<meta property=\"og:site_name\" content=\"JetX\" \/>\n<meta property=\"article:modified_time\" content=\"2024-04-15T19:38:11+00:00\" \/>\n<meta name=\"twitter:card\" content=\"summary_large_image\" \/>\n<meta name=\"twitter:label1\" content=\"Tempo estimado de leitura\" \/>\n\t<meta name=\"twitter:data1\" content=\"27 minutos\" \/>\n<script type=\"application\/ld+json\" class=\"yoast-schema-graph\">{\"@context\":\"https:\/\/schema.org\",\"@graph\":[{\"@type\":\"WebPage\",\"@id\":\"https:\/\/jetxgambling.com\/\",\"url\":\"https:\/\/jetxgambling.com\/\",\"name\":\"\u0418\u0433\u0440\u0430\u0442\u044c \u0432 \u043a\u0440\u0430\u0448 \u0438\u0433\u0440\u0443 JetX3\",\"isPartOf\":{\"@id\":\"https:\/\/jetxgambling.com\/#website\"},\"datePublished\":\"2024-01-05T17:25:34+00:00\",\"dateModified\":\"2024-04-15T19:38:11+00:00\",\"description\":\"\u0418\u0433\u0440\u0430\u0442\u044c \u0438 \u0432\u044b\u0438\u0433\u0440\u044b\u0432\u0430\u0442\u044c \u0432 \u043e\u043d\u043b\u0430\u0439\u043d \u0438\u0433\u0440\u0443 JetX3 \u043d\u0430 \u0440\u0435\u0430\u043b\u044c\u043d\u044b\u0435 \u0434\u0435\u043d\u044c\u0433\u0438 \u0432 \u043e\u043d\u043b\u0430\u0439\u043d \u043a\u0430\u0437\u0438\u043d\u043e. \u041b\u0443\u0447\u0448\u0438\u0435 \u0441\u0442\u0440\u0430\u0442\u0435\u0433\u0438\u0438 \u043a\u0430\u043a \u0438\u0433\u0440\u0430\u0442\u044c, \u0441\u043a\u0430\u0447\u0430\u0442\u044c \u0430\u0439\u0444\u043e\u043d \u0438 \u0430\u043d\u0434\u0440\u043e\u0438\u0434, \u043e\u0442\u0437\u044b\u0432\u044b \u0440\u0435\u0430\u043b\u044c\u043d\u044b\u0445 \u0438\u0433\u0440\u043e\u043a\u043e\u0432\",\"breadcrumb\":{\"@id\":\"https:\/\/jetxgambling.com\/#breadcrumb\"},\"inLanguage\":\"pt-PT\",\"potentialAction\":[{\"@type\":\"ReadAction\",\"target\":[\"https:\/\/jetxgambling.com\/\"]}]},{\"@type\":\"BreadcrumbList\",\"@id\":\"https:\/\/jetxgambling.com\/#breadcrumb\",\"itemListElement\":[{\"@type\":\"ListItem\",\"position\":1,\"name\":\"Home\",\"item\":\"https:\/\/jetxgambling.com\/\"},{\"@type\":\"ListItem\",\"position\":2,\"name\":\"\u041e\u0441\u043e\u0431\u0435\u043d\u043d\u043e\u0441\u0442\u0438 \u0438 \u043f\u0440\u0435\u0438\u043c\u0443\u0449\u0435\u0441\u0442\u0432\u0430 \u043d\u043e\u0432\u043e\u0439 \u043a\u0440\u0430\u0448-\u0438\u0433\u0440\u044b JetX 3\"}]},{\"@type\":\"WebSite\",\"@id\":\"https:\/\/jetxgambling.com\/#website\",\"url\":\"https:\/\/jetxgambling.com\/\",\"name\":\"JetX\",\"description\":\"\",\"publisher\":{\"@id\":\"https:\/\/jetxgambling.com\/#organization\"},\"potentialAction\":[{\"@type\":\"SearchAction\",\"target\":{\"@type\":\"EntryPoint\",\"urlTemplate\":\"https:\/\/jetxgambling.com\/?s={search_term_string}\"},\"query-input\":{\"@type\":\"PropertyValueSpecification\",\"valueRequired\":true,\"valueName\":\"search_term_string\"}}],\"inLanguage\":\"pt-PT\"},{\"@type\":\"Organization\",\"@id\":\"https:\/\/jetxgambling.com\/#organization\",\"name\":\"JetX\",\"url\":\"https:\/\/jetxgambling.com\/\",\"logo\":{\"@type\":\"ImageObject\",\"inLanguage\":\"pt-PT\",\"@id\":\"https:\/\/jetxgambling.com\/#\/schema\/logo\/image\/\",\"url\":\"https:\/\/jetxgambling.com\/wp-content\/uploads\/2024\/01\/jetx-slot-logo.png\",\"contentUrl\":\"https:\/\/jetxgambling.com\/wp-content\/uploads\/2024\/01\/jetx-slot-logo.png\",\"width\":200,\"height\":101,\"caption\":\"JetX\"},\"image\":{\"@id\":\"https:\/\/jetxgambling.com\/#\/schema\/logo\/image\/\"}}]}<\/script>\n<!-- \/ Yoast SEO plugin. -->","yoast_head_json":{"title":"\u0418\u0433\u0440\u0430\u0442\u044c \u0432 \u043a\u0440\u0430\u0448 \u0438\u0433\u0440\u0443 JetX3","description":"Jogue e ganhe no jogo online JetX3 por dinheiro real em um cassino online. Melhores estrat\u00e9gias sobre como jogar, baixar no iPhone e Android, avalia\u00e7\u00f5es reais de jogadores.","robots":{"index":"index","follow":"follow","max-snippet":"max-snippet:-1","max-image-preview":"max-image-preview:large","max-video-preview":"max-video-preview:-1"},"canonical":"https:\/\/jetxgambling.com\/pt\/","og_locale":"pt_PT","og_type":"article","og_title":"\u0418\u0433\u0440\u0430\u0442\u044c \u0432 \u043a\u0440\u0430\u0448 \u0438\u0433\u0440\u0443 JetX3","og_description":"\u0418\u0433\u0440\u0430\u0442\u044c \u0438 \u0432\u044b\u0438\u0433\u0440\u044b\u0432\u0430\u0442\u044c \u0432 \u043e\u043d\u043b\u0430\u0439\u043d \u0438\u0433\u0440\u0443 JetX3 \u043d\u0430 \u0440\u0435\u0430\u043b\u044c\u043d\u044b\u0435 \u0434\u0435\u043d\u044c\u0433\u0438 \u0432 \u043e\u043d\u043b\u0430\u0439\u043d \u043a\u0430\u0437\u0438\u043d\u043e. \u041b\u0443\u0447\u0448\u0438\u0435 \u0441\u0442\u0440\u0430\u0442\u0435\u0433\u0438\u0438 \u043a\u0430\u043a \u0438\u0433\u0440\u0430\u0442\u044c, \u0441\u043a\u0430\u0447\u0430\u0442\u044c \u0430\u0439\u0444\u043e\u043d \u0438 \u0430\u043d\u0434\u0440\u043e\u0438\u0434, \u043e\u0442\u0437\u044b\u0432\u044b \u0440\u0435\u0430\u043b\u044c\u043d\u044b\u0445 \u0438\u0433\u0440\u043e\u043a\u043e\u0432","og_url":"https:\/\/jetxgambling.com\/pt\/","og_site_name":"JetX","article_modified_time":"2024-04-15T19:38:11+00:00","twitter_card":"summary_large_image","twitter_misc":{"Tempo estimado de leitura":"27 minutos"},"schema":{"@context":"https:\/\/schema.org","@graph":[{"@type":"WebPage","@id":"https:\/\/jetxgambling.com\/","url":"https:\/\/jetxgambling.com\/","name":"\u0418\u0433\u0440\u0430\u0442\u044c \u0432 \u043a\u0440\u0430\u0448 \u0438\u0433\u0440\u0443 JetX3","isPartOf":{"@id":"https:\/\/jetxgambling.com\/#website"},"datePublished":"2024-01-05T17:25:34+00:00","dateModified":"2024-04-15T19:38:11+00:00","description":"\u0418\u0433\u0440\u0430\u0442\u044c \u0438 \u0432\u044b\u0438\u0433\u0440\u044b\u0432\u0430\u0442\u044c \u0432 \u043e\u043d\u043b\u0430\u0439\u043d \u0438\u0433\u0440\u0443 JetX3 \u043d\u0430 \u0440\u0435\u0430\u043b\u044c\u043d\u044b\u0435 \u0434\u0435\u043d\u044c\u0433\u0438 \u0432 \u043e\u043d\u043b\u0430\u0439\u043d \u043a\u0430\u0437\u0438\u043d\u043e. \u041b\u0443\u0447\u0448\u0438\u0435 \u0441\u0442\u0440\u0430\u0442\u0435\u0433\u0438\u0438 \u043a\u0430\u043a \u0438\u0433\u0440\u0430\u0442\u044c, \u0441\u043a\u0430\u0447\u0430\u0442\u044c \u0430\u0439\u0444\u043e\u043d \u0438 \u0430\u043d\u0434\u0440\u043e\u0438\u0434, \u043e\u0442\u0437\u044b\u0432\u044b \u0440\u0435\u0430\u043b\u044c\u043d\u044b\u0445 \u0438\u0433\u0440\u043e\u043a\u043e\u0432","breadcrumb":{"@id":"https:\/\/jetxgambling.com\/#breadcrumb"},"inLanguage":"pt-PT","potentialAction":[{"@type":"ReadAction","target":["https:\/\/jetxgambling.com\/"]}]},{"@type":"BreadcrumbList","@id":"https:\/\/jetxgambling.com\/#breadcrumb","itemListElement":[{"@type":"ListItem","position":1,"name":"Home","item":"https:\/\/jetxgambling.com\/"},{"@type":"ListItem","position":2,"name":"\u041e\u0441\u043e\u0431\u0435\u043d\u043d\u043e\u0441\u0442\u0438 \u0438 \u043f\u0440\u0435\u0438\u043c\u0443\u0449\u0435\u0441\u0442\u0432\u0430 \u043d\u043e\u0432\u043e\u0439 \u043a\u0440\u0430\u0448-\u0438\u0433\u0440\u044b JetX 3"}]},{"@type":"WebSite","@id":"https:\/\/jetxgambling.com\/#website","url":"https:\/\/jetxgambling.com\/","name":"JetX","description":"","publisher":{"@id":"https:\/\/jetxgambling.com\/#organization"},"potentialAction":[{"@type":"SearchAction","target":{"@type":"EntryPoint","urlTemplate":"https:\/\/jetxgambling.com\/?s={search_term_string}"},"query-input":{"@type":"PropertyValueSpecification","valueRequired":true,"valueName":"search_term_string"}}],"inLanguage":"pt-PT"},{"@type":"Organization","@id":"https:\/\/jetxgambling.com\/#organization","name":"JetX","url":"https:\/\/jetxgambling.com\/","logo":{"@type":"ImageObject","inLanguage":"pt-PT","@id":"https:\/\/jetxgambling.com\/#\/schema\/logo\/image\/","url":"https:\/\/jetxgambling.com\/wp-content\/uploads\/2024\/01\/jetx-slot-logo.png","contentUrl":"https:\/\/jetxgambling.com\/wp-content\/uploads\/2024\/01\/jetx-slot-logo.png","width":200,"height":101,"caption":"JetX"},"image":{"@id":"https:\/\/jetxgambling.com\/#\/schema\/logo\/image\/"}}]}},"_links":{"self":[{"href":"https:\/\/jetxgambling.com\/pt\/wp-json\/wp\/v2\/pages\/9","targetHints":{"allow":["GET"]}}],"collection":[{"href":"https:\/\/jetxgambling.com\/pt\/wp-json\/wp\/v2\/pages"}],"about":[{"href":"https:\/\/jetxgambling.com\/pt\/wp-json\/wp\/v2\/types\/page"}],"author":[{"embeddable":true,"href":"https:\/\/jetxgambling.com\/pt\/wp-json\/wp\/v2\/users\/1"}],"replies":[{"embeddable":true,"href":"https:\/\/jetxgambling.com\/pt\/wp-json\/wp\/v2\/comments?post=9"}],"version-history":[{"count":25,"href":"https:\/\/jetxgambling.com\/pt\/wp-json\/wp\/v2\/pages\/9\/revisions"}],"predecessor-version":[{"id":122,"href":"https:\/\/jetxgambling.com\/pt\/wp-json\/wp\/v2\/pages\/9\/revisions\/122"}],"wp:attachment":[{"href":"https:\/\/jetxgambling.com\/pt\/wp-json\/wp\/v2\/media?parent=9"}],"curies":[{"name":"wp","href":"https:\/\/api.w.org\/{rel}","templated":true}]}}