{"id":11,"date":"2024-01-05T17:26:35","date_gmt":"2024-01-05T17:26:35","guid":{"rendered":"https:\/\/jetxgambling.com\/?page_id=11"},"modified":"2024-04-15T19:40:09","modified_gmt":"2024-04-15T19:40:09","slug":"jetx3-strategies","status":"publish","type":"page","link":"https:\/\/jetxgambling.com\/ro\/jetx3-strategies\/","title":{"rendered":"Strategii \u0219i tactici ale jocului JetX3"},"content":{"rendered":"<p>\u00cen ma\u0219ina de sloturi JetX3, exist\u0103 o gam\u0103 larg\u0103 de pariuri. Dimensiunea minim\u0103 a pariului este de 10 cen\u021bi, iar cea maxim\u0103 este de 300 de dolari (limitele pot varia \u00een func\u021bie de cazinoul online). Pe panourile de joc, dimensiunea pariului este selectat\u0103 manual folosind butoanele &#8222;+&#8221; \u0219i &#8222;-&#8221; sau ajustat\u0103 \u00een modul automat de pariere. Multiplicatorul maxim al simulatorului de pr\u0103bu\u0219ire este de x1000 din pariuri. Jocul include, de asemenea, op\u021biunea de retragere automat\u0103 a c\u00e2\u0219tigurilor atunci c\u00e2nd avioanele ating anumite coeficien\u021bi. Pentru a c\u00e2\u0219tiga mai des la ma\u0219ina de sloturi JetX3, juc\u0103torii folosesc diverse strategii:<\/p>\n<ol>\n<li><strong>Strategia Pariului Mic:<\/strong> Aceast\u0103 strategie este potrivit\u0103 pentru \u00eencep\u0103tori sau pentru cei care prefer\u0103 s\u0103 \u00ee\u0219i minimizeze riscurile. Se plaseaz\u0103 pariuri mici, iar c\u00e2\u0219tigurile sunt revendicate la multiplicatori mici (\u00een jur de x1,2-x1,3). Acest abordaj asigur\u0103 pl\u0103\u021bi frecvente, dar mici.<\/li>\n<li><strong>Jocul la Coeficient Mediu:<\/strong> Aceast\u0103 metod\u0103 implic\u0103 revendicarea c\u00e2\u0219tigurilor atunci c\u00e2nd multiplicatorii ajung la x2-x3. Este potrivit pentru juc\u0103torii mai experimenta\u021bi, deoarece ace\u0219ti coeficien\u021bi apar destul de des, oferind pl\u0103\u021bi moderate.<\/li>\n<li><strong>Strategia Martingale:<\/strong> Aceasta este o strategie popular\u0103 de pariere folosit\u0103 \u00een multe jocuri de cazino. Implic\u0103 cre\u0219terea dimensiunii pariului dup\u0103 fiecare pierdere \u0219i revenirea la pariu ini\u021bial dup\u0103 o victorie. Aceast\u0103 metod\u0103 poate fi riskant\u0103, dar poten\u021bial aduce c\u00e2\u0219tiguri mari.<\/li>\n<li><strong>Retragerea Automat\u0103 a C\u00e2\u0219tigurilor:<\/strong> Utilizarea caracteristicii de retragere automat\u0103 la atingerea anumitor coeficien\u021bi ajut\u0103 la gestionarea riscurilor \u0219i ofer\u0103 un abordaj disciplinat al jocului.<\/li>\n<li><strong>Modul de Antrenament (Demo):<\/strong> \u00cenainte de a juca cu bani reali, se recomand\u0103 testarea strategiilor \u00een versiunea demo a jocului. Acest lucru le permite juc\u0103torilor s\u0103 evalueze eficacitatea diferitelor abord\u0103ri f\u0103r\u0103 riscuri financiare.<\/li>\n<li><strong>Varia\u021bia Pariurilor:<\/strong> Juc\u0103torii ar trebui s\u0103 experimenteze diferite dimensiuni ale pariului \u0219i num\u0103rul de jeturi active pentru a g\u0103si combina\u021bia optim\u0103 pentru ei \u00een\u0219i\u0219i.<\/li>\n<\/ol>\n<p>Utilizarea strategiilor contribuie la reducerea riscului de pierderi financiare \u0219i permite juc\u0103torilor s\u0103 fac\u0103 pariuri disciplinate cu o probabilitate mare de c\u00e2\u0219tig. Scopul jocului \u00een JetX3 este de a colecta recompense \u00eenainte ca avioanele s\u0103 explodeze pe ecran.<\/p>\n<p>Juc\u0103torii pot juca jocul de pr\u0103bu\u0219ire pentru bani reali sau pentru credite virtuale. \u00cen primul caz, este necesar s\u0103 alege\u021bi un cazinou de \u00eencredere cu acest joc, s\u0103 v\u0103 \u00eenregistra\u021bi \u0219i s\u0103 face\u021bi un depozit. Pentru pariuri demo, adic\u0103 \u00een modul gratuit, crearea unui cont nu este obligatorie. Se recomand\u0103 s\u0103 lansa\u021bi versiunea demo a slotului pentru a testa capabilit\u0103\u021bile modelului de joc, a evalua returnarea la diferite sume de pariu \u0219i a determina num\u0103rul de jeturi active \u00eenainte de a juca cu moned\u0103 real\u0103. Jocul de pr\u0103bu\u0219ire JetX3 func\u021bioneaz\u0103 f\u0103r\u0103 probleme at\u00e2t pe dispozitive mobile, c\u00e2t \u0219i pe cele de desktop. Jocul este popular printre fanii de divertisment la cazino neobi\u0219nuit \u0219i este unul dintre cele mai c\u0103utate sloturi \u00een cele mai multe cazinouri online.<\/p>\n<h2><strong>Lucruri Importante de Re\u021binut la Alegerea unei Strategii \u00een JetX3:<\/strong><\/h2>\n<p>Strategiile \u0219i tactica \u00een jocul JetX3 permit juc\u0103torilor s\u0103 \u00ee\u0219i maximizeze \u0219ansele de succes \u0219i s\u0103 gestioneze riscurile. Baz\u00e2ndu-se pe mecanica jocului \u0219i gama de pariuri, un juc\u0103tor \u00ee\u0219i m\u0103re\u0219te \u0219ansele de c\u00e2\u0219tig. \u00cen acest caz, juc\u0103torul nu apas\u0103 pur \u0219i simplu butoane \u00een mod aleatoriu, ci alege o strategie despre cum s\u0103 joace, care ar trebui s\u0103 aduc\u0103 \u00een cele din urm\u0103 o victorie.<\/p>\n<p>Cheia succesului \u00een JetX3 este abilitatea de a lua decizii rapide \u0219i de a evalua corect riscurile. Este esen\u021bial s\u0103 re\u021bine\u021bi c\u0103, \u00een ciuda aplic\u0103rii strategiilor, jocul r\u0103m\u00e2ne un joc de noroc, iar rezultatele pot fi imprevizibile. Prin urmare, \u00eentotdeauna trebuie s\u0103 aborda\u021bi jocul responsabil \u0219i s\u0103 v\u0103 stabili\u021bi limite clare pentru voi \u00een\u0219iv\u0103.<\/p>\n","protected":false},"excerpt":{"rendered":"<p>\u00cen ma\u0219ina de sloturi JetX3, exist\u0103 o gam\u0103 larg\u0103 de pariuri. Dimensiunea minim\u0103 a pariului este de 10 cen\u021bi, iar cea maxim\u0103 este de 300 de dolari (limitele pot varia \u00een func\u021bie de cazinoul online). Pe panourile de joc, dimensiunea pariului este selectat\u0103 manual folosind butoanele &#8222;+&#8221; \u0219i &#8222;-&#8221; sau ajustat\u0103 \u00een modul automat de&#8230;<\/p>\n","protected":false},"author":1,"featured_media":0,"parent":0,"menu_order":0,"comment_status":"closed","ping_status":"closed","template":"","meta":{"footnotes":""},"class_list":["post-11","page","type-page","status-publish","hentry"],"yoast_head":"<!-- This site is optimized with the Yoast SEO plugin v27.2 - https:\/\/yoast.com\/product\/yoast-seo-wordpress\/ -->\n<title>\u0421\u0442\u0440\u0430\u0442\u0435\u0433\u0438\u0438 \u0438\u0433\u0440\u044b JetX3<\/title>\n<meta name=\"description\" content=\"Un r\u0103spuns la \u00eentrebarea cum s\u0103 c\u00e2\u0219tigi \u00een jocul de pr\u0103bu\u0219ire JetX3 \u0219i s\u0103 c\u00e2\u0219tigi bani reali. Cele mai bune strategii \u0219i tactici pentru a juca JetX3 at\u00e2t pentru juc\u0103torii noi, c\u00e2t \u0219i pentru cei experimenta\u021bi.\" \/>\n<meta name=\"robots\" content=\"index, follow, max-snippet:-1, max-image-preview:large, max-video-preview:-1\" \/>\n<link rel=\"canonical\" href=\"https:\/\/jetxgambling.com\/ro\/jetx3-strategies\/\" \/>\n<meta property=\"og:locale\" content=\"ro_RO\" \/>\n<meta property=\"og:locale:alternate\" content=\"ru_RU\" \/>\n<meta property=\"og:locale:alternate\" content=\"en_US\" \/>\n<meta property=\"og:locale:alternate\" content=\"pt_PT\" \/>\n<meta property=\"og:locale:alternate\" content=\"es_ES\" \/>\n<meta property=\"og:locale:alternate\" content=\"sr_RS\" \/>\n<meta property=\"og:locale:alternate\" content=\"bg_BG\" \/>\n<meta property=\"og:locale:alternate\" content=\"pl_PL\" \/>\n<meta property=\"og:locale:alternate\" content=\"it_IT\" \/>\n<meta property=\"og:locale:alternate\" content=\"fr_FR\" \/>\n<meta property=\"og:locale:alternate\" content=\"de_DE\" \/>\n<meta property=\"og:type\" content=\"article\" \/>\n<meta property=\"og:title\" content=\"\u0421\u0442\u0440\u0430\u0442\u0435\u0433\u0438\u0438 \u0438\u0433\u0440\u044b JetX3\" \/>\n<meta property=\"og:description\" content=\"\u041e\u0442\u0432\u0435\u0442 \u043d\u0430 \u0432\u043e\u043f\u0440\u043e\u0441 \u043a\u0430\u043a \u043f\u043e\u0431\u0435\u0434\u0438\u0442\u044c \u0432 \u043a\u0440\u0430\u0448 \u0438\u0433\u0440\u0435 JetX3 \u0438 \u0432\u044b\u0438\u0433\u0440\u0430\u0442\u044c \u0440\u0435\u0430\u043b\u044c\u043d\u044b\u0435 \u0434\u0435\u043d\u044c\u0433\u0438. \u041b\u0443\u0447\u0448\u0438\u0435 \u0441\u0442\u0440\u0430\u0442\u0435\u0433\u0438\u0438 \u0438 \u0442\u0430\u043a\u0442\u0438\u043a\u0438 \u0438\u0433\u0440\u044b JetX3 \u0434\u043b\u044f \u043d\u043e\u0432\u044b\u0445 \u0438 \u043e\u043f\u044b\u0442\u043d\u044b\u0445 \u0438\u0433\u0440\u043e\u043a\u043e\u0432\" \/>\n<meta property=\"og:url\" content=\"https:\/\/jetxgambling.com\/ro\/jetx3-strategies\/\" \/>\n<meta property=\"og:site_name\" content=\"JetX\" \/>\n<meta property=\"article:modified_time\" content=\"2024-04-15T19:40:09+00:00\" \/>\n<meta name=\"twitter:card\" content=\"summary_large_image\" \/>\n<meta name=\"twitter:label1\" content=\"Timp estimat pentru citire\" \/>\n\t<meta name=\"twitter:data1\" content=\"26 de minute\" \/>\n<script type=\"application\/ld+json\" class=\"yoast-schema-graph\">{\"@context\":\"https:\/\/schema.org\",\"@graph\":[{\"@type\":\"WebPage\",\"@id\":\"https:\/\/jetxgambling.com\/jetx3-strategies\/\",\"url\":\"https:\/\/jetxgambling.com\/jetx3-strategies\/\",\"name\":\"\u0421\u0442\u0440\u0430\u0442\u0435\u0433\u0438\u0438 \u0438\u0433\u0440\u044b JetX3\",\"isPartOf\":{\"@id\":\"https:\/\/jetxgambling.com\/#website\"},\"datePublished\":\"2024-01-05T17:26:35+00:00\",\"dateModified\":\"2024-04-15T19:40:09+00:00\",\"description\":\"\u041e\u0442\u0432\u0435\u0442 \u043d\u0430 \u0432\u043e\u043f\u0440\u043e\u0441 \u043a\u0430\u043a \u043f\u043e\u0431\u0435\u0434\u0438\u0442\u044c \u0432 \u043a\u0440\u0430\u0448 \u0438\u0433\u0440\u0435 JetX3 \u0438 \u0432\u044b\u0438\u0433\u0440\u0430\u0442\u044c \u0440\u0435\u0430\u043b\u044c\u043d\u044b\u0435 \u0434\u0435\u043d\u044c\u0433\u0438. \u041b\u0443\u0447\u0448\u0438\u0435 \u0441\u0442\u0440\u0430\u0442\u0435\u0433\u0438\u0438 \u0438 \u0442\u0430\u043a\u0442\u0438\u043a\u0438 \u0438\u0433\u0440\u044b JetX3 \u0434\u043b\u044f \u043d\u043e\u0432\u044b\u0445 \u0438 \u043e\u043f\u044b\u0442\u043d\u044b\u0445 \u0438\u0433\u0440\u043e\u043a\u043e\u0432\",\"breadcrumb\":{\"@id\":\"https:\/\/jetxgambling.com\/jetx3-strategies\/#breadcrumb\"},\"inLanguage\":\"ro-RO\",\"potentialAction\":[{\"@type\":\"ReadAction\",\"target\":[\"https:\/\/jetxgambling.com\/jetx3-strategies\/\"]}]},{\"@type\":\"BreadcrumbList\",\"@id\":\"https:\/\/jetxgambling.com\/jetx3-strategies\/#breadcrumb\",\"itemListElement\":[{\"@type\":\"ListItem\",\"position\":1,\"name\":\"Home\",\"item\":\"https:\/\/jetxgambling.com\/\"},{\"@type\":\"ListItem\",\"position\":2,\"name\":\"\u0421\u0442\u0440\u0430\u0442\u0435\u0433\u0438\u0438 \u0438 \u0442\u0430\u043a\u0442\u0438\u043a\u0438 \u0438\u0433\u0440\u044b JetX3\"}]},{\"@type\":\"WebSite\",\"@id\":\"https:\/\/jetxgambling.com\/#website\",\"url\":\"https:\/\/jetxgambling.com\/\",\"name\":\"JetX\",\"description\":\"\",\"publisher\":{\"@id\":\"https:\/\/jetxgambling.com\/#organization\"},\"potentialAction\":[{\"@type\":\"SearchAction\",\"target\":{\"@type\":\"EntryPoint\",\"urlTemplate\":\"https:\/\/jetxgambling.com\/?s={search_term_string}\"},\"query-input\":{\"@type\":\"PropertyValueSpecification\",\"valueRequired\":true,\"valueName\":\"search_term_string\"}}],\"inLanguage\":\"ro-RO\"},{\"@type\":\"Organization\",\"@id\":\"https:\/\/jetxgambling.com\/#organization\",\"name\":\"JetX\",\"url\":\"https:\/\/jetxgambling.com\/\",\"logo\":{\"@type\":\"ImageObject\",\"inLanguage\":\"ro-RO\",\"@id\":\"https:\/\/jetxgambling.com\/#\/schema\/logo\/image\/\",\"url\":\"https:\/\/jetxgambling.com\/wp-content\/uploads\/2024\/01\/jetx-slot-logo.png\",\"contentUrl\":\"https:\/\/jetxgambling.com\/wp-content\/uploads\/2024\/01\/jetx-slot-logo.png\",\"width\":200,\"height\":101,\"caption\":\"JetX\"},\"image\":{\"@id\":\"https:\/\/jetxgambling.com\/#\/schema\/logo\/image\/\"}}]}<\/script>\n<!-- \/ Yoast SEO plugin. -->","yoast_head_json":{"title":"\u0421\u0442\u0440\u0430\u0442\u0435\u0433\u0438\u0438 \u0438\u0433\u0440\u044b JetX3","description":"Un r\u0103spuns la \u00eentrebarea cum s\u0103 c\u00e2\u0219tigi \u00een jocul de pr\u0103bu\u0219ire JetX3 \u0219i s\u0103 c\u00e2\u0219tigi bani reali. Cele mai bune strategii \u0219i tactici pentru a juca JetX3 at\u00e2t pentru juc\u0103torii noi, c\u00e2t \u0219i pentru cei experimenta\u021bi.","robots":{"index":"index","follow":"follow","max-snippet":"max-snippet:-1","max-image-preview":"max-image-preview:large","max-video-preview":"max-video-preview:-1"},"canonical":"https:\/\/jetxgambling.com\/ro\/jetx3-strategies\/","og_locale":"ro_RO","og_type":"article","og_title":"\u0421\u0442\u0440\u0430\u0442\u0435\u0433\u0438\u0438 \u0438\u0433\u0440\u044b JetX3","og_description":"\u041e\u0442\u0432\u0435\u0442 \u043d\u0430 \u0432\u043e\u043f\u0440\u043e\u0441 \u043a\u0430\u043a \u043f\u043e\u0431\u0435\u0434\u0438\u0442\u044c \u0432 \u043a\u0440\u0430\u0448 \u0438\u0433\u0440\u0435 JetX3 \u0438 \u0432\u044b\u0438\u0433\u0440\u0430\u0442\u044c \u0440\u0435\u0430\u043b\u044c\u043d\u044b\u0435 \u0434\u0435\u043d\u044c\u0433\u0438. \u041b\u0443\u0447\u0448\u0438\u0435 \u0441\u0442\u0440\u0430\u0442\u0435\u0433\u0438\u0438 \u0438 \u0442\u0430\u043a\u0442\u0438\u043a\u0438 \u0438\u0433\u0440\u044b JetX3 \u0434\u043b\u044f \u043d\u043e\u0432\u044b\u0445 \u0438 \u043e\u043f\u044b\u0442\u043d\u044b\u0445 \u0438\u0433\u0440\u043e\u043a\u043e\u0432","og_url":"https:\/\/jetxgambling.com\/ro\/jetx3-strategies\/","og_site_name":"JetX","article_modified_time":"2024-04-15T19:40:09+00:00","twitter_card":"summary_large_image","twitter_misc":{"Timp estimat pentru citire":"26 de minute"},"schema":{"@context":"https:\/\/schema.org","@graph":[{"@type":"WebPage","@id":"https:\/\/jetxgambling.com\/jetx3-strategies\/","url":"https:\/\/jetxgambling.com\/jetx3-strategies\/","name":"\u0421\u0442\u0440\u0430\u0442\u0435\u0433\u0438\u0438 \u0438\u0433\u0440\u044b JetX3","isPartOf":{"@id":"https:\/\/jetxgambling.com\/#website"},"datePublished":"2024-01-05T17:26:35+00:00","dateModified":"2024-04-15T19:40:09+00:00","description":"\u041e\u0442\u0432\u0435\u0442 \u043d\u0430 \u0432\u043e\u043f\u0440\u043e\u0441 \u043a\u0430\u043a \u043f\u043e\u0431\u0435\u0434\u0438\u0442\u044c \u0432 \u043a\u0440\u0430\u0448 \u0438\u0433\u0440\u0435 JetX3 \u0438 \u0432\u044b\u0438\u0433\u0440\u0430\u0442\u044c \u0440\u0435\u0430\u043b\u044c\u043d\u044b\u0435 \u0434\u0435\u043d\u044c\u0433\u0438. \u041b\u0443\u0447\u0448\u0438\u0435 \u0441\u0442\u0440\u0430\u0442\u0435\u0433\u0438\u0438 \u0438 \u0442\u0430\u043a\u0442\u0438\u043a\u0438 \u0438\u0433\u0440\u044b JetX3 \u0434\u043b\u044f \u043d\u043e\u0432\u044b\u0445 \u0438 \u043e\u043f\u044b\u0442\u043d\u044b\u0445 \u0438\u0433\u0440\u043e\u043a\u043e\u0432","breadcrumb":{"@id":"https:\/\/jetxgambling.com\/jetx3-strategies\/#breadcrumb"},"inLanguage":"ro-RO","potentialAction":[{"@type":"ReadAction","target":["https:\/\/jetxgambling.com\/jetx3-strategies\/"]}]},{"@type":"BreadcrumbList","@id":"https:\/\/jetxgambling.com\/jetx3-strategies\/#breadcrumb","itemListElement":[{"@type":"ListItem","position":1,"name":"Home","item":"https:\/\/jetxgambling.com\/"},{"@type":"ListItem","position":2,"name":"\u0421\u0442\u0440\u0430\u0442\u0435\u0433\u0438\u0438 \u0438 \u0442\u0430\u043a\u0442\u0438\u043a\u0438 \u0438\u0433\u0440\u044b JetX3"}]},{"@type":"WebSite","@id":"https:\/\/jetxgambling.com\/#website","url":"https:\/\/jetxgambling.com\/","name":"JetX","description":"","publisher":{"@id":"https:\/\/jetxgambling.com\/#organization"},"potentialAction":[{"@type":"SearchAction","target":{"@type":"EntryPoint","urlTemplate":"https:\/\/jetxgambling.com\/?s={search_term_string}"},"query-input":{"@type":"PropertyValueSpecification","valueRequired":true,"valueName":"search_term_string"}}],"inLanguage":"ro-RO"},{"@type":"Organization","@id":"https:\/\/jetxgambling.com\/#organization","name":"JetX","url":"https:\/\/jetxgambling.com\/","logo":{"@type":"ImageObject","inLanguage":"ro-RO","@id":"https:\/\/jetxgambling.com\/#\/schema\/logo\/image\/","url":"https:\/\/jetxgambling.com\/wp-content\/uploads\/2024\/01\/jetx-slot-logo.png","contentUrl":"https:\/\/jetxgambling.com\/wp-content\/uploads\/2024\/01\/jetx-slot-logo.png","width":200,"height":101,"caption":"JetX"},"image":{"@id":"https:\/\/jetxgambling.com\/#\/schema\/logo\/image\/"}}]}},"_links":{"self":[{"href":"https:\/\/jetxgambling.com\/ro\/wp-json\/wp\/v2\/pages\/11","targetHints":{"allow":["GET"]}}],"collection":[{"href":"https:\/\/jetxgambling.com\/ro\/wp-json\/wp\/v2\/pages"}],"about":[{"href":"https:\/\/jetxgambling.com\/ro\/wp-json\/wp\/v2\/types\/page"}],"author":[{"embeddable":true,"href":"https:\/\/jetxgambling.com\/ro\/wp-json\/wp\/v2\/users\/1"}],"replies":[{"embeddable":true,"href":"https:\/\/jetxgambling.com\/ro\/wp-json\/wp\/v2\/comments?post=11"}],"version-history":[{"count":24,"href":"https:\/\/jetxgambling.com\/ro\/wp-json\/wp\/v2\/pages\/11\/revisions"}],"predecessor-version":[{"id":125,"href":"https:\/\/jetxgambling.com\/ro\/wp-json\/wp\/v2\/pages\/11\/revisions\/125"}],"wp:attachment":[{"href":"https:\/\/jetxgambling.com\/ro\/wp-json\/wp\/v2\/media?parent=11"}],"curies":[{"name":"wp","href":"https:\/\/api.w.org\/{rel}","templated":true}]}}