{"id":13,"date":"2024-01-05T17:27:15","date_gmt":"2024-01-05T17:27:15","guid":{"rendered":"https:\/\/jetxgambling.com\/?page_id=13"},"modified":"2024-04-15T19:33:54","modified_gmt":"2024-04-15T19:33:54","slug":"jetx3-features","status":"publish","type":"page","link":"https:\/\/jetxgambling.com\/ro\/jetx3-features\/","title":{"rendered":"Motivul popularit\u0103\u021bii \u0219i avantajelor jocului JetX3"},"content":{"rendered":"<p>Jocul JetX3, dezvoltat de Smartsoft Gaming, a captat rapid aten\u021bia juc\u0103torilor de cazino online datorit\u0103 caracteristicilor \u0219i avantajelor sale unice. La o prim\u0103 vedere, acest joc poate p\u0103rea un analog al popularului joc Aviator, \u00eens\u0103 JetX3 se remarc\u0103 prin func\u021bionalitatea sa actualizat\u0103 \u0219i o poveste mai interesant\u0103, oferind juc\u0103torilor o experien\u021b\u0103 de joc inovatoare \u0219i captivant\u0103. Bazat pe mecanica pr\u0103bu\u0219irii, JetX3 difer\u0103 de sloturile tradi\u021bionale, oferind un gameplay neobi\u0219nuit \u0219i posibilit\u0103\u021bi extinse de c\u00e2\u0219tig:<\/p>\n<ul>\n<li>Unul dintre avantajele cheie ale lui JetX3 este probabilitatea ridicat\u0103 de c\u00e2\u0219tig \u00een fiecare rund\u0103. Acest lucru se realizeaz\u0103 prin mecanica unic\u0103 a jocului, unde multiplicatorii pariurilor cresc imprevizibil. Acest lucru adaug\u0103 un element de excita\u021bie \u0219i suspans, f\u0103c\u00e2nd fiecare rund\u0103 interesant\u0103 \u0219i imprevizibil\u0103.<\/li>\n<li>Simplitatea controlului jocului \u00eel face accesibil unei largi audien\u021be de juc\u0103tori, inclusiv celor care \u00ee\u0219i \u00eencearc\u0103 norocul \u00een jocurile de noroc pentru prima dat\u0103. O interfa\u021b\u0103 intuitiv\u0103 \u0219i reguli u\u0219or de \u00eenv\u0103\u021bat fac jocul atractiv pentru \u00eencep\u0103tori, \u00een timp ce juc\u0103torii experimenta\u021bi apreciaz\u0103 dinamica \u0219i poten\u021bialul pentru joc strategic.<\/li>\n<li>Formatul multiplayer \u00een timp real creeaz\u0103 un sentiment de comunitate \u0219i competi\u021bie. Juc\u0103torii pot interac\u021biona \u00eentre ei prin chat live, pot discuta strategii \u0219i pot \u00eemp\u0103rt\u0103\u0219i experien\u021be, f\u0103c\u00e2nd procesul de joc mai social \u0219i captivant. \u00cen plus, capacitatea de a vizualiza statistici \u0219i ac\u021biunile altor juc\u0103tori adaug\u0103 un nivel suplimentar de transparen\u021b\u0103 \u0219i implicare.<\/li>\n<li>Durata scurt\u0103 a rundelor, doar 30-40 de secunde, face ca jocul s\u0103 fie ideal pentru sesiuni rapide \u0219i dinamice. Acest lucru men\u021bine un nivel ridicat al implic\u0103rii juc\u0103torului, permi\u021b\u00e2ndu-le s\u0103 treac\u0103 rapid de la o rund\u0103 la alta f\u0103r\u0103 timpi de a\u0219teptare prelungi.<\/li>\n<li>Op\u021biunea de a configura un mod demo pentru pariuri le permite juc\u0103torilor s\u0103 \u00eencerce jocul f\u0103r\u0103 riscul de a pierde bani reali. Acesta este un mod ideal de a se familiariza cu mecanica jocului \u0219i de a dezvolta strategii \u00eenainte de a juca cu bani reali. Aceast\u0103 oportunitate este deosebit de valoroas\u0103 pentru juc\u0103torii noi care doresc s\u0103 \u00een\u021beleag\u0103 jocul \u00eenainte de a-\u0219i risca fondurile.<\/li>\n<li>Suportul pentru diverse monede \u0219i optimizarea pentru diferite dispozitive fac ca JetX3 s\u0103 fie accesibil pentru o audien\u021b\u0103 interna\u021bional\u0103. Juc\u0103torii din \u00eentreaga lume pot s\u0103 se bucure de joc pe dispozitivele preferate, fie c\u0103 este vorba de telefoane mobile, tablete sau computere desktop.<\/li>\n<li>Capacitatea de a plasa trei pariuri simultan pe trei panouri diferite cre\u0219te \u0219ansele de c\u00e2\u0219tig \u0219i adaug\u0103 un element strategic \u00een joc. Juc\u0103torii pot decide dac\u0103 doresc s\u0103 \u00ee\u0219i distribuie pariurile \u00eentre mai multe avioane sau s\u0103 se concentreze pe unul singur, diversific\u00e2nd astfel gameplay-ul.<\/li>\n<li>Cre\u0219terea imprevizibil\u0103 a multiplicatorilor, determinat\u0103 de utilizarea generatorului de numere aleatorii (RNG), face ca fiecare rund\u0103 s\u0103 fie unic\u0103 \u0219i imprevizibil\u0103. Acest element de aleatoritate men\u021bine interesul juc\u0103torilor \u0219i face ca fiecare joc s\u0103 fie distinctiv.<\/li>\n<li>JetX3 se remarc\u0103 printre alte jocuri de noroc cu designul s\u0103u atr\u0103g\u0103tor, asem\u0103n\u0103tor unor nave spa\u021biale reale pentru zboruri interstelare. Aceast\u0103 atrac\u021bie vizual\u0103, combinat\u0103 cu mecanica inovatoare \u0219i gameplay-ul dinamic, face ca JetX3 s\u0103 fie unul dintre cele mai c\u0103utate jocuri \u00een cazinourile online.<\/li>\n<\/ul>\n<p>Este important de remarcat c\u0103, \u00een ciuda tuturor acestor avantaje \u0219i oportunit\u0103\u021bi de c\u00e2\u0219tig, JetX3 r\u0103m\u00e2ne un joc de noroc. Juc\u0103torii ar trebui s\u0103 se apropie de el responsabil, s\u0103 \u00ee\u0219i stabileasc\u0103 limite \u0219i s\u0103 joace \u00een limita posibilit\u0103\u021bilor lor. Este \u00eentotdeauna crucial s\u0103 fim con\u0219tien\u021bi de riscurile asociate jocului de noroc \u0219i s\u0103 abord\u0103m jocul cu aten\u021bie \u0219i modera\u021bie.<\/p>\n","protected":false},"excerpt":{"rendered":"<p>Jocul JetX3, dezvoltat de Smartsoft Gaming, a captat rapid aten\u021bia juc\u0103torilor de cazino online datorit\u0103 caracteristicilor \u0219i avantajelor sale unice. La o prim\u0103 vedere, acest joc poate p\u0103rea un analog al popularului joc Aviator, \u00eens\u0103 JetX3 se remarc\u0103 prin func\u021bionalitatea sa actualizat\u0103 \u0219i o poveste mai interesant\u0103, oferind juc\u0103torilor o experien\u021b\u0103 de joc inovatoare \u0219i&#8230;<\/p>\n","protected":false},"author":1,"featured_media":0,"parent":0,"menu_order":0,"comment_status":"closed","ping_status":"closed","template":"","meta":{"footnotes":""},"class_list":["post-13","page","type-page","status-publish","hentry"],"yoast_head":"<!-- This site is optimized with the Yoast SEO plugin v27.2 - https:\/\/yoast.com\/product\/yoast-seo-wordpress\/ -->\n<title>\u041f\u043e\u0447\u0435\u043c\u0443 \u0438\u0433\u0440\u0430 JetX3 \u043f\u043e\u043f\u0443\u043b\u044f\u0440\u043d\u0430<\/title>\n<meta name=\"description\" content=\"S\u0103 vorbim despre avantajele \u0219i motivele popularit\u0103\u021bii jocului JetX3. De ce aleg juc\u0103torii acest joc dintre multitudinea de jocuri de cazino online?\" \/>\n<meta name=\"robots\" content=\"index, follow, max-snippet:-1, max-image-preview:large, max-video-preview:-1\" \/>\n<link rel=\"canonical\" href=\"https:\/\/jetxgambling.com\/ro\/jetx3-features\/\" \/>\n<meta property=\"og:locale\" content=\"ro_RO\" \/>\n<meta property=\"og:locale:alternate\" content=\"ru_RU\" \/>\n<meta property=\"og:locale:alternate\" content=\"en_US\" \/>\n<meta property=\"og:locale:alternate\" content=\"pt_PT\" \/>\n<meta property=\"og:locale:alternate\" content=\"es_ES\" \/>\n<meta property=\"og:locale:alternate\" content=\"sr_RS\" \/>\n<meta property=\"og:locale:alternate\" content=\"bg_BG\" \/>\n<meta property=\"og:locale:alternate\" content=\"pl_PL\" \/>\n<meta property=\"og:locale:alternate\" content=\"it_IT\" \/>\n<meta property=\"og:locale:alternate\" content=\"fr_FR\" \/>\n<meta property=\"og:locale:alternate\" content=\"de_DE\" \/>\n<meta property=\"og:type\" content=\"article\" \/>\n<meta property=\"og:title\" content=\"\u041f\u043e\u0447\u0435\u043c\u0443 \u0438\u0433\u0440\u0430 JetX3 \u043f\u043e\u043f\u0443\u043b\u044f\u0440\u043d\u0430\" \/>\n<meta property=\"og:description\" content=\"\u041c\u044b \u043f\u043e\u0433\u043e\u0432\u043e\u0440\u0438\u043c \u043e \u043f\u0440\u0435\u0438\u043c\u0443\u0449\u0435\u0441\u0442\u0432\u0430\u0445 \u0438 \u043f\u0440\u0438\u0447\u0438\u043d\u0430\u0445 \u043f\u043e\u043f\u0443\u043b\u044f\u0440\u043d\u043e\u0441\u0442\u0438 \u0438\u0433\u0440\u044b JetX3. \u041f\u043e\u0447\u0435\u043c\u0443 \u0438\u0433\u0440\u043e\u043a\u0438 \u0432\u044b\u0431\u0438\u0440\u0430\u044e\u0442 \u044d\u0442\u0443 \u0438\u0433\u0440\u0443 \u0441\u0440\u0435\u0434\u0438 \u043c\u043d\u043e\u0436\u0435\u0441\u0442\u0432\u0430 \u043e\u043d\u043b\u0430\u0439\u043d \u0438\u0433\u0440 \u0432 \u043a\u0430\u0437\u0438\u043d\u043e\" \/>\n<meta property=\"og:url\" content=\"https:\/\/jetxgambling.com\/ro\/jetx3-features\/\" \/>\n<meta property=\"og:site_name\" content=\"JetX\" \/>\n<meta property=\"article:modified_time\" content=\"2024-04-15T19:33:54+00:00\" \/>\n<meta name=\"twitter:card\" content=\"summary_large_image\" \/>\n<meta name=\"twitter:label1\" content=\"Timp estimat pentru citire\" \/>\n\t<meta name=\"twitter:data1\" content=\"24 de minute\" \/>\n<script type=\"application\/ld+json\" class=\"yoast-schema-graph\">{\"@context\":\"https:\/\/schema.org\",\"@graph\":[{\"@type\":\"WebPage\",\"@id\":\"https:\/\/jetxgambling.com\/jetx3-features\/\",\"url\":\"https:\/\/jetxgambling.com\/jetx3-features\/\",\"name\":\"\u041f\u043e\u0447\u0435\u043c\u0443 \u0438\u0433\u0440\u0430 JetX3 \u043f\u043e\u043f\u0443\u043b\u044f\u0440\u043d\u0430\",\"isPartOf\":{\"@id\":\"https:\/\/jetxgambling.com\/#website\"},\"datePublished\":\"2024-01-05T17:27:15+00:00\",\"dateModified\":\"2024-04-15T19:33:54+00:00\",\"description\":\"\u041c\u044b \u043f\u043e\u0433\u043e\u0432\u043e\u0440\u0438\u043c \u043e \u043f\u0440\u0435\u0438\u043c\u0443\u0449\u0435\u0441\u0442\u0432\u0430\u0445 \u0438 \u043f\u0440\u0438\u0447\u0438\u043d\u0430\u0445 \u043f\u043e\u043f\u0443\u043b\u044f\u0440\u043d\u043e\u0441\u0442\u0438 \u0438\u0433\u0440\u044b JetX3. \u041f\u043e\u0447\u0435\u043c\u0443 \u0438\u0433\u0440\u043e\u043a\u0438 \u0432\u044b\u0431\u0438\u0440\u0430\u044e\u0442 \u044d\u0442\u0443 \u0438\u0433\u0440\u0443 \u0441\u0440\u0435\u0434\u0438 \u043c\u043d\u043e\u0436\u0435\u0441\u0442\u0432\u0430 \u043e\u043d\u043b\u0430\u0439\u043d \u0438\u0433\u0440 \u0432 \u043a\u0430\u0437\u0438\u043d\u043e\",\"breadcrumb\":{\"@id\":\"https:\/\/jetxgambling.com\/jetx3-features\/#breadcrumb\"},\"inLanguage\":\"ro-RO\",\"potentialAction\":[{\"@type\":\"ReadAction\",\"target\":[\"https:\/\/jetxgambling.com\/jetx3-features\/\"]}]},{\"@type\":\"BreadcrumbList\",\"@id\":\"https:\/\/jetxgambling.com\/jetx3-features\/#breadcrumb\",\"itemListElement\":[{\"@type\":\"ListItem\",\"position\":1,\"name\":\"Home\",\"item\":\"https:\/\/jetxgambling.com\/\"},{\"@type\":\"ListItem\",\"position\":2,\"name\":\"\u041f\u0440\u0438\u0447\u0438\u043d\u044b \u043f\u043e\u043f\u0443\u043b\u044f\u0440\u043d\u043e\u0441\u0442\u0438 \u0438 \u043f\u0440\u0435\u0438\u043c\u0443\u0449\u0435\u0441\u0442\u0432\u0430 \u0438\u0433\u0440\u044b JetX3\"}]},{\"@type\":\"WebSite\",\"@id\":\"https:\/\/jetxgambling.com\/#website\",\"url\":\"https:\/\/jetxgambling.com\/\",\"name\":\"JetX\",\"description\":\"\",\"publisher\":{\"@id\":\"https:\/\/jetxgambling.com\/#organization\"},\"potentialAction\":[{\"@type\":\"SearchAction\",\"target\":{\"@type\":\"EntryPoint\",\"urlTemplate\":\"https:\/\/jetxgambling.com\/?s={search_term_string}\"},\"query-input\":{\"@type\":\"PropertyValueSpecification\",\"valueRequired\":true,\"valueName\":\"search_term_string\"}}],\"inLanguage\":\"ro-RO\"},{\"@type\":\"Organization\",\"@id\":\"https:\/\/jetxgambling.com\/#organization\",\"name\":\"JetX\",\"url\":\"https:\/\/jetxgambling.com\/\",\"logo\":{\"@type\":\"ImageObject\",\"inLanguage\":\"ro-RO\",\"@id\":\"https:\/\/jetxgambling.com\/#\/schema\/logo\/image\/\",\"url\":\"https:\/\/jetxgambling.com\/wp-content\/uploads\/2024\/01\/jetx-slot-logo.png\",\"contentUrl\":\"https:\/\/jetxgambling.com\/wp-content\/uploads\/2024\/01\/jetx-slot-logo.png\",\"width\":200,\"height\":101,\"caption\":\"JetX\"},\"image\":{\"@id\":\"https:\/\/jetxgambling.com\/#\/schema\/logo\/image\/\"}}]}<\/script>\n<!-- \/ Yoast SEO plugin. -->","yoast_head_json":{"title":"\u041f\u043e\u0447\u0435\u043c\u0443 \u0438\u0433\u0440\u0430 JetX3 \u043f\u043e\u043f\u0443\u043b\u044f\u0440\u043d\u0430","description":"S\u0103 vorbim despre avantajele \u0219i motivele popularit\u0103\u021bii jocului JetX3. De ce aleg juc\u0103torii acest joc dintre multitudinea de jocuri de cazino online?","robots":{"index":"index","follow":"follow","max-snippet":"max-snippet:-1","max-image-preview":"max-image-preview:large","max-video-preview":"max-video-preview:-1"},"canonical":"https:\/\/jetxgambling.com\/ro\/jetx3-features\/","og_locale":"ro_RO","og_type":"article","og_title":"\u041f\u043e\u0447\u0435\u043c\u0443 \u0438\u0433\u0440\u0430 JetX3 \u043f\u043e\u043f\u0443\u043b\u044f\u0440\u043d\u0430","og_description":"\u041c\u044b \u043f\u043e\u0433\u043e\u0432\u043e\u0440\u0438\u043c \u043e \u043f\u0440\u0435\u0438\u043c\u0443\u0449\u0435\u0441\u0442\u0432\u0430\u0445 \u0438 \u043f\u0440\u0438\u0447\u0438\u043d\u0430\u0445 \u043f\u043e\u043f\u0443\u043b\u044f\u0440\u043d\u043e\u0441\u0442\u0438 \u0438\u0433\u0440\u044b JetX3. \u041f\u043e\u0447\u0435\u043c\u0443 \u0438\u0433\u0440\u043e\u043a\u0438 \u0432\u044b\u0431\u0438\u0440\u0430\u044e\u0442 \u044d\u0442\u0443 \u0438\u0433\u0440\u0443 \u0441\u0440\u0435\u0434\u0438 \u043c\u043d\u043e\u0436\u0435\u0441\u0442\u0432\u0430 \u043e\u043d\u043b\u0430\u0439\u043d \u0438\u0433\u0440 \u0432 \u043a\u0430\u0437\u0438\u043d\u043e","og_url":"https:\/\/jetxgambling.com\/ro\/jetx3-features\/","og_site_name":"JetX","article_modified_time":"2024-04-15T19:33:54+00:00","twitter_card":"summary_large_image","twitter_misc":{"Timp estimat pentru citire":"24 de minute"},"schema":{"@context":"https:\/\/schema.org","@graph":[{"@type":"WebPage","@id":"https:\/\/jetxgambling.com\/jetx3-features\/","url":"https:\/\/jetxgambling.com\/jetx3-features\/","name":"\u041f\u043e\u0447\u0435\u043c\u0443 \u0438\u0433\u0440\u0430 JetX3 \u043f\u043e\u043f\u0443\u043b\u044f\u0440\u043d\u0430","isPartOf":{"@id":"https:\/\/jetxgambling.com\/#website"},"datePublished":"2024-01-05T17:27:15+00:00","dateModified":"2024-04-15T19:33:54+00:00","description":"\u041c\u044b \u043f\u043e\u0433\u043e\u0432\u043e\u0440\u0438\u043c \u043e \u043f\u0440\u0435\u0438\u043c\u0443\u0449\u0435\u0441\u0442\u0432\u0430\u0445 \u0438 \u043f\u0440\u0438\u0447\u0438\u043d\u0430\u0445 \u043f\u043e\u043f\u0443\u043b\u044f\u0440\u043d\u043e\u0441\u0442\u0438 \u0438\u0433\u0440\u044b JetX3. \u041f\u043e\u0447\u0435\u043c\u0443 \u0438\u0433\u0440\u043e\u043a\u0438 \u0432\u044b\u0431\u0438\u0440\u0430\u044e\u0442 \u044d\u0442\u0443 \u0438\u0433\u0440\u0443 \u0441\u0440\u0435\u0434\u0438 \u043c\u043d\u043e\u0436\u0435\u0441\u0442\u0432\u0430 \u043e\u043d\u043b\u0430\u0439\u043d \u0438\u0433\u0440 \u0432 \u043a\u0430\u0437\u0438\u043d\u043e","breadcrumb":{"@id":"https:\/\/jetxgambling.com\/jetx3-features\/#breadcrumb"},"inLanguage":"ro-RO","potentialAction":[{"@type":"ReadAction","target":["https:\/\/jetxgambling.com\/jetx3-features\/"]}]},{"@type":"BreadcrumbList","@id":"https:\/\/jetxgambling.com\/jetx3-features\/#breadcrumb","itemListElement":[{"@type":"ListItem","position":1,"name":"Home","item":"https:\/\/jetxgambling.com\/"},{"@type":"ListItem","position":2,"name":"\u041f\u0440\u0438\u0447\u0438\u043d\u044b \u043f\u043e\u043f\u0443\u043b\u044f\u0440\u043d\u043e\u0441\u0442\u0438 \u0438 \u043f\u0440\u0435\u0438\u043c\u0443\u0449\u0435\u0441\u0442\u0432\u0430 \u0438\u0433\u0440\u044b JetX3"}]},{"@type":"WebSite","@id":"https:\/\/jetxgambling.com\/#website","url":"https:\/\/jetxgambling.com\/","name":"JetX","description":"","publisher":{"@id":"https:\/\/jetxgambling.com\/#organization"},"potentialAction":[{"@type":"SearchAction","target":{"@type":"EntryPoint","urlTemplate":"https:\/\/jetxgambling.com\/?s={search_term_string}"},"query-input":{"@type":"PropertyValueSpecification","valueRequired":true,"valueName":"search_term_string"}}],"inLanguage":"ro-RO"},{"@type":"Organization","@id":"https:\/\/jetxgambling.com\/#organization","name":"JetX","url":"https:\/\/jetxgambling.com\/","logo":{"@type":"ImageObject","inLanguage":"ro-RO","@id":"https:\/\/jetxgambling.com\/#\/schema\/logo\/image\/","url":"https:\/\/jetxgambling.com\/wp-content\/uploads\/2024\/01\/jetx-slot-logo.png","contentUrl":"https:\/\/jetxgambling.com\/wp-content\/uploads\/2024\/01\/jetx-slot-logo.png","width":200,"height":101,"caption":"JetX"},"image":{"@id":"https:\/\/jetxgambling.com\/#\/schema\/logo\/image\/"}}]}},"_links":{"self":[{"href":"https:\/\/jetxgambling.com\/ro\/wp-json\/wp\/v2\/pages\/13","targetHints":{"allow":["GET"]}}],"collection":[{"href":"https:\/\/jetxgambling.com\/ro\/wp-json\/wp\/v2\/pages"}],"about":[{"href":"https:\/\/jetxgambling.com\/ro\/wp-json\/wp\/v2\/types\/page"}],"author":[{"embeddable":true,"href":"https:\/\/jetxgambling.com\/ro\/wp-json\/wp\/v2\/users\/1"}],"replies":[{"embeddable":true,"href":"https:\/\/jetxgambling.com\/ro\/wp-json\/wp\/v2\/comments?post=13"}],"version-history":[{"count":22,"href":"https:\/\/jetxgambling.com\/ro\/wp-json\/wp\/v2\/pages\/13\/revisions"}],"predecessor-version":[{"id":124,"href":"https:\/\/jetxgambling.com\/ro\/wp-json\/wp\/v2\/pages\/13\/revisions\/124"}],"wp:attachment":[{"href":"https:\/\/jetxgambling.com\/ro\/wp-json\/wp\/v2\/media?parent=13"}],"curies":[{"name":"wp","href":"https:\/\/api.w.org\/{rel}","templated":true}]}}