{"id":15,"date":"2024-01-05T17:28:54","date_gmt":"2024-01-05T17:28:54","guid":{"rendered":"https:\/\/jetxgambling.com\/?page_id=15"},"modified":"2024-04-15T19:36:13","modified_gmt":"2024-04-15T19:36:13","slug":"jetx3-reviews","status":"publish","type":"page","link":"https:\/\/jetxgambling.com\/ro\/jetx3-reviews\/","title":{"rendered":"Recenzii"},"content":{"rendered":"<p>JetX3 &#8211; Un joc care devine tot mai popular printre juc\u0103torii din diferite \u021b\u0103ri din \u00eentreaga lume. \u0218i nu este surprinz\u0103tor, deoarece jocul de pr\u0103bu\u0219ire este meticulos proiectat \u0219i ofer\u0103 posibilit\u0103\u021bi extinse pentru pariori.<\/p>\n<p><strong>JetX3 Crash Game &#8211; O explozie de emo\u021bii!<\/strong><\/p>\n<p>Gameplay-ul unic cu trei nave spa\u021biale te \u021bine pe marginea scaunului la fiecare decolare. \u00cemi place dinamica \u0219i imprevizibilitatea acestui joc.<\/p>\n<p>Maria, 20 de ani.<\/p>\n<p><strong>Joc JetX3 de c\u00e2teva s\u0103pt\u0103m\u00e2ni<\/strong><\/p>\n<p>Joc JetX3 de c\u00e2teva s\u0103pt\u0103m\u00e2ni \u0219i pot spune c\u0103 este unul dintre cele mai palpitante jocuri din colec\u021bia mea. Simplitatea regulilor \u0219i poten\u021bialul pentru c\u00e2\u0219tiguri mari \u00eel fac perfect pentru pauze scurte la serviciu. Po\u021bi \u00eencepe \u0219i opri jocul \u00een orice moment.<\/p>\n<p>Olga, 32 de ani.<\/p>\n<p><strong>JetX3 difer\u0103 de tot ce am v\u0103zut p\u00e2n\u0103 acum<\/strong><\/p>\n<p>Formatul inovator \u0219i posibilitatea de a plasa pariuri pe trei jeturi simultan &#8211; este pur \u0219i simplu superb. Fiecare rund\u0103 este plin\u0103 de surprize! Acesta este cu adev\u0103rat un joc de cazino care merit\u0103 \u00eencercat.<\/p>\n<p>Mark, 45 de ani.<\/p>\n<p><strong>Merit\u0103 aten\u021bie<\/strong><\/p>\n<p>Acest joc merit\u0103 cu adev\u0103rat aten\u021bie. JetX3 combin\u0103 simplitatea, emo\u021bia \u0219i \u0219ansa unui c\u00e2\u0219tig mare. M\u0103 simt mereu cu adrenalina c\u00e2nd multiplicatorii \u00eencep s\u0103 creasc\u0103.<\/p>\n<p>Alexander, 30 de ani.<\/p>\n<p><strong>JetX3 &#8211; Unul dintre cele mai bune moduri de a-\u021bi petrece timpul \u00eentr-un cazino online<\/strong><\/p>\n<p>Ca un fan al jocurilor de noroc, consider JetX3 unul dintre cele mai bune moduri de a-\u021bi petrece timpul \u00eentr-un cazino online. Chatul live \u0219i formatul multiplayer adaug\u0103 un aspect social jocului, f\u0103c\u00e2ndu-l \u0219i mai atr\u0103g\u0103tor.<\/p>\n<p>Juc\u0103tor, 25 de ani.<\/p>\n<p><strong>Am \u00eencercat s\u0103 joc JetX3 gratuit \u0219i m-am \u00eendr\u0103gostit<\/strong><\/p>\n<p>Am \u00eencercat s\u0103 joc JetX3 gratuit \u0219i m-am \u00eendr\u0103gostit imediat de joc. Este perfect at\u00e2t pentru sesiuni scurte, c\u00e2t \u0219i pentru maratoane de jocuri prelungite. \u00cel recomand tuturor!<\/p>\n<p>Bruno, 27 de ani.<\/p>\n<p><strong>Controlul asupra jocului \u00een JetX3<\/strong><\/p>\n<p>\u00cen JetX3, \u00eemi place \u00een mod deosebit posibilitatea de a controla jocul. Alegerea momentului pentru a revendica c\u00e2\u0219tigurile adaug\u0103 un element strategic \u0219i face ca fiecare rund\u0103 s\u0103 fie special\u0103.<\/p>\n<p>Maxim, 29 de ani.<\/p>\n<p><strong>Un adev\u0103rat bijuterie<\/strong><\/p>\n<p>Acest joc este o adev\u0103rat\u0103 bijuterie. JetX3 m-a surprins cu designul \u0219i mecanica sa. At\u00e2t de multe nervi \u0219i emo\u021bii \u00een fiecare rund\u0103 &#8211; este pur \u0219i simplu imposibil s\u0103 te desprinzi! \u00cen plus, \u0219ansa de a c\u00e2\u0219tiga, a\u0219a cum pare, acum \u00een cazinourile online, po\u021bi c\u00e2\u0219tiga doar \u00een jocurile de pr\u0103bu\u0219ire.<\/p>\n<p>Diana, 29 de ani.<\/p>\n<p><strong>Varia\u021bie excelent\u0103 pentru entuzia\u0219tii de jocuri de noroc<\/strong><\/p>\n<p>JetX3 nu numai c\u0103 distrage, dar ofer\u0103 \u0219i o \u0219ans\u0103 pentru c\u00e2\u0219tiguri bune. \u00cemi place c\u0103 jocul este potrivit at\u00e2t pentru \u00eencep\u0103tori, c\u00e2t \u0219i pentru juc\u0103torii experimenta\u021bi.<\/p>\n<p>Mariana, 38 de ani.<\/p>\n<p><strong>JetX3 &#8211; Un joc care te \u021bine pe marginea scaunului<\/strong><\/p>\n<p>JetX3 este un joc care te \u021bine constant pe marginea scaunului. \u00cemi place emo\u021bia atunci c\u00e2nd jeturile decoleaz\u0103 \u0219i trebuie s\u0103 decizi c\u00e2nd s\u0103 revendici c\u00e2\u0219tigurile tale. Fiecare joc este o nou\u0103 aventur\u0103!<\/p>\n<p>Stas, 19 ani.<\/p>\n","protected":false},"excerpt":{"rendered":"<p>JetX3 &#8211; Un joc care devine tot mai popular printre juc\u0103torii din diferite \u021b\u0103ri din \u00eentreaga lume. \u0218i nu este surprinz\u0103tor, deoarece jocul de pr\u0103bu\u0219ire este meticulos proiectat \u0219i ofer\u0103 posibilit\u0103\u021bi extinse pentru pariori. JetX3 Crash Game &#8211; O explozie de emo\u021bii! Gameplay-ul unic cu trei nave spa\u021biale te \u021bine pe marginea scaunului la fiecare&#8230;<\/p>\n","protected":false},"author":1,"featured_media":0,"parent":0,"menu_order":0,"comment_status":"closed","ping_status":"closed","template":"","meta":{"footnotes":""},"class_list":["post-15","page","type-page","status-publish","hentry"],"yoast_head":"<!-- This site is optimized with the Yoast SEO plugin v27.2 - https:\/\/yoast.com\/product\/yoast-seo-wordpress\/ -->\n<title>\u041e\u0442\u0437\u044b\u0432\u044b \u0440\u0435\u0430\u043b\u044c\u043d\u044b\u0445 \u0438\u0433\u0440\u043e\u043a\u043e\u0432 \u043e\u0431 \u0438\u0433\u0440\u0435 JetX3<\/title>\n<meta name=\"description\" content=\"O prezentare general\u0103 a jocului JetX3 \u0219i p\u0103rerile juc\u0103torilor reali despre jocul JetX3. Recenzii \u0219i opinii sincere despre jocul de pr\u0103bu\u0219ire JetX3, o recenzie care va ajuta s\u0103 v\u0103 forma\u021bi propria opinie.\" \/>\n<meta name=\"robots\" content=\"index, follow, max-snippet:-1, max-image-preview:large, max-video-preview:-1\" \/>\n<link rel=\"canonical\" href=\"https:\/\/jetxgambling.com\/ro\/jetx3-reviews\/\" \/>\n<meta property=\"og:locale\" content=\"ro_RO\" \/>\n<meta property=\"og:locale:alternate\" content=\"ru_RU\" \/>\n<meta property=\"og:locale:alternate\" content=\"en_US\" \/>\n<meta property=\"og:locale:alternate\" content=\"pt_PT\" \/>\n<meta property=\"og:locale:alternate\" content=\"es_ES\" \/>\n<meta property=\"og:locale:alternate\" content=\"sr_RS\" \/>\n<meta property=\"og:locale:alternate\" content=\"bg_BG\" \/>\n<meta property=\"og:locale:alternate\" content=\"pl_PL\" \/>\n<meta property=\"og:locale:alternate\" content=\"it_IT\" \/>\n<meta property=\"og:locale:alternate\" content=\"fr_FR\" \/>\n<meta property=\"og:locale:alternate\" content=\"de_DE\" \/>\n<meta property=\"og:type\" content=\"article\" \/>\n<meta property=\"og:title\" content=\"\u041e\u0442\u0437\u044b\u0432\u044b \u0440\u0435\u0430\u043b\u044c\u043d\u044b\u0445 \u0438\u0433\u0440\u043e\u043a\u043e\u0432 \u043e\u0431 \u0438\u0433\u0440\u0435 JetX3\" \/>\n<meta property=\"og:description\" content=\"\u041e\u0431\u0437\u043e\u0440 \u0438\u0433\u0440\u044b JetX3 \u0438 \u043c\u043d\u0435\u043d\u0438\u044f \u043d\u0430\u0441\u0442\u043e\u044f\u0449\u0438\u0445 \u0438\u0433\u0440\u043e\u043a\u043e\u0432 \u043e\u0431 \u0438\u0433\u0440\u0435 JetX3. \u041e\u0442\u0437\u044b\u0432\u044b \u0438 \u0447\u0435\u0441\u0442\u043d\u043e\u0435 \u043c\u043d\u0435\u043d\u0438\u0435 \u043e \u043a\u0440\u0430\u0448 \u0438\u0433\u0440\u0435 JetX3, \u043e\u0431\u0437\u043e\u0440, \u043a\u043e\u0442\u043e\u0440\u044b\u0439 \u043f\u043e\u0437\u0432\u043e\u043b\u0438\u0442 \u0441\u043e\u0441\u0442\u0430\u0432\u0438\u0442\u044c \u0441\u043e\u0431\u0441\u0442\u0432\u0435\u043d\u043d\u043e\u0435 \u043c\u043d\u0435\u043d\u0438\u0435\" \/>\n<meta property=\"og:url\" content=\"https:\/\/jetxgambling.com\/ro\/jetx3-reviews\/\" \/>\n<meta property=\"og:site_name\" content=\"JetX\" \/>\n<meta property=\"article:modified_time\" content=\"2024-04-15T19:36:13+00:00\" \/>\n<meta name=\"twitter:card\" content=\"summary_large_image\" \/>\n<meta name=\"twitter:label1\" content=\"Timp estimat pentru citire\" \/>\n\t<meta name=\"twitter:data1\" content=\"20 de minute\" \/>\n<script type=\"application\/ld+json\" class=\"yoast-schema-graph\">{\"@context\":\"https:\/\/schema.org\",\"@graph\":[{\"@type\":\"WebPage\",\"@id\":\"https:\/\/jetxgambling.com\/jetx3-reviews\/\",\"url\":\"https:\/\/jetxgambling.com\/jetx3-reviews\/\",\"name\":\"\u041e\u0442\u0437\u044b\u0432\u044b \u0440\u0435\u0430\u043b\u044c\u043d\u044b\u0445 \u0438\u0433\u0440\u043e\u043a\u043e\u0432 \u043e\u0431 \u0438\u0433\u0440\u0435 JetX3\",\"isPartOf\":{\"@id\":\"https:\/\/jetxgambling.com\/#website\"},\"datePublished\":\"2024-01-05T17:28:54+00:00\",\"dateModified\":\"2024-04-15T19:36:13+00:00\",\"description\":\"\u041e\u0431\u0437\u043e\u0440 \u0438\u0433\u0440\u044b JetX3 \u0438 \u043c\u043d\u0435\u043d\u0438\u044f \u043d\u0430\u0441\u0442\u043e\u044f\u0449\u0438\u0445 \u0438\u0433\u0440\u043e\u043a\u043e\u0432 \u043e\u0431 \u0438\u0433\u0440\u0435 JetX3. \u041e\u0442\u0437\u044b\u0432\u044b \u0438 \u0447\u0435\u0441\u0442\u043d\u043e\u0435 \u043c\u043d\u0435\u043d\u0438\u0435 \u043e \u043a\u0440\u0430\u0448 \u0438\u0433\u0440\u0435 JetX3, \u043e\u0431\u0437\u043e\u0440, \u043a\u043e\u0442\u043e\u0440\u044b\u0439 \u043f\u043e\u0437\u0432\u043e\u043b\u0438\u0442 \u0441\u043e\u0441\u0442\u0430\u0432\u0438\u0442\u044c \u0441\u043e\u0431\u0441\u0442\u0432\u0435\u043d\u043d\u043e\u0435 \u043c\u043d\u0435\u043d\u0438\u0435\",\"breadcrumb\":{\"@id\":\"https:\/\/jetxgambling.com\/jetx3-reviews\/#breadcrumb\"},\"inLanguage\":\"ro-RO\",\"potentialAction\":[{\"@type\":\"ReadAction\",\"target\":[\"https:\/\/jetxgambling.com\/jetx3-reviews\/\"]}]},{\"@type\":\"BreadcrumbList\",\"@id\":\"https:\/\/jetxgambling.com\/jetx3-reviews\/#breadcrumb\",\"itemListElement\":[{\"@type\":\"ListItem\",\"position\":1,\"name\":\"Home\",\"item\":\"https:\/\/jetxgambling.com\/\"},{\"@type\":\"ListItem\",\"position\":2,\"name\":\"\u041e\u0442\u0437\u044b\u0432\u044b\"}]},{\"@type\":\"WebSite\",\"@id\":\"https:\/\/jetxgambling.com\/#website\",\"url\":\"https:\/\/jetxgambling.com\/\",\"name\":\"JetX\",\"description\":\"\",\"publisher\":{\"@id\":\"https:\/\/jetxgambling.com\/#organization\"},\"potentialAction\":[{\"@type\":\"SearchAction\",\"target\":{\"@type\":\"EntryPoint\",\"urlTemplate\":\"https:\/\/jetxgambling.com\/?s={search_term_string}\"},\"query-input\":{\"@type\":\"PropertyValueSpecification\",\"valueRequired\":true,\"valueName\":\"search_term_string\"}}],\"inLanguage\":\"ro-RO\"},{\"@type\":\"Organization\",\"@id\":\"https:\/\/jetxgambling.com\/#organization\",\"name\":\"JetX\",\"url\":\"https:\/\/jetxgambling.com\/\",\"logo\":{\"@type\":\"ImageObject\",\"inLanguage\":\"ro-RO\",\"@id\":\"https:\/\/jetxgambling.com\/#\/schema\/logo\/image\/\",\"url\":\"https:\/\/jetxgambling.com\/wp-content\/uploads\/2024\/01\/jetx-slot-logo.png\",\"contentUrl\":\"https:\/\/jetxgambling.com\/wp-content\/uploads\/2024\/01\/jetx-slot-logo.png\",\"width\":200,\"height\":101,\"caption\":\"JetX\"},\"image\":{\"@id\":\"https:\/\/jetxgambling.com\/#\/schema\/logo\/image\/\"}}]}<\/script>\n<!-- \/ Yoast SEO plugin. -->","yoast_head_json":{"title":"\u041e\u0442\u0437\u044b\u0432\u044b \u0440\u0435\u0430\u043b\u044c\u043d\u044b\u0445 \u0438\u0433\u0440\u043e\u043a\u043e\u0432 \u043e\u0431 \u0438\u0433\u0440\u0435 JetX3","description":"O prezentare general\u0103 a jocului JetX3 \u0219i p\u0103rerile juc\u0103torilor reali despre jocul JetX3. Recenzii \u0219i opinii sincere despre jocul de pr\u0103bu\u0219ire JetX3, o recenzie care va ajuta s\u0103 v\u0103 forma\u021bi propria opinie.","robots":{"index":"index","follow":"follow","max-snippet":"max-snippet:-1","max-image-preview":"max-image-preview:large","max-video-preview":"max-video-preview:-1"},"canonical":"https:\/\/jetxgambling.com\/ro\/jetx3-reviews\/","og_locale":"ro_RO","og_type":"article","og_title":"\u041e\u0442\u0437\u044b\u0432\u044b \u0440\u0435\u0430\u043b\u044c\u043d\u044b\u0445 \u0438\u0433\u0440\u043e\u043a\u043e\u0432 \u043e\u0431 \u0438\u0433\u0440\u0435 JetX3","og_description":"\u041e\u0431\u0437\u043e\u0440 \u0438\u0433\u0440\u044b JetX3 \u0438 \u043c\u043d\u0435\u043d\u0438\u044f \u043d\u0430\u0441\u0442\u043e\u044f\u0449\u0438\u0445 \u0438\u0433\u0440\u043e\u043a\u043e\u0432 \u043e\u0431 \u0438\u0433\u0440\u0435 JetX3. \u041e\u0442\u0437\u044b\u0432\u044b \u0438 \u0447\u0435\u0441\u0442\u043d\u043e\u0435 \u043c\u043d\u0435\u043d\u0438\u0435 \u043e \u043a\u0440\u0430\u0448 \u0438\u0433\u0440\u0435 JetX3, \u043e\u0431\u0437\u043e\u0440, \u043a\u043e\u0442\u043e\u0440\u044b\u0439 \u043f\u043e\u0437\u0432\u043e\u043b\u0438\u0442 \u0441\u043e\u0441\u0442\u0430\u0432\u0438\u0442\u044c \u0441\u043e\u0431\u0441\u0442\u0432\u0435\u043d\u043d\u043e\u0435 \u043c\u043d\u0435\u043d\u0438\u0435","og_url":"https:\/\/jetxgambling.com\/ro\/jetx3-reviews\/","og_site_name":"JetX","article_modified_time":"2024-04-15T19:36:13+00:00","twitter_card":"summary_large_image","twitter_misc":{"Timp estimat pentru citire":"20 de minute"},"schema":{"@context":"https:\/\/schema.org","@graph":[{"@type":"WebPage","@id":"https:\/\/jetxgambling.com\/jetx3-reviews\/","url":"https:\/\/jetxgambling.com\/jetx3-reviews\/","name":"\u041e\u0442\u0437\u044b\u0432\u044b \u0440\u0435\u0430\u043b\u044c\u043d\u044b\u0445 \u0438\u0433\u0440\u043e\u043a\u043e\u0432 \u043e\u0431 \u0438\u0433\u0440\u0435 JetX3","isPartOf":{"@id":"https:\/\/jetxgambling.com\/#website"},"datePublished":"2024-01-05T17:28:54+00:00","dateModified":"2024-04-15T19:36:13+00:00","description":"\u041e\u0431\u0437\u043e\u0440 \u0438\u0433\u0440\u044b JetX3 \u0438 \u043c\u043d\u0435\u043d\u0438\u044f \u043d\u0430\u0441\u0442\u043e\u044f\u0449\u0438\u0445 \u0438\u0433\u0440\u043e\u043a\u043e\u0432 \u043e\u0431 \u0438\u0433\u0440\u0435 JetX3. \u041e\u0442\u0437\u044b\u0432\u044b \u0438 \u0447\u0435\u0441\u0442\u043d\u043e\u0435 \u043c\u043d\u0435\u043d\u0438\u0435 \u043e \u043a\u0440\u0430\u0448 \u0438\u0433\u0440\u0435 JetX3, \u043e\u0431\u0437\u043e\u0440, \u043a\u043e\u0442\u043e\u0440\u044b\u0439 \u043f\u043e\u0437\u0432\u043e\u043b\u0438\u0442 \u0441\u043e\u0441\u0442\u0430\u0432\u0438\u0442\u044c \u0441\u043e\u0431\u0441\u0442\u0432\u0435\u043d\u043d\u043e\u0435 \u043c\u043d\u0435\u043d\u0438\u0435","breadcrumb":{"@id":"https:\/\/jetxgambling.com\/jetx3-reviews\/#breadcrumb"},"inLanguage":"ro-RO","potentialAction":[{"@type":"ReadAction","target":["https:\/\/jetxgambling.com\/jetx3-reviews\/"]}]},{"@type":"BreadcrumbList","@id":"https:\/\/jetxgambling.com\/jetx3-reviews\/#breadcrumb","itemListElement":[{"@type":"ListItem","position":1,"name":"Home","item":"https:\/\/jetxgambling.com\/"},{"@type":"ListItem","position":2,"name":"\u041e\u0442\u0437\u044b\u0432\u044b"}]},{"@type":"WebSite","@id":"https:\/\/jetxgambling.com\/#website","url":"https:\/\/jetxgambling.com\/","name":"JetX","description":"","publisher":{"@id":"https:\/\/jetxgambling.com\/#organization"},"potentialAction":[{"@type":"SearchAction","target":{"@type":"EntryPoint","urlTemplate":"https:\/\/jetxgambling.com\/?s={search_term_string}"},"query-input":{"@type":"PropertyValueSpecification","valueRequired":true,"valueName":"search_term_string"}}],"inLanguage":"ro-RO"},{"@type":"Organization","@id":"https:\/\/jetxgambling.com\/#organization","name":"JetX","url":"https:\/\/jetxgambling.com\/","logo":{"@type":"ImageObject","inLanguage":"ro-RO","@id":"https:\/\/jetxgambling.com\/#\/schema\/logo\/image\/","url":"https:\/\/jetxgambling.com\/wp-content\/uploads\/2024\/01\/jetx-slot-logo.png","contentUrl":"https:\/\/jetxgambling.com\/wp-content\/uploads\/2024\/01\/jetx-slot-logo.png","width":200,"height":101,"caption":"JetX"},"image":{"@id":"https:\/\/jetxgambling.com\/#\/schema\/logo\/image\/"}}]}},"_links":{"self":[{"href":"https:\/\/jetxgambling.com\/ro\/wp-json\/wp\/v2\/pages\/15","targetHints":{"allow":["GET"]}}],"collection":[{"href":"https:\/\/jetxgambling.com\/ro\/wp-json\/wp\/v2\/pages"}],"about":[{"href":"https:\/\/jetxgambling.com\/ro\/wp-json\/wp\/v2\/types\/page"}],"author":[{"embeddable":true,"href":"https:\/\/jetxgambling.com\/ro\/wp-json\/wp\/v2\/users\/1"}],"replies":[{"embeddable":true,"href":"https:\/\/jetxgambling.com\/ro\/wp-json\/wp\/v2\/comments?post=15"}],"version-history":[{"count":25,"href":"https:\/\/jetxgambling.com\/ro\/wp-json\/wp\/v2\/pages\/15\/revisions"}],"predecessor-version":[{"id":123,"href":"https:\/\/jetxgambling.com\/ro\/wp-json\/wp\/v2\/pages\/15\/revisions\/123"}],"wp:attachment":[{"href":"https:\/\/jetxgambling.com\/ro\/wp-json\/wp\/v2\/media?parent=15"}],"curies":[{"name":"wp","href":"https:\/\/api.w.org\/{rel}","templated":true}]}}