{"id":9,"date":"2024-01-05T17:25:34","date_gmt":"2024-01-05T17:25:34","guid":{"rendered":"https:\/\/jetxgambling.com\/?page_id=9"},"modified":"2024-04-15T19:38:11","modified_gmt":"2024-04-15T19:38:11","slug":"jetx3","status":"publish","type":"page","link":"https:\/\/jetxgambling.com\/ro\/","title":{"rendered":"Caracteristici \u0219i avantaje ale noului joc Crash JetX3"},"content":{"rendered":"<p>Jocul JetX3 de la Smartsoft Gaming a ap\u0103rut \u00een cazinourile online \u00een 2021 \u0219i a devenit unul dintre cele mai populare sloturi. Slotul prezint\u0103 mecanici explozive neconven\u021bionale, gameplay \u0219i func\u021bionalitate unice. Simulatorul de pr\u0103bu\u0219ire ofer\u0103 oportunit\u0103\u021bi excelente de c\u00e2\u0219tig. Jocul este radical diferit fa\u021b\u0103 de sloturile video tradi\u021bionale, deoarece nu are nici role, nici linii de plat\u0103. Esen\u021ba jocului este de a &#8222;prinde&#8221; un multiplicator de pariu mare \u0219i a primi o recompens\u0103 monetar\u0103 bun\u0103.<\/p>\n<h2><strong>Reguli cheie ale simulatorului JetX3:<\/strong><\/h2>\n<ul>\n<li>Juc\u0103torul a\u0219teapt\u0103 finalizarea rundei curente.<\/li>\n<li>Se al\u0103tur\u0103 unui nou lans\u0103ri de jeturi.<\/li>\n<li>Plaseaz\u0103 un pariu pe unul, doi sau trei linii.<\/li>\n<li>Poate plasa un pariu pentru runda urm\u0103toare.<\/li>\n<li>Juc\u0103torul observ\u0103 cre\u0219terea multiplicatorilor.<\/li>\n<li>Alege momentul potrivit \u0219i revendic\u0103 c\u00e2\u0219tigurile.<\/li>\n<\/ul>\n<p>Este necesar s\u0103 te orientezi rapid \u0219i s\u0103 iei decizia corect\u0103 \u00eenainte ca avionul s\u0103 explodeze. \u00cen caz contrar, pariu juc\u0103torului &#8222;arde&#8221;. C\u00e2\u0219tigul se calculeaz\u0103 ca coeficientul fix \u00eenmul\u021bit cu suma pariat\u0103. Deoarece trei jeturi decoleaz\u0103 simultan, este posibil s\u0103 se primeasc\u0103 trei recompense monetare odat\u0103.<\/p>\n<h2><strong>Motivele popularit\u0103\u021bii jocului JetX3:<\/strong><\/h2>\n<p>Jocul JetX 3 de la Smartsoft Gaming este o ad\u0103ugare unic\u0103 la lumea cazinourilor online, datorit\u0103 caracteristicilor \u0219i avantajelor sale neobi\u0219nuite. Principala diferen\u021b\u0103 a JetX 3 fa\u021b\u0103 de sloturile tradi\u021bionale se afl\u0103 \u00een mecanica sa inovatoare de pr\u0103bu\u0219ire, nu \u00een utilizarea rolelor \u0219i liniilor de plat\u0103 obi\u0219nuite. Iat\u0103 caracteristicile \u0219i avantajele cheie ale JetX 3:<\/p>\n<ol>\n<li><strong>Mecanici de joc neconven\u021bionale:<\/strong> \u00cen loc de role care se \u00eenv\u00e2rt tradi\u021bional, jocul este un simulator de pr\u0103bu\u0219ire cu trei nave spa\u021biale. Aceste nave decoleaz\u0103, cresc\u00e2nd multiplicatorii de pariu.<\/li>\n<li><strong>Gameplay unic:<\/strong> Juc\u0103torii plaseaz\u0103 pariuri pe una, dou\u0103 sau toate cele trei nave spa\u021biale \u0219i observ\u0103 decolarea acestora. Esen\u021ba jocului este de a alege momentul potrivit pentru a revendica c\u00e2\u0219tigurile \u00eenainte ca nava s\u0103 explodeze. Acest abordare difer\u0103 semnificativ de alte jocuri de pr\u0103bu\u0219ire, unde urm\u0103re\u0219ti un singur element, cum ar fi un avion, \u0219i \u00eencerci s\u0103 previzionezi rezultatul. Jucarea JetX3 este mai provocatoare, dar ofer\u0103 un nivel mai ridicat de angajament.<\/li>\n<li><strong>Poten\u021bial pentru c\u00e2\u0219tiguri semnificative:<\/strong> Datorit\u0103 multiplicatorilor de pariu \u00een cre\u0219tere \u00een timpul zborului, juc\u0103torii au \u0219ansa de a ob\u021bine c\u00e2\u0219tiguri substan\u021biale. Toat\u0103 lumea poate c\u00e2\u0219tiga.<\/li>\n<li><strong>Design \u0219i anima\u021bie atractive:<\/strong> JetX 3 are un design stilat \u0219i modern cu nave spa\u021biale \u0219i un cer stelar \u00eentunecat ca fundal, cre\u00e2nd o atmosfer\u0103 palpitant\u0103. Mul\u021bi juc\u0103tori spun c\u0103 designul \u0219i anima\u021bia acestui joc sunt mult mai bune dec\u00e2t cele ale competitorilor bine cunoscu\u021bi.<\/li>\n<li><strong>Reguli intuitiv de \u00een\u021beles:<\/strong> \u00cen ciuda formatului neconven\u021bional, regulile jocului sunt simple \u0219i u\u0219or de \u00een\u021beles, f\u0103c\u00e2ndu-l accesibil pentru o gam\u0103 larg\u0103 de juc\u0103tori. Spre deosebire de sloturi unde trebuie s\u0103 \u00een\u021belegi ce \u00eenseamn\u0103 fiecare simbol, regulile jocurilor de pr\u0103bu\u0219ire sunt mult mai simple.<\/li>\n<li><strong>Op\u021biunea de a alege cum s\u0103 joci:<\/strong> Jocul solicit\u0103 juc\u0103torilor s\u0103 ia decizii rapide \u0219i s\u0103 evalueze riscurile, ad\u0103ug\u00e2nd un element de strategie. Cu toate acestea, este esen\u021bial s\u0103 se observe c\u0103 nu este vorba despre simpla ap\u0103sare a unei taste. Juc\u0103torul alege con\u0219tient o strategie de joc \u0219i o urmeaz\u0103, cresc\u00e2nd \u0219ansele de c\u00e2\u0219tig.<\/li>\n<li><strong>Multiple oportunit\u0103\u021bi de c\u00e2\u0219tig:<\/strong> Capacitatea de a plasa pariuri simultan pe trei rachete cre\u0219te \u0219ansele de c\u00e2\u0219tig. Acest lucru este mult mai bun dec\u00e2t, de exemplu, op\u021biunea de a alege doar un avion.<\/li>\n<li><strong>Dinamism:<\/strong> Ritmul rapid al jocului \u0219i imprevizibilitatea rezultatului fiec\u0103rei runde men\u021bin un nivel ridicat de angajament al juc\u0103torului.<\/li>\n<li><strong>Varia\u021bie de pariuri:<\/strong> Juc\u0103torii pot alege diferite strategii de pariere \u00een func\u021bie de preferin\u021bele \u0219i stilul lor de joc. Toat\u0103 lumea va g\u0103si op\u021biunea care li se potrive\u0219te.<\/li>\n<li><strong>Angajament emo\u021bional:<\/strong> Imprevizibilitatea \u0219i posibilitatea unor c\u00e2\u0219tiguri semnificative ofer\u0103 experien\u021be emo\u021bionale puternice. Jocul JetX3 ofer\u0103 acea doz\u0103 de adrenalin\u0103 pe care to\u021bi juc\u0103torii o caut\u0103.<\/li>\n<\/ol>\n<p>Jocul online JetX 3 ofer\u0103 o experien\u021b\u0103 proasp\u0103t\u0103 \u0219i inovatoare \u00een cazinourile online, combin\u00e2nd elemente de noroc, strategie \u0219i decizii rapide, f\u0103c\u00e2ndu-l atractiv pentru diferite categorii de juc\u0103tori.<\/p>\n","protected":false},"excerpt":{"rendered":"<p>Jocul JetX3 de la Smartsoft Gaming a ap\u0103rut \u00een cazinourile online \u00een 2021 \u0219i a devenit unul dintre cele mai populare sloturi. Slotul prezint\u0103 mecanici explozive neconven\u021bionale, gameplay \u0219i func\u021bionalitate unice. Simulatorul de pr\u0103bu\u0219ire ofer\u0103 oportunit\u0103\u021bi excelente de c\u00e2\u0219tig. Jocul este radical diferit fa\u021b\u0103 de sloturile video tradi\u021bionale, deoarece nu are nici role, nici linii&#8230;<\/p>\n","protected":false},"author":1,"featured_media":0,"parent":0,"menu_order":0,"comment_status":"closed","ping_status":"closed","template":"","meta":{"footnotes":""},"class_list":["post-9","page","type-page","status-publish","hentry"],"yoast_head":"<!-- This site is optimized with the Yoast SEO plugin v27.2 - https:\/\/yoast.com\/product\/yoast-seo-wordpress\/ -->\n<title>\u0418\u0433\u0440\u0430\u0442\u044c \u0432 \u043a\u0440\u0430\u0448 \u0438\u0433\u0440\u0443 JetX3<\/title>\n<meta name=\"description\" content=\"Joac\u0103 \u0219i c\u00e2\u0219tig\u0103 jocul online JetX3 pentru bani reali la un cazinou online. Cele mai bune strategii despre cum s\u0103 joci, desc\u0103rcare pe iPhone \u0219i Android, recenzii reale ale juc\u0103torilor.\" \/>\n<meta name=\"robots\" content=\"index, follow, max-snippet:-1, max-image-preview:large, max-video-preview:-1\" \/>\n<link rel=\"canonical\" href=\"https:\/\/jetxgambling.com\/ro\/\" \/>\n<meta property=\"og:locale\" content=\"ro_RO\" \/>\n<meta property=\"og:locale:alternate\" content=\"ru_RU\" \/>\n<meta property=\"og:locale:alternate\" content=\"en_US\" \/>\n<meta property=\"og:locale:alternate\" content=\"pt_PT\" \/>\n<meta property=\"og:locale:alternate\" content=\"es_ES\" \/>\n<meta property=\"og:locale:alternate\" content=\"sr_RS\" \/>\n<meta property=\"og:locale:alternate\" content=\"bg_BG\" \/>\n<meta property=\"og:locale:alternate\" content=\"pl_PL\" \/>\n<meta property=\"og:locale:alternate\" content=\"it_IT\" \/>\n<meta property=\"og:locale:alternate\" content=\"fr_FR\" \/>\n<meta property=\"og:locale:alternate\" content=\"de_DE\" \/>\n<meta property=\"og:type\" content=\"article\" \/>\n<meta property=\"og:title\" content=\"\u0418\u0433\u0440\u0430\u0442\u044c \u0432 \u043a\u0440\u0430\u0448 \u0438\u0433\u0440\u0443 JetX3\" \/>\n<meta property=\"og:description\" content=\"\u0418\u0433\u0440\u0430\u0442\u044c \u0438 \u0432\u044b\u0438\u0433\u0440\u044b\u0432\u0430\u0442\u044c \u0432 \u043e\u043d\u043b\u0430\u0439\u043d \u0438\u0433\u0440\u0443 JetX3 \u043d\u0430 \u0440\u0435\u0430\u043b\u044c\u043d\u044b\u0435 \u0434\u0435\u043d\u044c\u0433\u0438 \u0432 \u043e\u043d\u043b\u0430\u0439\u043d \u043a\u0430\u0437\u0438\u043d\u043e. \u041b\u0443\u0447\u0448\u0438\u0435 \u0441\u0442\u0440\u0430\u0442\u0435\u0433\u0438\u0438 \u043a\u0430\u043a \u0438\u0433\u0440\u0430\u0442\u044c, \u0441\u043a\u0430\u0447\u0430\u0442\u044c \u0430\u0439\u0444\u043e\u043d \u0438 \u0430\u043d\u0434\u0440\u043e\u0438\u0434, \u043e\u0442\u0437\u044b\u0432\u044b \u0440\u0435\u0430\u043b\u044c\u043d\u044b\u0445 \u0438\u0433\u0440\u043e\u043a\u043e\u0432\" \/>\n<meta property=\"og:url\" content=\"https:\/\/jetxgambling.com\/ro\/\" \/>\n<meta property=\"og:site_name\" content=\"JetX\" \/>\n<meta property=\"article:modified_time\" content=\"2024-04-15T19:38:11+00:00\" \/>\n<meta name=\"twitter:card\" content=\"summary_large_image\" \/>\n<meta name=\"twitter:label1\" content=\"Timp estimat pentru citire\" \/>\n\t<meta name=\"twitter:data1\" content=\"27 de minute\" \/>\n<script type=\"application\/ld+json\" class=\"yoast-schema-graph\">{\"@context\":\"https:\/\/schema.org\",\"@graph\":[{\"@type\":\"WebPage\",\"@id\":\"https:\/\/jetxgambling.com\/\",\"url\":\"https:\/\/jetxgambling.com\/\",\"name\":\"\u0418\u0433\u0440\u0430\u0442\u044c \u0432 \u043a\u0440\u0430\u0448 \u0438\u0433\u0440\u0443 JetX3\",\"isPartOf\":{\"@id\":\"https:\/\/jetxgambling.com\/#website\"},\"datePublished\":\"2024-01-05T17:25:34+00:00\",\"dateModified\":\"2024-04-15T19:38:11+00:00\",\"description\":\"\u0418\u0433\u0440\u0430\u0442\u044c \u0438 \u0432\u044b\u0438\u0433\u0440\u044b\u0432\u0430\u0442\u044c \u0432 \u043e\u043d\u043b\u0430\u0439\u043d \u0438\u0433\u0440\u0443 JetX3 \u043d\u0430 \u0440\u0435\u0430\u043b\u044c\u043d\u044b\u0435 \u0434\u0435\u043d\u044c\u0433\u0438 \u0432 \u043e\u043d\u043b\u0430\u0439\u043d \u043a\u0430\u0437\u0438\u043d\u043e. \u041b\u0443\u0447\u0448\u0438\u0435 \u0441\u0442\u0440\u0430\u0442\u0435\u0433\u0438\u0438 \u043a\u0430\u043a \u0438\u0433\u0440\u0430\u0442\u044c, \u0441\u043a\u0430\u0447\u0430\u0442\u044c \u0430\u0439\u0444\u043e\u043d \u0438 \u0430\u043d\u0434\u0440\u043e\u0438\u0434, \u043e\u0442\u0437\u044b\u0432\u044b \u0440\u0435\u0430\u043b\u044c\u043d\u044b\u0445 \u0438\u0433\u0440\u043e\u043a\u043e\u0432\",\"breadcrumb\":{\"@id\":\"https:\/\/jetxgambling.com\/#breadcrumb\"},\"inLanguage\":\"ro-RO\",\"potentialAction\":[{\"@type\":\"ReadAction\",\"target\":[\"https:\/\/jetxgambling.com\/\"]}]},{\"@type\":\"BreadcrumbList\",\"@id\":\"https:\/\/jetxgambling.com\/#breadcrumb\",\"itemListElement\":[{\"@type\":\"ListItem\",\"position\":1,\"name\":\"Home\",\"item\":\"https:\/\/jetxgambling.com\/\"},{\"@type\":\"ListItem\",\"position\":2,\"name\":\"\u041e\u0441\u043e\u0431\u0435\u043d\u043d\u043e\u0441\u0442\u0438 \u0438 \u043f\u0440\u0435\u0438\u043c\u0443\u0449\u0435\u0441\u0442\u0432\u0430 \u043d\u043e\u0432\u043e\u0439 \u043a\u0440\u0430\u0448-\u0438\u0433\u0440\u044b JetX 3\"}]},{\"@type\":\"WebSite\",\"@id\":\"https:\/\/jetxgambling.com\/#website\",\"url\":\"https:\/\/jetxgambling.com\/\",\"name\":\"JetX\",\"description\":\"\",\"publisher\":{\"@id\":\"https:\/\/jetxgambling.com\/#organization\"},\"potentialAction\":[{\"@type\":\"SearchAction\",\"target\":{\"@type\":\"EntryPoint\",\"urlTemplate\":\"https:\/\/jetxgambling.com\/?s={search_term_string}\"},\"query-input\":{\"@type\":\"PropertyValueSpecification\",\"valueRequired\":true,\"valueName\":\"search_term_string\"}}],\"inLanguage\":\"ro-RO\"},{\"@type\":\"Organization\",\"@id\":\"https:\/\/jetxgambling.com\/#organization\",\"name\":\"JetX\",\"url\":\"https:\/\/jetxgambling.com\/\",\"logo\":{\"@type\":\"ImageObject\",\"inLanguage\":\"ro-RO\",\"@id\":\"https:\/\/jetxgambling.com\/#\/schema\/logo\/image\/\",\"url\":\"https:\/\/jetxgambling.com\/wp-content\/uploads\/2024\/01\/jetx-slot-logo.png\",\"contentUrl\":\"https:\/\/jetxgambling.com\/wp-content\/uploads\/2024\/01\/jetx-slot-logo.png\",\"width\":200,\"height\":101,\"caption\":\"JetX\"},\"image\":{\"@id\":\"https:\/\/jetxgambling.com\/#\/schema\/logo\/image\/\"}}]}<\/script>\n<!-- \/ Yoast SEO plugin. -->","yoast_head_json":{"title":"\u0418\u0433\u0440\u0430\u0442\u044c \u0432 \u043a\u0440\u0430\u0448 \u0438\u0433\u0440\u0443 JetX3","description":"Joac\u0103 \u0219i c\u00e2\u0219tig\u0103 jocul online JetX3 pentru bani reali la un cazinou online. Cele mai bune strategii despre cum s\u0103 joci, desc\u0103rcare pe iPhone \u0219i Android, recenzii reale ale juc\u0103torilor.","robots":{"index":"index","follow":"follow","max-snippet":"max-snippet:-1","max-image-preview":"max-image-preview:large","max-video-preview":"max-video-preview:-1"},"canonical":"https:\/\/jetxgambling.com\/ro\/","og_locale":"ro_RO","og_type":"article","og_title":"\u0418\u0433\u0440\u0430\u0442\u044c \u0432 \u043a\u0440\u0430\u0448 \u0438\u0433\u0440\u0443 JetX3","og_description":"\u0418\u0433\u0440\u0430\u0442\u044c \u0438 \u0432\u044b\u0438\u0433\u0440\u044b\u0432\u0430\u0442\u044c \u0432 \u043e\u043d\u043b\u0430\u0439\u043d \u0438\u0433\u0440\u0443 JetX3 \u043d\u0430 \u0440\u0435\u0430\u043b\u044c\u043d\u044b\u0435 \u0434\u0435\u043d\u044c\u0433\u0438 \u0432 \u043e\u043d\u043b\u0430\u0439\u043d \u043a\u0430\u0437\u0438\u043d\u043e. \u041b\u0443\u0447\u0448\u0438\u0435 \u0441\u0442\u0440\u0430\u0442\u0435\u0433\u0438\u0438 \u043a\u0430\u043a \u0438\u0433\u0440\u0430\u0442\u044c, \u0441\u043a\u0430\u0447\u0430\u0442\u044c \u0430\u0439\u0444\u043e\u043d \u0438 \u0430\u043d\u0434\u0440\u043e\u0438\u0434, \u043e\u0442\u0437\u044b\u0432\u044b \u0440\u0435\u0430\u043b\u044c\u043d\u044b\u0445 \u0438\u0433\u0440\u043e\u043a\u043e\u0432","og_url":"https:\/\/jetxgambling.com\/ro\/","og_site_name":"JetX","article_modified_time":"2024-04-15T19:38:11+00:00","twitter_card":"summary_large_image","twitter_misc":{"Timp estimat pentru citire":"27 de minute"},"schema":{"@context":"https:\/\/schema.org","@graph":[{"@type":"WebPage","@id":"https:\/\/jetxgambling.com\/","url":"https:\/\/jetxgambling.com\/","name":"\u0418\u0433\u0440\u0430\u0442\u044c \u0432 \u043a\u0440\u0430\u0448 \u0438\u0433\u0440\u0443 JetX3","isPartOf":{"@id":"https:\/\/jetxgambling.com\/#website"},"datePublished":"2024-01-05T17:25:34+00:00","dateModified":"2024-04-15T19:38:11+00:00","description":"\u0418\u0433\u0440\u0430\u0442\u044c \u0438 \u0432\u044b\u0438\u0433\u0440\u044b\u0432\u0430\u0442\u044c \u0432 \u043e\u043d\u043b\u0430\u0439\u043d \u0438\u0433\u0440\u0443 JetX3 \u043d\u0430 \u0440\u0435\u0430\u043b\u044c\u043d\u044b\u0435 \u0434\u0435\u043d\u044c\u0433\u0438 \u0432 \u043e\u043d\u043b\u0430\u0439\u043d \u043a\u0430\u0437\u0438\u043d\u043e. \u041b\u0443\u0447\u0448\u0438\u0435 \u0441\u0442\u0440\u0430\u0442\u0435\u0433\u0438\u0438 \u043a\u0430\u043a \u0438\u0433\u0440\u0430\u0442\u044c, \u0441\u043a\u0430\u0447\u0430\u0442\u044c \u0430\u0439\u0444\u043e\u043d \u0438 \u0430\u043d\u0434\u0440\u043e\u0438\u0434, \u043e\u0442\u0437\u044b\u0432\u044b \u0440\u0435\u0430\u043b\u044c\u043d\u044b\u0445 \u0438\u0433\u0440\u043e\u043a\u043e\u0432","breadcrumb":{"@id":"https:\/\/jetxgambling.com\/#breadcrumb"},"inLanguage":"ro-RO","potentialAction":[{"@type":"ReadAction","target":["https:\/\/jetxgambling.com\/"]}]},{"@type":"BreadcrumbList","@id":"https:\/\/jetxgambling.com\/#breadcrumb","itemListElement":[{"@type":"ListItem","position":1,"name":"Home","item":"https:\/\/jetxgambling.com\/"},{"@type":"ListItem","position":2,"name":"\u041e\u0441\u043e\u0431\u0435\u043d\u043d\u043e\u0441\u0442\u0438 \u0438 \u043f\u0440\u0435\u0438\u043c\u0443\u0449\u0435\u0441\u0442\u0432\u0430 \u043d\u043e\u0432\u043e\u0439 \u043a\u0440\u0430\u0448-\u0438\u0433\u0440\u044b JetX 3"}]},{"@type":"WebSite","@id":"https:\/\/jetxgambling.com\/#website","url":"https:\/\/jetxgambling.com\/","name":"JetX","description":"","publisher":{"@id":"https:\/\/jetxgambling.com\/#organization"},"potentialAction":[{"@type":"SearchAction","target":{"@type":"EntryPoint","urlTemplate":"https:\/\/jetxgambling.com\/?s={search_term_string}"},"query-input":{"@type":"PropertyValueSpecification","valueRequired":true,"valueName":"search_term_string"}}],"inLanguage":"ro-RO"},{"@type":"Organization","@id":"https:\/\/jetxgambling.com\/#organization","name":"JetX","url":"https:\/\/jetxgambling.com\/","logo":{"@type":"ImageObject","inLanguage":"ro-RO","@id":"https:\/\/jetxgambling.com\/#\/schema\/logo\/image\/","url":"https:\/\/jetxgambling.com\/wp-content\/uploads\/2024\/01\/jetx-slot-logo.png","contentUrl":"https:\/\/jetxgambling.com\/wp-content\/uploads\/2024\/01\/jetx-slot-logo.png","width":200,"height":101,"caption":"JetX"},"image":{"@id":"https:\/\/jetxgambling.com\/#\/schema\/logo\/image\/"}}]}},"_links":{"self":[{"href":"https:\/\/jetxgambling.com\/ro\/wp-json\/wp\/v2\/pages\/9","targetHints":{"allow":["GET"]}}],"collection":[{"href":"https:\/\/jetxgambling.com\/ro\/wp-json\/wp\/v2\/pages"}],"about":[{"href":"https:\/\/jetxgambling.com\/ro\/wp-json\/wp\/v2\/types\/page"}],"author":[{"embeddable":true,"href":"https:\/\/jetxgambling.com\/ro\/wp-json\/wp\/v2\/users\/1"}],"replies":[{"embeddable":true,"href":"https:\/\/jetxgambling.com\/ro\/wp-json\/wp\/v2\/comments?post=9"}],"version-history":[{"count":25,"href":"https:\/\/jetxgambling.com\/ro\/wp-json\/wp\/v2\/pages\/9\/revisions"}],"predecessor-version":[{"id":122,"href":"https:\/\/jetxgambling.com\/ro\/wp-json\/wp\/v2\/pages\/9\/revisions\/122"}],"wp:attachment":[{"href":"https:\/\/jetxgambling.com\/ro\/wp-json\/wp\/v2\/media?parent=9"}],"curies":[{"name":"wp","href":"https:\/\/api.w.org\/{rel}","templated":true}]}}